{"id":254,"date":"2024-12-07T02:28:11","date_gmt":"2024-12-07T02:28:11","guid":{"rendered":"https:\/\/www.comehealthgroup.com\/?post_type=product&#038;p=254"},"modified":"2024-12-07T03:53:13","modified_gmt":"2024-12-07T03:53:13","slug":"breast-enhancement-capsules-wholesale","status":"publish","type":"product","link":"https:\/\/www.comehealthgroup.com\/de\/product\/breast-enhancement-capsules-wholesale\/","title":{"rendered":"Brustvergr\u00f6\u00dferungs-Kapseln Gro\u00dfhandel, Private Label Beauty Supplements"},"content":{"rendered":"<div class=\"wp-block-columns is-layout-flex wp-container-core-columns-is-layout-9d6595d7 wp-block-columns-is-layout-flex\">\n<div class=\"wp-block-column is-layout-flow wp-block-column-is-layout-flow\">\n<h2 class=\"wp-block-heading\">Eigenschaften von Breast Enhancement Capsules Gro\u00dfhandel<\/h2>\n\n\n\n<ul class=\"wp-block-list\">\n<li><strong>Vergr\u00f6\u00dfert auf nat\u00fcrliche Weise die F\u00fclle und Gr\u00f6\u00dfe der Brust: <\/strong>Unsere Brustvergr\u00f6\u00dferungskapseln f\u00fcr den Gro\u00dfhandel sind wissenschaftlich formuliert, um die Brustf\u00fclle zu verbessern und Frauen dabei zu helfen, ihre idealen Kurven zu formen, ihr Selbstvertrauen und ihren Charme zu verbessern.<\/li>\n\n\n\n<li><strong>Strafft effektiv erschlaffte Br\u00fcste und formt feste Linien: <\/strong>Diese Sch\u00f6nheitsmittel der Eigenmarke unterst\u00fctzen die Wiederherstellung der Elastizit\u00e4t der Brusthaut, helfen, schlaffe Br\u00fcste zu straffen und schaffen eine festere, j\u00fcngere Brustkontur.<\/li>\n\n\n\n<li><strong>Gleicht den \u00d6strogenspiegel aus und f\u00f6rdert eine gesunde Konditionierung: <\/strong>Diese Brustverbesserung Kapseln Gro\u00dfhandel bieten starke Unterst\u00fctzung f\u00fcr die Entwicklung der Brust und die allgemeine weibliche Gesundheit durch die Unterst\u00fctzung \u00d6strogen Gleichgewicht im K\u00f6rper und die Verbesserung der endokrinen Gesundheit.<\/li>\n\n\n\n<li><strong>Sanfte und nat\u00fcrliche Inhaltsstoffe, sicher und zuverl\u00e4ssig: <\/strong>Diese Eigenmarken-Sch\u00f6nheitsmittel verwenden sanfte, nat\u00fcrliche Inhaltsstoffe und sind sicher und nicht reizend, so dass die Anwenderinnen eine sichere und langfristige L\u00f6sung f\u00fcr die Sch\u00f6nheitspflege erhalten.<\/li>\n<\/ul>\n<\/div>\n\n\n\n<div class=\"wp-block-column is-layout-flow wp-block-column-is-layout-flow\">\n<figure class=\"wp-block-image size-full\"><img decoding=\"async\" width=\"800\" height=\"800\" src=\"https:\/\/www.comehealthgroup.com\/wp-content\/uploads\/2024\/12\/Breast-Enhancement-Capsules-Wholesale-Private-Label-Beauty-Supplements-2.webp\" alt=\"Brustvergr\u00f6\u00dferungs-Kapseln Gro\u00dfhandel, Private Label Beauty Supplements-2\" class=\"wp-image-256\" srcset=\"https:\/\/www.comehealthgroup.com\/wp-content\/uploads\/2024\/12\/Breast-Enhancement-Capsules-Wholesale-Private-Label-Beauty-Supplements-2.webp 800w, https:\/\/www.comehealthgroup.com\/wp-content\/uploads\/2024\/12\/Breast-Enhancement-Capsules-Wholesale-Private-Label-Beauty-Supplements-2-300x300.webp 300w, https:\/\/www.comehealthgroup.com\/wp-content\/uploads\/2024\/12\/Breast-Enhancement-Capsules-Wholesale-Private-Label-Beauty-Supplements-2-100x100.webp 100w, https:\/\/www.comehealthgroup.com\/wp-content\/uploads\/2024\/12\/Breast-Enhancement-Capsules-Wholesale-Private-Label-Beauty-Supplements-2-600x600.webp 600w, https:\/\/www.comehealthgroup.com\/wp-content\/uploads\/2024\/12\/Breast-Enhancement-Capsules-Wholesale-Private-Label-Beauty-Supplements-2-150x150.webp 150w, https:\/\/www.comehealthgroup.com\/wp-content\/uploads\/2024\/12\/Breast-Enhancement-Capsules-Wholesale-Private-Label-Beauty-Supplements-2-768x768.webp 768w, https:\/\/www.comehealthgroup.com\/wp-content\/uploads\/2024\/12\/Breast-Enhancement-Capsules-Wholesale-Private-Label-Beauty-Supplements-2-12x12.webp 12w\" sizes=\"(max-width: 800px) 100vw, 800px\" \/><\/figure>\n<\/div>\n<\/div>\n\n\n\n<p><\/p>","protected":false},"excerpt":{"rendered":"<p>Unsere Private Label Brustvergr\u00f6\u00dferungskapseln f\u00fcr den Gro\u00dfhandel sind wissenschaftlich formuliert, um die F\u00fclle und Festigkeit der Br\u00fcste zu verbessern und gleichzeitig das \u00d6strogengleichgewicht zu unterst\u00fctzen, was sie zu einer idealen Wahl macht, um Frauen zu gesunden und sch\u00f6nen Kurven zu verhelfen. Unterst\u00fctzen Sie Private Labeling, um die unterschiedlichen Bed\u00fcrfnisse von Markensch\u00f6nheits-Produktlinien zu erf\u00fcllen.<\/p>\n<table style=\"border-collapse: collapse; width: 328.02pt;\" border=\"0\" width=\"328\" cellspacing=\"0\" cellpadding=\"0\">\n<tbody>\n<tr style=\"height: 15.20pt;\">\n<td class=\"et2\" style=\"height: 15.20pt; width: 101.70pt;\" width=\"101\" height=\"15\">Markenname<\/td>\n<td class=\"et2\" style=\"width: 226.65pt;\" width=\"226\">Come Health\/ White Label<\/td>\n<\/tr>\n<tr style=\"height: 46.00pt;\">\n<td class=\"et2\" style=\"height: 46.00pt;\" height=\"46\">Produktvorteile<\/td>\n<td class=\"et3\" style=\"width: 226.65pt;\" width=\"226\">*Verst\u00e4rkung der Brustf\u00fclle und -gr\u00f6\u00dfe<br \/>*Hebt h\u00e4ngende Br\u00fcste<br \/>*\u00d6strogene Unterst\u00fctzung<\/td>\n<\/tr>\n<tr style=\"height: 15.20pt;\">\n<td class=\"et2\" style=\"height: 15.20pt;\" height=\"15\">Dosierungsform<\/td>\n<td class=\"et2\">Kapsel<\/td>\n<\/tr>\n<tr style=\"height: 15.20pt;\">\n<td class=\"et2\" style=\"height: 15.20pt;\" height=\"15\">Erscheinungsbild<\/td>\n<td class=\"et2\">Milchig-wei\u00dfe Gelatineh\u00fclle<\/td>\n<\/tr>\n<tr style=\"height: 15.20pt;\">\n<td class=\"et2\" style=\"height: 15.20pt;\" height=\"15\">Produkt-Spezifikation<\/td>\n<td class=\"et2\">60 Kapseln\/Flasche<\/td>\n<\/tr>\n<tr style=\"height: 15.20pt;\">\n<td class=\"et2\" style=\"height: 15.20pt;\" height=\"15\">Haltbarkeitsdauer<\/td>\n<td class=\"et2\">24 Monate<\/td>\n<\/tr>\n<tr style=\"height: 15.20pt;\">\n<td class=\"et2\" style=\"height: 15.20pt;\" height=\"15\">Abmessungen (cm)<\/td>\n<td class=\"et2\">7X7X12<\/td>\n<\/tr>\n<tr style=\"height: 15.20pt;\">\n<td class=\"et2\" style=\"height: 15.20pt;\" height=\"15\">Nettogewicht(kg)<\/td>\n<td class=\"et2\">0,08 kg<\/td>\n<\/tr>\n<tr style=\"height: 15.20pt;\">\n<td class=\"et2\" style=\"height: 15.20pt;\" height=\"15\">Personalisierung<\/td>\n<td class=\"et2\">Grafik, Logo, Verpackung<\/td>\n<\/tr>\n<tr style=\"height: 15.20pt;\">\n<td class=\"et2\" style=\"height: 15.20pt;\" height=\"15\">Bestandsaufnahme<\/td>\n<td class=\"et2\">Vorr\u00e4tig<\/td>\n<\/tr>\n<\/tbody>\n<\/table>","protected":false},"featured_media":255,"comment_status":"closed","ping_status":"closed","template":"","meta":{"_acf_changed":false},"product_brand":[],"product_cat":[36,39],"product_tag":[],"class_list":{"0":"post-254","1":"product","2":"type-product","3":"status-publish","4":"has-post-thumbnail","6":"product_cat-private-label-beauty-supplements","7":"product_cat-bulk-supplements-capsules","9":"first","10":"instock","11":"shipping-taxable","12":"product-type-simple"},"acf":[],"_links":{"self":[{"href":"https:\/\/www.comehealthgroup.com\/de\/wp-json\/wp\/v2\/product\/254","targetHints":{"allow":["GET"]}}],"collection":[{"href":"https:\/\/www.comehealthgroup.com\/de\/wp-json\/wp\/v2\/product"}],"about":[{"href":"https:\/\/www.comehealthgroup.com\/de\/wp-json\/wp\/v2\/types\/product"}],"replies":[{"embeddable":true,"href":"https:\/\/www.comehealthgroup.com\/de\/wp-json\/wp\/v2\/comments?post=254"}],"wp:featuredmedia":[{"embeddable":true,"href":"https:\/\/www.comehealthgroup.com\/de\/wp-json\/wp\/v2\/media\/255"}],"wp:attachment":[{"href":"https:\/\/www.comehealthgroup.com\/de\/wp-json\/wp\/v2\/media?parent=254"}],"wp:term":[{"taxonomy":"product_brand","embeddable":true,"href":"https:\/\/www.comehealthgroup.com\/de\/wp-json\/wp\/v2\/product_brand?post=254"},{"taxonomy":"product_cat","embeddable":true,"href":"https:\/\/www.comehealthgroup.com\/de\/wp-json\/wp\/v2\/product_cat?post=254"},{"taxonomy":"product_tag","embeddable":true,"href":"https:\/\/www.comehealthgroup.com\/de\/wp-json\/wp\/v2\/product_tag?post=254"}],"curies":[{"name":"wp","href":"https:\/\/api.w.org\/{rel}","templated":true}]}}