{"id":284,"date":"2024-12-07T06:56:29","date_gmt":"2024-12-07T06:56:29","guid":{"rendered":"https:\/\/www.comehealthgroup.com\/?post_type=product&#038;p=284"},"modified":"2024-12-14T06:31:45","modified_gmt":"2024-12-14T06:31:45","slug":"bulk-dietary-supplements","status":"publish","type":"product","link":"https:\/\/www.comehealthgroup.com\/de\/product\/bulk-dietary-supplements\/","title":{"rendered":"Private Label Bulk Nahrungserg\u00e4nzungsmittel, Fr\u00fcchte und Gem\u00fcse Kapsel"},"content":{"rendered":"<div class=\"wp-block-columns is-layout-flex wp-container-core-columns-is-layout-9d6595d7 wp-block-columns-is-layout-flex\">\n<div class=\"wp-block-column is-layout-flow wp-block-column-is-layout-flow\">\n<h2 class=\"wp-block-heading\">Merkmale von Nahrungserg\u00e4nzungsmitteln in gro\u00dfen Mengen<\/h2>\n\n\n\n<ul class=\"wp-block-list\">\n<li><strong>St\u00e4rkung der Immunit\u00e4t und umfassender Gesundheitsschutz: <\/strong>Diese Obst- und Gem\u00fcsekapseln im Gro\u00dfhandel sind reich an einer Vielzahl nat\u00fcrlicher Phyton\u00e4hrstoffe, die zur St\u00e4rkung der Immunfunktion und zur Erm\u00f6glichung der Widerstandsf\u00e4higkeit gegen alle \u00e4u\u00dferen Einfl\u00fcsse beitragen und somit eine gute Unterst\u00fctzung f\u00fcr die Gesundheit der Anwender bieten.<\/li>\n\n\n\n<li><strong>Verbessert die Verdauungsfunktion und f\u00f6rdert die N\u00e4hrstoffaufnahme: <\/strong>Die in unseren Nahrungserg\u00e4nzungsmitteln in loser Sch\u00fcttung enthaltenen Ballaststoffe und Enzyme tragen zur Optimierung des Verdauungssystems bei, lindern Probleme wie Verdauungsst\u00f6rungen und f\u00f6rdern eine effizientere Aufnahme und Verwertung der N\u00e4hrstoffe.<\/li>\n\n\n\n<li><strong>Bequeme L\u00f6sung zur t\u00e4glichen Nahrungserg\u00e4nzung: <\/strong>Jede der Obst- und Gem\u00fcsekapseln aus dem Gro\u00dfhandel enth\u00e4lt die Essenz verschiedener Obst- und Gem\u00fcsesorten und liefert essentielle N\u00e4hrstoffe, die in der t\u00e4glichen Ern\u00e4hrung wahrscheinlich fehlen, was f\u00fcr Menschen mit einem stressigen Lebensstil geeignet ist.<\/li>\n\n\n\n<li><strong>Nat\u00fcrliche Formel, geeignet f\u00fcr ein langfristiges Gesundheitsmanagement: <\/strong>Unsere Nahrungserg\u00e4nzungsmittel verwenden hochwertige nat\u00fcrliche Obst- und Gem\u00fcsebestandteile, f\u00fcgen keine k\u00fcnstlichen Zusatzstoffe hinzu und sind sanft und sicher, so dass sie f\u00fcr die langfristige Einnahme bei Menschen unterschiedlichen Alters geeignet sind.<\/li>\n<\/ul>\n<\/div>\n\n\n\n<div class=\"wp-block-column is-layout-flow wp-block-column-is-layout-flow\">\n<figure class=\"wp-block-image size-full\"><img decoding=\"async\" width=\"1920\" height=\"1920\" src=\"https:\/\/www.comehealthgroup.com\/wp-content\/uploads\/2024\/12\/Private-Label-Bulk-Dietary-Supplements-Fruits-And-Vegetables-Capsule-3.jpg\" alt=\"Private Label Bulk Nahrungserg\u00e4nzungsmittel, Fr\u00fcchte und Gem\u00fcse Capsule-3\" class=\"wp-image-287\" srcset=\"https:\/\/www.comehealthgroup.com\/wp-content\/uploads\/2024\/12\/Private-Label-Bulk-Dietary-Supplements-Fruits-And-Vegetables-Capsule-3.jpg 1920w, https:\/\/www.comehealthgroup.com\/wp-content\/uploads\/2024\/12\/Private-Label-Bulk-Dietary-Supplements-Fruits-And-Vegetables-Capsule-3-300x300.jpg 300w, https:\/\/www.comehealthgroup.com\/wp-content\/uploads\/2024\/12\/Private-Label-Bulk-Dietary-Supplements-Fruits-And-Vegetables-Capsule-3-100x100.jpg 100w, https:\/\/www.comehealthgroup.com\/wp-content\/uploads\/2024\/12\/Private-Label-Bulk-Dietary-Supplements-Fruits-And-Vegetables-Capsule-3-600x600.jpg 600w, https:\/\/www.comehealthgroup.com\/wp-content\/uploads\/2024\/12\/Private-Label-Bulk-Dietary-Supplements-Fruits-And-Vegetables-Capsule-3-150x150.jpg 150w, https:\/\/www.comehealthgroup.com\/wp-content\/uploads\/2024\/12\/Private-Label-Bulk-Dietary-Supplements-Fruits-And-Vegetables-Capsule-3-768x768.jpg 768w, https:\/\/www.comehealthgroup.com\/wp-content\/uploads\/2024\/12\/Private-Label-Bulk-Dietary-Supplements-Fruits-And-Vegetables-Capsule-3-12x12.jpg 12w\" sizes=\"(max-width: 1920px) 100vw, 1920px\" \/><\/figure>\n<\/div>\n<\/div>\n\n\n\n<p><\/p>","protected":false},"excerpt":{"rendered":"<p>Unsere Nahrungserg\u00e4nzungsmittel in Form von Obst- und Gem\u00fcsekapseln haben die doppelte Wirkung, das Immunsystem zu st\u00e4rken und die Verdauung zu verbessern, und helfen den Anwendern, die N\u00e4hrstoffe zu erg\u00e4nzen, die in ihrer t\u00e4glichen Ern\u00e4hrung fehlen. Die nat\u00fcrliche Formel ist sanft und frei von Zusatzstoffen, was sie zu einer idealen Wahl f\u00fcr das Gesundheitsmanagement macht. Sie unterst\u00fctzt das Private Labeling und hilft Marken, eine hochwertige Nahrungserg\u00e4nzungsserie zu entwickeln.<\/p>\n<table style=\"border-collapse: collapse; width: 328.02pt;\" border=\"0\" width=\"328\" cellspacing=\"0\" cellpadding=\"0\">\n<tbody>\n<tr style=\"height: 15.20pt;\">\n<td class=\"et2\" style=\"height: 15.20pt; width: 101.70pt;\" width=\"101\" height=\"15\">Markenname<\/td>\n<td class=\"et2\" style=\"width: 226.65pt;\" width=\"226\">Come Health\/ White Label<\/td>\n<\/tr>\n<tr style=\"height: 31.00pt;\">\n<td class=\"et2\" style=\"height: 31.00pt;\" height=\"31\">Produktvorteile<\/td>\n<td class=\"et3\" style=\"width: 226.65pt;\" width=\"226\">*Bietet eine starke Immunit\u00e4t<br \/>*F\u00f6rdert die Verdauung<\/td>\n<\/tr>\n<tr style=\"height: 15.20pt;\">\n<td class=\"et2\" style=\"height: 15.20pt;\" height=\"15\">Dosierungsform<\/td>\n<td class=\"et2\">Kapsel<\/td>\n<\/tr>\n<tr style=\"height: 15.20pt;\">\n<td class=\"et2\" style=\"height: 15.20pt;\" height=\"15\">Erscheinungsbild<\/td>\n<td class=\"et2\">Milchig-wei\u00dfe Gelatineh\u00fclle<\/td>\n<\/tr>\n<tr style=\"height: 15.20pt;\">\n<td class=\"et2\" style=\"height: 15.20pt;\" height=\"15\">Produkt-Spezifikation<\/td>\n<td class=\"et2\">90 Kapseln\/Flasche<\/td>\n<\/tr>\n<tr style=\"height: 15.20pt;\">\n<td class=\"et2\" style=\"height: 15.20pt;\" height=\"15\">Haltbarkeitsdauer<\/td>\n<td class=\"et2\">24 Monate<\/td>\n<\/tr>\n<tr style=\"height: 15.20pt;\">\n<td class=\"et2\" style=\"height: 15.20pt;\" height=\"15\">Abmessungen (cm)<\/td>\n<td class=\"et2\">7X7X12<\/td>\n<\/tr>\n<tr style=\"height: 15.20pt;\">\n<td class=\"et2\" style=\"height: 15.20pt;\" height=\"15\">Nettogewicht(kg)<\/td>\n<td class=\"et2\">0.11kg<\/td>\n<\/tr>\n<tr style=\"height: 15.20pt;\">\n<td class=\"et2\" style=\"height: 15.20pt;\" height=\"15\">Personalisierung<\/td>\n<td class=\"et2\">Grafik, Logo, Verpackung<\/td>\n<\/tr>\n<tr style=\"height: 15.20pt;\">\n<td class=\"et2\" style=\"height: 15.20pt;\" height=\"15\">Bestandsaufnahme<\/td>\n<td class=\"et2\">Vorr\u00e4tig<\/td>\n<\/tr>\n<\/tbody>\n<\/table>","protected":false},"featured_media":285,"comment_status":"closed","ping_status":"closed","template":"","meta":{"_acf_changed":false},"product_brand":[],"product_cat":[39,34,49,41],"product_tag":[],"class_list":{"0":"post-284","1":"product","2":"type-product","3":"status-publish","4":"has-post-thumbnail","6":"product_cat-bulk-supplements-capsules","7":"product_cat-private-label-health-supplements","8":"product_cat-nutritional-supplement-wholesale","9":"product_cat-bulk-vitamins-and-minerals-supplements","11":"first","12":"instock","13":"shipping-taxable","14":"product-type-simple"},"acf":[],"_links":{"self":[{"href":"https:\/\/www.comehealthgroup.com\/de\/wp-json\/wp\/v2\/product\/284","targetHints":{"allow":["GET"]}}],"collection":[{"href":"https:\/\/www.comehealthgroup.com\/de\/wp-json\/wp\/v2\/product"}],"about":[{"href":"https:\/\/www.comehealthgroup.com\/de\/wp-json\/wp\/v2\/types\/product"}],"replies":[{"embeddable":true,"href":"https:\/\/www.comehealthgroup.com\/de\/wp-json\/wp\/v2\/comments?post=284"}],"wp:featuredmedia":[{"embeddable":true,"href":"https:\/\/www.comehealthgroup.com\/de\/wp-json\/wp\/v2\/media\/285"}],"wp:attachment":[{"href":"https:\/\/www.comehealthgroup.com\/de\/wp-json\/wp\/v2\/media?parent=284"}],"wp:term":[{"taxonomy":"product_brand","embeddable":true,"href":"https:\/\/www.comehealthgroup.com\/de\/wp-json\/wp\/v2\/product_brand?post=284"},{"taxonomy":"product_cat","embeddable":true,"href":"https:\/\/www.comehealthgroup.com\/de\/wp-json\/wp\/v2\/product_cat?post=284"},{"taxonomy":"product_tag","embeddable":true,"href":"https:\/\/www.comehealthgroup.com\/de\/wp-json\/wp\/v2\/product_tag?post=284"}],"curies":[{"name":"wp","href":"https:\/\/api.w.org\/{rel}","templated":true}]}}