{"id":288,"date":"2024-12-07T07:21:36","date_gmt":"2024-12-07T07:21:36","guid":{"rendered":"https:\/\/www.comehealthgroup.com\/?post_type=product&#038;p=288"},"modified":"2024-12-07T07:50:14","modified_gmt":"2024-12-07T07:50:14","slug":"bulk-dietary-supplement","status":"publish","type":"product","link":"https:\/\/www.comehealthgroup.com\/de\/product\/bulk-dietary-supplement\/","title":{"rendered":"Bulk Nahrungserg\u00e4nzungsmittel, Mariendistel-Kapsel Erg\u00e4nzungen"},"content":{"rendered":"<div class=\"wp-block-columns is-layout-flex wp-container-core-columns-is-layout-9d6595d7 wp-block-columns-is-layout-flex\">\n<div class=\"wp-block-column is-layout-flow wp-block-column-is-layout-flow\">\n<h2 class=\"wp-block-heading\">Eigenschaften von Bulk Dietary Supplement<\/h2>\n\n\n\n<ul class=\"wp-block-list\">\n<li><strong>St\u00e4rkt die Immunit\u00e4t und verbessert die Gesundheitsabwehr:<\/strong> Dieses nat\u00fcrliche, wirkstoffreiche Mariendistelkapsel-Bulk-Nahrungserg\u00e4nzungsmittel tr\u00e4gt zur St\u00e4rkung der Immunfunktion des menschlichen K\u00f6rpers bei, verbessert wirksam die F\u00e4higkeit, sich gegen \u00e4u\u00dfere Bedrohungen zu wehren, und sch\u00fctzt die Gesundheit.<\/li>\n\n\n\n<li><strong>Unterst\u00fctzt die tiefgreifende Entschlackung und Entgiftung des K\u00f6rpers: <\/strong>Mariendistel ist ein sehr wirksames Entgiftungsprodukt. Unsere Mariendistel-Kapseln im Gro\u00dfhandel k\u00f6nnen der Leber helfen, Giftstoffe effektiver auszuscheiden, den Stoffwechsel zu optimieren und die Anwender f\u00fchlen sich leichter und energiegeladener.<\/li>\n\n\n\n<li><strong>Nat\u00fcrliche Formel, sicher und mild: <\/strong>Unsere Mariendistel-Extrakt Bulk Nahrungserg\u00e4nzungsmittel basiert auf hochwertigen Mariendistel-Extrakt ohne k\u00fcnstliche Zusatzstoffe, mild und nicht reizend; es ist sehr geeignet f\u00fcr Kunden, die nat\u00fcrliche Gesundheit L\u00f6sungen verfolgen.<\/li>\n\n\n\n<li><strong>Bequeme t\u00e4gliche Nahrungserg\u00e4nzung: <\/strong>Jede Mariendistelkapsel im Gro\u00dfhandel ist in sorgf\u00e4ltig abgemessenen Proportionen, so dass dies eine sehr bequeme Art der Einnahme des Wirkstoffs Mariendistel ist, um den Gesundheitsanforderungen im Tempo des modernen Lebens gerecht zu werden.<\/li>\n<\/ul>\n<\/div>\n\n\n\n<div class=\"wp-block-column is-layout-flow wp-block-column-is-layout-flow\">\n<figure class=\"wp-block-image size-full\"><img decoding=\"async\" width=\"960\" height=\"960\" src=\"https:\/\/www.comehealthgroup.com\/wp-content\/uploads\/2024\/12\/Bulk-Dietary-Supplement-Milk-Thistle-Capsule-Supplements-1.webp\" alt=\"Bulk Nahrungserg\u00e4nzungsmittel, Mariendistel Kapsel Erg\u00e4nzungen-1\" class=\"wp-image-289\" srcset=\"https:\/\/www.comehealthgroup.com\/wp-content\/uploads\/2024\/12\/Bulk-Dietary-Supplement-Milk-Thistle-Capsule-Supplements-1.webp 960w, https:\/\/www.comehealthgroup.com\/wp-content\/uploads\/2024\/12\/Bulk-Dietary-Supplement-Milk-Thistle-Capsule-Supplements-1-300x300.webp 300w, https:\/\/www.comehealthgroup.com\/wp-content\/uploads\/2024\/12\/Bulk-Dietary-Supplement-Milk-Thistle-Capsule-Supplements-1-100x100.webp 100w, https:\/\/www.comehealthgroup.com\/wp-content\/uploads\/2024\/12\/Bulk-Dietary-Supplement-Milk-Thistle-Capsule-Supplements-1-600x600.webp 600w, https:\/\/www.comehealthgroup.com\/wp-content\/uploads\/2024\/12\/Bulk-Dietary-Supplement-Milk-Thistle-Capsule-Supplements-1-150x150.webp 150w, https:\/\/www.comehealthgroup.com\/wp-content\/uploads\/2024\/12\/Bulk-Dietary-Supplement-Milk-Thistle-Capsule-Supplements-1-768x768.webp 768w, https:\/\/www.comehealthgroup.com\/wp-content\/uploads\/2024\/12\/Bulk-Dietary-Supplement-Milk-Thistle-Capsule-Supplements-1-12x12.webp 12w\" sizes=\"(max-width: 960px) 100vw, 960px\" \/><\/figure>\n<\/div>\n<\/div>\n\n\n\n<p><\/p>","protected":false},"excerpt":{"rendered":"<p>Dieses Nahrungserg\u00e4nzungsmittel in Form von Mariendistelkapseln hilft den Anwendern bei einem umfassenden Gesundheitsmanagement, indem es die Immunit\u00e4t st\u00e4rkt und die Entgiftung der Leber unterst\u00fctzt. Seine nat\u00fcrliche, sichere Formel eignet sich f\u00fcr den Langzeitgebrauch und ist ideal f\u00fcr die Reinigung und Gesundheitspflege. Es unterst\u00fctzt das Private Labeling und ist ein hervorragendes Produkt zur Erweiterung der Nahrungserg\u00e4nzungsserie der Marke.<\/p>\n<table style=\"border-collapse: collapse; width: 328.02pt;\" border=\"0\" width=\"328\" cellspacing=\"0\" cellpadding=\"0\">\n<tbody>\n<tr style=\"height: 15.20pt;\">\n<td class=\"et2\" style=\"height: 15.20pt; width: 101.70pt;\" width=\"101\" height=\"15\">Markenname<\/td>\n<td class=\"et2\" style=\"width: 226.65pt;\" width=\"226\">Come Health\/ White Label<\/td>\n<\/tr>\n<tr style=\"height: 31.00pt;\">\n<td class=\"et2\" style=\"height: 31.00pt;\" height=\"31\">Produktvorteile<\/td>\n<td class=\"et3\" style=\"width: 226.65pt;\" width=\"226\">*St\u00e4rkt die Immunit\u00e4t<br \/>*unterst\u00fctzt die Reinigung und Entgiftung<\/td>\n<\/tr>\n<tr style=\"height: 15.20pt;\">\n<td class=\"et2\" style=\"height: 15.20pt;\" height=\"15\">Dosierungsform<\/td>\n<td class=\"et2\">Kapsel<\/td>\n<\/tr>\n<tr style=\"height: 15.20pt;\">\n<td class=\"et2\" style=\"height: 15.20pt;\" height=\"15\">Erscheinungsbild<\/td>\n<td class=\"et2\">Milchig-wei\u00dfe Gelatineh\u00fclle<\/td>\n<\/tr>\n<tr style=\"height: 15.20pt;\">\n<td class=\"et2\" style=\"height: 15.20pt;\" height=\"15\">Produkt-Spezifikation<\/td>\n<td class=\"et2\">120 Kapseln\/Flasche<\/td>\n<\/tr>\n<tr style=\"height: 15.20pt;\">\n<td class=\"et2\" style=\"height: 15.20pt;\" height=\"15\">Haltbarkeitsdauer<\/td>\n<td class=\"et2\">24 Monate<\/td>\n<\/tr>\n<tr style=\"height: 15.20pt;\">\n<td class=\"et2\" style=\"height: 15.20pt;\" height=\"15\">Abmessungen (cm)<\/td>\n<td class=\"et2\">\/<\/td>\n<\/tr>\n<tr style=\"height: 15.20pt;\">\n<td class=\"et2\" style=\"height: 15.20pt;\" height=\"15\">Nettogewicht(kg)<\/td>\n<td class=\"et2\">0.14kg<\/td>\n<\/tr>\n<tr style=\"height: 15.20pt;\">\n<td class=\"et2\" style=\"height: 15.20pt;\" height=\"15\">Personalisierung<\/td>\n<td class=\"et2\">Grafik, Logo, Verpackung<\/td>\n<\/tr>\n<tr style=\"height: 15.20pt;\">\n<td class=\"et2\" style=\"height: 15.20pt;\" height=\"15\">Bestandsaufnahme<\/td>\n<td class=\"et2\">Vorr\u00e4tig<\/td>\n<\/tr>\n<\/tbody>\n<\/table>","protected":false},"featured_media":293,"comment_status":"closed","ping_status":"closed","template":"","meta":{"_acf_changed":false},"product_brand":[],"product_cat":[39,34],"product_tag":[],"class_list":{"0":"post-288","1":"product","2":"type-product","3":"status-publish","4":"has-post-thumbnail","6":"product_cat-bulk-supplements-capsules","7":"product_cat-private-label-health-supplements","9":"first","10":"instock","11":"shipping-taxable","12":"product-type-simple"},"acf":[],"_links":{"self":[{"href":"https:\/\/www.comehealthgroup.com\/de\/wp-json\/wp\/v2\/product\/288","targetHints":{"allow":["GET"]}}],"collection":[{"href":"https:\/\/www.comehealthgroup.com\/de\/wp-json\/wp\/v2\/product"}],"about":[{"href":"https:\/\/www.comehealthgroup.com\/de\/wp-json\/wp\/v2\/types\/product"}],"replies":[{"embeddable":true,"href":"https:\/\/www.comehealthgroup.com\/de\/wp-json\/wp\/v2\/comments?post=288"}],"wp:featuredmedia":[{"embeddable":true,"href":"https:\/\/www.comehealthgroup.com\/de\/wp-json\/wp\/v2\/media\/293"}],"wp:attachment":[{"href":"https:\/\/www.comehealthgroup.com\/de\/wp-json\/wp\/v2\/media?parent=288"}],"wp:term":[{"taxonomy":"product_brand","embeddable":true,"href":"https:\/\/www.comehealthgroup.com\/de\/wp-json\/wp\/v2\/product_brand?post=288"},{"taxonomy":"product_cat","embeddable":true,"href":"https:\/\/www.comehealthgroup.com\/de\/wp-json\/wp\/v2\/product_cat?post=288"},{"taxonomy":"product_tag","embeddable":true,"href":"https:\/\/www.comehealthgroup.com\/de\/wp-json\/wp\/v2\/product_tag?post=288"}],"curies":[{"name":"wp","href":"https:\/\/api.w.org\/{rel}","templated":true}]}}