{"id":294,"date":"2024-12-07T07:51:40","date_gmt":"2024-12-07T07:51:40","guid":{"rendered":"https:\/\/www.comehealthgroup.com\/?post_type=product&#038;p=294"},"modified":"2024-12-07T08:01:55","modified_gmt":"2024-12-07T08:01:55","slug":"wholesale-hemp-gummies","status":"publish","type":"product","link":"https:\/\/www.comehealthgroup.com\/de\/product\/wholesale-hemp-gummies\/","title":{"rendered":"Gro\u00dfhandel Hanf-Gummis, Private Label Gummi-Zus\u00e4tze"},"content":{"rendered":"<div class=\"wp-block-columns is-layout-flex wp-container-core-columns-is-layout-9d6595d7 wp-block-columns-is-layout-flex\">\n<div class=\"wp-block-column is-layout-flow wp-block-column-is-layout-flow\">\n<h2 class=\"wp-block-heading\">Eigenschaften von Hanf-Gummis f\u00fcr den Gro\u00dfhandel<\/h2>\n\n\n\n<ul class=\"wp-block-list\">\n<li><strong>F\u00f6rdert die Tiefenentspannung und baut den t\u00e4glichen Stress ab: <\/strong>Unsere HEMP-Gummis f\u00fcr den Gro\u00dfhandel helfen, K\u00f6rper und Geist durch nat\u00fcrlich gewonnene Inhaltsstoffe zu entspannen, Spannungen und \u00c4ngste im Leben abzubauen und den Benutzern einen friedlichen Geisteszustand zu vermitteln.<\/li>\n\n\n\n<li><strong>Unterst\u00fctzung eines gesunden Schlafs und Wiederherstellung der k\u00f6rperlichen und geistigen Vitalit\u00e4t: <\/strong>Die Formel unserer Hanfgummis als Nahrungserg\u00e4nzungsmittel wurde entwickelt, um die Schlafqualit\u00e4t zu verbessern, den Nutzern zu helfen, schneller einzuschlafen, die ganze Nacht durchzuhalten und mit einem Gef\u00fchl voller Energie aufzuwachen.<\/li>\n\n\n\n<li><strong>Nat\u00fcrliche und sichere lindernde L\u00f6sung: <\/strong>Unsere Gro\u00dfhandels-Hanfgummis werden mit hochwertigen Hanfextrakten hergestellt, ohne k\u00fcnstliche Zusatzstoffe oder reizende Zutaten, sanft und zuverl\u00e4ssig, geeignet f\u00fcr Menschen, die einen gesunden Lebensstil verfolgen.<\/li>\n\n\n\n<li><strong>Die perfekte Kombination aus lecker und gesund: <\/strong>Dieses Nahrungserg\u00e4nzungsmittel aus Hanfgummis hat einen attraktiven Geschmack, der es den Benutzern erm\u00f6glicht, ein k\u00f6stliches Erlebnis zu genie\u00dfen und gleichzeitig von den gesundheitlichen Vorteilen zu profitieren, was es zu einer angenehmen Wahl f\u00fcr das t\u00e4gliche Gesundheitsmanagement macht.<\/li>\n<\/ul>\n<\/div>\n\n\n\n<div class=\"wp-block-column is-layout-flow wp-block-column-is-layout-flow\">\n<figure class=\"wp-block-image size-full\"><img decoding=\"async\" width=\"800\" height=\"800\" src=\"https:\/\/www.comehealthgroup.com\/wp-content\/uploads\/2024\/12\/Wholesale-Hemp-Gummies-Private-Label-Gummy-Supplements-2.webp\" alt=\"Gro\u00dfhandel Hanf-Gummis, Private Label Gummi-Zus\u00e4tze-2\" class=\"wp-image-296\" srcset=\"https:\/\/www.comehealthgroup.com\/wp-content\/uploads\/2024\/12\/Wholesale-Hemp-Gummies-Private-Label-Gummy-Supplements-2.webp 800w, https:\/\/www.comehealthgroup.com\/wp-content\/uploads\/2024\/12\/Wholesale-Hemp-Gummies-Private-Label-Gummy-Supplements-2-300x300.webp 300w, https:\/\/www.comehealthgroup.com\/wp-content\/uploads\/2024\/12\/Wholesale-Hemp-Gummies-Private-Label-Gummy-Supplements-2-100x100.webp 100w, https:\/\/www.comehealthgroup.com\/wp-content\/uploads\/2024\/12\/Wholesale-Hemp-Gummies-Private-Label-Gummy-Supplements-2-600x600.webp 600w, https:\/\/www.comehealthgroup.com\/wp-content\/uploads\/2024\/12\/Wholesale-Hemp-Gummies-Private-Label-Gummy-Supplements-2-150x150.webp 150w, https:\/\/www.comehealthgroup.com\/wp-content\/uploads\/2024\/12\/Wholesale-Hemp-Gummies-Private-Label-Gummy-Supplements-2-768x768.webp 768w, https:\/\/www.comehealthgroup.com\/wp-content\/uploads\/2024\/12\/Wholesale-Hemp-Gummies-Private-Label-Gummy-Supplements-2-12x12.webp 12w\" sizes=\"(max-width: 800px) 100vw, 800px\" \/><\/figure>\n<\/div>\n<\/div>\n\n\n\n<p><\/p>","protected":false},"excerpt":{"rendered":"<p>Unsere HEMP-Gummis mit Eigenmarke f\u00fcr den Gro\u00dfhandel kombinieren die doppelte Wirkung von Entspannung und gesundem Schlaf, um den Nutzern zu helfen, Stress abzubauen und die Schlafqualit\u00e4t zu verbessern. Die perfekte Kombination aus nat\u00fcrlichen Inhaltsstoffen und k\u00f6stlichen Geschmacksrichtungen macht es zu einer idealen Wahl f\u00fcr modernes Gesundheitsmanagement. Durch die Unterst\u00fctzung des Private Labeling ist es eine zuverl\u00e4ssige Wahl f\u00fcr Marken, die ihre hochwertigen Gesundheitsprodukte erweitern m\u00f6chten.<\/p>\n<table style=\"border-collapse: collapse; width: 328.02pt;\" border=\"0\" width=\"328\" cellspacing=\"0\" cellpadding=\"0\">\n<tbody>\n<tr style=\"height: 15.20pt;\">\n<td class=\"et2\" style=\"height: 15.20pt; width: 101.70pt;\" width=\"101\" height=\"15\">Markenname<\/td>\n<td class=\"et2\" style=\"width: 226.65pt;\" width=\"226\">Come Health\/ White Label<\/td>\n<\/tr>\n<tr style=\"height: 16.00pt;\">\n<td class=\"et2\" style=\"height: 16.00pt;\" height=\"16\">Produktvorteile<\/td>\n<td class=\"et3\" style=\"width: 226.65pt;\" width=\"226\">* F\u00f6rdert die Entspannung und einen gesunden Schlaf<\/td>\n<\/tr>\n<tr style=\"height: 15.20pt;\">\n<td class=\"et2\" style=\"height: 15.20pt;\" height=\"15\">Dosierungsform<\/td>\n<td class=\"et2\">Gummib\u00e4rchen<\/td>\n<\/tr>\n<tr style=\"height: 15.20pt;\">\n<td class=\"et2\" style=\"height: 15.20pt;\" height=\"15\">Farbe<\/td>\n<td class=\"et2\">Rosa, Gelb, Gr\u00fcn, Lila<\/td>\n<\/tr>\n<tr style=\"height: 31.00pt;\">\n<td class=\"et2\" style=\"height: 31.00pt;\" height=\"31\">Geschmack<\/td>\n<td class=\"et3\" style=\"width: 226.65pt;\" width=\"226\">Gemischte Geschmacksrichtung (Erdbeere, Ananas, Traube, gr\u00fcner Apfel)<\/td>\n<\/tr>\n<tr style=\"height: 15.20pt;\">\n<td class=\"et2\" style=\"height: 15.20pt;\" height=\"15\">Form<\/td>\n<td class=\"et2\">Ablagefach<\/td>\n<\/tr>\n<tr style=\"height: 15.20pt;\">\n<td class=\"et2\" style=\"height: 15.20pt;\" height=\"15\">Produkt-Spezifikation<\/td>\n<td class=\"et2\">60 Einheiten\/Flasche<\/td>\n<\/tr>\n<tr style=\"height: 15.20pt;\">\n<td class=\"et2\" style=\"height: 15.20pt;\" height=\"15\">Haltbarkeitsdauer<\/td>\n<td class=\"et2\">24 Monate<\/td>\n<\/tr>\n<tr style=\"height: 15.20pt;\">\n<td class=\"et2\" style=\"height: 15.20pt;\" height=\"15\">Abmessungen (cm)<\/td>\n<td class=\"et2\">7X7X12<\/td>\n<\/tr>\n<tr style=\"height: 15.20pt;\">\n<td class=\"et2\" style=\"height: 15.20pt;\" height=\"15\">Nettogewicht(kg)<\/td>\n<td class=\"et2\">0,22 kg<\/td>\n<\/tr>\n<tr style=\"height: 15.20pt;\">\n<td class=\"et2\" style=\"height: 15.20pt;\" height=\"15\">Personalisierung<\/td>\n<td class=\"et2\">Grafik, Logo, Verpackung<\/td>\n<\/tr>\n<tr style=\"height: 15.20pt;\">\n<td class=\"et2\" style=\"height: 15.20pt;\" height=\"15\">Bestandsaufnahme<\/td>\n<td class=\"et2\">Vorr\u00e4tig<\/td>\n<\/tr>\n<\/tbody>\n<\/table>","protected":false},"featured_media":295,"comment_status":"closed","ping_status":"closed","template":"","meta":{"_acf_changed":false},"product_brand":[],"product_cat":[35,40],"product_tag":[],"class_list":{"0":"post-294","1":"product","2":"type-product","3":"status-publish","4":"has-post-thumbnail","6":"product_cat-sleep-supplements-wholesale","7":"product_cat-private-label-gummy-supplements","9":"first","10":"instock","11":"shipping-taxable","12":"product-type-simple"},"acf":[],"_links":{"self":[{"href":"https:\/\/www.comehealthgroup.com\/de\/wp-json\/wp\/v2\/product\/294","targetHints":{"allow":["GET"]}}],"collection":[{"href":"https:\/\/www.comehealthgroup.com\/de\/wp-json\/wp\/v2\/product"}],"about":[{"href":"https:\/\/www.comehealthgroup.com\/de\/wp-json\/wp\/v2\/types\/product"}],"replies":[{"embeddable":true,"href":"https:\/\/www.comehealthgroup.com\/de\/wp-json\/wp\/v2\/comments?post=294"}],"wp:featuredmedia":[{"embeddable":true,"href":"https:\/\/www.comehealthgroup.com\/de\/wp-json\/wp\/v2\/media\/295"}],"wp:attachment":[{"href":"https:\/\/www.comehealthgroup.com\/de\/wp-json\/wp\/v2\/media?parent=294"}],"wp:term":[{"taxonomy":"product_brand","embeddable":true,"href":"https:\/\/www.comehealthgroup.com\/de\/wp-json\/wp\/v2\/product_brand?post=294"},{"taxonomy":"product_cat","embeddable":true,"href":"https:\/\/www.comehealthgroup.com\/de\/wp-json\/wp\/v2\/product_cat?post=294"},{"taxonomy":"product_tag","embeddable":true,"href":"https:\/\/www.comehealthgroup.com\/de\/wp-json\/wp\/v2\/product_tag?post=294"}],"curies":[{"name":"wp","href":"https:\/\/api.w.org\/{rel}","templated":true}]}}