{"id":965,"date":"2024-12-14T06:40:47","date_gmt":"2024-12-14T06:40:47","guid":{"rendered":"https:\/\/www.comehealthgroup.com\/?post_type=product&#038;p=965"},"modified":"2024-12-14T07:02:48","modified_gmt":"2024-12-14T07:02:48","slug":"private-label-gummy-supplements","status":"publish","type":"product","link":"https:\/\/www.comehealthgroup.com\/de\/product\/private-label-gummy-supplements\/","title":{"rendered":"Private Label Gummib\u00e4rchen, Kalzium, Magnesium, Zink"},"content":{"rendered":"<div class=\"wp-block-columns is-layout-flex wp-container-core-columns-is-layout-9d6595d7 wp-block-columns-is-layout-flex\">\n<div class=\"wp-block-column is-layout-flow wp-block-column-is-layout-flow\">\n<h2 class=\"wp-block-heading\">Eigenschaften von Private Label Gummibonbons<\/h2>\n\n\n\n<ul class=\"wp-block-list\">\n<li><strong>Gesunde Ern\u00e4hrung f\u00fcr die Knochen: <\/strong>Unsere Eigenmarke gummy Erg\u00e4nzung ist reich an Kalzium, Magnesium und Zink. Alle diese zusammen sind hilfreich bei der Verbesserung f\u00fcr die Struktur in der Knochendichte und St\u00e4rkung der Knochen, um verschiedene Fragen der Knochengesundheit wie Osteoporose zu vermeiden. Es kommt sehr empfehlenswert f\u00fcr die Erhaltung der Knochen stark.<\/li>\n\n\n\n<li><strong>Unterst\u00fctzt die Nerven- und Immunfunktion: <\/strong>Kalzium, Magnesium und Zink sind unentbehrlich f\u00fcr die Knochen, unterst\u00fctzen die Leitungsfunktion der Nerven und die Arbeit des Immunsystems. Dieses gummierte Nahrungserg\u00e4nzungsmittel im Gro\u00dfhandel hilft, Stress abzubauen, die Widerstandsf\u00e4higkeit des K\u00f6rpers zu erh\u00f6hen und die Vitalit\u00e4t im Alltag zu erhalten.<\/li>\n\n\n\n<li><strong>Bequeme und schmackhafte Gummiform: <\/strong>Dieses Nahrungserg\u00e4nzungsmittel in Form von Gummib\u00e4rchen ist geschmackvoll und leicht zu essen. Es m\u00fcssen keine gro\u00dfen Dosen von Tabletten oder Kapseln geschluckt werden. Es ist besonders f\u00fcr Menschen geeignet, die keine traditionellen Nahrungserg\u00e4nzungsmittel m\u00f6gen. Geeignet f\u00fcr alle Altersgruppen.<\/li>\n\n\n\n<li><strong>Private Label-Anpassung bei hoher Qualit\u00e4t:<\/strong> Die Rohstoffe, die f\u00fcr unsere Kalzium-, Magnesium- und Zink-Gummis im Gro\u00dfhandel verwendet werden, sind alle von sehr hoher Qualit\u00e4t. So garantiert jedes Gummib\u00e4rchen genaue Dosierung von Calcium, Magnesium und Zink in der Unterst\u00fctzung der Ern\u00e4hrung stabil und effektiv f\u00fcr die Aufrechterhaltung der Verbraucher gesund mit Leichtigkeit.<\/li>\n<\/ul>\n<\/div>\n\n\n\n<div class=\"wp-block-column is-layout-flow wp-block-column-is-layout-flow\">\n<figure class=\"wp-block-image size-full\"><img decoding=\"async\" width=\"720\" height=\"720\" src=\"https:\/\/www.comehealthgroup.com\/wp-content\/uploads\/2024\/12\/Private-Label-Gummy-Supplements-Calcium-Magnesium-Zinc-3.webp\" alt=\"Private Label Gummibonbons, Kalzium, Magnesium, Zink-3\" class=\"wp-image-968\" srcset=\"https:\/\/www.comehealthgroup.com\/wp-content\/uploads\/2024\/12\/Private-Label-Gummy-Supplements-Calcium-Magnesium-Zinc-3.webp 720w, https:\/\/www.comehealthgroup.com\/wp-content\/uploads\/2024\/12\/Private-Label-Gummy-Supplements-Calcium-Magnesium-Zinc-3-300x300.webp 300w, https:\/\/www.comehealthgroup.com\/wp-content\/uploads\/2024\/12\/Private-Label-Gummy-Supplements-Calcium-Magnesium-Zinc-3-150x150.webp 150w, https:\/\/www.comehealthgroup.com\/wp-content\/uploads\/2024\/12\/Private-Label-Gummy-Supplements-Calcium-Magnesium-Zinc-3-600x600.webp 600w, https:\/\/www.comehealthgroup.com\/wp-content\/uploads\/2024\/12\/Private-Label-Gummy-Supplements-Calcium-Magnesium-Zinc-3-100x100.webp 100w\" sizes=\"(max-width: 720px) 100vw, 720px\" \/><\/figure>\n<\/div>\n<\/div>\n\n\n\n<p><\/p>","protected":false},"excerpt":{"rendered":"<p>Willkommen bei Private Label Gummibonbons anpassen. Diese Kalzium-, Magnesium- und Zinkgummi-Erg\u00e4nzung im Gro\u00dfhandel wird zur St\u00e4rkung der Knochen, zur Unterst\u00fctzung des Nervensystems und zur Verbesserung der Immunfunktionen verwendet. Es kombiniert die drei Mineralien, um eine einzigartige Wirkung zu erzielen, die Knochendichte zu erhalten und die k\u00f6rperliche Vitalit\u00e4t zu verbessern. Seine k\u00f6stliche und leicht zu verzehrende Gummiform macht es zu einem sehr angenehmen t\u00e4glichen Nahrungserg\u00e4nzungsmittel, das f\u00fcr jeden geeignet ist, der die Gesundheit der Knochen erhalten und die Immunit\u00e4t verbessern m\u00f6chte.<\/p>\n<table style=\"border-collapse: collapse; width: 328.02pt;\" border=\"0\" width=\"328\" cellspacing=\"0\" cellpadding=\"0\">\n<tbody>\n<tr style=\"height: 15.20pt;\">\n<td class=\"et2\" style=\"height: 15.20pt; width: 101.70pt;\" width=\"101\" height=\"15\">Markenname<\/td>\n<td class=\"et2\" style=\"width: 226.65pt;\" width=\"226\">Come Health\/ White Label<\/td>\n<\/tr>\n<tr style=\"height: 31.00pt;\">\n<td class=\"et2\" style=\"height: 31.00pt;\" height=\"31\">Produktvorteile<\/td>\n<td class=\"et3\" style=\"width: 226.65pt;\" width=\"226\">*Unterst\u00fctzt die Knochengesundheit<br \/>*Unterst\u00fctzt die Nerven- und Immunfunktion<\/td>\n<\/tr>\n<tr style=\"height: 15.20pt;\">\n<td class=\"et2\" style=\"height: 15.20pt;\" height=\"15\">Dosierungsform<\/td>\n<td class=\"et2\">Gummib\u00e4rchen<\/td>\n<\/tr>\n<tr style=\"height: 15.20pt;\">\n<td class=\"et2\" style=\"height: 15.20pt;\" height=\"15\">Farbe<\/td>\n<td class=\"et2\">Rosa, Gelb, Gr\u00fcn, Lila<\/td>\n<\/tr>\n<tr style=\"height: 16.00pt;\">\n<td class=\"et2\" style=\"height: 16.00pt;\" height=\"16\">Geschmack<\/td>\n<td class=\"et3\" style=\"width: 226.65pt;\" width=\"226\">Gemischte Geschmacksrichtungen (Ananas, Apfel, Heidelbeere)<\/td>\n<\/tr>\n<tr style=\"height: 15.20pt;\">\n<td class=\"et2\" style=\"height: 15.20pt;\" height=\"15\">Form<\/td>\n<td class=\"et2\">Ablagefach<\/td>\n<\/tr>\n<tr style=\"height: 15.20pt;\">\n<td class=\"et2\" style=\"height: 15.20pt;\" height=\"15\">Produkt-Spezifikation<\/td>\n<td class=\"et2\">60 Einheiten\/Flasche<\/td>\n<\/tr>\n<tr style=\"height: 15.20pt;\">\n<td class=\"et2\" style=\"height: 15.20pt;\" height=\"15\">Haltbarkeitsdauer<\/td>\n<td class=\"et2\">24 Monate<\/td>\n<\/tr>\n<tr style=\"height: 15.20pt;\">\n<td class=\"et2\" style=\"height: 15.20pt;\" height=\"15\">Abmessungen (cm)<\/td>\n<td class=\"et2\">7X7X12<\/td>\n<\/tr>\n<tr style=\"height: 15.20pt;\">\n<td class=\"et2\" style=\"height: 15.20pt;\" height=\"15\">Nettogewicht(kg)<\/td>\n<td class=\"et2\">0,22 kg<\/td>\n<\/tr>\n<tr style=\"height: 15.20pt;\">\n<td class=\"et2\" style=\"height: 15.20pt;\" height=\"15\">Personalisierung<\/td>\n<td class=\"et2\">Grafik, Logo, Verpackung<\/td>\n<\/tr>\n<tr style=\"height: 15.20pt;\">\n<td class=\"et2\" style=\"height: 15.20pt;\" height=\"15\">Bestandsaufnahme<\/td>\n<td class=\"et2\">Vorr\u00e4tig<\/td>\n<\/tr>\n<\/tbody>\n<\/table>","protected":false},"featured_media":967,"comment_status":"closed","ping_status":"closed","template":"","meta":{"_acf_changed":false},"product_brand":[],"product_cat":[40,34,32,49],"product_tag":[],"class_list":{"0":"post-965","1":"product","2":"type-product","3":"status-publish","4":"has-post-thumbnail","6":"product_cat-private-label-gummy-supplements","7":"product_cat-private-label-health-supplements","8":"product_cat-private-label-immune-supplements","9":"product_cat-nutritional-supplement-wholesale","11":"first","12":"instock","13":"shipping-taxable","14":"product-type-simple"},"acf":[],"_links":{"self":[{"href":"https:\/\/www.comehealthgroup.com\/de\/wp-json\/wp\/v2\/product\/965","targetHints":{"allow":["GET"]}}],"collection":[{"href":"https:\/\/www.comehealthgroup.com\/de\/wp-json\/wp\/v2\/product"}],"about":[{"href":"https:\/\/www.comehealthgroup.com\/de\/wp-json\/wp\/v2\/types\/product"}],"replies":[{"embeddable":true,"href":"https:\/\/www.comehealthgroup.com\/de\/wp-json\/wp\/v2\/comments?post=965"}],"wp:featuredmedia":[{"embeddable":true,"href":"https:\/\/www.comehealthgroup.com\/de\/wp-json\/wp\/v2\/media\/967"}],"wp:attachment":[{"href":"https:\/\/www.comehealthgroup.com\/de\/wp-json\/wp\/v2\/media?parent=965"}],"wp:term":[{"taxonomy":"product_brand","embeddable":true,"href":"https:\/\/www.comehealthgroup.com\/de\/wp-json\/wp\/v2\/product_brand?post=965"},{"taxonomy":"product_cat","embeddable":true,"href":"https:\/\/www.comehealthgroup.com\/de\/wp-json\/wp\/v2\/product_cat?post=965"},{"taxonomy":"product_tag","embeddable":true,"href":"https:\/\/www.comehealthgroup.com\/de\/wp-json\/wp\/v2\/product_tag?post=965"}],"curies":[{"name":"wp","href":"https:\/\/api.w.org\/{rel}","templated":true}]}}