{"id":982,"date":"2024-12-16T09:35:09","date_gmt":"2024-12-16T09:35:09","guid":{"rendered":"https:\/\/www.comehealthgroup.com\/?post_type=product&#038;p=982"},"modified":"2024-12-16T09:47:02","modified_gmt":"2024-12-16T09:47:02","slug":"mushroom-gummies-wholesale","status":"publish","type":"product","link":"https:\/\/www.comehealthgroup.com\/de\/product\/mushroom-gummies-wholesale\/","title":{"rendered":"Private Label Pilz Gummies Gro\u00dfhandel f\u00fcr st\u00e4rkt Immunit\u00e4t"},"content":{"rendered":"<div class=\"wp-block-columns is-layout-flex wp-container-core-columns-is-layout-9d6595d7 wp-block-columns-is-layout-flex\">\n<div class=\"wp-block-column is-layout-flow wp-block-column-is-layout-flow\">\n<h2 class=\"wp-block-heading\">Eigenschaften von Pilz-Gummis Gro\u00dfhandel<\/h2>\n\n\n\n<ul class=\"wp-block-list\">\n<li><strong>Verst\u00e4rkung der Immunit\u00e4t:<\/strong> Unsere Pilzgummis im Gro\u00dfhandel sind mit Immunit\u00e4tsverst\u00e4rkern wie Reishi und Hericium gef\u00fcllt, die die k\u00f6rpereigenen Abwehrkr\u00e4fte gegen Krankheitserreger st\u00e4rken und Sie gesund halten.<\/li>\n\n\n\n<li><strong>Steigert die Gehirnaktivit\u00e4t und Energie: <\/strong>Die nat\u00fcrlichen Pilzextrakte in unseren Eigenmarken-Pilzgummis tragen dazu bei, die Gesundheit des Gehirns und die Energie zu f\u00f6rdern, damit Sie aktiv bleiben.<\/li>\n\n\n\n<li><strong>Verbessert die Konzentration, die Klarheit und das Ged\u00e4chtnis: <\/strong>Diese Gro\u00dfhandelspilz-Gummis verbessern die kognitive Funktion f\u00fcr eine bessere Konzentration und Klarheit, um das Ged\u00e4chtnis zu unterst\u00fctzen, so dass man bei der Arbeit oder in der Schule immer seine beste Leistung bringt.<\/li>\n\n\n\n<li><strong>K\u00f6stlich und leicht zu verzehren: <\/strong>Diese Eigenmarken-Pilzgummis sind voll vom nat\u00fcrlichen Geschmack der Pilze, mit einem reichhaltigen Geschmack - einfach zu genie\u00dfen und gesund f\u00fcr den t\u00e4glichen Verzehr.<\/li>\n<\/ul>\n<\/div>\n\n\n\n<div class=\"wp-block-column is-layout-flow wp-block-column-is-layout-flow\">\n<figure class=\"wp-block-image size-full\"><img decoding=\"async\" width=\"960\" height=\"960\" src=\"https:\/\/www.comehealthgroup.com\/wp-content\/uploads\/2024\/12\/Private-Label-Mushroom-Gummies-Wholesale-For-Boosts-Immunity-1.webp\" alt=\"Private Label Pilz Gummies Gro\u00dfhandel f\u00fcr Boosts Immunit\u00e4t-1\" class=\"wp-image-983\" srcset=\"https:\/\/www.comehealthgroup.com\/wp-content\/uploads\/2024\/12\/Private-Label-Mushroom-Gummies-Wholesale-For-Boosts-Immunity-1.webp 960w, https:\/\/www.comehealthgroup.com\/wp-content\/uploads\/2024\/12\/Private-Label-Mushroom-Gummies-Wholesale-For-Boosts-Immunity-1-300x300.webp 300w, https:\/\/www.comehealthgroup.com\/wp-content\/uploads\/2024\/12\/Private-Label-Mushroom-Gummies-Wholesale-For-Boosts-Immunity-1-150x150.webp 150w, https:\/\/www.comehealthgroup.com\/wp-content\/uploads\/2024\/12\/Private-Label-Mushroom-Gummies-Wholesale-For-Boosts-Immunity-1-768x768.webp 768w, https:\/\/www.comehealthgroup.com\/wp-content\/uploads\/2024\/12\/Private-Label-Mushroom-Gummies-Wholesale-For-Boosts-Immunity-1-600x600.webp 600w, https:\/\/www.comehealthgroup.com\/wp-content\/uploads\/2024\/12\/Private-Label-Mushroom-Gummies-Wholesale-For-Boosts-Immunity-1-100x100.webp 100w\" sizes=\"(max-width: 960px) 100vw, 960px\" \/><\/figure>\n<\/div>\n<\/div>\n\n\n\n<p><\/p>","protected":false},"excerpt":{"rendered":"<p>Unsere Eigenmarke Pilz Gummis Gro\u00dfhandel sind vollgepackt mit Pilzextrakten, die die nat\u00fcrliche Wirkung der Verbesserung der Immunit\u00e4t, Energie und Vitalit\u00e4t haben. Sie verbessern Fokus, Ged\u00e4chtnis und Klarheit mit Effizienz und sind f\u00fcr alle Arten von Verbrauchern geeignet.<\/p>\n<table style=\"border-collapse: collapse; width: 328.02pt;\" border=\"0\" width=\"328\" cellspacing=\"0\" cellpadding=\"0\">\n<tbody>\n<tr style=\"height: 15.20pt;\">\n<td class=\"et2\" style=\"height: 15.20pt; width: 101.70pt;\" width=\"101\" height=\"15\">Markenname<\/td>\n<td class=\"et2\" style=\"width: 226.65pt;\" width=\"226\">Come Health\/ White Label<\/td>\n<\/tr>\n<tr style=\"height: 46.00pt;\">\n<td class=\"et2\" style=\"height: 46.00pt;\" height=\"46\">Produktvorteile<\/td>\n<td class=\"et3\" style=\"width: 226.65pt;\" width=\"226\">*St\u00e4rkt die Immunit\u00e4t<br \/>*Gehirn und Energie werden gest\u00e4rkt<br \/>*verbessert Konzentration, Klarheit und Ged\u00e4chtnis<\/td>\n<\/tr>\n<tr style=\"height: 15.20pt;\">\n<td class=\"et2\" style=\"height: 15.20pt;\" height=\"15\">Dosierungsform<\/td>\n<td class=\"et2\">Gummib\u00e4rchen<\/td>\n<\/tr>\n<tr style=\"height: 15.20pt;\">\n<td class=\"et2\" style=\"height: 15.20pt;\" height=\"15\">Farbe<\/td>\n<td class=\"et2\">Lila<\/td>\n<\/tr>\n<tr style=\"height: 16.00pt;\">\n<td class=\"et2\" style=\"height: 16.00pt;\" height=\"16\">Geschmack<\/td>\n<td class=\"et3\" style=\"width: 226.65pt;\" width=\"226\">Blaubeere<\/td>\n<\/tr>\n<tr style=\"height: 15.20pt;\">\n<td class=\"et2\" style=\"height: 15.20pt;\" height=\"15\">Form<\/td>\n<td class=\"et2\">Ablagefach<\/td>\n<\/tr>\n<tr style=\"height: 15.20pt;\">\n<td class=\"et2\" style=\"height: 15.20pt;\" height=\"15\">Produkt-Spezifikation<\/td>\n<td class=\"et2\">60 Einheiten\/Flasche<\/td>\n<\/tr>\n<tr style=\"height: 15.20pt;\">\n<td class=\"et2\" style=\"height: 15.20pt;\" height=\"15\">Haltbarkeitsdauer<\/td>\n<td class=\"et2\">24 Monate<\/td>\n<\/tr>\n<tr style=\"height: 15.20pt;\">\n<td class=\"et2\" style=\"height: 15.20pt;\" height=\"15\">Abmessungen (cm)<\/td>\n<td class=\"et2\">7X7X12<\/td>\n<\/tr>\n<tr style=\"height: 15.20pt;\">\n<td class=\"et2\" style=\"height: 15.20pt;\" height=\"15\">Nettogewicht(kg)<\/td>\n<td class=\"et2\">0,22 kg<\/td>\n<\/tr>\n<tr style=\"height: 15.20pt;\">\n<td class=\"et2\" style=\"height: 15.20pt;\" height=\"15\">Personalisierung<\/td>\n<td class=\"et2\">Grafik, Logo, Verpackung<\/td>\n<\/tr>\n<tr style=\"height: 15.20pt;\">\n<td class=\"et2\" style=\"height: 15.20pt;\" height=\"15\">Bestandsaufnahme<\/td>\n<td class=\"et2\">Vorr\u00e4tig<\/td>\n<\/tr>\n<\/tbody>\n<\/table>","protected":false},"featured_media":986,"comment_status":"closed","ping_status":"closed","template":"","meta":{"_acf_changed":false},"product_brand":[],"product_cat":[40,34,32],"product_tag":[],"class_list":{"0":"post-982","1":"product","2":"type-product","3":"status-publish","4":"has-post-thumbnail","6":"product_cat-private-label-gummy-supplements","7":"product_cat-private-label-health-supplements","8":"product_cat-private-label-immune-supplements","10":"first","11":"instock","12":"shipping-taxable","13":"product-type-simple"},"acf":[],"_links":{"self":[{"href":"https:\/\/www.comehealthgroup.com\/de\/wp-json\/wp\/v2\/product\/982","targetHints":{"allow":["GET"]}}],"collection":[{"href":"https:\/\/www.comehealthgroup.com\/de\/wp-json\/wp\/v2\/product"}],"about":[{"href":"https:\/\/www.comehealthgroup.com\/de\/wp-json\/wp\/v2\/types\/product"}],"replies":[{"embeddable":true,"href":"https:\/\/www.comehealthgroup.com\/de\/wp-json\/wp\/v2\/comments?post=982"}],"wp:featuredmedia":[{"embeddable":true,"href":"https:\/\/www.comehealthgroup.com\/de\/wp-json\/wp\/v2\/media\/986"}],"wp:attachment":[{"href":"https:\/\/www.comehealthgroup.com\/de\/wp-json\/wp\/v2\/media?parent=982"}],"wp:term":[{"taxonomy":"product_brand","embeddable":true,"href":"https:\/\/www.comehealthgroup.com\/de\/wp-json\/wp\/v2\/product_brand?post=982"},{"taxonomy":"product_cat","embeddable":true,"href":"https:\/\/www.comehealthgroup.com\/de\/wp-json\/wp\/v2\/product_cat?post=982"},{"taxonomy":"product_tag","embeddable":true,"href":"https:\/\/www.comehealthgroup.com\/de\/wp-json\/wp\/v2\/product_tag?post=982"}],"curies":[{"name":"wp","href":"https:\/\/api.w.org\/{rel}","templated":true}]}}