{"id":987,"date":"2024-12-16T10:04:17","date_gmt":"2024-12-16T10:04:17","guid":{"rendered":"https:\/\/www.comehealthgroup.com\/?post_type=product&#038;p=987"},"modified":"2025-03-21T03:57:34","modified_gmt":"2025-03-21T03:57:34","slug":"bulk-supplements-gummy","status":"publish","type":"product","link":"https:\/\/www.comehealthgroup.com\/de\/product\/bulk-supplements-gummy\/","title":{"rendered":"Private Label Bulk Supplements Gummy f\u00fcr Leber Detox"},"content":{"rendered":"<div class=\"wp-block-columns is-layout-flex wp-container-core-columns-is-layout-9d6595d7 wp-block-columns-is-layout-flex\">\n<div class=\"wp-block-column is-layout-flow wp-block-column-is-layout-flow\">\n<h2 class=\"wp-block-heading\">Eigenschaften von Bulk Supplements Gummy<\/h2>\n\n\n\n<ul class=\"wp-block-list\">\n<li><strong>St\u00e4rkung der Immunit\u00e4t: <\/strong>Diese Leber Detox Bulk erg\u00e4nzt gummy ist mit nat\u00fcrlichen Zutaten, die sehr wirksam bei der St\u00e4rkung des Immunsystems, um den K\u00f6rper zu widerstehen Angriffe von au\u00dfen und die Gesundheit zu erhalten sind gef\u00fcllt.<\/li>\n\n\n\n<li><strong>Unterst\u00fctzung der Leber und Entgiftung: <\/strong>Unsere Eigenmarken-Gummipr\u00e4parate enthalten hochwirksame Inhaltsstoffe wie Mariendistel, die die nat\u00fcrlichen Entgiftungs- und Reinigungsprozesse der Leber unterst\u00fctzen, um den K\u00f6rper von Giften zu befreien und ihn wieder auf Vordermann zu bringen.<\/li>\n\n\n\n<li><strong>Nat\u00fcrliche Inhaltsstoffe, sanft und wirkungsvoll: <\/strong>Mit der Mariendistel als Hauptbestandteil wird dieses Nahrungserg\u00e4nzungsmittel Ihrer Leber helfen, sich zu entgiften und zu regenerieren, ohne Ihren K\u00f6rper zu belasten.<\/li>\n\n\n\n<li><strong>Praktisch f\u00fcr die t\u00e4gliche Nahrungserg\u00e4nzung: <\/strong>Unsere Eigenmarken-Gummipr\u00e4parate sind schmackhaft und daher sehr einfach jeden Tag einzunehmen; sie k\u00f6nnen sogar jederzeit ohne Wasser nachgef\u00fcllt werden, was bei einem hektischen Lebensstil hilfreich ist.<\/li>\n<\/ul>\n<\/div>\n\n\n\n<div class=\"wp-block-column is-layout-flow wp-block-column-is-layout-flow\">\n<figure class=\"wp-block-image size-full\"><img decoding=\"async\" width=\"751\" height=\"750\" src=\"https:\/\/www.comehealthgroup.com\/wp-content\/uploads\/2024\/12\/Gummy-For-Liver-Detox_01.webp\" alt=\"\" class=\"wp-image-2147\" srcset=\"https:\/\/www.comehealthgroup.com\/wp-content\/uploads\/2024\/12\/Gummy-For-Liver-Detox_01.webp 751w, https:\/\/www.comehealthgroup.com\/wp-content\/uploads\/2024\/12\/Gummy-For-Liver-Detox_01-300x300.webp 300w, https:\/\/www.comehealthgroup.com\/wp-content\/uploads\/2024\/12\/Gummy-For-Liver-Detox_01-150x150.webp 150w, https:\/\/www.comehealthgroup.com\/wp-content\/uploads\/2024\/12\/Gummy-For-Liver-Detox_01-12x12.webp 12w, https:\/\/www.comehealthgroup.com\/wp-content\/uploads\/2024\/12\/Gummy-For-Liver-Detox_01-600x599.webp 600w, https:\/\/www.comehealthgroup.com\/wp-content\/uploads\/2024\/12\/Gummy-For-Liver-Detox_01-100x100.webp 100w\" sizes=\"(max-width: 751px) 100vw, 751px\" \/><\/figure>\n<\/div>\n<\/div>\n\n\n\n<p><\/p>","protected":false},"excerpt":{"rendered":"<p>Unsere Eigenmarke Bulk erg\u00e4nzt gummy ist eine Natur Detox gummy f\u00fcr die Gesundheit der Leber und Immunit\u00e4t. Es ist eine Mischung aus nat\u00fcrlichen Extrakten der Mariendistel, die den K\u00f6rper loszuwerden, seine Giftstoffe und verj\u00fcngen Gesundheit und Vitalit\u00e4t hilft.<\/p>\n<table style=\"border-collapse: collapse;width: 328.02pt\" border=\"0\" width=\"328\" cellspacing=\"0\" cellpadding=\"0\">\n<tbody>\n<tr style=\"height: 15.20pt\">\n<td class=\"et2\" style=\"height: 15.20pt;width: 101.70pt\" width=\"101\" height=\"15\">Markenname<\/td>\n<td class=\"et2\" style=\"width: 226.65pt\" width=\"226\">Come Health\/ White Label<\/td>\n<\/tr>\n<tr style=\"height: 31.00pt\">\n<td class=\"et2\" style=\"height: 31.00pt\" height=\"31\">Produktvorteile<\/td>\n<td class=\"et3\" style=\"width: 226.65pt\" width=\"226\">*St\u00e4rkt die Immunit\u00e4t<br \/>*unterst\u00fctzt die Reinigung und Entgiftung<\/td>\n<\/tr>\n<tr style=\"height: 15.20pt\">\n<td class=\"et2\" style=\"height: 15.20pt\" height=\"15\">Dosierungsform<\/td>\n<td class=\"et2\">Gummib\u00e4rchen<\/td>\n<\/tr>\n<tr style=\"height: 15.20pt\">\n<td class=\"et2\" style=\"height: 15.20pt\" height=\"15\">Farbe<\/td>\n<td class=\"et2\">Lila<\/td>\n<\/tr>\n<tr style=\"height: 16.00pt\">\n<td class=\"et2\" style=\"height: 16.00pt\" height=\"16\">Geschmack<\/td>\n<td class=\"et3\" style=\"width: 226.65pt\" width=\"226\">Blaubeere<\/td>\n<\/tr>\n<tr style=\"height: 15.20pt\">\n<td class=\"et2\" style=\"height: 15.20pt\" height=\"15\">Form<\/td>\n<td class=\"et2\">Ablagefach<\/td>\n<\/tr>\n<tr style=\"height: 15.20pt\">\n<td class=\"et2\" style=\"height: 15.20pt\" height=\"15\">Produkt-Spezifikation<\/td>\n<td class=\"et2\">60 Einheiten\/Flasche<\/td>\n<\/tr>\n<tr style=\"height: 15.20pt\">\n<td class=\"et2\" style=\"height: 15.20pt\" height=\"15\">Haltbarkeitsdauer<\/td>\n<td class=\"et2\">24 Monate<\/td>\n<\/tr>\n<tr style=\"height: 15.20pt\">\n<td class=\"et2\" style=\"height: 15.20pt\" height=\"15\">Abmessungen (cm)<\/td>\n<td class=\"et2\">7X7X12<\/td>\n<\/tr>\n<tr style=\"height: 15.20pt\">\n<td class=\"et2\" style=\"height: 15.20pt\" height=\"15\">Nettogewicht(kg)<\/td>\n<td class=\"et2\">0,22 kg<\/td>\n<\/tr>\n<tr style=\"height: 15.20pt\">\n<td class=\"et2\" style=\"height: 15.20pt\" height=\"15\">Personalisierung<\/td>\n<td class=\"et2\">Grafik, Logo, Verpackung<\/td>\n<\/tr>\n<tr style=\"height: 15.20pt\">\n<td class=\"et2\" style=\"height: 15.20pt\" height=\"15\">Bestandsaufnahme<\/td>\n<td class=\"et2\">Vorr\u00e4tig<\/td>\n<\/tr>\n<\/tbody>\n<\/table>","protected":false},"featured_media":2151,"comment_status":"closed","ping_status":"closed","template":"","meta":{"_acf_changed":false},"product_brand":[],"product_cat":[40,34,32,49],"product_tag":[],"class_list":{"0":"post-987","1":"product","2":"type-product","3":"status-publish","4":"has-post-thumbnail","6":"product_cat-private-label-gummy-supplements","7":"product_cat-private-label-health-supplements","8":"product_cat-private-label-immune-supplements","9":"product_cat-nutritional-supplement-wholesale","11":"first","12":"instock","13":"shipping-taxable","14":"product-type-simple"},"acf":[],"_links":{"self":[{"href":"https:\/\/www.comehealthgroup.com\/de\/wp-json\/wp\/v2\/product\/987","targetHints":{"allow":["GET"]}}],"collection":[{"href":"https:\/\/www.comehealthgroup.com\/de\/wp-json\/wp\/v2\/product"}],"about":[{"href":"https:\/\/www.comehealthgroup.com\/de\/wp-json\/wp\/v2\/types\/product"}],"replies":[{"embeddable":true,"href":"https:\/\/www.comehealthgroup.com\/de\/wp-json\/wp\/v2\/comments?post=987"}],"wp:featuredmedia":[{"embeddable":true,"href":"https:\/\/www.comehealthgroup.com\/de\/wp-json\/wp\/v2\/media\/2151"}],"wp:attachment":[{"href":"https:\/\/www.comehealthgroup.com\/de\/wp-json\/wp\/v2\/media?parent=987"}],"wp:term":[{"taxonomy":"product_brand","embeddable":true,"href":"https:\/\/www.comehealthgroup.com\/de\/wp-json\/wp\/v2\/product_brand?post=987"},{"taxonomy":"product_cat","embeddable":true,"href":"https:\/\/www.comehealthgroup.com\/de\/wp-json\/wp\/v2\/product_cat?post=987"},{"taxonomy":"product_tag","embeddable":true,"href":"https:\/\/www.comehealthgroup.com\/de\/wp-json\/wp\/v2\/product_tag?post=987"}],"curies":[{"name":"wp","href":"https:\/\/api.w.org\/{rel}","templated":true}]}}