{"id":992,"date":"2024-12-16T10:08:55","date_gmt":"2024-12-16T10:08:55","guid":{"rendered":"https:\/\/www.comehealthgroup.com\/?post_type=product&#038;p=992"},"modified":"2024-12-16T10:20:59","modified_gmt":"2024-12-16T10:20:59","slug":"bulk-glucosamine-chondroitin","status":"publish","type":"product","link":"https:\/\/www.comehealthgroup.com\/de\/product\/bulk-glucosamine-chondroitin\/","title":{"rendered":"Bulk Glucosamin Chondroitin Gummib\u00e4rchen f\u00fcr die Gelenkfunktion"},"content":{"rendered":"<div class=\"wp-block-columns is-layout-flex wp-container-core-columns-is-layout-9d6595d7 wp-block-columns-is-layout-flex\">\n<div class=\"wp-block-column is-layout-flow wp-block-column-is-layout-flow\">\n<h2 class=\"wp-block-heading\">Eigenschaften von Bulk Glucosamine Chondroitin Gummib\u00e4rchen<\/h2>\n\n\n\n<ul class=\"wp-block-list\">\n<li><strong>Verbesserung der Flexibilit\u00e4t und Mobilit\u00e4t der Gelenke: <\/strong>Unsere Glucosamin-Chondroitin-Gummis sind reich an Glucosamin und Chondroitin, die sicherlich dazu beitragen, die Flexibilit\u00e4t und Mobilit\u00e4t der Gelenke zu verbessern und ein hohes Ma\u00df an Mobilit\u00e4t aufrechtzuerhalten, w\u00e4hrend Steifheit und Beschwerden im Gelenk reduziert werden.<\/li>\n\n\n\n<li><strong>Unterst\u00fctzung der Gelenkfunktion:<\/strong> Dieses Nahrungserg\u00e4nzungsmittel aus Glucosamin-Gummis mit MSM und Holunderbeeren repariert und sch\u00fctzt die Weichteile der Gelenke, sorgt f\u00fcr die Gesundheit der Gelenke und die Wiederherstellung ihrer Funktion und hilft, Beschwerden zu lindern, die durch \u00dcberbeanspruchung oder einfach durch den Alterungsprozess verursacht werden.<\/li>\n\n\n\n<li><strong>St\u00e4rkt das Immunsystem:<\/strong> Diese Bulk-Glucosamin-Chondroitin-Gummis mischen nat\u00fcrliche antioxidative und immunit\u00e4tssteigernde Wirkungen des Holunders, die es Ihnen erm\u00f6glichen k\u00f6nnen, die Verteidigung Ihrer Immunit\u00e4t zu verst\u00e4rken und den Widerstandsmechanismus des K\u00f6rpers zu verst\u00e4rken, um eine gesunde Gesundheit zu gew\u00e4hrleisten.<\/li>\n\n\n\n<li><strong>Lecker und leicht zu essen, kein Druck, jeden Tag etwas zu erg\u00e4nzen: <\/strong>Dieses Nahrungserg\u00e4nzungsmittel aus Glucosamin-Gummis macht die Gelenkpflege einfacher und leckerer. Es besteht keine Notwendigkeit, Kapseln oder Tabletten zu schlucken. Es ist einfach zu genie\u00dfen jeden Tag und geeignet f\u00fcr alle Arten von gesch\u00e4ftigen Lebensstil.<\/li>\n<\/ul>\n<\/div>\n\n\n\n<div class=\"wp-block-column is-layout-flow wp-block-column-is-layout-flow\">\n<figure class=\"wp-block-image size-full\"><img decoding=\"async\" width=\"679\" height=\"679\" src=\"https:\/\/www.comehealthgroup.com\/wp-content\/uploads\/2024\/12\/Bulk-Glucosamine-Chondroitin-Gummy-For-Joint-Function-2.webp\" alt=\"Bulk-Glucosamin-Chondroitin-Gummis f\u00fcr die Gelenkfunktion-2\" class=\"wp-image-994\" srcset=\"https:\/\/www.comehealthgroup.com\/wp-content\/uploads\/2024\/12\/Bulk-Glucosamine-Chondroitin-Gummy-For-Joint-Function-2.webp 679w, https:\/\/www.comehealthgroup.com\/wp-content\/uploads\/2024\/12\/Bulk-Glucosamine-Chondroitin-Gummy-For-Joint-Function-2-300x300.webp 300w, https:\/\/www.comehealthgroup.com\/wp-content\/uploads\/2024\/12\/Bulk-Glucosamine-Chondroitin-Gummy-For-Joint-Function-2-150x150.webp 150w, https:\/\/www.comehealthgroup.com\/wp-content\/uploads\/2024\/12\/Bulk-Glucosamine-Chondroitin-Gummy-For-Joint-Function-2-600x600.webp 600w, https:\/\/www.comehealthgroup.com\/wp-content\/uploads\/2024\/12\/Bulk-Glucosamine-Chondroitin-Gummy-For-Joint-Function-2-100x100.webp 100w\" sizes=\"(max-width: 679px) 100vw, 679px\" \/><\/figure>\n<\/div>\n<\/div>\n\n\n\n<p><\/p>","protected":false},"excerpt":{"rendered":"<p>Unsere Glucosamin-Chondroitin-Gummis sind f\u00fcr die Gesundheit der Gelenke entwickelt worden. Sie enthalten nat\u00fcrliche Inhaltsstoffe wie Glucosamin, Chondroitin, MSM und Holunderbeeren, um die Beweglichkeit der Gelenke zu verbessern, eine bessere Funktion der Gelenke zu f\u00f6rdern und die Immunit\u00e4t zu st\u00e4rken.<\/p>\n<table style=\"border-collapse: collapse; width: 328.02pt;\" border=\"0\" width=\"328\" cellspacing=\"0\" cellpadding=\"0\">\n<tbody>\n<tr style=\"height: 15.20pt;\">\n<td class=\"et2\" style=\"height: 15.20pt; width: 101.70pt;\" width=\"101\" height=\"15\">Markenname<\/td>\n<td class=\"et2\" style=\"width: 226.65pt;\" width=\"226\">Come Health\/ White Label<\/td>\n<\/tr>\n<tr style=\"height: 46.00pt;\">\n<td class=\"et2\" style=\"height: 46.00pt;\" height=\"46\">Produktvorteile<\/td>\n<td class=\"et3\" style=\"width: 226.65pt;\" width=\"226\">*Mobilit\u00e4t und Flexibilit\u00e4t<br \/>*Unterst\u00fctzung der Gelenkfunktion<br \/>*Unterst\u00fctzung des Immunsystems<\/td>\n<\/tr>\n<tr style=\"height: 15.20pt;\">\n<td class=\"et2\" style=\"height: 15.20pt;\" height=\"15\">Dosierungsform<\/td>\n<td class=\"et2\">Gummib\u00e4rchen<\/td>\n<\/tr>\n<tr style=\"height: 15.20pt;\">\n<td class=\"et2\" style=\"height: 15.20pt;\" height=\"15\">Farbe<\/td>\n<td class=\"et2\">Lila<\/td>\n<\/tr>\n<tr style=\"height: 16.00pt;\">\n<td class=\"et2\" style=\"height: 16.00pt;\" height=\"16\">Geschmack<\/td>\n<td class=\"et3\" style=\"width: 226.65pt;\" width=\"226\">Blaubeere<\/td>\n<\/tr>\n<tr style=\"height: 15.20pt;\">\n<td class=\"et2\" style=\"height: 15.20pt;\" height=\"15\">Form<\/td>\n<td class=\"et2\">Ablagefach<\/td>\n<\/tr>\n<tr style=\"height: 15.20pt;\">\n<td class=\"et2\" style=\"height: 15.20pt;\" height=\"15\">Produkt-Spezifikation<\/td>\n<td class=\"et2\">60 Einheiten\/Flasche<\/td>\n<\/tr>\n<tr style=\"height: 15.20pt;\">\n<td class=\"et2\" style=\"height: 15.20pt;\" height=\"15\">Haltbarkeitsdauer<\/td>\n<td class=\"et2\">24 Monate<\/td>\n<\/tr>\n<tr style=\"height: 15.20pt;\">\n<td class=\"et2\" style=\"height: 15.20pt;\" height=\"15\">Abmessungen (cm)<\/td>\n<td class=\"et2\">7X7X12<\/td>\n<\/tr>\n<tr style=\"height: 15.20pt;\">\n<td class=\"et2\" style=\"height: 15.20pt;\" height=\"15\">Nettogewicht(kg)<\/td>\n<td class=\"et2\">0,22 kg<\/td>\n<\/tr>\n<tr style=\"height: 15.20pt;\">\n<td class=\"et2\" style=\"height: 15.20pt;\" height=\"15\">Personalisierung<\/td>\n<td class=\"et2\">Grafik, Logo, Verpackung<\/td>\n<\/tr>\n<tr style=\"height: 15.20pt;\">\n<td class=\"et2\" style=\"height: 15.20pt;\" height=\"15\">Bestandsaufnahme<\/td>\n<td class=\"et2\">Vorr\u00e4tig<\/td>\n<\/tr>\n<\/tbody>\n<\/table>","protected":false},"featured_media":996,"comment_status":"closed","ping_status":"closed","template":"","meta":{"_acf_changed":false},"product_brand":[],"product_cat":[40,34,32,49],"product_tag":[],"class_list":{"0":"post-992","1":"product","2":"type-product","3":"status-publish","4":"has-post-thumbnail","6":"product_cat-private-label-gummy-supplements","7":"product_cat-private-label-health-supplements","8":"product_cat-private-label-immune-supplements","9":"product_cat-nutritional-supplement-wholesale","11":"first","12":"instock","13":"shipping-taxable","14":"product-type-simple"},"acf":[],"_links":{"self":[{"href":"https:\/\/www.comehealthgroup.com\/de\/wp-json\/wp\/v2\/product\/992","targetHints":{"allow":["GET"]}}],"collection":[{"href":"https:\/\/www.comehealthgroup.com\/de\/wp-json\/wp\/v2\/product"}],"about":[{"href":"https:\/\/www.comehealthgroup.com\/de\/wp-json\/wp\/v2\/types\/product"}],"replies":[{"embeddable":true,"href":"https:\/\/www.comehealthgroup.com\/de\/wp-json\/wp\/v2\/comments?post=992"}],"wp:featuredmedia":[{"embeddable":true,"href":"https:\/\/www.comehealthgroup.com\/de\/wp-json\/wp\/v2\/media\/996"}],"wp:attachment":[{"href":"https:\/\/www.comehealthgroup.com\/de\/wp-json\/wp\/v2\/media?parent=992"}],"wp:term":[{"taxonomy":"product_brand","embeddable":true,"href":"https:\/\/www.comehealthgroup.com\/de\/wp-json\/wp\/v2\/product_brand?post=992"},{"taxonomy":"product_cat","embeddable":true,"href":"https:\/\/www.comehealthgroup.com\/de\/wp-json\/wp\/v2\/product_cat?post=992"},{"taxonomy":"product_tag","embeddable":true,"href":"https:\/\/www.comehealthgroup.com\/de\/wp-json\/wp\/v2\/product_tag?post=992"}],"curies":[{"name":"wp","href":"https:\/\/api.w.org\/{rel}","templated":true}]}}