{"id":81,"date":"2024-12-03T13:51:35","date_gmt":"2024-12-03T13:51:35","guid":{"rendered":"https:\/\/www.comehealthgroup.com\/?page_id=81"},"modified":"2025-04-18T03:53:28","modified_gmt":"2025-04-18T03:53:28","slug":"home","status":"publish","type":"page","link":"https:\/\/www.comehealthgroup.com\/es\/","title":{"rendered":"Inicio"},"content":{"rendered":"<h1 style=\"color:white\">Fabricante l\u00edder de suplementos diet\u00e9ticos<\/h1>\n<p>Trusted dietary supplement manufacturer specializing in custom formulas, private-label solutions, and dietary supplement contract manufacturing. Partner with us for high-quality nutraceuticals and health supplements.Partner With Us\t\t\t\t<\/p>\n<h3>Servicio OEM\/ODM<\/h3>\n<p>Servicios de marca blanca y cofabricaci\u00f3n para hacer realidad todas sus ideas<\/p>\n<h3>Producci\u00f3n a gran escala<\/h3>\n<p>M\u00faltiples conjuntos de equipos de producci\u00f3n a gran escala totalmente autom\u00e1ticos<\/p>\n<h3>Precio competitivo<\/h3>\n<p>Venta directa de f\u00e1brica, precio garantizado<\/p>\n<h3>Entrega r\u00e1pida<\/h3>\n<p>Soluciones log\u00edsticas eficaces y f\u00e1bricas en el extranjero<\/p>","protected":false},"excerpt":{"rendered":"<p>Leading Dietary Supplement Manufacturer Trusted dietary supplement manufacturer specializing in custom formulas, private-label solutions, and dietary supplement contract manufacturing. Partner with us for high-quality nutraceuticals and health supplements.Partner With Us OEM\/ODM Service Private label and co-manufacturing services to realize all your ideas Large-Scale Production Multiple sets of large-scale fully automatic production equipment Competitive Price Direct [&hellip;]<\/p>","protected":false},"author":1,"featured_media":0,"parent":0,"menu_order":0,"comment_status":"closed","ping_status":"closed","template":"","meta":{"_acf_changed":false,"footnotes":""},"class_list":["post-81","page","type-page","status-publish","hentry"],"acf":[],"_links":{"self":[{"href":"https:\/\/www.comehealthgroup.com\/es\/wp-json\/wp\/v2\/pages\/81","targetHints":{"allow":["GET"]}}],"collection":[{"href":"https:\/\/www.comehealthgroup.com\/es\/wp-json\/wp\/v2\/pages"}],"about":[{"href":"https:\/\/www.comehealthgroup.com\/es\/wp-json\/wp\/v2\/types\/page"}],"author":[{"embeddable":true,"href":"https:\/\/www.comehealthgroup.com\/es\/wp-json\/wp\/v2\/users\/1"}],"replies":[{"embeddable":true,"href":"https:\/\/www.comehealthgroup.com\/es\/wp-json\/wp\/v2\/comments?post=81"}],"version-history":[{"count":0,"href":"https:\/\/www.comehealthgroup.com\/es\/wp-json\/wp\/v2\/pages\/81\/revisions"}],"wp:attachment":[{"href":"https:\/\/www.comehealthgroup.com\/es\/wp-json\/wp\/v2\/media?parent=81"}],"curies":[{"name":"wp","href":"https:\/\/api.w.org\/{rel}","templated":true}]}}