{"id":1030,"date":"2024-12-17T07:14:56","date_gmt":"2024-12-17T07:14:56","guid":{"rendered":"https:\/\/www.comehealthgroup.com\/?post_type=product&#038;p=1030"},"modified":"2024-12-17T08:24:52","modified_gmt":"2024-12-17T08:24:52","slug":"bulk-supplements-quercetin-gummy","status":"publish","type":"product","link":"https:\/\/www.comehealthgroup.com\/es\/product\/bulk-supplements-quercetin-gummy\/","title":{"rendered":"Suplementos a granel Gominolas de quercetina para la salud respiratoria"},"content":{"rendered":"<div class=\"wp-block-columns is-layout-flex wp-container-core-columns-is-layout-9d6595d7 wp-block-columns-is-layout-flex\">\n<div class=\"wp-block-column is-layout-flow wp-block-column-is-layout-flow\">\n<h2 class=\"wp-block-heading\">Caracter\u00edsticas de Bulk Supplements Quercetin Gummy<\/h2>\n\n\n\n<ul class=\"wp-block-list\">\n<li><strong>Favorece la salud respiratoria: <\/strong>Estos suplementos a granel gomitas quercetina complementar\u00e1 ricamente ingredientes naturales que pueden promover la salud respiratoria y eliminar las molestias respiratorias causadas por los cambios estacionales, mientras que al mismo tiempo mejorar la funci\u00f3n pulmonar.<\/li>\n\n\n\n<li><strong>Promueve la salud de la piel: <\/strong>Nuestra gominola de quercetina al por mayor tiene un potente efecto antioxidante, que puede ayudar a reducir el da\u00f1o de los radicales libres en la piel, promover la salud de la piel y mantener la piel suave y vibrante.<\/li>\n\n\n\n<li><strong>Mejora la inmunidad estacional: <\/strong>Este suplementos a granel gomitas quercetina apoyar\u00e1 en gran medida la mejora estacional de las actividades inmunes, resistir todos los ataques ambientales provocados en las estaciones y mejorar el cuerpo humano para resistir los ataques de fr\u00edo y los incidentes al\u00e9rgicas.<\/li>\n\n\n\n<li><strong>Delicioso formato en gominola, c\u00f3moda ingesta: <\/strong>Nuestra gominola de quercetina al por mayor utiliza quercetina natural, que tiene un sabor delicioso y es f\u00e1cil de tomar, adecuada para la suplementaci\u00f3n diaria, f\u00e1cil de disfrutar de la salud y la nutrici\u00f3n.<\/li>\n<\/ul>\n<\/div>\n\n\n\n<div class=\"wp-block-column is-layout-flow wp-block-column-is-layout-flow\">\n<figure class=\"wp-block-image size-full\"><img decoding=\"async\" width=\"1024\" height=\"1024\" src=\"https:\/\/www.comehealthgroup.com\/wp-content\/uploads\/2024\/12\/Bulk-Supplements-Quercetin-Gummy-For-Respiratory-Health-2.webp\" alt=\"Suplementos a granel Gominolas de quercetina para la salud respiratoria-2\" class=\"wp-image-1032\" srcset=\"https:\/\/www.comehealthgroup.com\/wp-content\/uploads\/2024\/12\/Bulk-Supplements-Quercetin-Gummy-For-Respiratory-Health-2.webp 1024w, https:\/\/www.comehealthgroup.com\/wp-content\/uploads\/2024\/12\/Bulk-Supplements-Quercetin-Gummy-For-Respiratory-Health-2-300x300.webp 300w, https:\/\/www.comehealthgroup.com\/wp-content\/uploads\/2024\/12\/Bulk-Supplements-Quercetin-Gummy-For-Respiratory-Health-2-150x150.webp 150w, https:\/\/www.comehealthgroup.com\/wp-content\/uploads\/2024\/12\/Bulk-Supplements-Quercetin-Gummy-For-Respiratory-Health-2-768x768.webp 768w, https:\/\/www.comehealthgroup.com\/wp-content\/uploads\/2024\/12\/Bulk-Supplements-Quercetin-Gummy-For-Respiratory-Health-2-600x600.webp 600w, https:\/\/www.comehealthgroup.com\/wp-content\/uploads\/2024\/12\/Bulk-Supplements-Quercetin-Gummy-For-Respiratory-Health-2-100x100.webp 100w\" sizes=\"(max-width: 1024px) 100vw, 1024px\" \/><\/figure>\n<\/div>\n<\/div>\n\n\n\n<p><\/p>","protected":false},"excerpt":{"rendered":"<p>Esta marca privada suplementos a granel quercetina est\u00e1 dise\u00f1ado para ayudar en la salud respiratoria y de la piel por tener un potente efecto antioxidante que ayuda en el fortalecimiento de la inmunidad, especialmente proporcionar apoyo adicional durante los cambios estacionales. Efectivamente mejora la salud respiratoria y promueve la reparaci\u00f3n de la piel, mientras que el fortalecimiento de las defensas naturales del cuerpo, por lo que es una opci\u00f3n ideal para el cuidado diario de la salud y el apoyo inmunol\u00f3gico estacional.<\/p>\n<table style=\"border-collapse: collapse; width: 328.02pt;\" border=\"0\" width=\"328\" cellspacing=\"0\" cellpadding=\"0\">\n<tbody>\n<tr style=\"height: 15.20pt;\">\n<td class=\"et2\" style=\"height: 15.20pt; width: 101.70pt;\" width=\"101\" height=\"15\">Marca<\/td>\n<td class=\"et2\" style=\"width: 226.65pt;\" width=\"226\">Come Health\/ Marca blanca<\/td>\n<\/tr>\n<tr style=\"height: 31.00pt;\">\n<td class=\"et2\" style=\"height: 31.00pt;\" height=\"31\">Ventajas del producto<\/td>\n<td class=\"et3\" style=\"width: 226.65pt;\" width=\"226\">*Favorece la salud de la piel y las v\u00edas respiratorias<br \/>*Apoya la mejora inmunol\u00f3gica estacional<\/td>\n<\/tr>\n<tr style=\"height: 15.20pt;\">\n<td class=\"et2\" style=\"height: 15.20pt;\" height=\"15\">Forma farmac\u00e9utica<\/td>\n<td class=\"et2\">Gominola<\/td>\n<\/tr>\n<tr style=\"height: 15.20pt;\">\n<td class=\"et2\" style=\"height: 15.20pt;\" height=\"15\">Color<\/td>\n<td class=\"et2\">Morado<\/td>\n<\/tr>\n<tr style=\"height: 16.00pt;\">\n<td class=\"et2\" style=\"height: 16.00pt;\" height=\"16\">Sabor<\/td>\n<td class=\"et3\" style=\"width: 226.65pt;\" width=\"226\">Sabor ar\u00e1ndano<\/td>\n<\/tr>\n<tr style=\"height: 15.20pt;\">\n<td class=\"et2\" style=\"height: 15.20pt;\" height=\"15\">Forma<\/td>\n<td class=\"et2\">Cubby<\/td>\n<\/tr>\n<tr style=\"height: 15.20pt;\">\n<td class=\"et2\" style=\"height: 15.20pt;\" height=\"15\">Especificaci\u00f3n del producto<\/td>\n<td class=\"et2\">60 unidades\/botella<\/td>\n<\/tr>\n<tr style=\"height: 15.20pt;\">\n<td class=\"et2\" style=\"height: 15.20pt;\" height=\"15\">Vida \u00fatil<\/td>\n<td class=\"et2\">24 meses<\/td>\n<\/tr>\n<tr style=\"height: 15.20pt;\">\n<td class=\"et2\" style=\"height: 15.20pt;\" height=\"15\">Dimensiones (cm)<\/td>\n<td class=\"et2\">7X7X12<\/td>\n<\/tr>\n<tr style=\"height: 15.20pt;\">\n<td class=\"et2\" style=\"height: 15.20pt;\" height=\"15\">Peso neto (kg)<\/td>\n<td class=\"et2\">0,22 kg<\/td>\n<\/tr>\n<tr style=\"height: 15.20pt;\">\n<td class=\"et2\" style=\"height: 15.20pt;\" height=\"15\">Personalizaci\u00f3n<\/td>\n<td class=\"et2\">Gr\u00e1fico, Logotipo, Paquete<\/td>\n<\/tr>\n<tr style=\"height: 15.20pt;\">\n<td class=\"et2\" style=\"height: 15.20pt;\" height=\"15\">Inventario<\/td>\n<td class=\"et2\">En stock<\/td>\n<\/tr>\n<\/tbody>\n<\/table>","protected":false},"featured_media":1034,"comment_status":"closed","ping_status":"closed","template":"","meta":{"_acf_changed":false},"product_brand":[],"product_cat":[40,34,32,49,41],"product_tag":[],"class_list":{"0":"post-1030","1":"product","2":"type-product","3":"status-publish","4":"has-post-thumbnail","6":"product_cat-private-label-gummy-supplements","7":"product_cat-private-label-health-supplements","8":"product_cat-private-label-immune-supplements","9":"product_cat-nutritional-supplement-wholesale","10":"product_cat-bulk-vitamins-and-minerals-supplements","12":"first","13":"instock","14":"shipping-taxable","15":"product-type-simple"},"acf":[],"_links":{"self":[{"href":"https:\/\/www.comehealthgroup.com\/es\/wp-json\/wp\/v2\/product\/1030","targetHints":{"allow":["GET"]}}],"collection":[{"href":"https:\/\/www.comehealthgroup.com\/es\/wp-json\/wp\/v2\/product"}],"about":[{"href":"https:\/\/www.comehealthgroup.com\/es\/wp-json\/wp\/v2\/types\/product"}],"replies":[{"embeddable":true,"href":"https:\/\/www.comehealthgroup.com\/es\/wp-json\/wp\/v2\/comments?post=1030"}],"wp:featuredmedia":[{"embeddable":true,"href":"https:\/\/www.comehealthgroup.com\/es\/wp-json\/wp\/v2\/media\/1034"}],"wp:attachment":[{"href":"https:\/\/www.comehealthgroup.com\/es\/wp-json\/wp\/v2\/media?parent=1030"}],"wp:term":[{"taxonomy":"product_brand","embeddable":true,"href":"https:\/\/www.comehealthgroup.com\/es\/wp-json\/wp\/v2\/product_brand?post=1030"},{"taxonomy":"product_cat","embeddable":true,"href":"https:\/\/www.comehealthgroup.com\/es\/wp-json\/wp\/v2\/product_cat?post=1030"},{"taxonomy":"product_tag","embeddable":true,"href":"https:\/\/www.comehealthgroup.com\/es\/wp-json\/wp\/v2\/product_tag?post=1030"}],"curies":[{"name":"wp","href":"https:\/\/api.w.org\/{rel}","templated":true}]}}