{"id":1035,"date":"2024-12-17T07:45:05","date_gmt":"2024-12-17T07:45:05","guid":{"rendered":"https:\/\/www.comehealthgroup.com\/?post_type=product&#038;p=1035"},"modified":"2025-03-21T03:48:23","modified_gmt":"2025-03-21T03:48:23","slug":"elderberry-gummies-bulk","status":"publish","type":"product","link":"https:\/\/www.comehealthgroup.com\/es\/product\/elderberry-gummies-bulk\/","title":{"rendered":"Gominolas de Sa\u00faco a Granel con Vitamina C y ZINC"},"content":{"rendered":"<div class=\"wp-block-columns is-layout-flex wp-container-core-columns-is-layout-9d6595d7 wp-block-columns-is-layout-flex\">\n<div class=\"wp-block-column is-layout-flow wp-block-column-is-layout-flow\">\n<h2 class=\"wp-block-heading\">Caracter\u00edsticas de las Gominolas de Sa\u00faco a Granel<\/h2>\n\n\n\n<ul class=\"wp-block-list\">\n<li><strong>APOYO NATURAL A LA SALUD INMUNITARIA:<\/strong> Estas gominolas de sa\u00faco a granel combinan los beneficios naturales de la baya del sa\u00faco, rica en antioxidantes, para reforzar el sistema inmunitario de tu cuerpo, ayudando a protegerte contra los g\u00e9rmenes y mejorando tu salud.<\/li>\n\n\n\n<li><strong>EFECTOS AFORTUNADOS CON VITAMINA C Y ZINC: <\/strong>Nuestras gominolas de sa\u00faco de marca blanca vienen con vitamina C y zinc adicionales que refuerzan a\u00fan m\u00e1s su inmunidad, cuidando de su salud con cada golpe de las estaciones durante los brotes de gripe y alergia.<\/li>\n\n\n\n<li><strong>PROMOVER LA SALUD Y EL BIENESTAR GENERAL: <\/strong>Nuestras gominolas de sa\u00faco a granel fomentan no s\u00f3lo la inmunidad, sino tambi\u00e9n todos los aspectos de la salud y la vitalidad, permiti\u00e9ndole mantener la energ\u00eda apoyando un estilo de vida saludable.<\/li>\n\n\n\n<li><strong>DELICIOSO FORMATO GIMP PARA MAYOR COMODIDAD: <\/strong>Estas gominolas de sa\u00faco de marca blanca son deliciosas y f\u00e1ciles de tomar con los sabores naturales del sa\u00faco y la fruta, lo que las convierte en un gran complemento diario para su estilo de vida saludable.<\/li>\n<\/ul>\n<\/div>\n\n\n\n<div class=\"wp-block-column is-layout-flow wp-block-column-is-layout-flow\">\n<figure class=\"wp-block-image size-full\"><img decoding=\"async\" width=\"800\" height=\"800\" src=\"https:\/\/www.comehealthgroup.com\/wp-content\/uploads\/2024\/12\/Elderberry-Gummies-_01.webp\" alt=\"\" class=\"wp-image-2145\" srcset=\"https:\/\/www.comehealthgroup.com\/wp-content\/uploads\/2024\/12\/Elderberry-Gummies-_01.webp 800w, https:\/\/www.comehealthgroup.com\/wp-content\/uploads\/2024\/12\/Elderberry-Gummies-_01-300x300.webp 300w, https:\/\/www.comehealthgroup.com\/wp-content\/uploads\/2024\/12\/Elderberry-Gummies-_01-150x150.webp 150w, https:\/\/www.comehealthgroup.com\/wp-content\/uploads\/2024\/12\/Elderberry-Gummies-_01-768x768.webp 768w, https:\/\/www.comehealthgroup.com\/wp-content\/uploads\/2024\/12\/Elderberry-Gummies-_01-12x12.webp 12w, https:\/\/www.comehealthgroup.com\/wp-content\/uploads\/2024\/12\/Elderberry-Gummies-_01-600x600.webp 600w, https:\/\/www.comehealthgroup.com\/wp-content\/uploads\/2024\/12\/Elderberry-Gummies-_01-100x100.webp 100w\" sizes=\"(max-width: 800px) 100vw, 800px\" \/><\/figure>\n<\/div>\n<\/div>\n\n\n\n<p><\/p>","protected":false},"excerpt":{"rendered":"<p>Nuestras gominolas de sa\u00faco de marca blanca a granel con vitamina C y zinc est\u00e1n formuladas de forma natural para reforzar su sistema inmunitario, ayudarle a protegerse de los g\u00e9rmenes y mantenerle sano. Combinan el delicioso sabor de la baya del sa\u00faco con una suplementaci\u00f3n diaria f\u00e1cil de tomar para ayudarle a mantenerse en plena forma y disfrutar de salud y vitalidad en su ajetreada vida.<\/p>\n<table style=\"border-collapse: collapse;width: 328.02pt\" border=\"0\" width=\"328\" cellspacing=\"0\" cellpadding=\"0\">\n<tbody>\n<tr style=\"height: 15.20pt\">\n<td class=\"et2\" style=\"height: 15.20pt;width: 101.70pt\" width=\"101\" height=\"15\">Marca<\/td>\n<td class=\"et2\" style=\"width: 226.65pt\" width=\"226\">Come Health\/ Marca blanca<\/td>\n<\/tr>\n<tr style=\"height: 31.00pt\">\n<td class=\"et2\" style=\"height: 31.00pt\" height=\"31\">Ventajas del producto<\/td>\n<td class=\"et3\" style=\"width: 226.65pt\" width=\"226\">*Apoya la salud inmunitaria de forma natural<br \/>*Promover la salud y el bienestar<\/td>\n<\/tr>\n<tr style=\"height: 15.20pt\">\n<td class=\"et2\" style=\"height: 15.20pt\" height=\"15\">Forma farmac\u00e9utica<\/td>\n<td class=\"et2\">Gominola<\/td>\n<\/tr>\n<tr style=\"height: 15.20pt\">\n<td class=\"et2\" style=\"height: 15.20pt\" height=\"15\">Color<\/td>\n<td class=\"et2\">Morado<\/td>\n<\/tr>\n<tr style=\"height: 16.00pt\">\n<td class=\"et2\" style=\"height: 16.00pt\" height=\"16\">Sabor<\/td>\n<td class=\"et3\" style=\"width: 226.65pt\" width=\"226\">Sabor ar\u00e1ndano<\/td>\n<\/tr>\n<tr style=\"height: 15.20pt\">\n<td class=\"et2\" style=\"height: 15.20pt\" height=\"15\">Forma<\/td>\n<td class=\"et2\">Cubby<\/td>\n<\/tr>\n<tr style=\"height: 15.20pt\">\n<td class=\"et2\" style=\"height: 15.20pt\" height=\"15\">Especificaci\u00f3n del producto<\/td>\n<td class=\"et2\">60 unidades\/botella<\/td>\n<\/tr>\n<tr style=\"height: 15.20pt\">\n<td class=\"et2\" style=\"height: 15.20pt\" height=\"15\">Vida \u00fatil<\/td>\n<td class=\"et2\">24 meses<\/td>\n<\/tr>\n<tr style=\"height: 15.20pt\">\n<td class=\"et2\" style=\"height: 15.20pt\" height=\"15\">Dimensiones (cm)<\/td>\n<td class=\"et2\">7X7X12<\/td>\n<\/tr>\n<tr style=\"height: 15.20pt\">\n<td class=\"et2\" style=\"height: 15.20pt\" height=\"15\">Peso neto (kg)<\/td>\n<td class=\"et2\">0,22 kg<\/td>\n<\/tr>\n<tr style=\"height: 15.20pt\">\n<td class=\"et2\" style=\"height: 15.20pt\" height=\"15\">Personalizaci\u00f3n<\/td>\n<td class=\"et2\">Gr\u00e1fico, Logotipo, Paquete<\/td>\n<\/tr>\n<tr style=\"height: 15.20pt\">\n<td class=\"et2\" style=\"height: 15.20pt\" height=\"15\">Inventario<\/td>\n<td class=\"et2\">En stock<\/td>\n<\/tr>\n<\/tbody>\n<\/table>","protected":false},"featured_media":2144,"comment_status":"closed","ping_status":"closed","template":"","meta":{"_acf_changed":false},"product_brand":[],"product_cat":[40,34,32,49,41],"product_tag":[],"class_list":{"0":"post-1035","1":"product","2":"type-product","3":"status-publish","4":"has-post-thumbnail","6":"product_cat-private-label-gummy-supplements","7":"product_cat-private-label-health-supplements","8":"product_cat-private-label-immune-supplements","9":"product_cat-nutritional-supplement-wholesale","10":"product_cat-bulk-vitamins-and-minerals-supplements","12":"first","13":"instock","14":"shipping-taxable","15":"product-type-simple"},"acf":[],"_links":{"self":[{"href":"https:\/\/www.comehealthgroup.com\/es\/wp-json\/wp\/v2\/product\/1035","targetHints":{"allow":["GET"]}}],"collection":[{"href":"https:\/\/www.comehealthgroup.com\/es\/wp-json\/wp\/v2\/product"}],"about":[{"href":"https:\/\/www.comehealthgroup.com\/es\/wp-json\/wp\/v2\/types\/product"}],"replies":[{"embeddable":true,"href":"https:\/\/www.comehealthgroup.com\/es\/wp-json\/wp\/v2\/comments?post=1035"}],"wp:featuredmedia":[{"embeddable":true,"href":"https:\/\/www.comehealthgroup.com\/es\/wp-json\/wp\/v2\/media\/2144"}],"wp:attachment":[{"href":"https:\/\/www.comehealthgroup.com\/es\/wp-json\/wp\/v2\/media?parent=1035"}],"wp:term":[{"taxonomy":"product_brand","embeddable":true,"href":"https:\/\/www.comehealthgroup.com\/es\/wp-json\/wp\/v2\/product_brand?post=1035"},{"taxonomy":"product_cat","embeddable":true,"href":"https:\/\/www.comehealthgroup.com\/es\/wp-json\/wp\/v2\/product_cat?post=1035"},{"taxonomy":"product_tag","embeddable":true,"href":"https:\/\/www.comehealthgroup.com\/es\/wp-json\/wp\/v2\/product_tag?post=1035"}],"curies":[{"name":"wp","href":"https:\/\/api.w.org\/{rel}","templated":true}]}}