{"id":1060,"date":"2024-12-17T09:28:12","date_gmt":"2024-12-17T09:28:12","guid":{"rendered":"https:\/\/www.comehealthgroup.com\/?post_type=product&#038;p=1060"},"modified":"2024-12-17T10:03:35","modified_gmt":"2024-12-17T10:03:35","slug":"bulk-liquid-vitamin-b-12","status":"publish","type":"product","link":"https:\/\/www.comehealthgroup.com\/es\/product\/bulk-liquid-vitamin-b-12\/","title":{"rendered":"Vitamina B-12 l\u00edquida a granel, Suplementos l\u00edquidos de marca blanca"},"content":{"rendered":"<div class=\"wp-block-columns is-layout-flex wp-container-core-columns-is-layout-9d6595d7 wp-block-columns-is-layout-flex\">\n<div class=\"wp-block-column is-layout-flow wp-block-column-is-layout-flow\">\n<h2 class=\"wp-block-heading\">Caracter\u00edsticas de la vitamina B-12 l\u00edquida a granel<\/h2>\n\n\n\n<ul class=\"wp-block-list\">\n<li><strong>Prevenir la degeneraci\u00f3n cerebral: <\/strong>Esta vitamina B-12 l\u00edquida a granel ayuda a nuestro cerebro a mantenerse sano, y al sistema nervioso a no degenerarse, mantiene el funcionamiento cognitivo, mejora la memoria y la concentraci\u00f3n, especialmente muy bueno para las personas mayores.<\/li>\n\n\n\n<li><strong>Prevenci\u00f3n de enfermedades cardiovasculares:<\/strong> Nuestros suplementos l\u00edquidos de marca blanca son ricos en vitamina B-12 f\u00f3rmula l\u00edquida que le ayudar\u00e1 a reducir los niveles de homociste\u00edna, reducir el riesgo de enfermedades cardiovasculares, y apoyar los vasos sangu\u00edneos y la funci\u00f3n del coraz\u00f3n.<\/li>\n\n\n\n<li><strong>Aumento de la fuerza f\u00edsica: <\/strong>Nuestra vitamina b-12 l\u00edquida a granel ayuda a mejorar la fuerza f\u00edsica, aumentar la producci\u00f3n de energ\u00eda y promover el metabolismo para ayudar a mejorar los niveles de energ\u00eda y resistencia de una persona en las actividades diarias.<\/li>\n\n\n\n<li><strong>Mejora el estado de \u00e1nimo: <\/strong>Nuestros suplementos l\u00edquidos de marca blanca tienen vitamina B-12, que es muy importante para el sistema nervioso y podr\u00eda ayudar a controlar el estado de \u00e1nimo, reducir el estr\u00e9s y la ansiedad, mejorar el humor y mantener una buena salud mental.<\/li>\n<\/ul>\n<\/div>\n\n\n\n<div class=\"wp-block-column is-layout-flow wp-block-column-is-layout-flow\">\n<figure class=\"wp-block-image size-full\"><img decoding=\"async\" width=\"477\" height=\"491\" src=\"https:\/\/www.comehealthgroup.com\/wp-content\/uploads\/2024\/12\/Bulk-Liquid-Vitamin-B-12-Private-Label-Liquid-Supplements-1.webp\" alt=\"Vitamina B-12 l\u00edquida a granel, Suplementos l\u00edquidos de marca blanca-1\" class=\"wp-image-1061\" srcset=\"https:\/\/www.comehealthgroup.com\/wp-content\/uploads\/2024\/12\/Bulk-Liquid-Vitamin-B-12-Private-Label-Liquid-Supplements-1.webp 477w, https:\/\/www.comehealthgroup.com\/wp-content\/uploads\/2024\/12\/Bulk-Liquid-Vitamin-B-12-Private-Label-Liquid-Supplements-1-291x300.webp 291w\" sizes=\"(max-width: 477px) 100vw, 477px\" \/><\/figure>\n<\/div>\n<\/div>\n\n\n\n<p><\/p>","protected":false},"excerpt":{"rendered":"<p>Nuestro suplemento de vitamina b-12 l\u00edquida a granel de marca blanca est\u00e1 especialmente preparado para mantener la salud cerebral, prevenir enfermedades cardiovasculares, mejorar la fuerza f\u00edsica y fortalecer el estado de \u00e1nimo. Su formulaci\u00f3n l\u00edquida se absorbe f\u00e1cilmente en el cuerpo en poco tiempo para el mantenimiento del funcionamiento normal del cerebro y el sistema nervioso y la mejora de la salud general.<\/p>\n<table style=\"border-collapse: collapse; width: 328.02pt;\" border=\"0\" width=\"328\" cellspacing=\"0\" cellpadding=\"0\">\n<tbody>\n<tr style=\"height: 15.20pt;\">\n<td class=\"et2\" style=\"height: 15.20pt; width: 101.70pt;\" width=\"101\" height=\"15\">Marca<\/td>\n<td class=\"et2\" style=\"width: 226.65pt;\" width=\"226\">Come Health\/ Marca blanca<\/td>\n<\/tr>\n<tr style=\"height: 61.00pt;\">\n<td class=\"et2\" style=\"height: 61.00pt;\" height=\"61\">Ventajas del producto<\/td>\n<td class=\"et3\" style=\"width: 226.65pt;\" width=\"226\">*Prevenci\u00f3n de la degeneraci\u00f3n cerebral<br \/>*Prevenir las enfermedades cardiovasculares<br \/>*Mejora la fuerza f\u00edsica<br \/>*Mejora el estado de \u00e1nimo<\/td>\n<\/tr>\n<tr style=\"height: 15.20pt;\">\n<td class=\"et2\" style=\"height: 15.20pt;\" height=\"15\">Forma farmac\u00e9utica<\/td>\n<td class=\"et2\">Gota de l\u00edquido<\/td>\n<\/tr>\n<tr style=\"height: 15.20pt;\">\n<td class=\"et2\" style=\"height: 15.20pt;\" height=\"15\">Color<\/td>\n<td class=\"et2\">Transparente<\/td>\n<\/tr>\n<tr style=\"height: 16.00pt;\">\n<td class=\"et2\" style=\"height: 16.00pt;\" height=\"16\">Especificaci\u00f3n del producto<\/td>\n<td class=\"et3\" style=\"width: 226.65pt;\" width=\"226\">30 ml \/botella<\/td>\n<\/tr>\n<tr style=\"height: 15.20pt;\">\n<td class=\"et2\" style=\"height: 15.20pt;\" height=\"15\">Vida \u00fatil<\/td>\n<td class=\"et2\">24 meses<\/td>\n<\/tr>\n<tr style=\"height: 16.00pt;\">\n<td class=\"et2\" style=\"height: 16.00pt;\" height=\"16\">Dimensiones (cm)<\/td>\n<td class=\"et3\" style=\"width: 226.65pt;\" width=\"226\">5*5*13cm<\/td>\n<\/tr>\n<tr style=\"height: 16.00pt;\">\n<td class=\"et2\" style=\"height: 16.00pt;\" height=\"16\">Peso neto (kg)<\/td>\n<td class=\"et3\" style=\"width: 226.65pt;\" width=\"226\">0,1 kg<\/td>\n<\/tr>\n<tr style=\"height: 15.20pt;\">\n<td class=\"et2\" style=\"height: 15.20pt;\" height=\"15\">Personalizaci\u00f3n<\/td>\n<td class=\"et2\">Gr\u00e1fico, Logotipo, Paquete<\/td>\n<\/tr>\n<tr style=\"height: 15.20pt;\">\n<td class=\"et2\" style=\"height: 15.20pt;\" height=\"15\">Inventario<\/td>\n<td class=\"et2\">A medida, Fuera de stock<\/td>\n<\/tr>\n<\/tbody>\n<\/table>","protected":false},"featured_media":1061,"comment_status":"closed","ping_status":"closed","template":"","meta":{"_acf_changed":false},"product_brand":[],"product_cat":[34,47,41],"product_tag":[],"class_list":{"0":"post-1060","1":"product","2":"type-product","3":"status-publish","4":"has-post-thumbnail","6":"product_cat-private-label-health-supplements","7":"product_cat-liquid-supplements-wholesale","8":"product_cat-bulk-vitamins-and-minerals-supplements","10":"first","11":"instock","12":"shipping-taxable","13":"product-type-simple"},"acf":[],"_links":{"self":[{"href":"https:\/\/www.comehealthgroup.com\/es\/wp-json\/wp\/v2\/product\/1060","targetHints":{"allow":["GET"]}}],"collection":[{"href":"https:\/\/www.comehealthgroup.com\/es\/wp-json\/wp\/v2\/product"}],"about":[{"href":"https:\/\/www.comehealthgroup.com\/es\/wp-json\/wp\/v2\/types\/product"}],"replies":[{"embeddable":true,"href":"https:\/\/www.comehealthgroup.com\/es\/wp-json\/wp\/v2\/comments?post=1060"}],"wp:featuredmedia":[{"embeddable":true,"href":"https:\/\/www.comehealthgroup.com\/es\/wp-json\/wp\/v2\/media\/1061"}],"wp:attachment":[{"href":"https:\/\/www.comehealthgroup.com\/es\/wp-json\/wp\/v2\/media?parent=1060"}],"wp:term":[{"taxonomy":"product_brand","embeddable":true,"href":"https:\/\/www.comehealthgroup.com\/es\/wp-json\/wp\/v2\/product_brand?post=1060"},{"taxonomy":"product_cat","embeddable":true,"href":"https:\/\/www.comehealthgroup.com\/es\/wp-json\/wp\/v2\/product_cat?post=1060"},{"taxonomy":"product_tag","embeddable":true,"href":"https:\/\/www.comehealthgroup.com\/es\/wp-json\/wp\/v2\/product_tag?post=1060"}],"curies":[{"name":"wp","href":"https:\/\/api.w.org\/{rel}","templated":true}]}}