{"id":1071,"date":"2024-12-17T10:09:54","date_gmt":"2024-12-17T10:09:54","guid":{"rendered":"https:\/\/www.comehealthgroup.com\/?post_type=product&#038;p=1071"},"modified":"2024-12-18T02:15:06","modified_gmt":"2024-12-18T02:15:06","slug":"omega-3-fish-oil-supplement-wholesale","status":"publish","type":"product","link":"https:\/\/www.comehealthgroup.com\/es\/product\/omega-3-fish-oil-supplement-wholesale\/","title":{"rendered":"Omega 3 suplemento de aceite de pescado al por mayor, etiqueta privada c\u00e1psulas blandas"},"content":{"rendered":"<div class=\"wp-block-columns is-layout-flex wp-container-core-columns-is-layout-9d6595d7 wp-block-columns-is-layout-flex\">\n<div class=\"wp-block-column is-layout-flow wp-block-column-is-layout-flow\">\n<h2 class=\"wp-block-heading\">Features of Omega 3 Fish Oil Supplement Wholesale<\/h2>\n\n\n\n<ul class=\"wp-block-list\">\n<li><strong>Supports memory and concentration:<\/strong> Omega 3 fish oil supplement wholesale helps improve brain functioning, enhance memory and concentration, and support cognitive health, especially among students, busy professionals, and elderly people.<\/li>\n\n\n\n<li><strong>Strengthens Immunity: <\/strong>Omega-3 has a very strong anti-inflammatory effect, which could boost the immune system. Our bulk fish oil capsule helps the body cope better with different types of external germs and stress and keeps up a healthy response against all kinds of diseases.<\/li>\n\n\n\n<li><strong>Regulates blood lipid levels: <\/strong>This omega 3 fish oil supplement wholesale in soft gel form regulates blood lipids, lowers the extent of bad cholesterol, as known as LDL, in blood, and keeps the cardiovascular system healthy to cut the risk of cardiovascular diseases.<\/li>\n\n\n\n<li><strong>High quality and easy to take: <\/strong>Our bulk fish oil capsules utilizes high-quality fish oil extract, which has passed a strict purification process to make sure it is without any contamination and rich in EPA and DHA. The soft gel form is easy to carry and take.<\/li>\n<\/ul>\n<\/div>\n\n\n\n<div class=\"wp-block-column is-layout-flow wp-block-column-is-layout-flow\">\n<figure class=\"wp-block-image size-full\"><img decoding=\"async\" width=\"800\" height=\"800\" src=\"https:\/\/www.comehealthgroup.com\/wp-content\/uploads\/2024\/12\/Omega-3-Fish-Oil-Supplement-Wholesale-Private-Label-Softgels-1.webp\" alt=\"Omega 3 Fish Oil Supplement Wholesale, Private Label Softgels-1\" class=\"wp-image-1072\" srcset=\"https:\/\/www.comehealthgroup.com\/wp-content\/uploads\/2024\/12\/Omega-3-Fish-Oil-Supplement-Wholesale-Private-Label-Softgels-1.webp 800w, https:\/\/www.comehealthgroup.com\/wp-content\/uploads\/2024\/12\/Omega-3-Fish-Oil-Supplement-Wholesale-Private-Label-Softgels-1-300x300.webp 300w, https:\/\/www.comehealthgroup.com\/wp-content\/uploads\/2024\/12\/Omega-3-Fish-Oil-Supplement-Wholesale-Private-Label-Softgels-1-150x150.webp 150w, https:\/\/www.comehealthgroup.com\/wp-content\/uploads\/2024\/12\/Omega-3-Fish-Oil-Supplement-Wholesale-Private-Label-Softgels-1-768x768.webp 768w, https:\/\/www.comehealthgroup.com\/wp-content\/uploads\/2024\/12\/Omega-3-Fish-Oil-Supplement-Wholesale-Private-Label-Softgels-1-600x600.webp 600w, https:\/\/www.comehealthgroup.com\/wp-content\/uploads\/2024\/12\/Omega-3-Fish-Oil-Supplement-Wholesale-Private-Label-Softgels-1-100x100.webp 100w\" sizes=\"(max-width: 800px) 100vw, 800px\" \/><\/figure>\n<\/div>\n<\/div>\n\n\n\n<p><\/p>","protected":false},"excerpt":{"rendered":"<p>Nuestro suplemento de aceite de pescado omega 3 en c\u00e1psulas blandas al por mayor proporciona m\u00faltiples ayudas para la memoria y la concentraci\u00f3n, la funci\u00f3n del sistema inmunitario, la regulaci\u00f3n de los l\u00edpidos sangu\u00edneos y la salud cardiovascular. Los ingredientes de aceite de pescado altamente purificados de este producto se absorben f\u00e1cilmente y son adecuados para la suplementaci\u00f3n diaria. Ya se trate de la funci\u00f3n cognitiva, la inmunidad, o la salud del coraz\u00f3n, este suplemento de aceite de pescado da apoyo integral de la salud.<\/p>\n<table style=\"border-collapse: collapse; width: 534.02pt;\" border=\"0\" width=\"534\" cellspacing=\"0\" cellpadding=\"0\">\n<tbody>\n<tr style=\"height: 15.20pt;\">\n<td class=\"et2\" style=\"height: 15.20pt; width: 101.70pt;\" width=\"101\" height=\"15\">Marca<\/td>\n<td class=\"et2\" style=\"width: 206.65pt;\" width=\"206\">Come Health\/ Marca blanca<\/td>\n<td class=\"et2\" style=\"width: 84.80pt;\" width=\"84\">Vida \u00fatil<\/td>\n<td class=\"et2\" style=\"width: 141.60pt;\" width=\"141\">24 meses<\/td>\n<\/tr>\n<tr style=\"height: 76.00pt;\">\n<td class=\"et2\" style=\"height: 76.00pt;\" height=\"76\">Ventajas del producto<\/td>\n<td class=\"et3\" style=\"width: 206.65pt;\" width=\"206\">*Ayuda a mantener la memoria y la concentraci\u00f3n<br \/>*Fortalece el sistema inmunitario<br \/>*Regula los l\u00edpidos sangu\u00edneos<\/td>\n<td class=\"et2\">Dimensiones (cm)<\/td>\n<td class=\"et3\" style=\"width: 141.60pt;\" width=\"141\">8*8*15cm<br \/>10*10*15cm<br \/>10*10*18cm<\/td>\n<\/tr>\n<tr style=\"height: 46.00pt;\">\n<td class=\"et2\" style=\"height: 46.00pt;\" height=\"46\">Forma farmac\u00e9utica<\/td>\n<td class=\"et4\">2,5c C\u00e1psula blanda<\/td>\n<td class=\"et2\">Peso neto (kg)<\/td>\n<td class=\"et3\" style=\"width: 141.60pt;\" width=\"141\">0,26 kg<br \/>0,3 kg<br \/>0,48 kg<\/td>\n<\/tr>\n<tr style=\"height: 15.20pt;\">\n<td class=\"et2\" style=\"height: 15.20pt;\" height=\"15\">Color<\/td>\n<td class=\"et2\">Transparente<\/td>\n<td class=\"et2\">Personalizaci\u00f3n<\/td>\n<td class=\"et2\">Gr\u00e1fico, Logotipo, Paquete<\/td>\n<\/tr>\n<tr style=\"height: 46.00pt;\">\n<td class=\"et2\" style=\"height: 46.00pt;\" height=\"46\">Especificaci\u00f3n del producto<\/td>\n<td class=\"et3\" style=\"width: 206.65pt;\" width=\"206\">90 unidades \/botella<br \/>120 unidades \/botella<br \/>180 uds.\/botella<\/td>\n<td class=\"et2\">Inventario<\/td>\n<td class=\"et2\">A medida, Fuera de stock<\/td>\n<\/tr>\n<\/tbody>\n<\/table>","protected":false},"featured_media":1074,"comment_status":"closed","ping_status":"closed","template":"","meta":{"_acf_changed":false},"product_brand":[],"product_cat":[34,46,32,49],"product_tag":[],"class_list":{"0":"post-1071","1":"product","2":"type-product","3":"status-publish","4":"has-post-thumbnail","6":"product_cat-private-label-health-supplements","7":"product_cat-softgel-supplements-wholesale","8":"product_cat-private-label-immune-supplements","9":"product_cat-nutritional-supplement-wholesale","11":"first","12":"instock","13":"shipping-taxable","14":"product-type-simple"},"acf":[],"_links":{"self":[{"href":"https:\/\/www.comehealthgroup.com\/es\/wp-json\/wp\/v2\/product\/1071","targetHints":{"allow":["GET"]}}],"collection":[{"href":"https:\/\/www.comehealthgroup.com\/es\/wp-json\/wp\/v2\/product"}],"about":[{"href":"https:\/\/www.comehealthgroup.com\/es\/wp-json\/wp\/v2\/types\/product"}],"replies":[{"embeddable":true,"href":"https:\/\/www.comehealthgroup.com\/es\/wp-json\/wp\/v2\/comments?post=1071"}],"wp:featuredmedia":[{"embeddable":true,"href":"https:\/\/www.comehealthgroup.com\/es\/wp-json\/wp\/v2\/media\/1074"}],"wp:attachment":[{"href":"https:\/\/www.comehealthgroup.com\/es\/wp-json\/wp\/v2\/media?parent=1071"}],"wp:term":[{"taxonomy":"product_brand","embeddable":true,"href":"https:\/\/www.comehealthgroup.com\/es\/wp-json\/wp\/v2\/product_brand?post=1071"},{"taxonomy":"product_cat","embeddable":true,"href":"https:\/\/www.comehealthgroup.com\/es\/wp-json\/wp\/v2\/product_cat?post=1071"},{"taxonomy":"product_tag","embeddable":true,"href":"https:\/\/www.comehealthgroup.com\/es\/wp-json\/wp\/v2\/product_tag?post=1071"}],"curies":[{"name":"wp","href":"https:\/\/api.w.org\/{rel}","templated":true}]}}