{"id":1075,"date":"2024-12-18T01:31:02","date_gmt":"2024-12-18T01:31:02","guid":{"rendered":"https:\/\/www.comehealthgroup.com\/?post_type=product&#038;p=1075"},"modified":"2024-12-18T02:18:19","modified_gmt":"2024-12-18T02:18:19","slug":"bulk-hydrolyzed-whey-protein","status":"publish","type":"product","link":"https:\/\/www.comehealthgroup.com\/es\/product\/bulk-hydrolyzed-whey-protein\/","title":{"rendered":"Prote\u00edna de suero hidrolizada a granel al por mayor"},"content":{"rendered":"<div class=\"wp-block-columns is-layout-flex wp-container-core-columns-is-layout-9d6595d7 wp-block-columns-is-layout-flex\">\n<div class=\"wp-block-column is-layout-flow wp-block-column-is-layout-flow\">\n<h2 class=\"wp-block-heading\">Caracter\u00edsticas de Bulk Hydrolyzed Whey Protein Powder<\/h2>\n\n\n\n<ul class=\"wp-block-list\">\n<li><strong>Aumentar la masa muscular: <\/strong>Este polvo de prote\u00edna de suero hidrolizada a granel est\u00e1 repleto de prote\u00ednas de alta calidad que pueden ayudar a su cuerpo a ganar m\u00fasculo, masa corporal magra y, en general, a mejorar los resultados de los m\u00fasculos en el fitness y el ejercicio.<\/li>\n\n\n\n<li><strong>Acelera la quema de grasas: <\/strong>La prote\u00edna de suero hidrolizada en polvo al por mayor puede mejorar el metabolismo, acelerar la quema de grasas, reducir la grasa corporal asegurando la masa muscular y ayudarle a mantener una figura saludable.<\/li>\n\n\n\n<li><strong>Mejora la recuperaci\u00f3n y reduce la fatiga: <\/strong>Este polvo de prote\u00edna de suero hidrolizada a granel mejora r\u00e1pidamente la reparaci\u00f3n muscular y se encarga de cualquier fatiga inducida por el ejercicio. De esta manera, ayudar\u00e1 a acelerar el proceso de recuperaci\u00f3n de su cuerpo para que pueda ser todo el m\u00e1s en\u00e9rgico durante su pr\u00f3xima sesi\u00f3n de entrenamiento.<\/li>\n\n\n\n<li><strong>Prevenir la degradaci\u00f3n muscular: <\/strong>Esta prote\u00edna en polvo al por mayor es rica en amino\u00e1cidos, especialmente BCAA, que pueden ayudar a reducir la degradaci\u00f3n muscular eficazmente. Tambi\u00e9n ayudar\u00e1 a proteger sus m\u00fasculos de sobreentrenamiento o desnutrici\u00f3n para mantener una buena salud durante el crecimiento de los m\u00fasculos.<\/li>\n<\/ul>\n<\/div>\n\n\n\n<div class=\"wp-block-column is-layout-flow wp-block-column-is-layout-flow\">\n<figure class=\"wp-block-image size-full\"><img decoding=\"async\" width=\"960\" height=\"960\" src=\"https:\/\/www.comehealthgroup.com\/wp-content\/uploads\/2024\/12\/Private-Label-Bulk-Hydrolyzed-Whey-Protein-Powder-Wholesale-3.webp\" alt=\"Prote\u00edna de suero hidrolizada a granel de marca blanca al por mayor-3\" class=\"wp-image-1078\" srcset=\"https:\/\/www.comehealthgroup.com\/wp-content\/uploads\/2024\/12\/Private-Label-Bulk-Hydrolyzed-Whey-Protein-Powder-Wholesale-3.webp 960w, https:\/\/www.comehealthgroup.com\/wp-content\/uploads\/2024\/12\/Private-Label-Bulk-Hydrolyzed-Whey-Protein-Powder-Wholesale-3-300x300.webp 300w, https:\/\/www.comehealthgroup.com\/wp-content\/uploads\/2024\/12\/Private-Label-Bulk-Hydrolyzed-Whey-Protein-Powder-Wholesale-3-150x150.webp 150w, https:\/\/www.comehealthgroup.com\/wp-content\/uploads\/2024\/12\/Private-Label-Bulk-Hydrolyzed-Whey-Protein-Powder-Wholesale-3-768x768.webp 768w, https:\/\/www.comehealthgroup.com\/wp-content\/uploads\/2024\/12\/Private-Label-Bulk-Hydrolyzed-Whey-Protein-Powder-Wholesale-3-600x600.webp 600w, https:\/\/www.comehealthgroup.com\/wp-content\/uploads\/2024\/12\/Private-Label-Bulk-Hydrolyzed-Whey-Protein-Powder-Wholesale-3-100x100.webp 100w\" sizes=\"(max-width: 960px) 100vw, 960px\" \/><\/figure>\n<\/div>\n<\/div>\n\n\n\n<p><\/p>","protected":false},"excerpt":{"rendered":"<p>Esta etiqueta privada a granel hidrolizado de prote\u00edna de suero en polvo al por mayor aumenta la cantidad de masa muscular y acelerar la quema de grasa, mejorar la recuperaci\u00f3n del ejercicio y disminuir la sensaci\u00f3n de cansancio muy eficaz. Por lo tanto, mediante la prevenci\u00f3n de la degradaci\u00f3n muscular y estimular la reparaci\u00f3n muscular, te vas a dar cuenta de las ganancias mejoradas de su entrenamiento.\u00a0<\/p>\n<table style=\"border-collapse: collapse; width: 534.02pt;\" border=\"0\" width=\"534\" cellspacing=\"0\" cellpadding=\"0\">\n<tbody>\n<tr style=\"height: 15.20pt;\">\n<td class=\"et2\" style=\"height: 15.20pt; width: 101.70pt;\" width=\"101\" height=\"15\">Marca<\/td>\n<td class=\"et2\" style=\"width: 206.65pt;\" width=\"206\">Come Health\/ Marca blanca<\/td>\n<td class=\"et2\" style=\"width: 84.80pt;\" width=\"84\">Vida \u00fatil<\/td>\n<td class=\"et2\" style=\"width: 141.60pt;\" width=\"141\">24 meses<\/td>\n<\/tr>\n<tr style=\"height: 61.00pt;\">\n<td class=\"et2\" style=\"height: 61.00pt;\" height=\"61\">Ventajas del producto<\/td>\n<td class=\"et3\" style=\"width: 206.65pt;\" width=\"206\">*Aumenta la masa muscular<br \/>*Acelera la p\u00e9rdida de grasa<br \/>*Mejora la recuperaci\u00f3n y reduce la fatiga<br \/>*Previene la degradaci\u00f3n muscular<\/td>\n<td class=\"et2\">Dimensiones (cm)<\/td>\n<td class=\"et3\" style=\"width: 141.60pt;\" width=\"141\">15*15*23cm<br \/>20*20*28cm<br \/>25*25*32cm<\/td>\n<\/tr>\n<tr style=\"height: 46.00pt;\">\n<td class=\"et2\" style=\"height: 46.00pt;\" height=\"46\">Forma farmac\u00e9utica<\/td>\n<td class=\"et4\">Polvo<\/td>\n<td class=\"et2\">Peso neto (kg)<\/td>\n<td class=\"et3\" style=\"width: 141.60pt;\" width=\"141\">0,6 kg<br \/>1,1 kg<br \/>1,7 kg<\/td>\n<\/tr>\n<tr style=\"height: 15.20pt;\">\n<td class=\"et2\" style=\"height: 15.20pt;\" height=\"15\">Color<\/td>\n<td class=\"et2\">blanco roto<\/td>\n<td class=\"et2\">Personalizaci\u00f3n<\/td>\n<td class=\"et2\">Gr\u00e1fico, Logotipo, Paquete<\/td>\n<\/tr>\n<tr style=\"height: 46.00pt;\">\n<td class=\"et2\" style=\"height: 46.00pt;\" height=\"46\">Especificaci\u00f3n del producto<\/td>\n<td class=\"et3\" style=\"width: 206.65pt;\" width=\"206\">1 lb \/botella<br \/>2 lb \/botella<br \/>2,5 lb\/botella<\/td>\n<td class=\"et2\">Inventario<\/td>\n<td class=\"et2\">A medida, Fuera de stock<\/td>\n<\/tr>\n<\/tbody>\n<\/table>","protected":false},"featured_media":1077,"comment_status":"closed","ping_status":"closed","template":"","meta":{"_acf_changed":false},"product_brand":[],"product_cat":[29,45,49],"product_tag":[],"class_list":{"0":"post-1075","1":"product","2":"type-product","3":"status-publish","4":"has-post-thumbnail","6":"product_cat-sports-supplements-wholesale","7":"product_cat-bulk-powder-supplements","8":"product_cat-nutritional-supplement-wholesale","10":"first","11":"instock","12":"shipping-taxable","13":"product-type-simple"},"acf":[],"_links":{"self":[{"href":"https:\/\/www.comehealthgroup.com\/es\/wp-json\/wp\/v2\/product\/1075","targetHints":{"allow":["GET"]}}],"collection":[{"href":"https:\/\/www.comehealthgroup.com\/es\/wp-json\/wp\/v2\/product"}],"about":[{"href":"https:\/\/www.comehealthgroup.com\/es\/wp-json\/wp\/v2\/types\/product"}],"replies":[{"embeddable":true,"href":"https:\/\/www.comehealthgroup.com\/es\/wp-json\/wp\/v2\/comments?post=1075"}],"wp:featuredmedia":[{"embeddable":true,"href":"https:\/\/www.comehealthgroup.com\/es\/wp-json\/wp\/v2\/media\/1077"}],"wp:attachment":[{"href":"https:\/\/www.comehealthgroup.com\/es\/wp-json\/wp\/v2\/media?parent=1075"}],"wp:term":[{"taxonomy":"product_brand","embeddable":true,"href":"https:\/\/www.comehealthgroup.com\/es\/wp-json\/wp\/v2\/product_brand?post=1075"},{"taxonomy":"product_cat","embeddable":true,"href":"https:\/\/www.comehealthgroup.com\/es\/wp-json\/wp\/v2\/product_cat?post=1075"},{"taxonomy":"product_tag","embeddable":true,"href":"https:\/\/www.comehealthgroup.com\/es\/wp-json\/wp\/v2\/product_tag?post=1075"}],"curies":[{"name":"wp","href":"https:\/\/api.w.org\/{rel}","templated":true}]}}