{"id":1082,"date":"2024-12-18T02:18:35","date_gmt":"2024-12-18T02:18:35","guid":{"rendered":"https:\/\/www.comehealthgroup.com\/?post_type=product&#038;p=1082"},"modified":"2024-12-18T03:03:54","modified_gmt":"2024-12-18T03:03:54","slug":"whey-protein-powder-bulk","status":"publish","type":"product","link":"https:\/\/www.comehealthgroup.com\/es\/product\/whey-protein-powder-bulk\/","title":{"rendered":"Prote\u00edna de suero hidrolizada en polvo a granel, suplementos en polvo de marca blanca"},"content":{"rendered":"<div class=\"wp-block-columns is-layout-flex wp-container-core-columns-is-layout-9d6595d7 wp-block-columns-is-layout-flex\">\n<div class=\"wp-block-column is-layout-flow wp-block-column-is-layout-flow\">\n<h2 class=\"wp-block-heading\">Caracter\u00edsticas de la prote\u00edna de suero en polvo a granel<\/h2>\n\n\n\n<ul class=\"wp-block-list\">\n<li><strong>Promueve eficazmente el crecimiento muscular:<\/strong> Tecnolog\u00eda de hidr\u00f3lisis avanzada se utiliza en esta prote\u00edna de suero en polvo a granel para hacer sus mol\u00e9culas de prote\u00edna m\u00e1s peque\u00f1a y m\u00e1s f\u00e1cil de absorber. Se puede suministrar r\u00e1pidamente amino\u00e1cidos, ayudar a la recuperaci\u00f3n muscular y el crecimiento, y mejorar los efectos del entrenamiento.<\/li>\n\n\n\n<li><strong>Mejora el metabolismo de las grasas: <\/strong>Este suplemento de prote\u00edna en polvo de marca blanca ayuda a quemar grasa y a acelerar el metabolismo de la grasa para conseguir un cuerpo m\u00e1s firme y sano, adecuado para personas en forma que desean reducir grasa y ganar masa muscular.<\/li>\n\n\n\n<li><strong>Acelera la recuperaci\u00f3n y reduce la fatiga: <\/strong>Despu\u00e9s del ejercicio, tomar este WHEY prote\u00edna en polvo a granel r\u00e1pidamente para reparar los m\u00fasculos, reducir la fatiga del ejercicio, ayudar a su cuerpo a recuperarse m\u00e1s r\u00e1pido, y mantener la frecuencia de entrenamiento eficiente.<\/li>\n\n\n\n<li><strong>Prevenir la degradaci\u00f3n muscular: <\/strong>Este suplemento de prote\u00edna en polvo de marca blanca es rico en amino\u00e1cidos de cadena ramificada (BCAA), que pueden tomar para prevenir la degradaci\u00f3n muscular y mantener los m\u00fasculos sanos mientras se entrena y promover el crecimiento muscular continuo.<\/li>\n<\/ul>\n<\/div>\n\n\n\n<div class=\"wp-block-column is-layout-flow wp-block-column-is-layout-flow\">\n<figure class=\"wp-block-image size-full\"><img decoding=\"async\" width=\"600\" height=\"600\" src=\"https:\/\/www.comehealthgroup.com\/wp-content\/uploads\/2024\/12\/Hydrolyzed-Whey-Protein-Powder-Bulk-Private-Label-Powder-Supplements-2.webp\" alt=\"Prote\u00edna de suero hidrolizada en polvo a granel, suplementos en polvo de marca blanca-2\" class=\"wp-image-1100\" srcset=\"https:\/\/www.comehealthgroup.com\/wp-content\/uploads\/2024\/12\/Hydrolyzed-Whey-Protein-Powder-Bulk-Private-Label-Powder-Supplements-2.webp 600w, https:\/\/www.comehealthgroup.com\/wp-content\/uploads\/2024\/12\/Hydrolyzed-Whey-Protein-Powder-Bulk-Private-Label-Powder-Supplements-2-300x300.webp 300w, https:\/\/www.comehealthgroup.com\/wp-content\/uploads\/2024\/12\/Hydrolyzed-Whey-Protein-Powder-Bulk-Private-Label-Powder-Supplements-2-150x150.webp 150w, https:\/\/www.comehealthgroup.com\/wp-content\/uploads\/2024\/12\/Hydrolyzed-Whey-Protein-Powder-Bulk-Private-Label-Powder-Supplements-2-100x100.webp 100w\" sizes=\"(max-width: 600px) 100vw, 600px\" \/><\/figure>\n<\/div>\n<\/div>\n\n\n\n<p><\/p>","protected":false},"excerpt":{"rendered":"<p>Este polvo de prote\u00edna de suero a granel de marca blanca tiene las funciones de absorci\u00f3n r\u00e1pida, promover el crecimiento muscular y acelerar la quema de grasa, y es adecuado para cualquier entusiasta del fitness que necesita mejorar la recuperaci\u00f3n muscular y reducir la fatiga del ejercicio. Ya sea en el proceso de ganancia muscular o p\u00e9rdida de grasa, es una opci\u00f3n ideal de suplemento de prote\u00edna.<\/p>\n<table style=\"border-collapse: collapse; width: 534.02pt;\" border=\"0\" width=\"534\" cellspacing=\"0\" cellpadding=\"0\">\n<tbody>\n<tr style=\"height: 15.20pt;\">\n<td class=\"et2\" style=\"height: 15.20pt; width: 101.70pt;\" width=\"101\" height=\"15\">Marca<\/td>\n<td class=\"et2\" style=\"width: 206.65pt;\" width=\"206\">Come Health\/ Marca blanca<\/td>\n<td class=\"et2\" style=\"width: 84.80pt;\" width=\"84\">Vida \u00fatil<\/td>\n<td class=\"et2\" style=\"width: 141.60pt;\" width=\"141\">24 meses<\/td>\n<\/tr>\n<tr style=\"height: 61.00pt;\">\n<td class=\"et2\" style=\"height: 61.00pt;\" height=\"61\">Ventajas del producto<\/td>\n<td class=\"et3\" style=\"width: 206.65pt;\" width=\"206\">*Aumenta la masa muscular<br \/>*Acelera la p\u00e9rdida de grasa<br \/>*Mejora la recuperaci\u00f3n y reduce la fatiga<br \/>*Previene la degradaci\u00f3n muscular<\/td>\n<td class=\"et2\">Dimensiones (cm)<\/td>\n<td class=\"et3\" style=\"width: 141.60pt;\" width=\"141\">15*15*23cm<br \/>20*20*28cm<br \/>25*25*32cm<\/td>\n<\/tr>\n<tr style=\"height: 46.00pt;\">\n<td class=\"et2\" style=\"height: 46.00pt;\" height=\"46\">Forma farmac\u00e9utica<\/td>\n<td class=\"et4\">Polvo<\/td>\n<td class=\"et2\">Peso neto (kg)<\/td>\n<td class=\"et3\" style=\"width: 141.60pt;\" width=\"141\">0,6 kg<br \/>1,1 kg<br \/>1,7 kg<\/td>\n<\/tr>\n<tr style=\"height: 15.20pt;\">\n<td class=\"et2\" style=\"height: 15.20pt;\" height=\"15\">Color<\/td>\n<td class=\"et2\">blanco roto<\/td>\n<td class=\"et2\">Personalizaci\u00f3n<\/td>\n<td class=\"et2\">Gr\u00e1fico, Logotipo, Paquete<\/td>\n<\/tr>\n<tr style=\"height: 46.00pt;\">\n<td class=\"et2\" style=\"height: 46.00pt;\" height=\"46\">Especificaci\u00f3n del producto<\/td>\n<td class=\"et3\" style=\"width: 206.65pt;\" width=\"206\">1 lb \/botella<br \/>2 lb \/botella<br \/>2,5 lb\/botella<\/td>\n<td class=\"et2\">Inventario<\/td>\n<td class=\"et2\">A medida, Fuera de stock<\/td>\n<\/tr>\n<\/tbody>\n<\/table>","protected":false},"featured_media":1102,"comment_status":"closed","ping_status":"closed","template":"","meta":{"_acf_changed":false},"product_brand":[],"product_cat":[29,45,49],"product_tag":[],"class_list":{"0":"post-1082","1":"product","2":"type-product","3":"status-publish","4":"has-post-thumbnail","6":"product_cat-sports-supplements-wholesale","7":"product_cat-bulk-powder-supplements","8":"product_cat-nutritional-supplement-wholesale","10":"first","11":"instock","12":"shipping-taxable","13":"product-type-simple"},"acf":[],"_links":{"self":[{"href":"https:\/\/www.comehealthgroup.com\/es\/wp-json\/wp\/v2\/product\/1082","targetHints":{"allow":["GET"]}}],"collection":[{"href":"https:\/\/www.comehealthgroup.com\/es\/wp-json\/wp\/v2\/product"}],"about":[{"href":"https:\/\/www.comehealthgroup.com\/es\/wp-json\/wp\/v2\/types\/product"}],"replies":[{"embeddable":true,"href":"https:\/\/www.comehealthgroup.com\/es\/wp-json\/wp\/v2\/comments?post=1082"}],"wp:featuredmedia":[{"embeddable":true,"href":"https:\/\/www.comehealthgroup.com\/es\/wp-json\/wp\/v2\/media\/1102"}],"wp:attachment":[{"href":"https:\/\/www.comehealthgroup.com\/es\/wp-json\/wp\/v2\/media?parent=1082"}],"wp:term":[{"taxonomy":"product_brand","embeddable":true,"href":"https:\/\/www.comehealthgroup.com\/es\/wp-json\/wp\/v2\/product_brand?post=1082"},{"taxonomy":"product_cat","embeddable":true,"href":"https:\/\/www.comehealthgroup.com\/es\/wp-json\/wp\/v2\/product_cat?post=1082"},{"taxonomy":"product_tag","embeddable":true,"href":"https:\/\/www.comehealthgroup.com\/es\/wp-json\/wp\/v2\/product_tag?post=1082"}],"curies":[{"name":"wp","href":"https:\/\/api.w.org\/{rel}","templated":true}]}}