{"id":1112,"date":"2024-12-18T03:32:30","date_gmt":"2024-12-18T03:32:30","guid":{"rendered":"https:\/\/www.comehealthgroup.com\/?post_type=product&#038;p=1112"},"modified":"2024-12-18T03:43:28","modified_gmt":"2024-12-18T03:43:28","slug":"bulk-protein-powder","status":"publish","type":"product","link":"https:\/\/www.comehealthgroup.com\/es\/product\/bulk-protein-powder\/","title":{"rendered":"Prote\u00edna en polvo a granel, Prote\u00edna de suero hidrolizada en polvo a medida"},"content":{"rendered":"<div class=\"wp-block-columns is-layout-flex wp-container-core-columns-is-layout-9d6595d7 wp-block-columns-is-layout-flex\">\n<div class=\"wp-block-column is-layout-flow wp-block-column-is-layout-flow\">\n<h2 class=\"wp-block-heading\">Caracter\u00edsticas de Bulk Protein Powder<\/h2>\n\n\n\n<ul class=\"wp-block-list\">\n<li><strong>R\u00e1pida absorci\u00f3n, mayor crecimiento muscular: <\/strong>Este polvo de prote\u00edna a granel adopta polvo de prote\u00edna de suero hidrolizada con r\u00e1pida absorci\u00f3n por el cuerpo para ayudar a los m\u00fasculos proporcionan amino\u00e1cidos de calidad, contribuyendo hacia el crecimiento muscular y la reparaci\u00f3n, especialmente la suplementaci\u00f3n despu\u00e9s del entrenamiento de alta intensidad.<\/li>\n\n\n\n<li><strong>Acelera la quema de grasas y moldea un cuerpo ideal:<\/strong>La prote\u00edna de suero hidrolizada no s\u00f3lo contribuye al crecimiento muscular, sino que tambi\u00e9n contribuye al metabolismo. Esta prote\u00edna en polvo personalizada contribuir\u00e1 a reducir la grasa corporal y a moldear una silueta m\u00e1s firme y saludable, perfectamente adecuada para planes de p\u00e9rdida de grasa y ganancia muscular.<\/li>\n\n\n\n<li><strong>Mejora la recuperaci\u00f3n tras el ejercicio y reduce la fatiga muscular: <\/strong>Este polvo de prote\u00edna a granel le ayudar\u00e1 a recuperarse r\u00e1pidamente despu\u00e9s del entrenamiento, disminuir la fatiga muscular, aumentar la velocidad de recuperaci\u00f3n despu\u00e9s del ejercicio para que uno pueda mantener la motivaci\u00f3n continua para la formaci\u00f3n y los resultados.<\/li>\n\n\n\n<li><strong>Mantener la masa muscular y prevenir la degradaci\u00f3n: <\/strong>Esta prote\u00edna en polvo personalizada es rica en BCAA, que previene eficazmente la degradaci\u00f3n muscular durante el ejercicio intenso, ayuda a mantener la masa muscular y garantiza que no se pierda el preciado m\u00fasculo durante la p\u00e9rdida de grasa.<\/li>\n<\/ul>\n<\/div>\n\n\n\n<div class=\"wp-block-column is-layout-flow wp-block-column-is-layout-flow\">\n<figure class=\"wp-block-image size-full\"><img decoding=\"async\" width=\"750\" height=\"750\" src=\"https:\/\/www.comehealthgroup.com\/wp-content\/uploads\/2024\/12\/Bulk-Protein-Powder-Custom-Hydrolyzed-Whey-Protein-Powder-3.webp\" alt=\"Prote\u00edna en polvo a granel, prote\u00edna de suero hidrolizada a medida en polvo-3\" class=\"wp-image-1115\" srcset=\"https:\/\/www.comehealthgroup.com\/wp-content\/uploads\/2024\/12\/Bulk-Protein-Powder-Custom-Hydrolyzed-Whey-Protein-Powder-3.webp 750w, https:\/\/www.comehealthgroup.com\/wp-content\/uploads\/2024\/12\/Bulk-Protein-Powder-Custom-Hydrolyzed-Whey-Protein-Powder-3-300x300.webp 300w, https:\/\/www.comehealthgroup.com\/wp-content\/uploads\/2024\/12\/Bulk-Protein-Powder-Custom-Hydrolyzed-Whey-Protein-Powder-3-150x150.webp 150w, https:\/\/www.comehealthgroup.com\/wp-content\/uploads\/2024\/12\/Bulk-Protein-Powder-Custom-Hydrolyzed-Whey-Protein-Powder-3-600x600.webp 600w, https:\/\/www.comehealthgroup.com\/wp-content\/uploads\/2024\/12\/Bulk-Protein-Powder-Custom-Hydrolyzed-Whey-Protein-Powder-3-100x100.webp 100w\" sizes=\"(max-width: 750px) 100vw, 750px\" \/><\/figure>\n<\/div>\n<\/div>\n\n\n\n<p><\/p>","protected":false},"excerpt":{"rendered":"<p>Este polvo de prote\u00edna a granel de etiqueta limpia est\u00e1 dise\u00f1ado para entusiastas del fitness y atletas para proporcionar r\u00e1pidamente un apoyo proteico eficiente, promover el crecimiento muscular, acelerar la quema de grasa, acelerar la recuperaci\u00f3n y prevenir la degradaci\u00f3n muscular. Su f\u00f3rmula de f\u00e1cil absorci\u00f3n le ayuda a mantener su forma ideal del cuerpo, mientras que la construcci\u00f3n de m\u00fasculo y la p\u00e9rdida de grasa, la mejora de sus resultados generales de fitness.<\/p>\n<table style=\"border-collapse: collapse; width: 534.02pt;\" border=\"0\" width=\"534\" cellspacing=\"0\" cellpadding=\"0\">\n<tbody>\n<tr style=\"height: 15.20pt;\">\n<td class=\"et2\" style=\"height: 15.20pt; width: 101.70pt;\" width=\"101\" height=\"15\">Marca<\/td>\n<td class=\"et2\" style=\"width: 206.65pt;\" width=\"206\">Come Health\/ Marca blanca<\/td>\n<td class=\"et2\" style=\"width: 84.80pt;\" width=\"84\">Vida \u00fatil<\/td>\n<td class=\"et2\" style=\"width: 141.60pt;\" width=\"141\">24 meses<\/td>\n<\/tr>\n<tr style=\"height: 61.00pt;\">\n<td class=\"et2\" style=\"height: 61.00pt;\" height=\"61\">Ventajas del producto<\/td>\n<td class=\"et3\" style=\"width: 206.65pt;\" width=\"206\">*Aumenta la masa muscular<br \/>*Acelera la p\u00e9rdida de grasa<br \/>*Mejora la recuperaci\u00f3n y reduce la fatiga<br \/>*Previene la degradaci\u00f3n muscular<\/td>\n<td class=\"et2\">Dimensiones (cm)<\/td>\n<td class=\"et3\" style=\"width: 141.60pt;\" width=\"141\">15*15*23cm<br \/>20*20*28cm<br \/>25*25*32cm<\/td>\n<\/tr>\n<tr style=\"height: 46.00pt;\">\n<td class=\"et2\" style=\"height: 46.00pt;\" height=\"46\">Forma farmac\u00e9utica<\/td>\n<td class=\"et4\">Polvo<\/td>\n<td class=\"et2\">Peso neto (kg)<\/td>\n<td class=\"et3\" style=\"width: 141.60pt;\" width=\"141\">0,6 kg<br \/>1,1 kg<br \/>1,7 kg<\/td>\n<\/tr>\n<tr style=\"height: 15.20pt;\">\n<td class=\"et2\" style=\"height: 15.20pt;\" height=\"15\">Color<\/td>\n<td class=\"et2\">blanco roto<\/td>\n<td class=\"et2\">Personalizaci\u00f3n<\/td>\n<td class=\"et2\">Gr\u00e1fico, Logotipo, Paquete<\/td>\n<\/tr>\n<tr style=\"height: 46.00pt;\">\n<td class=\"et2\" style=\"height: 46.00pt;\" height=\"46\">Especificaci\u00f3n del producto<\/td>\n<td class=\"et3\" style=\"width: 206.65pt;\" width=\"206\">1 lb \/botella<br \/>2 lb \/botella<br \/>2,5 lb\/botella<\/td>\n<td class=\"et2\">Inventario<\/td>\n<td class=\"et2\">A medida, Fuera de stock<\/td>\n<\/tr>\n<\/tbody>\n<\/table>","protected":false},"featured_media":1114,"comment_status":"closed","ping_status":"closed","template":"","meta":{"_acf_changed":false},"product_brand":[],"product_cat":[29,45,49],"product_tag":[],"class_list":{"0":"post-1112","1":"product","2":"type-product","3":"status-publish","4":"has-post-thumbnail","6":"product_cat-sports-supplements-wholesale","7":"product_cat-bulk-powder-supplements","8":"product_cat-nutritional-supplement-wholesale","10":"first","11":"instock","12":"shipping-taxable","13":"product-type-simple"},"acf":[],"_links":{"self":[{"href":"https:\/\/www.comehealthgroup.com\/es\/wp-json\/wp\/v2\/product\/1112","targetHints":{"allow":["GET"]}}],"collection":[{"href":"https:\/\/www.comehealthgroup.com\/es\/wp-json\/wp\/v2\/product"}],"about":[{"href":"https:\/\/www.comehealthgroup.com\/es\/wp-json\/wp\/v2\/types\/product"}],"replies":[{"embeddable":true,"href":"https:\/\/www.comehealthgroup.com\/es\/wp-json\/wp\/v2\/comments?post=1112"}],"wp:featuredmedia":[{"embeddable":true,"href":"https:\/\/www.comehealthgroup.com\/es\/wp-json\/wp\/v2\/media\/1114"}],"wp:attachment":[{"href":"https:\/\/www.comehealthgroup.com\/es\/wp-json\/wp\/v2\/media?parent=1112"}],"wp:term":[{"taxonomy":"product_brand","embeddable":true,"href":"https:\/\/www.comehealthgroup.com\/es\/wp-json\/wp\/v2\/product_brand?post=1112"},{"taxonomy":"product_cat","embeddable":true,"href":"https:\/\/www.comehealthgroup.com\/es\/wp-json\/wp\/v2\/product_cat?post=1112"},{"taxonomy":"product_tag","embeddable":true,"href":"https:\/\/www.comehealthgroup.com\/es\/wp-json\/wp\/v2\/product_tag?post=1112"}],"curies":[{"name":"wp","href":"https:\/\/api.w.org\/{rel}","templated":true}]}}