{"id":1137,"date":"2024-12-18T06:09:47","date_gmt":"2024-12-18T06:09:47","guid":{"rendered":"https:\/\/www.comehealthgroup.com\/?post_type=product&#038;p=1137"},"modified":"2024-12-18T06:53:58","modified_gmt":"2024-12-18T06:53:58","slug":"shilajit-resin-bulk","status":"publish","type":"product","link":"https:\/\/www.comehealthgroup.com\/es\/product\/shilajit-resin-bulk\/","title":{"rendered":"Resina pura de Shilajit del Himalaya a granel, suplementos de Shilajit de marca blanca"},"content":{"rendered":"<div class=\"wp-block-columns is-layout-flex wp-container-core-columns-is-layout-9d6595d7 wp-block-columns-is-layout-flex\">\n<div class=\"wp-block-column is-layout-flow wp-block-column-is-layout-flow\">\n<h2 class=\"wp-block-heading\">Caracter\u00edsticas de la resina de Shilajit a granel<\/h2>\n\n\n\n<ul class=\"wp-block-list\">\n<li><strong>Regula el sistema inmunitario: <\/strong>Nuestra resina de shilajit del Himalaya a granel est\u00e1 repleta de minerales naturales y antioxidantes que ayudan a modular y fortalecer el sistema inmunol\u00f3gico, aumentando as\u00ed las defensas naturales del cuerpo contra las enfermedades.<\/li>\n\n\n\n<li><strong>Favorece la salud del coraz\u00f3n: <\/strong>Nuestros suplementos de shilajit a granel favorecen el flujo sangu\u00edneo, el funcionamiento saludable del coraz\u00f3n, reducen el riesgo de enfermedades card\u00edacas y otras afecciones cardiovasculares, y mantienen el coraz\u00f3n en buen estado de funcionamiento.<\/li>\n\n\n\n<li><strong>Estimula el metabolismo: <\/strong>Nuestra resina de shilajit del Himalaya a granel ayuda a una mejor gesti\u00f3n del peso y a una absorci\u00f3n eficaz de los nutrientes del cuerpo, aumentando su capacidad metab\u00f3lica para quemar m\u00e1s calor\u00edas.<\/li>\n\n\n\n<li><strong>Aumenta los niveles de energ\u00eda y disminuye la fatiga:<\/strong> Es un suplemento herbario que rejuvenece la energ\u00eda y reduce el letargo. Nuestros suplementos diet\u00e9ticos a granel para Shilajit apoyan un estilo de vida mucho m\u00e1s saludable en el que uno puede ser energizado en el lugar de trabajo, campos de juego, o el gimnasio.<\/li>\n<\/ul>\n<\/div>\n\n\n\n<div class=\"wp-block-column is-layout-flow wp-block-column-is-layout-flow\">\n<figure class=\"wp-block-image size-full\"><img decoding=\"async\" width=\"1600\" height=\"1600\" src=\"https:\/\/www.comehealthgroup.com\/wp-content\/uploads\/2024\/12\/Pure-Himalayas-Shilajit-Resin-Bulk-Private-Label-Shilajit-Supplements-1.webp\" alt=\"Shilajit Resina Pura del Himalaya a Granel, Etiqueta Privada Shilajit Suplementos-1\" class=\"wp-image-1138\" srcset=\"https:\/\/www.comehealthgroup.com\/wp-content\/uploads\/2024\/12\/Pure-Himalayas-Shilajit-Resin-Bulk-Private-Label-Shilajit-Supplements-1.webp 1600w, https:\/\/www.comehealthgroup.com\/wp-content\/uploads\/2024\/12\/Pure-Himalayas-Shilajit-Resin-Bulk-Private-Label-Shilajit-Supplements-1-300x300.webp 300w, https:\/\/www.comehealthgroup.com\/wp-content\/uploads\/2024\/12\/Pure-Himalayas-Shilajit-Resin-Bulk-Private-Label-Shilajit-Supplements-1-150x150.webp 150w, https:\/\/www.comehealthgroup.com\/wp-content\/uploads\/2024\/12\/Pure-Himalayas-Shilajit-Resin-Bulk-Private-Label-Shilajit-Supplements-1-768x768.webp 768w, https:\/\/www.comehealthgroup.com\/wp-content\/uploads\/2024\/12\/Pure-Himalayas-Shilajit-Resin-Bulk-Private-Label-Shilajit-Supplements-1-1200x1200.webp 1200w, https:\/\/www.comehealthgroup.com\/wp-content\/uploads\/2024\/12\/Pure-Himalayas-Shilajit-Resin-Bulk-Private-Label-Shilajit-Supplements-1-600x600.webp 600w, https:\/\/www.comehealthgroup.com\/wp-content\/uploads\/2024\/12\/Pure-Himalayas-Shilajit-Resin-Bulk-Private-Label-Shilajit-Supplements-1-100x100.webp 100w\" sizes=\"(max-width: 1600px) 100vw, 1600px\" \/><\/figure>\n<\/div>\n<\/div>\n\n\n\n<p><\/p>","protected":false},"excerpt":{"rendered":"<p>Nuestra resina de shilajit del Himalaya a granel contiene una rica cantidad de minerales naturales que equilibran eficazmente el sistema inmunol\u00f3gico, cuidan el coraz\u00f3n, mejoran las actividades metab\u00f3licas y elevan el nivel de energ\u00eda. Este medicamento antifatiga y que mejora la memoria es ideal para mantenerse al d\u00eda con la gesti\u00f3n diaria de la salud. Mejora la digesti\u00f3n y la absorci\u00f3n, ayudando al cuerpo a mantenerse en buena forma, al tiempo que mantiene su salud mental y f\u00edsica general en su mejor momento.<\/p>\n<table style=\"border-collapse: collapse; width: 534.02pt;\" border=\"0\" width=\"534\" cellspacing=\"0\" cellpadding=\"0\">\n<tbody>\n<tr style=\"height: 15.20pt;\">\n<td class=\"et2\" style=\"height: 15.20pt; width: 101.70pt;\" width=\"101\" height=\"15\">Marca<\/td>\n<td class=\"et2\" style=\"width: 206.65pt;\" width=\"206\">Come Health\/ Marca blanca<\/td>\n<td class=\"et2\" style=\"width: 84.80pt;\" width=\"84\">Vida \u00fatil<\/td>\n<td class=\"et2\" style=\"width: 141.60pt;\" width=\"141\">24 meses<\/td>\n<\/tr>\n<tr style=\"height: 92.00pt;\">\n<td class=\"et2\" style=\"height: 92.00pt;\" height=\"92\">Ventajas del producto<\/td>\n<td class=\"et3\" style=\"width: 206.65pt;\" width=\"206\">*Regular el sistema inmunitario<br \/>*Apoya la salud del coraz\u00f3n<br \/>*Apoya el metabolismo<br \/>*Aumenta el nivel de energ\u00eda y reduce la fatiga<br \/>*Mejor absorci\u00f3n y digesti\u00f3n<br \/>*Mejora la memoria y la salud mental<\/td>\n<td class=\"et2\">Dimensiones (cm)<\/td>\n<td class=\"et3\" style=\"width: 141.60pt;\" width=\"141\">7X7X7cm<br \/>7X7X10cm<br \/>7X7X12cm<\/td>\n<\/tr>\n<tr style=\"height: 46.00pt;\">\n<td class=\"et2\" style=\"height: 46.00pt;\" height=\"46\">Forma farmac\u00e9utica<\/td>\n<td class=\"et4\">Resina<\/td>\n<td class=\"et2\">Peso neto (kg)<\/td>\n<td class=\"et3\" style=\"width: 141.60pt;\" width=\"141\">0,05 kg<br \/>0,07 kg<br \/>0,1 kg<\/td>\n<\/tr>\n<tr style=\"height: 15.20pt;\">\n<td class=\"et2\" style=\"height: 15.20pt;\" height=\"15\">Color<\/td>\n<td class=\"et2\">Negro<\/td>\n<td class=\"et2\">Personalizaci\u00f3n<\/td>\n<td class=\"et2\">Gr\u00e1fico, Logotipo, Paquete<\/td>\n<\/tr>\n<tr style=\"height: 46.00pt;\">\n<td class=\"et2\" style=\"height: 46.00pt;\" height=\"46\">Especificaci\u00f3n del producto<\/td>\n<td class=\"et3\" style=\"width: 206.65pt;\" width=\"206\">30 ml \/botella<br \/>50 ml \/botella<br \/>80 ml \/botella<\/td>\n<td class=\"et2\">Inventario<\/td>\n<td class=\"et2\">A medida, Fuera de stock<\/td>\n<\/tr>\n<\/tbody>\n<\/table>","protected":false},"featured_media":1143,"comment_status":"closed","ping_status":"closed","template":"","meta":{"_acf_changed":false},"product_brand":[],"product_cat":[34,27,43,32],"product_tag":[],"class_list":{"0":"post-1137","1":"product","2":"type-product","3":"status-publish","4":"has-post-thumbnail","6":"product_cat-private-label-health-supplements","7":"product_cat-shilajit-bulk-supplements","8":"product_cat-shilajit-resin-supplement-wholesale","9":"product_cat-private-label-immune-supplements","11":"first","12":"instock","13":"shipping-taxable","14":"product-type-simple"},"acf":[],"_links":{"self":[{"href":"https:\/\/www.comehealthgroup.com\/es\/wp-json\/wp\/v2\/product\/1137","targetHints":{"allow":["GET"]}}],"collection":[{"href":"https:\/\/www.comehealthgroup.com\/es\/wp-json\/wp\/v2\/product"}],"about":[{"href":"https:\/\/www.comehealthgroup.com\/es\/wp-json\/wp\/v2\/types\/product"}],"replies":[{"embeddable":true,"href":"https:\/\/www.comehealthgroup.com\/es\/wp-json\/wp\/v2\/comments?post=1137"}],"wp:featuredmedia":[{"embeddable":true,"href":"https:\/\/www.comehealthgroup.com\/es\/wp-json\/wp\/v2\/media\/1143"}],"wp:attachment":[{"href":"https:\/\/www.comehealthgroup.com\/es\/wp-json\/wp\/v2\/media?parent=1137"}],"wp:term":[{"taxonomy":"product_brand","embeddable":true,"href":"https:\/\/www.comehealthgroup.com\/es\/wp-json\/wp\/v2\/product_brand?post=1137"},{"taxonomy":"product_cat","embeddable":true,"href":"https:\/\/www.comehealthgroup.com\/es\/wp-json\/wp\/v2\/product_cat?post=1137"},{"taxonomy":"product_tag","embeddable":true,"href":"https:\/\/www.comehealthgroup.com\/es\/wp-json\/wp\/v2\/product_tag?post=1137"}],"curies":[{"name":"wp","href":"https:\/\/api.w.org\/{rel}","templated":true}]}}