{"id":1151,"date":"2024-12-18T07:19:59","date_gmt":"2024-12-18T07:19:59","guid":{"rendered":"https:\/\/www.comehealthgroup.com\/?post_type=product&#038;p=1151"},"modified":"2024-12-18T07:39:13","modified_gmt":"2024-12-18T07:39:13","slug":"private-label-diet-drops","status":"publish","type":"product","link":"https:\/\/www.comehealthgroup.com\/es\/product\/private-label-diet-drops\/","title":{"rendered":"Gotas Diet\u00e9ticas de Marca Blanca, Suplementos a Granel Ashwagandha"},"content":{"rendered":"<div class=\"wp-block-columns is-layout-flex wp-container-core-columns-is-layout-9d6595d7 wp-block-columns-is-layout-flex\">\n<div class=\"wp-block-column is-layout-flow wp-block-column-is-layout-flow\">\n<h2 class=\"wp-block-heading\">Caracter\u00edsticas de las gotas diet\u00e9ticas de marca blanca<\/h2>\n\n\n\n<ul class=\"wp-block-list\">\n<li><strong>Mejora el estado de \u00e1nimo: <\/strong>La inclusi\u00f3n de Ashwagandha en nuestras gotas diet\u00e9ticas de marca blanca funciona eficazmente para mejorar el estado de \u00e1nimo, reducir la ansiedad y mantener una visi\u00f3n positiva de la vida con el fin de hacer frente al estr\u00e9s y otros desaf\u00edos.<\/li>\n\n\n\n<li><strong>Mejora la resistencia: <\/strong>Los ingredientes naturales que contiene Ashwagandha aumentan la resistencia f\u00edsica y la energ\u00eda. Este suplemento l\u00edquido Ashwagandha al por mayor le permite mantener un rendimiento m\u00e1s eficiente en el deporte y las actividades diarias, aumentar la fuerza f\u00edsica y la resistencia.<\/li>\n\n\n\n<li><strong>Promueve la relajaci\u00f3n y la paz: <\/strong>Nuestras gotas diet\u00e9ticas de marca blanca tienen la capacidad de aliviar la ansiedad y la tensi\u00f3n, promover la relajaci\u00f3n del cuerpo y la mente, y aportar un estado de \u00e1nimo m\u00e1s tranquilo que le permita mantener la calma en su ajetreada vida.<\/li>\n\n\n\n<li><strong>Favorece un sue\u00f1o saludable: <\/strong>La hierba Ashwagandha es reconocida como una soluci\u00f3n natural para el sue\u00f1o. Nuestro suplemento l\u00edquido Ashwagandha al por mayor ayuda a mejorar la calidad del sue\u00f1o, por lo que es m\u00e1s f\u00e1cil para que usted pueda conciliar el sue\u00f1o y permanecer en un sue\u00f1o profundo, la restauraci\u00f3n de su cuerpo y mente.<\/li>\n<\/ul>\n<\/div>\n\n\n\n<div class=\"wp-block-column is-layout-flow wp-block-column-is-layout-flow\">\n<figure class=\"wp-block-image size-full\"><img decoding=\"async\" width=\"2000\" height=\"2000\" src=\"https:\/\/www.comehealthgroup.com\/wp-content\/uploads\/2024\/12\/Private-Label-Diet-Drops-Bulk-Supplements-Ashwagandha-6.webp\" alt=\"Private Label Gotas Diet\u00e9ticas, Suplementos a Granel Ashwagandha-6\" class=\"wp-image-1157\" srcset=\"https:\/\/www.comehealthgroup.com\/wp-content\/uploads\/2024\/12\/Private-Label-Diet-Drops-Bulk-Supplements-Ashwagandha-6.webp 2000w, https:\/\/www.comehealthgroup.com\/wp-content\/uploads\/2024\/12\/Private-Label-Diet-Drops-Bulk-Supplements-Ashwagandha-6-300x300.webp 300w, https:\/\/www.comehealthgroup.com\/wp-content\/uploads\/2024\/12\/Private-Label-Diet-Drops-Bulk-Supplements-Ashwagandha-6-150x150.webp 150w, https:\/\/www.comehealthgroup.com\/wp-content\/uploads\/2024\/12\/Private-Label-Diet-Drops-Bulk-Supplements-Ashwagandha-6-768x768.webp 768w, https:\/\/www.comehealthgroup.com\/wp-content\/uploads\/2024\/12\/Private-Label-Diet-Drops-Bulk-Supplements-Ashwagandha-6-1200x1200.webp 1200w, https:\/\/www.comehealthgroup.com\/wp-content\/uploads\/2024\/12\/Private-Label-Diet-Drops-Bulk-Supplements-Ashwagandha-6-600x600.webp 600w, https:\/\/www.comehealthgroup.com\/wp-content\/uploads\/2024\/12\/Private-Label-Diet-Drops-Bulk-Supplements-Ashwagandha-6-100x100.webp 100w\" sizes=\"(max-width: 2000px) 100vw, 2000px\" \/><\/figure>\n<\/div>\n<\/div>\n\n\n\n<p><\/p>","protected":false},"excerpt":{"rendered":"<p>Nuestras gotas diet\u00e9ticas de marca blanca con ashwagandha contienen una mezcla de ingredientes herbales naturales que ayudan a mejorar eficazmente el estado de \u00e1nimo, aumentan la resistencia y favorecen la relajaci\u00f3n f\u00edsica. Con una potente funci\u00f3n antiestr\u00e9s, reduce la tensi\u00f3n y la ansiedad, favoreciendo as\u00ed un sue\u00f1o m\u00e1s saludable y mejorando la calidad de vida. Para los consumidores finales que desean mejorar su resistencia f\u00edsica y reducir el estr\u00e9s para mantener una buena salud mental.<\/p>\n<table style=\"border-collapse: collapse; width: 534.02pt;\" border=\"0\" width=\"534\" cellspacing=\"0\" cellpadding=\"0\">\n<tbody>\n<tr style=\"height: 15.20pt;\">\n<td class=\"et2\" style=\"height: 15.20pt; width: 101.70pt;\" width=\"101\" height=\"15\">Marca<\/td>\n<td class=\"et2\" style=\"width: 206.65pt;\" width=\"206\">Come Health\/ Marca blanca<\/td>\n<td class=\"et2\" style=\"width: 84.80pt;\" width=\"84\">Vida \u00fatil<\/td>\n<td class=\"et2\" style=\"width: 141.60pt;\" width=\"141\">24 meses<\/td>\n<\/tr>\n<tr style=\"height: 92.00pt;\">\n<td class=\"et2\" style=\"height: 92.00pt;\" height=\"92\">Ventajas del producto<\/td>\n<td class=\"et3\" style=\"width: 206.65pt;\" width=\"206\">*Mejora el estado de \u00e1nimo<br \/>*Ayuda a la resistencia<br \/>*Promueve la calma<br \/>*Favorece un sue\u00f1o sano<br \/>*Reduce el estr\u00e9s y la tensi\u00f3n<br \/>*Apoya la fuerza muscular<\/td>\n<td class=\"et2\">Dimensiones (cm)<\/td>\n<td class=\"et3\" style=\"width: 141.60pt;\" width=\"141\">8*8*13cm<\/td>\n<\/tr>\n<tr style=\"height: 16.00pt;\">\n<td class=\"et2\" style=\"height: 16.00pt;\" height=\"16\">Forma farmac\u00e9utica<\/td>\n<td class=\"et4\">Gota de l\u00edquido<\/td>\n<td class=\"et2\">Peso neto (kg)<\/td>\n<td class=\"et3\" style=\"width: 141.60pt;\" width=\"141\">0,18 kg<\/td>\n<\/tr>\n<tr style=\"height: 15.20pt;\">\n<td class=\"et2\" style=\"height: 15.20pt;\" height=\"15\">Color<\/td>\n<td class=\"et2\">Transparente<\/td>\n<td class=\"et2\">Personalizaci\u00f3n<\/td>\n<td class=\"et2\">Gr\u00e1fico, Logotipo, Paquete<\/td>\n<\/tr>\n<tr style=\"height: 16.00pt;\">\n<td class=\"et2\" style=\"height: 16.00pt;\" height=\"16\">Especificaci\u00f3n del producto<\/td>\n<td class=\"et3\" style=\"width: 206.65pt;\" width=\"206\">60 ml \/botella<\/td>\n<td class=\"et2\">Inventario<\/td>\n<td class=\"et2\">A medida, Fuera de stock<\/td>\n<\/tr>\n<\/tbody>\n<\/table>","protected":false},"featured_media":1152,"comment_status":"closed","ping_status":"closed","template":"","meta":{"_acf_changed":false},"product_brand":[],"product_cat":[29,47,35,34,49],"product_tag":[],"class_list":{"0":"post-1151","1":"product","2":"type-product","3":"status-publish","4":"has-post-thumbnail","6":"product_cat-sports-supplements-wholesale","7":"product_cat-liquid-supplements-wholesale","8":"product_cat-sleep-supplements-wholesale","9":"product_cat-private-label-health-supplements","10":"product_cat-nutritional-supplement-wholesale","12":"first","13":"instock","14":"shipping-taxable","15":"product-type-simple"},"acf":[],"_links":{"self":[{"href":"https:\/\/www.comehealthgroup.com\/es\/wp-json\/wp\/v2\/product\/1151","targetHints":{"allow":["GET"]}}],"collection":[{"href":"https:\/\/www.comehealthgroup.com\/es\/wp-json\/wp\/v2\/product"}],"about":[{"href":"https:\/\/www.comehealthgroup.com\/es\/wp-json\/wp\/v2\/types\/product"}],"replies":[{"embeddable":true,"href":"https:\/\/www.comehealthgroup.com\/es\/wp-json\/wp\/v2\/comments?post=1151"}],"wp:featuredmedia":[{"embeddable":true,"href":"https:\/\/www.comehealthgroup.com\/es\/wp-json\/wp\/v2\/media\/1152"}],"wp:attachment":[{"href":"https:\/\/www.comehealthgroup.com\/es\/wp-json\/wp\/v2\/media?parent=1151"}],"wp:term":[{"taxonomy":"product_brand","embeddable":true,"href":"https:\/\/www.comehealthgroup.com\/es\/wp-json\/wp\/v2\/product_brand?post=1151"},{"taxonomy":"product_cat","embeddable":true,"href":"https:\/\/www.comehealthgroup.com\/es\/wp-json\/wp\/v2\/product_cat?post=1151"},{"taxonomy":"product_tag","embeddable":true,"href":"https:\/\/www.comehealthgroup.com\/es\/wp-json\/wp\/v2\/product_tag?post=1151"}],"curies":[{"name":"wp","href":"https:\/\/api.w.org\/{rel}","templated":true}]}}