{"id":1211,"date":"2024-12-23T09:44:17","date_gmt":"2024-12-23T09:44:17","guid":{"rendered":"https:\/\/www.comehealthgroup.com\/?post_type=product&#038;p=1211"},"modified":"2024-12-23T10:03:38","modified_gmt":"2024-12-23T10:03:38","slug":"liquid-chlorophyll-wholesale","status":"publish","type":"product","link":"https:\/\/www.comehealthgroup.com\/es\/product\/liquid-chlorophyll-wholesale\/","title":{"rendered":"Clorofila l\u00edquida de marca blanca al por mayor, gota de clorofila"},"content":{"rendered":"<div class=\"wp-block-columns is-layout-flex wp-container-core-columns-is-layout-9d6595d7 wp-block-columns-is-layout-flex\">\n<div class=\"wp-block-column is-layout-flow wp-block-column-is-layout-flow\">\n<h2 class=\"wp-block-heading\">Caracter\u00edsticas de la clorofila l\u00edquida al por mayor<\/h2>\n\n\n\n<ul class=\"wp-block-list\">\n<li><strong>Poderosa limpieza y desintoxicaci\u00f3n:<\/strong> La clorofila l\u00edquida ayuda al cuerpo a eliminar toxinas, desechos y acumulaciones adicionales a trav\u00e9s de su proceso de desintoxicaci\u00f3n natural mejorado. Nuestra clorofila l\u00edquida al por mayor limpia el h\u00edgado y los intestinos, lo que ayuda a mejorar la digesti\u00f3n y mantener el bienestar general y la comodidad.<\/li>\n\n\n\n<li><strong>Favorece la circulaci\u00f3n sangu\u00ednea: <\/strong>La clorofila, junto con otros fitonutrientes de nuestro suplemento de clorofila de marca blanca, aumenta la capacidad de transporte de ox\u00edgeno de la sangre, favoreciendo as\u00ed una buena circulaci\u00f3n sangu\u00ednea. Mejora el flujo sangu\u00edneo y garantiza que todas las partes del cuerpo reciban el ox\u00edgeno adecuado para mejorar el bienestar general de la persona.<\/li>\n\n\n\n<li><strong>Aumento natural de la energ\u00eda: <\/strong>Es un mayorista de clorofila l\u00edquida a base de plantas utilizado para aumentar los niveles de energ\u00eda eficaz en la mejora de la concentraci\u00f3n mental y la vitalidad en general. Ofrece soporte de energ\u00eda durante todo el d\u00eda para proporcionarle la sensaci\u00f3n de vitalidad, por lo que seguir\u00e1 produciendo ya sea en medio de un ajetreado d\u00eda de trabajo o despu\u00e9s del gimnasio.<\/li>\n\n\n\n<li><strong>Refuerzo del sistema inmunitario:<\/strong> La acci\u00f3n antioxidante de este suplemento de clorofila de marca blanca elimina los radicales libres del cuerpo, disminuye el estr\u00e9s oxidativo y fortalece la funci\u00f3n inmunitaria para luchar contra los pat\u00f3genos ex\u00f3genos y mantener la salud a largo plazo.<\/li>\n<\/ul>\n<\/div>\n\n\n\n<div class=\"wp-block-column is-layout-flow wp-block-column-is-layout-flow\">\n<figure class=\"wp-block-image size-full\"><img decoding=\"async\" width=\"1920\" height=\"2560\" src=\"https:\/\/www.comehealthgroup.com\/wp-content\/uploads\/2024\/12\/Private-Label-Liquid-Chlorophyll-Wholesale-Chlorophyll-Drop-6.webp\" alt=\"Clorofila l\u00edquida de marca blanca al por mayor, clorofila gota-6\" class=\"wp-image-1217\" srcset=\"https:\/\/www.comehealthgroup.com\/wp-content\/uploads\/2024\/12\/Private-Label-Liquid-Chlorophyll-Wholesale-Chlorophyll-Drop-6.webp 1920w, https:\/\/www.comehealthgroup.com\/wp-content\/uploads\/2024\/12\/Private-Label-Liquid-Chlorophyll-Wholesale-Chlorophyll-Drop-6-225x300.webp 225w, https:\/\/www.comehealthgroup.com\/wp-content\/uploads\/2024\/12\/Private-Label-Liquid-Chlorophyll-Wholesale-Chlorophyll-Drop-6-768x1024.webp 768w, https:\/\/www.comehealthgroup.com\/wp-content\/uploads\/2024\/12\/Private-Label-Liquid-Chlorophyll-Wholesale-Chlorophyll-Drop-6-9x12.webp 9w, https:\/\/www.comehealthgroup.com\/wp-content\/uploads\/2024\/12\/Private-Label-Liquid-Chlorophyll-Wholesale-Chlorophyll-Drop-6-1200x1600.webp 1200w, https:\/\/www.comehealthgroup.com\/wp-content\/uploads\/2024\/12\/Private-Label-Liquid-Chlorophyll-Wholesale-Chlorophyll-Drop-6-600x800.webp 600w\" sizes=\"(max-width: 1920px) 100vw, 1920px\" \/><\/figure>\n<\/div>\n<\/div>","protected":false},"excerpt":{"rendered":"<p>Esta clorofila l\u00edquida al por mayor de marca blanca elimina eficazmente las toxinas del cuerpo, promueve una circulaci\u00f3n sangu\u00ednea saludable y fortalece el sistema inmunol\u00f3gico. Adecuado para la aplicaci\u00f3n 24\/7, te mantiene activo y concentrado al tiempo que promueve el proceso de desintoxicaci\u00f3n natural del cuerpo para la salud y la vitalidad.<\/p>\n<table style=\"border-collapse: collapse; width: 534.02pt;\" border=\"0\" width=\"534\" cellspacing=\"0\" cellpadding=\"0\">\n<tbody>\n<tr style=\"height: 15.20pt;\">\n<td class=\"et2\" style=\"height: 15.20pt; width: 101.70pt;\" width=\"101\" height=\"15\">Marca<\/td>\n<td class=\"et2\" style=\"width: 206.65pt;\" width=\"206\">Come Health\/ Marca blanca<\/td>\n<td class=\"et2\" style=\"width: 84.80pt;\" width=\"84\">Vida \u00fatil<\/td>\n<td class=\"et2\" style=\"width: 141.60pt;\" width=\"141\">24 meses<\/td>\n<\/tr>\n<tr style=\"height: 31.00pt;\">\n<td class=\"et2\" style=\"height: 31.00pt;\" height=\"31\">Ventajas del producto<\/td>\n<td class=\"et3\" style=\"width: 206.65pt;\" width=\"206\">*Aumenta la energ\u00eda<br \/>*Apoya la limpieza y la desintoxicaci\u00f3n<\/td>\n<td class=\"et2\">Dimensiones (cm)<\/td>\n<td class=\"et3\" style=\"width: 141.60pt;\" width=\"141\">8*8*13cm<\/td>\n<\/tr>\n<tr style=\"height: 16.00pt;\">\n<td class=\"et2\" style=\"height: 16.00pt;\" height=\"16\">Forma farmac\u00e9utica<\/td>\n<td class=\"et4\">Gota de l\u00edquido<\/td>\n<td class=\"et2\">Peso neto (kg)<\/td>\n<td class=\"et3\" style=\"width: 141.60pt;\" width=\"141\">0,18 kg<\/td>\n<\/tr>\n<tr style=\"height: 15.20pt;\">\n<td class=\"et2\" style=\"height: 15.20pt;\" height=\"15\">Color<\/td>\n<td class=\"et2\">Verde<\/td>\n<td class=\"et2\">Personalizaci\u00f3n<\/td>\n<td class=\"et2\">Gr\u00e1fico, Logotipo, Paquete<\/td>\n<\/tr>\n<tr style=\"height: 16.00pt;\">\n<td class=\"et2\" style=\"height: 16.00pt;\" height=\"16\">Especificaci\u00f3n del producto<\/td>\n<td class=\"et3\" style=\"width: 206.65pt;\" width=\"206\">60 ml \/botella<\/td>\n<td class=\"et2\">Inventario<\/td>\n<td class=\"et2\">A medida, Fuera de stock<\/td>\n<\/tr>\n<\/tbody>\n<\/table>","protected":false},"featured_media":1212,"comment_status":"closed","ping_status":"closed","template":"","meta":{"_acf_changed":false},"product_brand":[],"product_cat":[34,47,49],"product_tag":[],"class_list":{"0":"post-1211","1":"product","2":"type-product","3":"status-publish","4":"has-post-thumbnail","6":"product_cat-private-label-health-supplements","7":"product_cat-liquid-supplements-wholesale","8":"product_cat-nutritional-supplement-wholesale","10":"first","11":"instock","12":"shipping-taxable","13":"product-type-simple"},"acf":[],"_links":{"self":[{"href":"https:\/\/www.comehealthgroup.com\/es\/wp-json\/wp\/v2\/product\/1211","targetHints":{"allow":["GET"]}}],"collection":[{"href":"https:\/\/www.comehealthgroup.com\/es\/wp-json\/wp\/v2\/product"}],"about":[{"href":"https:\/\/www.comehealthgroup.com\/es\/wp-json\/wp\/v2\/types\/product"}],"replies":[{"embeddable":true,"href":"https:\/\/www.comehealthgroup.com\/es\/wp-json\/wp\/v2\/comments?post=1211"}],"wp:featuredmedia":[{"embeddable":true,"href":"https:\/\/www.comehealthgroup.com\/es\/wp-json\/wp\/v2\/media\/1212"}],"wp:attachment":[{"href":"https:\/\/www.comehealthgroup.com\/es\/wp-json\/wp\/v2\/media?parent=1211"}],"wp:term":[{"taxonomy":"product_brand","embeddable":true,"href":"https:\/\/www.comehealthgroup.com\/es\/wp-json\/wp\/v2\/product_brand?post=1211"},{"taxonomy":"product_cat","embeddable":true,"href":"https:\/\/www.comehealthgroup.com\/es\/wp-json\/wp\/v2\/product_cat?post=1211"},{"taxonomy":"product_tag","embeddable":true,"href":"https:\/\/www.comehealthgroup.com\/es\/wp-json\/wp\/v2\/product_tag?post=1211"}],"curies":[{"name":"wp","href":"https:\/\/api.w.org\/{rel}","templated":true}]}}