{"id":1218,"date":"2024-12-23T10:05:23","date_gmt":"2024-12-23T10:05:23","guid":{"rendered":"https:\/\/www.comehealthgroup.com\/?post_type=product&#038;p=1218"},"modified":"2024-12-23T10:24:26","modified_gmt":"2024-12-23T10:24:26","slug":"private-label-turmeric-liquid","status":"publish","type":"product","link":"https:\/\/www.comehealthgroup.com\/es\/product\/private-label-turmeric-liquid\/","title":{"rendered":"Marca del distribuidor C\u00farcuma l\u00edquida con pimienta negra en gotas a granel"},"content":{"rendered":"<div class=\"wp-block-columns is-layout-flex wp-container-core-columns-is-layout-9d6595d7 wp-block-columns-is-layout-flex\">\n<div class=\"wp-block-column is-layout-flow wp-block-column-is-layout-flow\">\n<h2 class=\"wp-block-heading\">Caracter\u00edsticas de la c\u00farcuma l\u00edquida de marca blanca<\/h2>\n\n\n\n<ul class=\"wp-block-list\">\n<li><strong>Mejora el apoyo al sistema inmunitario: <\/strong>Esta gota l\u00edquida de c\u00farcuma de marca blanca es rica en curcumina natural, que mejorar\u00e1 la capacidad de protecci\u00f3n del sistema inmunitario. Ayuda a regular la respuesta inmune del cuerpo y ayuda a resistir los agresores del exterior para proteger la salud a largo plazo.<\/li>\n\n\n\n<li><strong>Biodisponibilidad mejorada:<\/strong> La presencia de extracto de pimienta negro en este suplemento a granel c\u00farcuma en realidad mejora la tasa de absorci\u00f3n de la curcumina y aumenta su biodisponibilidad en el cuerpo a tal grado que m\u00e1s beneficios para la salud pueden ser ofrecidos por ella.<\/li>\n\n\n\n<li><strong>Favorece una respuesta inflamatoria saludable: <\/strong>La c\u00farcuma l\u00edquida es intr\u00ednsecamente antiinflamatoria y favorece asombrosamente la actividad saludable de la respuesta inflamatoria del organismo. Nuestra gota l\u00edquida de c\u00farcuma de marca blanca ayuda a aliviar la inflamaci\u00f3n leve relacionada con el ejercicio ocasional y la actividad diaria, favoreciendo la salud y el bienestar general.<\/li>\n\n\n\n<li><strong>Favorece la salud articular y muscular:<\/strong> La combinaci\u00f3n de c\u00farcuma y pimienta negra mejora la salud articular, aumenta la flexibilidad y la amplitud de movimiento de las articulaciones, mientras que nuestros suplementos de c\u00farcuma a granel favorecen al mismo tiempo la salud muscular y la recuperaci\u00f3n. Es ideal para estilos de vida activos y para la recuperaci\u00f3n despu\u00e9s del ejercicio.<\/li>\n<\/ul>\n<\/div>\n\n\n\n<div class=\"wp-block-column is-layout-flow wp-block-column-is-layout-flow\">\n<figure class=\"wp-block-image size-full\"><img decoding=\"async\" width=\"2000\" height=\"2000\" src=\"https:\/\/www.comehealthgroup.com\/wp-content\/uploads\/2024\/12\/Private-Label-Turmeric-Liquid-With-Black-Pepper-Drop-Bulk-5.webp\" alt=\"Marca del distribuidor C\u00farcuma l\u00edquida con pimienta negra gota Bulk-5\" class=\"wp-image-1223\" srcset=\"https:\/\/www.comehealthgroup.com\/wp-content\/uploads\/2024\/12\/Private-Label-Turmeric-Liquid-With-Black-Pepper-Drop-Bulk-5.webp 2000w, https:\/\/www.comehealthgroup.com\/wp-content\/uploads\/2024\/12\/Private-Label-Turmeric-Liquid-With-Black-Pepper-Drop-Bulk-5-300x300.webp 300w, https:\/\/www.comehealthgroup.com\/wp-content\/uploads\/2024\/12\/Private-Label-Turmeric-Liquid-With-Black-Pepper-Drop-Bulk-5-150x150.webp 150w, https:\/\/www.comehealthgroup.com\/wp-content\/uploads\/2024\/12\/Private-Label-Turmeric-Liquid-With-Black-Pepper-Drop-Bulk-5-768x768.webp 768w, https:\/\/www.comehealthgroup.com\/wp-content\/uploads\/2024\/12\/Private-Label-Turmeric-Liquid-With-Black-Pepper-Drop-Bulk-5-12x12.webp 12w, https:\/\/www.comehealthgroup.com\/wp-content\/uploads\/2024\/12\/Private-Label-Turmeric-Liquid-With-Black-Pepper-Drop-Bulk-5-1200x1200.webp 1200w, https:\/\/www.comehealthgroup.com\/wp-content\/uploads\/2024\/12\/Private-Label-Turmeric-Liquid-With-Black-Pepper-Drop-Bulk-5-600x600.webp 600w, https:\/\/www.comehealthgroup.com\/wp-content\/uploads\/2024\/12\/Private-Label-Turmeric-Liquid-With-Black-Pepper-Drop-Bulk-5-100x100.webp 100w\" sizes=\"(max-width: 2000px) 100vw, 2000px\" \/><\/figure>\n<\/div>\n<\/div>","protected":false},"excerpt":{"rendered":"<p>Esta gota l\u00edquida de c\u00farcuma de marca blanca con extracto de pimienta negra refuerza eficazmente el sistema inmunitario, mejora la absorci\u00f3n de la curcumina, ayuda a aliviar la inflamaci\u00f3n y favorece la flexibilidad de las articulaciones y la salud muscular. Su acci\u00f3n antiinflamatoria natural, con una biodisponibilidad mejorada, lo convierte en un suplemento ideal para la salud de las articulaciones, los m\u00fasculos y el bienestar general para mantenerle activo y c\u00f3modo.<\/p>\n<table style=\"border-collapse: collapse; width: 534.02pt;\" border=\"0\" width=\"534\" cellspacing=\"0\" cellpadding=\"0\">\n<tbody>\n<tr style=\"height: 15.20pt;\">\n<td class=\"et2\" style=\"height: 15.20pt; width: 101.70pt;\" width=\"101\" height=\"15\">Marca<\/td>\n<td class=\"et2\" style=\"width: 206.65pt;\" width=\"206\">Come Health\/ Marca blanca<\/td>\n<td class=\"et2\" style=\"width: 84.80pt;\" width=\"84\">Vida \u00fatil<\/td>\n<td class=\"et2\" style=\"width: 141.60pt;\" width=\"141\">24 meses<\/td>\n<\/tr>\n<tr style=\"height: 76.00pt;\">\n<td class=\"et2\" style=\"height: 76.00pt;\" height=\"76\">Ventajas del producto<\/td>\n<td class=\"et3\" style=\"width: 206.65pt;\" width=\"206\">*Apoyo al sistema inmunitario<br \/>*Biodisponibilidad mejorada<br \/>*Favorece una respuesta inflamatoria saludable<br \/>*Favorece la correcta flexibilidad articular y la salud muscular<\/td>\n<td class=\"et2\">Dimensiones (cm)<\/td>\n<td class=\"et3\" style=\"width: 141.60pt;\" width=\"141\">10*10*15cm<\/td>\n<\/tr>\n<tr style=\"height: 16.00pt;\">\n<td class=\"et2\" style=\"height: 16.00pt;\" height=\"16\">Forma farmac\u00e9utica<\/td>\n<td class=\"et4\">Gota de l\u00edquido<\/td>\n<td class=\"et2\">Peso neto (kg)<\/td>\n<td class=\"et3\" style=\"width: 141.60pt;\" width=\"141\">0,4 kg<\/td>\n<\/tr>\n<tr style=\"height: 15.20pt;\">\n<td class=\"et2\" style=\"height: 15.20pt;\" height=\"15\">Color<\/td>\n<td class=\"et2\">Amarillo<\/td>\n<td class=\"et2\">Personalizaci\u00f3n<\/td>\n<td class=\"et2\">Gr\u00e1fico, Logotipo, Paquete<\/td>\n<\/tr>\n<tr style=\"height: 16.00pt;\">\n<td class=\"et2\" style=\"height: 16.00pt;\" height=\"16\">Especificaci\u00f3n del producto<\/td>\n<td class=\"et3\" style=\"width: 206.65pt;\" width=\"206\">120 ml \/botella<\/td>\n<td class=\"et2\">Inventario<\/td>\n<td class=\"et2\">A medida, Fuera de stock<\/td>\n<\/tr>\n<\/tbody>\n<\/table>","protected":false},"featured_media":1219,"comment_status":"closed","ping_status":"closed","template":"","meta":{"_acf_changed":false},"product_brand":[],"product_cat":[34,47,49],"product_tag":[],"class_list":{"0":"post-1218","1":"product","2":"type-product","3":"status-publish","4":"has-post-thumbnail","6":"product_cat-private-label-health-supplements","7":"product_cat-liquid-supplements-wholesale","8":"product_cat-nutritional-supplement-wholesale","10":"first","11":"instock","12":"shipping-taxable","13":"product-type-simple"},"acf":[],"_links":{"self":[{"href":"https:\/\/www.comehealthgroup.com\/es\/wp-json\/wp\/v2\/product\/1218","targetHints":{"allow":["GET"]}}],"collection":[{"href":"https:\/\/www.comehealthgroup.com\/es\/wp-json\/wp\/v2\/product"}],"about":[{"href":"https:\/\/www.comehealthgroup.com\/es\/wp-json\/wp\/v2\/types\/product"}],"replies":[{"embeddable":true,"href":"https:\/\/www.comehealthgroup.com\/es\/wp-json\/wp\/v2\/comments?post=1218"}],"wp:featuredmedia":[{"embeddable":true,"href":"https:\/\/www.comehealthgroup.com\/es\/wp-json\/wp\/v2\/media\/1219"}],"wp:attachment":[{"href":"https:\/\/www.comehealthgroup.com\/es\/wp-json\/wp\/v2\/media?parent=1218"}],"wp:term":[{"taxonomy":"product_brand","embeddable":true,"href":"https:\/\/www.comehealthgroup.com\/es\/wp-json\/wp\/v2\/product_brand?post=1218"},{"taxonomy":"product_cat","embeddable":true,"href":"https:\/\/www.comehealthgroup.com\/es\/wp-json\/wp\/v2\/product_cat?post=1218"},{"taxonomy":"product_tag","embeddable":true,"href":"https:\/\/www.comehealthgroup.com\/es\/wp-json\/wp\/v2\/product_tag?post=1218"}],"curies":[{"name":"wp","href":"https:\/\/api.w.org\/{rel}","templated":true}]}}