{"id":1227,"date":"2024-12-24T02:27:58","date_gmt":"2024-12-24T02:27:58","guid":{"rendered":"https:\/\/www.comehealthgroup.com\/?post_type=product&#038;p=1227"},"modified":"2024-12-24T02:57:35","modified_gmt":"2024-12-24T02:57:35","slug":"liquid-herbal-extracts-wholesale","status":"publish","type":"product","link":"https:\/\/www.comehealthgroup.com\/es\/product\/liquid-herbal-extracts-wholesale\/","title":{"rendered":"Extractos Herbales L\u00edquidos de Diente de Le\u00f3n al por Mayor, Gotas de Diente de Le\u00f3n"},"content":{"rendered":"<div class=\"wp-block-columns is-layout-flex wp-container-core-columns-is-layout-9d6595d7 wp-block-columns-is-layout-flex\">\n<div class=\"wp-block-column is-layout-flow wp-block-column-is-layout-flow\">\n<h2 class=\"wp-block-heading\">Caracter\u00edsticas de los extractos l\u00edquidos de hierbas al por mayor<\/h2>\n\n\n\n<ul class=\"wp-block-list\">\n<li><strong>Refuerzo del metabolismo: <\/strong>Nuestro diente de le\u00f3n l\u00edquido extractos de hierbas al por mayor se puede utilizar para acelerar eficazmente el proceso metab\u00f3lico, ayudando a promover el consumo de energ\u00eda y la quema de grasa en el cuerpo, manteniendo un peso saludable y el nivel de vitalidad.<\/li>\n\n\n\n<li><strong>Refuerza el funcionamiento del sistema urinario: <\/strong>Diente de Le\u00f3n act\u00faa como un diur\u00e9tico suave, lo que significa que permite una mayor funcionalidad de su sistema urinario. Esta gota de diente de le\u00f3n de marca blanca favorece la funci\u00f3n saludable de los ri\u00f1ones y la vejiga, ayudando en la excreci\u00f3n y el equilibrio de agua en su cuerpo.<\/li>\n\n\n\n<li><strong>Efecto antidiarreico: <\/strong>Nuestro diente de le\u00f3n extractos l\u00edquidos de hierbas al por mayor tiene la capacidad de modular la salud intestinal, aliviar los s\u00edntomas de la diarrea causada por la indigesti\u00f3n o por otras causas, y mantener el est\u00f3mago c\u00f3modo con ingredientes naturales contra la diarrea de nuestro diente de le\u00f3n extractos l\u00edquidos de hierbas al por mayor.<\/li>\n\n\n\n<li><strong>Ingredientes naturales a base de plantas, seguros y eficaces: <\/strong>Nuestros extractos l\u00edquidos de hierbas de diente de le\u00f3n de marca blanca al por mayor se extraen de ingredientes vegetales naturales y no contienen aditivos qu\u00edmicos. Es suave, seguro y adecuado para el uso a largo plazo para mantener el equilibrio del cuerpo sano.<\/li>\n<\/ul>\n<\/div>\n\n\n\n<div class=\"wp-block-column is-layout-flow wp-block-column-is-layout-flow\">\n<figure class=\"wp-block-image size-full\"><img decoding=\"async\" width=\"1564\" height=\"2084\" src=\"https:\/\/www.comehealthgroup.com\/wp-content\/uploads\/2024\/12\/Dandelion-Liquid-Herbal-Extracts-Wholesale-Dandelion-Drops-4.webp\" alt=\"Extractos Herbales L\u00edquidos de Diente de Le\u00f3n al por Mayor, Gotas de Diente de Le\u00f3n-4\" class=\"wp-image-1231\" srcset=\"https:\/\/www.comehealthgroup.com\/wp-content\/uploads\/2024\/12\/Dandelion-Liquid-Herbal-Extracts-Wholesale-Dandelion-Drops-4.webp 1564w, https:\/\/www.comehealthgroup.com\/wp-content\/uploads\/2024\/12\/Dandelion-Liquid-Herbal-Extracts-Wholesale-Dandelion-Drops-4-225x300.webp 225w, https:\/\/www.comehealthgroup.com\/wp-content\/uploads\/2024\/12\/Dandelion-Liquid-Herbal-Extracts-Wholesale-Dandelion-Drops-4-768x1023.webp 768w, https:\/\/www.comehealthgroup.com\/wp-content\/uploads\/2024\/12\/Dandelion-Liquid-Herbal-Extracts-Wholesale-Dandelion-Drops-4-9x12.webp 9w, https:\/\/www.comehealthgroup.com\/wp-content\/uploads\/2024\/12\/Dandelion-Liquid-Herbal-Extracts-Wholesale-Dandelion-Drops-4-1200x1599.webp 1200w, https:\/\/www.comehealthgroup.com\/wp-content\/uploads\/2024\/12\/Dandelion-Liquid-Herbal-Extracts-Wholesale-Dandelion-Drops-4-600x799.webp 600w\" sizes=\"(max-width: 1564px) 100vw, 1564px\" \/><\/figure>\n<\/div>\n<\/div>","protected":false},"excerpt":{"rendered":"<p>Nuestros extractos l\u00edquidos de hierbas de diente de le\u00f3n de marca blanca al por mayor presentan un remedio natural \u00fanico para aumentar el metabolismo, fortalecer el sistema urinario, e incluso para los s\u00edntomas de la diarrea. Eso incluye nutrir los ri\u00f1ones y la vejiga con s\u00f3lo ingredientes a base de hierbas naturales, el apoyo a los procesos de desintoxicaci\u00f3n natural del cuerpo, y suavemente acondicionado el intestino para facilitar la atenci\u00f3n sanitaria.<\/p>\n<table style=\"border-collapse: collapse; width: 534.02pt;\" border=\"0\" width=\"534\" cellspacing=\"0\" cellpadding=\"0\">\n<tbody>\n<tr style=\"height: 15.20pt;\">\n<td class=\"et2\" style=\"height: 15.20pt; width: 101.70pt;\" width=\"101\" height=\"15\">Marca<\/td>\n<td class=\"et2\" style=\"width: 206.65pt;\" width=\"206\">Come Health\/ Marca blanca<\/td>\n<td class=\"et2\" style=\"width: 84.80pt;\" width=\"84\">Vida \u00fatil<\/td>\n<td class=\"et2\" style=\"width: 141.60pt;\" width=\"141\">24 meses<\/td>\n<\/tr>\n<tr style=\"height: 46.00pt;\">\n<td class=\"et2\" style=\"height: 46.00pt;\" height=\"46\">Ventajas del producto<\/td>\n<td class=\"et3\" style=\"width: 206.65pt;\" width=\"206\">*Acelera el metabolismo<br \/>*Fortalecimiento del sistema urinario<br \/>*Efecto antidiarreico<\/td>\n<td class=\"et2\">Dimensiones (cm)<\/td>\n<td class=\"et3\" style=\"width: 141.60pt;\" width=\"141\">8*8*13cm<\/td>\n<\/tr>\n<tr style=\"height: 16.00pt;\">\n<td class=\"et2\" style=\"height: 16.00pt;\" height=\"16\">Forma farmac\u00e9utica<\/td>\n<td class=\"et4\">Gota de l\u00edquido<\/td>\n<td class=\"et2\">Peso neto (kg)<\/td>\n<td class=\"et3\" style=\"width: 141.60pt;\" width=\"141\">0,18 kg<\/td>\n<\/tr>\n<tr style=\"height: 15.20pt;\">\n<td class=\"et2\" style=\"height: 15.20pt;\" height=\"15\">Color<\/td>\n<td class=\"et2\">Rojo<\/td>\n<td class=\"et2\">Personalizaci\u00f3n<\/td>\n<td class=\"et2\">Gr\u00e1fico, Logotipo, Paquete<\/td>\n<\/tr>\n<tr style=\"height: 16.00pt;\">\n<td class=\"et2\" style=\"height: 16.00pt;\" height=\"16\">Especificaci\u00f3n del producto<\/td>\n<td class=\"et3\" style=\"width: 206.65pt;\" width=\"206\">60 ml \/botella<\/td>\n<td class=\"et2\">Inventario<\/td>\n<td class=\"et2\">A medida, Fuera de stock<\/td>\n<\/tr>\n<\/tbody>\n<\/table>","protected":false},"featured_media":1234,"comment_status":"closed","ping_status":"closed","template":"","meta":{"_acf_changed":false},"product_brand":[],"product_cat":[34,47],"product_tag":[],"class_list":{"0":"post-1227","1":"product","2":"type-product","3":"status-publish","4":"has-post-thumbnail","6":"product_cat-private-label-health-supplements","7":"product_cat-liquid-supplements-wholesale","9":"first","10":"instock","11":"shipping-taxable","12":"product-type-simple"},"acf":[],"_links":{"self":[{"href":"https:\/\/www.comehealthgroup.com\/es\/wp-json\/wp\/v2\/product\/1227","targetHints":{"allow":["GET"]}}],"collection":[{"href":"https:\/\/www.comehealthgroup.com\/es\/wp-json\/wp\/v2\/product"}],"about":[{"href":"https:\/\/www.comehealthgroup.com\/es\/wp-json\/wp\/v2\/types\/product"}],"replies":[{"embeddable":true,"href":"https:\/\/www.comehealthgroup.com\/es\/wp-json\/wp\/v2\/comments?post=1227"}],"wp:featuredmedia":[{"embeddable":true,"href":"https:\/\/www.comehealthgroup.com\/es\/wp-json\/wp\/v2\/media\/1234"}],"wp:attachment":[{"href":"https:\/\/www.comehealthgroup.com\/es\/wp-json\/wp\/v2\/media?parent=1227"}],"wp:term":[{"taxonomy":"product_brand","embeddable":true,"href":"https:\/\/www.comehealthgroup.com\/es\/wp-json\/wp\/v2\/product_brand?post=1227"},{"taxonomy":"product_cat","embeddable":true,"href":"https:\/\/www.comehealthgroup.com\/es\/wp-json\/wp\/v2\/product_cat?post=1227"},{"taxonomy":"product_tag","embeddable":true,"href":"https:\/\/www.comehealthgroup.com\/es\/wp-json\/wp\/v2\/product_tag?post=1227"}],"curies":[{"name":"wp","href":"https:\/\/api.w.org\/{rel}","templated":true}]}}