{"id":1244,"date":"2024-12-24T03:19:51","date_gmt":"2024-12-24T03:19:51","guid":{"rendered":"https:\/\/www.comehealthgroup.com\/?post_type=product&#038;p=1244"},"modified":"2024-12-24T03:48:36","modified_gmt":"2024-12-24T03:48:36","slug":"bulk-fish-oil-capsules","status":"publish","type":"product","link":"https:\/\/www.comehealthgroup.com\/es\/product\/bulk-fish-oil-capsules\/","title":{"rendered":"C\u00e1psulas de aceite de pescado a granel, c\u00e1psulas blandas de aceite de pescado Omega 3 de marca blanca"},"content":{"rendered":"<div class=\"wp-block-columns is-layout-flex wp-container-core-columns-is-layout-9d6595d7 wp-block-columns-is-layout-flex\">\n<div class=\"wp-block-column is-layout-flow wp-block-column-is-layout-flow\">\n<h2 class=\"wp-block-heading\">Caracter\u00edsticas de las c\u00e1psulas de aceite de pescado a granel<\/h2>\n\n\n\n<ul class=\"wp-block-list\">\n<li><strong>Aumenta la memoria y la concentraci\u00f3n:<\/strong> Nuestras c\u00e1psulas de aceite de pescado a granel contienen un alto nivel de \u00e1cido graso Omega-3, principalmente DHA. Se ha afirmado que mejora la funci\u00f3n cerebral -fomentando la mejora de la memoria y la capacidad de aprendizaje- y aumenta la capacidad de concentrarse en algo, adecuado durante el trabajo diario y el estudio.<\/li>\n\n\n\n<li><strong>Fortalecer el sistema inmunitario:<\/strong> Estas c\u00e1psulas blandas de aceite de pescado Omega-3 de marca blanca desempe\u00f1an un papel importante en la modulaci\u00f3n del sistema inmunitario para ayudar a reforzar la capacidad de autodefensa del organismo. Su uso a largo plazo contribuye a mejorar la respuesta inmunitaria y ayuda al organismo a combatir los agentes pat\u00f3genos externos para mantener la salud.<\/li>\n\n\n\n<li><strong>Regular los niveles de l\u00edpidos en sangre: <\/strong>Los componentes de nuestras c\u00e1psulas de aceite de pescado a granel, como EPA y DHA, ayudan a regular los l\u00edpidos sangu\u00edneos mediante la reducci\u00f3n de LDL y el aumento de HDL, ayudando as\u00ed a que los l\u00edpidos sangu\u00edneos se mantengan dentro de un rango normal, reduciendo la morbilidad de las enfermedades cardiovasculares.<\/li>\n\n\n\n<li><strong>Absorci\u00f3n eficaz y c\u00f3modo de tomar: <\/strong>Nuestras c\u00e1psulas blandas de aceite de pescado Omega-3 de marca blanca se preparan a partir de extractos de aceite de pescado de alta calidad. Est\u00e1n bien procesados de tal manera que los \u00e1cidos grasos Omega-3 en ellos pueden ser absorbidos de manera eficiente en el cuerpo humano. Tiene un dise\u00f1o de c\u00e1psula blanda para la conveniencia de tragar, conveniente para la vida ocupada moderna.<\/li>\n<\/ul>\n<\/div>\n\n\n\n<div class=\"wp-block-column is-layout-flow wp-block-column-is-layout-flow\">\n<figure class=\"wp-block-image size-full\"><img decoding=\"async\" width=\"800\" height=\"800\" src=\"https:\/\/www.comehealthgroup.com\/wp-content\/uploads\/2024\/12\/Bulk-Fish-Oil-Capsules-Omega-3-Fish-Oil-Private-Label-Softgels-3.webp\" alt=\"C\u00e1psulas de Aceite de Pescado a Granel, Omega 3 Aceite de Pescado Etiqueta Privada Softgels-3\" class=\"wp-image-1247\" srcset=\"https:\/\/www.comehealthgroup.com\/wp-content\/uploads\/2024\/12\/Bulk-Fish-Oil-Capsules-Omega-3-Fish-Oil-Private-Label-Softgels-3.webp 800w, https:\/\/www.comehealthgroup.com\/wp-content\/uploads\/2024\/12\/Bulk-Fish-Oil-Capsules-Omega-3-Fish-Oil-Private-Label-Softgels-3-300x300.webp 300w, https:\/\/www.comehealthgroup.com\/wp-content\/uploads\/2024\/12\/Bulk-Fish-Oil-Capsules-Omega-3-Fish-Oil-Private-Label-Softgels-3-150x150.webp 150w, https:\/\/www.comehealthgroup.com\/wp-content\/uploads\/2024\/12\/Bulk-Fish-Oil-Capsules-Omega-3-Fish-Oil-Private-Label-Softgels-3-768x768.webp 768w, https:\/\/www.comehealthgroup.com\/wp-content\/uploads\/2024\/12\/Bulk-Fish-Oil-Capsules-Omega-3-Fish-Oil-Private-Label-Softgels-3-12x12.webp 12w, https:\/\/www.comehealthgroup.com\/wp-content\/uploads\/2024\/12\/Bulk-Fish-Oil-Capsules-Omega-3-Fish-Oil-Private-Label-Softgels-3-600x600.webp 600w, https:\/\/www.comehealthgroup.com\/wp-content\/uploads\/2024\/12\/Bulk-Fish-Oil-Capsules-Omega-3-Fish-Oil-Private-Label-Softgels-3-100x100.webp 100w\" sizes=\"(max-width: 800px) 100vw, 800px\" \/><\/figure>\n<\/div>\n<\/div>\n\n\n\n<p><\/p>","protected":false},"excerpt":{"rendered":"<p>Nuestras c\u00e1psulas de aceite de pescado Omega-3 a granel de marca blanca son un suplemento ideal para la memoria, el sistema inmunitario y la salud de los l\u00edpidos sangu\u00edneos. Rico en EPA y DHA de alta calidad, ayuda a potenciar la funci\u00f3n cerebral, mejorar la memoria y la concentraci\u00f3n, regular los l\u00edpidos sangu\u00edneos y mejorar la inmunidad. T\u00f3melo a diario, de forma sencilla y c\u00f3moda, para favorecer su salud general.<\/p>\n<table style=\"border-collapse: collapse; width: 534.02pt;\" border=\"0\" width=\"534\" cellspacing=\"0\" cellpadding=\"0\">\n<tbody>\n<tr style=\"height: 15.20pt;\">\n<td class=\"et2\" style=\"height: 15.20pt; width: 101.70pt;\" width=\"101\" height=\"15\">Marca<\/td>\n<td class=\"et2\" style=\"width: 206.65pt;\" width=\"206\">Come Health\/ Marca blanca<\/td>\n<td class=\"et2\" style=\"width: 84.80pt;\" width=\"84\">Vida \u00fatil<\/td>\n<td class=\"et2\" style=\"width: 141.60pt;\" width=\"141\">24 meses<\/td>\n<\/tr>\n<tr style=\"height: 76.00pt;\">\n<td class=\"et2\" style=\"height: 76.00pt;\" height=\"76\">Ventajas del producto<\/td>\n<td class=\"et3\" style=\"width: 206.65pt;\" width=\"206\">*Ayuda a mantener la memoria y la concentraci\u00f3n<br \/>*Fortalece el sistema inmunitario<br \/>*Regula los l\u00edpidos sangu\u00edneos<\/td>\n<td class=\"et2\">Dimensiones (cm)<\/td>\n<td class=\"et3\" style=\"width: 141.60pt;\" width=\"141\">8*8*15cm<br \/>10*10*15cm<br \/>10*10*18cm<\/td>\n<\/tr>\n<tr style=\"height: 46.00pt;\">\n<td class=\"et2\" style=\"height: 46.00pt;\" height=\"46\">Forma farmac\u00e9utica<\/td>\n<td class=\"et4\">2,5c C\u00e1psula blanda<\/td>\n<td class=\"et2\">Peso neto (kg)<\/td>\n<td class=\"et3\" style=\"width: 141.60pt;\" width=\"141\">0,26 kg<br \/>0,3 kg<br \/>0,48 kg<\/td>\n<\/tr>\n<tr style=\"height: 15.20pt;\">\n<td class=\"et2\" style=\"height: 15.20pt;\" height=\"15\">Color<\/td>\n<td class=\"et2\">Transparente<\/td>\n<td class=\"et2\">Personalizaci\u00f3n<\/td>\n<td class=\"et2\">Gr\u00e1fico, Logotipo, Paquete<\/td>\n<\/tr>\n<tr style=\"height: 46.00pt;\">\n<td class=\"et2\" style=\"height: 46.00pt;\" height=\"46\">Especificaci\u00f3n del producto<\/td>\n<td class=\"et3\" style=\"width: 206.65pt;\" width=\"206\">90 unidades \/botella<br \/>120 unidades \/botella<br \/>180 uds.\/botella<\/td>\n<td class=\"et2\">Inventario<\/td>\n<td class=\"et2\">A medida, Fuera de stock<\/td>\n<\/tr>\n<\/tbody>\n<\/table>","protected":false},"featured_media":1245,"comment_status":"closed","ping_status":"closed","template":"","meta":{"_acf_changed":false},"product_brand":[],"product_cat":[34,46,32,49],"product_tag":[],"class_list":{"0":"post-1244","1":"product","2":"type-product","3":"status-publish","4":"has-post-thumbnail","6":"product_cat-private-label-health-supplements","7":"product_cat-softgel-supplements-wholesale","8":"product_cat-private-label-immune-supplements","9":"product_cat-nutritional-supplement-wholesale","11":"first","12":"instock","13":"shipping-taxable","14":"product-type-simple"},"acf":[],"_links":{"self":[{"href":"https:\/\/www.comehealthgroup.com\/es\/wp-json\/wp\/v2\/product\/1244","targetHints":{"allow":["GET"]}}],"collection":[{"href":"https:\/\/www.comehealthgroup.com\/es\/wp-json\/wp\/v2\/product"}],"about":[{"href":"https:\/\/www.comehealthgroup.com\/es\/wp-json\/wp\/v2\/types\/product"}],"replies":[{"embeddable":true,"href":"https:\/\/www.comehealthgroup.com\/es\/wp-json\/wp\/v2\/comments?post=1244"}],"wp:featuredmedia":[{"embeddable":true,"href":"https:\/\/www.comehealthgroup.com\/es\/wp-json\/wp\/v2\/media\/1245"}],"wp:attachment":[{"href":"https:\/\/www.comehealthgroup.com\/es\/wp-json\/wp\/v2\/media?parent=1244"}],"wp:term":[{"taxonomy":"product_brand","embeddable":true,"href":"https:\/\/www.comehealthgroup.com\/es\/wp-json\/wp\/v2\/product_brand?post=1244"},{"taxonomy":"product_cat","embeddable":true,"href":"https:\/\/www.comehealthgroup.com\/es\/wp-json\/wp\/v2\/product_cat?post=1244"},{"taxonomy":"product_tag","embeddable":true,"href":"https:\/\/www.comehealthgroup.com\/es\/wp-json\/wp\/v2\/product_tag?post=1244"}],"curies":[{"name":"wp","href":"https:\/\/api.w.org\/{rel}","templated":true}]}}