{"id":1249,"date":"2024-12-24T03:49:08","date_gmt":"2024-12-24T03:49:08","guid":{"rendered":"https:\/\/www.comehealthgroup.com\/?post_type=product&#038;p=1249"},"modified":"2024-12-24T04:06:54","modified_gmt":"2024-12-24T04:06:54","slug":"bulk-omega-3-fish-oil-capsules","status":"publish","type":"product","link":"https:\/\/www.comehealthgroup.com\/es\/product\/bulk-omega-3-fish-oil-capsules\/","title":{"rendered":"C\u00e1psulas de aceite de pescado Omega 3 a granel, c\u00e1psulas blandas de marca blanca"},"content":{"rendered":"<div class=\"wp-block-columns is-layout-flex wp-container-core-columns-is-layout-9d6595d7 wp-block-columns-is-layout-flex\">\n<div class=\"wp-block-column is-layout-flow wp-block-column-is-layout-flow\">\n<h2 class=\"wp-block-heading\">Caracter\u00edsticas de las c\u00e1psulas de aceite de pescado Omega 3 a granel<\/h2>\n\n\n\n<ul class=\"wp-block-list\">\n<li><strong>Mejorar la salud del coraz\u00f3n: <\/strong>Nuestras c\u00e1psulas de aceite de pescado omega 3 a granel mantienen altos contenidos tanto de EPA como de DHA, que son bien conocidos por favorecer la presi\u00f3n arterial y mejorar la salud del coraz\u00f3n. La suplementaci\u00f3n con Omega 3 durante un periodo considerable disminuye eficazmente los riesgos de ECV y mantiene el funcionamiento saludable del coraz\u00f3n.<\/li>\n\n\n\n<li><strong>Reduce los triglic\u00e9ridos: <\/strong>Diferentes estudios realizados demuestran que los \u00e1cidos grasos Omega-3 reducen el nivel de triglic\u00e9ridos en la sangre. Nuestro aceite de pescado de marca blanca a granel ayuda a mantener el nivel de l\u00edpidos en la sangre dentro de un rango saludable y por lo tanto ayuda a reducir el riesgo de enfermedades del coraz\u00f3n y derrames cerebrales, por lo que este es uno de los principales suplementos, mientras que el mantenimiento de la salud cardiovascular.<\/li>\n\n\n\n<li><strong>Alivia el dolor y las molestias articulares: <\/strong>Los componentes omega-3 presentes en el aceite de pescado son antiinflamatorios por naturaleza. Ayuda a aliviar los dolores articulares y la inflamaci\u00f3n causada por la artritis o el ejercicio. Nuestro aceite de pescado en c\u00e1psulas blandas de marca blanca reduce las respuestas inflamatorias del cuerpo, mejora la flexibilidad de las articulaciones y las reconforta.<\/li>\n\n\n\n<li><strong>Mejora la funci\u00f3n cognitiva: <\/strong>El DHA, al ser el \u00e1cido graso m\u00e1s abundante en el cerebro, desempe\u00f1a un papel muy importante para la salud del cerebro y las funciones cognitivas. Las c\u00e1psulas de aceite de pescado omega 3 a granel ayudan a mejorar la memoria, aumentar la concentraci\u00f3n y retrasar el envejecimiento asociado al deterioro cognitivo.<\/li>\n<\/ul>\n<\/div>\n\n\n\n<div class=\"wp-block-column is-layout-flow wp-block-column-is-layout-flow\">\n<figure class=\"wp-block-image size-full\"><img decoding=\"async\" width=\"800\" height=\"800\" src=\"https:\/\/www.comehealthgroup.com\/wp-content\/uploads\/2024\/12\/Bulk-Omega-3-Fish-Oil-Capsules-Private-Label-Softgels-4.webp\" alt=\"C\u00e1psulas de aceite de pescado Omega 3 a granel, 4 c\u00e1psulas blandas de marca blanca\" class=\"wp-image-1253\" srcset=\"https:\/\/www.comehealthgroup.com\/wp-content\/uploads\/2024\/12\/Bulk-Omega-3-Fish-Oil-Capsules-Private-Label-Softgels-4.webp 800w, https:\/\/www.comehealthgroup.com\/wp-content\/uploads\/2024\/12\/Bulk-Omega-3-Fish-Oil-Capsules-Private-Label-Softgels-4-300x300.webp 300w, https:\/\/www.comehealthgroup.com\/wp-content\/uploads\/2024\/12\/Bulk-Omega-3-Fish-Oil-Capsules-Private-Label-Softgels-4-150x150.webp 150w, https:\/\/www.comehealthgroup.com\/wp-content\/uploads\/2024\/12\/Bulk-Omega-3-Fish-Oil-Capsules-Private-Label-Softgels-4-768x768.webp 768w, https:\/\/www.comehealthgroup.com\/wp-content\/uploads\/2024\/12\/Bulk-Omega-3-Fish-Oil-Capsules-Private-Label-Softgels-4-12x12.webp 12w, https:\/\/www.comehealthgroup.com\/wp-content\/uploads\/2024\/12\/Bulk-Omega-3-Fish-Oil-Capsules-Private-Label-Softgels-4-600x600.webp 600w, https:\/\/www.comehealthgroup.com\/wp-content\/uploads\/2024\/12\/Bulk-Omega-3-Fish-Oil-Capsules-Private-Label-Softgels-4-100x100.webp 100w\" sizes=\"(max-width: 800px) 100vw, 800px\" \/><\/figure>\n<\/div>\n<\/div>\n\n\n\n<p><\/p>","protected":false},"excerpt":{"rendered":"<p>Nuestras c\u00e1psulas de aceite de pescado omega 3 a granel mantienen la salud del coraz\u00f3n, la regulaci\u00f3n de los triglic\u00e9ridos, el alivio del dolor articular y el buen funcionamiento de las funciones cognitivas. Rico en DHA y EPA, su contenido ayuda a reducir al m\u00ednimo las posibilidades de sufrir enfermedades cardiovasculares, mejora el movimiento y la movilidad de las articulaciones y potencia el funcionamiento cerebral. Su aplicaci\u00f3n a largo plazo le mantendr\u00e1 sano por dentro y por fuera.<\/p>\n<table style=\"border-collapse: collapse; width: 534.02pt;\" border=\"0\" width=\"534\" cellspacing=\"0\" cellpadding=\"0\">\n<tbody>\n<tr style=\"height: 15.20pt;\">\n<td class=\"et2\" style=\"height: 15.20pt; width: 101.70pt;\" width=\"101\" height=\"15\">Marca<\/td>\n<td class=\"et2\" style=\"width: 206.65pt;\" width=\"206\">Come Health\/ Marca blanca<\/td>\n<td class=\"et2\" style=\"width: 84.80pt;\" width=\"84\">Vida \u00fatil<\/td>\n<td class=\"et2\" style=\"width: 141.60pt;\" width=\"141\">24 meses<\/td>\n<\/tr>\n<tr style=\"height: 76.00pt;\">\n<td class=\"et2\" style=\"height: 76.00pt;\" height=\"76\">Ventajas del producto<\/td>\n<td class=\"et3\" style=\"width: 206.65pt;\" width=\"206\">*Mejora la salud del coraz\u00f3n<br \/>*Bajan los niveles de triglic\u00e9ridos<br \/>*Reducir dolores y molestias articulares<br \/>*Mejora la funci\u00f3n cognitiva<\/td>\n<td class=\"et2\">Dimensiones (cm)<\/td>\n<td class=\"et3\" style=\"width: 141.60pt;\" width=\"141\">8*8*15cm<br \/>10*10*15cm<br \/>10*10*18cm<\/td>\n<\/tr>\n<tr style=\"height: 46.00pt;\">\n<td class=\"et2\" style=\"height: 46.00pt;\" height=\"46\">Forma farmac\u00e9utica<\/td>\n<td class=\"et4\">2,5c C\u00e1psula blanda<\/td>\n<td class=\"et2\">Peso neto (kg)<\/td>\n<td class=\"et3\" style=\"width: 141.60pt;\" width=\"141\">0,26 kg<br \/>0,3 kg<br \/>0,48 kg<\/td>\n<\/tr>\n<tr style=\"height: 15.20pt;\">\n<td class=\"et2\" style=\"height: 15.20pt;\" height=\"15\">Color<\/td>\n<td class=\"et2\">Transparente<\/td>\n<td class=\"et2\">Personalizaci\u00f3n<\/td>\n<td class=\"et2\">Gr\u00e1fico, Logotipo, Paquete<\/td>\n<\/tr>\n<tr style=\"height: 46.00pt;\">\n<td class=\"et2\" style=\"height: 46.00pt;\" height=\"46\">Especificaci\u00f3n del producto<\/td>\n<td class=\"et3\" style=\"width: 206.65pt;\" width=\"206\">90 unidades \/botella<br \/>120 unidades \/botella<br \/>180 uds.\/botella<\/td>\n<td class=\"et2\">Inventario<\/td>\n<td class=\"et2\">A medida, Fuera de stock<\/td>\n<\/tr>\n<\/tbody>\n<\/table>","protected":false},"featured_media":1250,"comment_status":"closed","ping_status":"closed","template":"","meta":{"_acf_changed":false},"product_brand":[],"product_cat":[34,46,32,49],"product_tag":[],"class_list":{"0":"post-1249","1":"product","2":"type-product","3":"status-publish","4":"has-post-thumbnail","6":"product_cat-private-label-health-supplements","7":"product_cat-softgel-supplements-wholesale","8":"product_cat-private-label-immune-supplements","9":"product_cat-nutritional-supplement-wholesale","11":"first","12":"instock","13":"shipping-taxable","14":"product-type-simple"},"acf":[],"_links":{"self":[{"href":"https:\/\/www.comehealthgroup.com\/es\/wp-json\/wp\/v2\/product\/1249","targetHints":{"allow":["GET"]}}],"collection":[{"href":"https:\/\/www.comehealthgroup.com\/es\/wp-json\/wp\/v2\/product"}],"about":[{"href":"https:\/\/www.comehealthgroup.com\/es\/wp-json\/wp\/v2\/types\/product"}],"replies":[{"embeddable":true,"href":"https:\/\/www.comehealthgroup.com\/es\/wp-json\/wp\/v2\/comments?post=1249"}],"wp:featuredmedia":[{"embeddable":true,"href":"https:\/\/www.comehealthgroup.com\/es\/wp-json\/wp\/v2\/media\/1250"}],"wp:attachment":[{"href":"https:\/\/www.comehealthgroup.com\/es\/wp-json\/wp\/v2\/media?parent=1249"}],"wp:term":[{"taxonomy":"product_brand","embeddable":true,"href":"https:\/\/www.comehealthgroup.com\/es\/wp-json\/wp\/v2\/product_brand?post=1249"},{"taxonomy":"product_cat","embeddable":true,"href":"https:\/\/www.comehealthgroup.com\/es\/wp-json\/wp\/v2\/product_cat?post=1249"},{"taxonomy":"product_tag","embeddable":true,"href":"https:\/\/www.comehealthgroup.com\/es\/wp-json\/wp\/v2\/product_tag?post=1249"}],"curies":[{"name":"wp","href":"https:\/\/api.w.org\/{rel}","templated":true}]}}