{"id":1264,"date":"2024-12-24T06:29:20","date_gmt":"2024-12-24T06:29:20","guid":{"rendered":"https:\/\/www.comehealthgroup.com\/?post_type=product&#038;p=1264"},"modified":"2024-12-24T06:41:12","modified_gmt":"2024-12-24T06:41:12","slug":"protein-powder-wholesale","status":"publish","type":"product","link":"https:\/\/www.comehealthgroup.com\/es\/product\/protein-powder-wholesale\/","title":{"rendered":"Prote\u00edna en polvo de marca blanca al por mayor, OEM Prote\u00edna en polvo"},"content":{"rendered":"<div class=\"wp-block-columns is-layout-flex wp-container-core-columns-is-layout-9d6595d7 wp-block-columns-is-layout-flex\">\n<div class=\"wp-block-column is-layout-flow wp-block-column-is-layout-flow\">\n<h2 class=\"wp-block-heading\">Caracter\u00edsticas de la prote\u00edna en polvo al por mayor<\/h2>\n\n\n\n<ul class=\"wp-block-list\">\n<li><strong>Aumento de la masa muscular:<\/strong> Este polvo de prote\u00edna OEM al por mayor est\u00e1 cargado con prote\u00edna de alta calidad, que puede promover la s\u00edntesis de los m\u00fasculos, por lo tanto, ayudar a aumentar la masa muscular. Proporciona el apoyo nutricional que su entrenamiento necesita, por lo tanto, la promoci\u00f3n de un crecimiento m\u00e1s r\u00e1pido de los m\u00fasculos y aumentar la fuerza.<\/li>\n\n\n\n<li><strong>Acelerar la p\u00e9rdida de grasa: <\/strong>El nutriente es muy importante para mantener y quemar grasa. Este polvo de prote\u00edna a granel aumenta la tasa metab\u00f3lica, la mejora de la quema de grasa y por lo tanto la aceleraci\u00f3n de la p\u00e9rdida de grasa hacia la conformaci\u00f3n de un cuerpo m\u00e1s firme.<\/li>\n\n\n\n<li><strong>Recuperaci\u00f3n y mejora de la fatiga: <\/strong>Esta prote\u00edna en polvo de marca blanca al por mayor es rica en amino\u00e1cidos esenciales, lo que ayuda a acelerar el proceso de recuperaci\u00f3n justo despu\u00e9s de un entrenamiento. Por lo tanto, reducir el dolor muscular y la fatiga. Le da a su cuerpo la nutrici\u00f3n que necesita para reparar los m\u00fasculos m\u00e1s r\u00e1pido y preparar su cuerpo para el pr\u00f3ximo desaf\u00edo.<\/li>\n\n\n\n<li><strong>Prevenir la degradaci\u00f3n muscular: <\/strong>En el ejercicio o la p\u00e9rdida de peso, la cantidad adecuada de suplementaci\u00f3n de prote\u00ednas previene eficazmente la degradaci\u00f3n de los m\u00fasculos. Puesto que usted est\u00e1 seguro de obtener cantidades adecuadas de prote\u00ednas, este polvo de prote\u00edna a granel le ayudar\u00e1 en la protecci\u00f3n de sus m\u00fasculos y prevenir la p\u00e9rdida de masa muscular durante la p\u00e9rdida de grasa o la aptitud.<\/li>\n<\/ul>\n<\/div>\n\n\n\n<div class=\"wp-block-column is-layout-flow wp-block-column-is-layout-flow\">\n<figure class=\"wp-block-image size-full\"><img decoding=\"async\" width=\"750\" height=\"750\" src=\"https:\/\/www.comehealthgroup.com\/wp-content\/uploads\/2024\/12\/Private-Label-Protein-Powder-Wholesale-OEM-Protein-Powder-3.webp\" alt=\"Prote\u00edna en polvo de marca blanca al por mayor, OEM Prote\u00edna en polvo-3\" class=\"wp-image-1267\" srcset=\"https:\/\/www.comehealthgroup.com\/wp-content\/uploads\/2024\/12\/Private-Label-Protein-Powder-Wholesale-OEM-Protein-Powder-3.webp 750w, https:\/\/www.comehealthgroup.com\/wp-content\/uploads\/2024\/12\/Private-Label-Protein-Powder-Wholesale-OEM-Protein-Powder-3-300x300.webp 300w, https:\/\/www.comehealthgroup.com\/wp-content\/uploads\/2024\/12\/Private-Label-Protein-Powder-Wholesale-OEM-Protein-Powder-3-150x150.webp 150w, https:\/\/www.comehealthgroup.com\/wp-content\/uploads\/2024\/12\/Private-Label-Protein-Powder-Wholesale-OEM-Protein-Powder-3-12x12.webp 12w, https:\/\/www.comehealthgroup.com\/wp-content\/uploads\/2024\/12\/Private-Label-Protein-Powder-Wholesale-OEM-Protein-Powder-3-600x600.webp 600w, https:\/\/www.comehealthgroup.com\/wp-content\/uploads\/2024\/12\/Private-Label-Protein-Powder-Wholesale-OEM-Protein-Powder-3-100x100.webp 100w\" sizes=\"(max-width: 750px) 100vw, 750px\" \/><\/figure>\n<\/div>\n<\/div>\n\n\n\n<p><\/p>","protected":false},"excerpt":{"rendered":"<p>Este polvo de prote\u00edna OEM al por mayor ayuda a construir masa muscular m\u00e1s r\u00e1pido y acelerar los procesos de p\u00e9rdida de grasa para asegurar finalmente una mejor recuperaci\u00f3n. Adem\u00e1s, ayuda a la construcci\u00f3n de los m\u00fasculos y disminuye la fatiga despu\u00e9s del ejercicio, poniendo as\u00ed fin a la rotura muscular. Las prote\u00ednas en polvo son un excelente suplemento nutricional, tanto para mejorar la forma f\u00edsica y aumentar la masa muscular como para perder grasa y moldear el cuerpo.<\/p>\n<table style=\"border-collapse: collapse; width: 534.02pt;\" border=\"0\" width=\"534\" cellspacing=\"0\" cellpadding=\"0\">\n<tbody>\n<tr style=\"height: 15.20pt;\">\n<td class=\"et2\" style=\"height: 15.20pt; width: 101.70pt;\" width=\"101\" height=\"15\">Marca<\/td>\n<td class=\"et2\" style=\"width: 206.65pt;\" width=\"206\">Come Health\/ Marca blanca<\/td>\n<td class=\"et2\" style=\"width: 84.80pt;\" width=\"84\">Vida \u00fatil<\/td>\n<td class=\"et2\" style=\"width: 141.60pt;\" width=\"141\">24 meses<\/td>\n<\/tr>\n<tr style=\"height: 61.00pt;\">\n<td class=\"et2\" style=\"height: 61.00pt;\" height=\"61\">Ventajas del producto<\/td>\n<td class=\"et3\" style=\"width: 206.65pt;\" width=\"206\">*Aumenta la masa muscular<br \/>*Acelera la p\u00e9rdida de grasa<br \/>*Mejora la recuperaci\u00f3n y reduce la fatiga<br \/>*Previene la degradaci\u00f3n muscular<\/td>\n<td class=\"et2\">Dimensiones (cm)<\/td>\n<td class=\"et3\" style=\"width: 141.60pt;\" width=\"141\">15*15*23cm<br \/>20*20*28cm<br \/>25*25*32cm<\/td>\n<\/tr>\n<tr style=\"height: 46.00pt;\">\n<td class=\"et2\" style=\"height: 46.00pt;\" height=\"46\">Forma farmac\u00e9utica<\/td>\n<td class=\"et4\">Polvo<\/td>\n<td class=\"et2\">Peso neto (kg)<\/td>\n<td class=\"et3\" style=\"width: 141.60pt;\" width=\"141\">0,6 kg<br \/>1,1 kg<br \/>1,7 kg<\/td>\n<\/tr>\n<tr style=\"height: 15.20pt;\">\n<td class=\"et2\" style=\"height: 15.20pt;\" height=\"15\">Color<\/td>\n<td class=\"et2\">blanco roto<\/td>\n<td class=\"et2\">Personalizaci\u00f3n<\/td>\n<td class=\"et2\">Gr\u00e1fico, Logotipo, Paquete<\/td>\n<\/tr>\n<tr style=\"height: 46.00pt;\">\n<td class=\"et2\" style=\"height: 46.00pt;\" height=\"46\">Especificaci\u00f3n del producto<\/td>\n<td class=\"et3\" style=\"width: 206.65pt;\" width=\"206\">1 lb \/botella<br \/>2 lb \/botella<br \/>2,5 lb\/botella<\/td>\n<td class=\"et2\">Inventario<\/td>\n<td class=\"et2\">A medida, Fuera de stock<\/td>\n<\/tr>\n<\/tbody>\n<\/table>","protected":false},"featured_media":1266,"comment_status":"closed","ping_status":"closed","template":"","meta":{"_acf_changed":false},"product_brand":[],"product_cat":[29,45,49],"product_tag":[],"class_list":{"0":"post-1264","1":"product","2":"type-product","3":"status-publish","4":"has-post-thumbnail","6":"product_cat-sports-supplements-wholesale","7":"product_cat-bulk-powder-supplements","8":"product_cat-nutritional-supplement-wholesale","10":"first","11":"instock","12":"shipping-taxable","13":"product-type-simple"},"acf":[],"_links":{"self":[{"href":"https:\/\/www.comehealthgroup.com\/es\/wp-json\/wp\/v2\/product\/1264","targetHints":{"allow":["GET"]}}],"collection":[{"href":"https:\/\/www.comehealthgroup.com\/es\/wp-json\/wp\/v2\/product"}],"about":[{"href":"https:\/\/www.comehealthgroup.com\/es\/wp-json\/wp\/v2\/types\/product"}],"replies":[{"embeddable":true,"href":"https:\/\/www.comehealthgroup.com\/es\/wp-json\/wp\/v2\/comments?post=1264"}],"wp:featuredmedia":[{"embeddable":true,"href":"https:\/\/www.comehealthgroup.com\/es\/wp-json\/wp\/v2\/media\/1266"}],"wp:attachment":[{"href":"https:\/\/www.comehealthgroup.com\/es\/wp-json\/wp\/v2\/media?parent=1264"}],"wp:term":[{"taxonomy":"product_brand","embeddable":true,"href":"https:\/\/www.comehealthgroup.com\/es\/wp-json\/wp\/v2\/product_brand?post=1264"},{"taxonomy":"product_cat","embeddable":true,"href":"https:\/\/www.comehealthgroup.com\/es\/wp-json\/wp\/v2\/product_cat?post=1264"},{"taxonomy":"product_tag","embeddable":true,"href":"https:\/\/www.comehealthgroup.com\/es\/wp-json\/wp\/v2\/product_tag?post=1264"}],"curies":[{"name":"wp","href":"https:\/\/api.w.org\/{rel}","templated":true}]}}