{"id":1268,"date":"2024-12-24T06:44:20","date_gmt":"2024-12-24T06:44:20","guid":{"rendered":"https:\/\/www.comehealthgroup.com\/?post_type=product&#038;p=1268"},"modified":"2024-12-24T07:27:16","modified_gmt":"2024-12-24T07:27:16","slug":"collagen-supplements-wholesale","status":"publish","type":"product","link":"https:\/\/www.comehealthgroup.com\/es\/product\/collagen-supplements-wholesale\/","title":{"rendered":"Suplementos de col\u00e1geno al por mayor, Gominolas para el cuidado de la piel de marca blanca"},"content":{"rendered":"<div class=\"wp-block-columns is-layout-flex wp-container-core-columns-is-layout-9d6595d7 wp-block-columns-is-layout-flex\">\n<div class=\"wp-block-column is-layout-flow wp-block-column-is-layout-flow\">\n<h2 class=\"wp-block-heading\">Caracter\u00edsticas de los suplementos de col\u00e1geno al por mayor<\/h2>\n\n\n\n<ul class=\"wp-block-list\">\n<li><strong>Favorece la regularidad intestinal: <\/strong>Estos suplementos de col\u00e1geno al por mayor gomitas contienen ingredientes derivados de la naturaleza que podr\u00edan contribuir a la salud intestinal de mejorar la regularidad y garantizar las funciones digestivas normales con el equilibrio intestinal.<\/li>\n\n\n\n<li><strong>Mejora la funci\u00f3n digestiva: <\/strong>Nuestras gominolas de col\u00e1geno para el cuidado de la piel de marca blanca son capaces de restaurar no s\u00f3lo la salud de la piel, sino tambi\u00e9n de aumentar eficazmente la funci\u00f3n del tracto gastrointestinal, apoyar la salud gastrointestinal, aliviar el estre\u00f1imiento y otras indigestiones que hacen que su est\u00f3mago est\u00e9 mucho m\u00e1s c\u00f3modo.<\/li>\n\n\n\n<li><strong>Fortalecer el sistema inmunitario: <\/strong>Estos suplementos de col\u00e1geno al por mayor en gominolas hacen hincapi\u00e9 en el fortalecimiento del sistema inmunitario para mejorar la resistencia del organismo a la hora de combatir pat\u00f3genos externos y ofrecer salud a largo plazo al organismo.<\/li>\n\n\n\n<li><strong>Blanquea la piel: <\/strong>Nuestras gominolas para el cuidado de la piel de marca blanca contienen gominolas de col\u00e1geno que mejoran la elasticidad y la firmeza de la piel, iluminan el tono de la piel, reducen las manchas y el tono desigual de la piel para que consiga una piel m\u00e1s brillante y suave.<\/li>\n<\/ul>\n<\/div>\n\n\n\n<div class=\"wp-block-column is-layout-flow wp-block-column-is-layout-flow\">\n<figure class=\"wp-block-image size-full\"><img decoding=\"async\" width=\"1667\" height=\"1667\" src=\"https:\/\/www.comehealthgroup.com\/wp-content\/uploads\/2024\/12\/Collagen-Supplements-Wholesale-Private-Label-Skin-Care-Gummies-3.webp\" alt=\"Suplementos de col\u00e1geno al por mayor, gomitas para el cuidado de la piel de marca propia-3\" class=\"wp-image-1272\" srcset=\"https:\/\/www.comehealthgroup.com\/wp-content\/uploads\/2024\/12\/Collagen-Supplements-Wholesale-Private-Label-Skin-Care-Gummies-3.webp 1667w, https:\/\/www.comehealthgroup.com\/wp-content\/uploads\/2024\/12\/Collagen-Supplements-Wholesale-Private-Label-Skin-Care-Gummies-3-300x300.webp 300w, https:\/\/www.comehealthgroup.com\/wp-content\/uploads\/2024\/12\/Collagen-Supplements-Wholesale-Private-Label-Skin-Care-Gummies-3-150x150.webp 150w, https:\/\/www.comehealthgroup.com\/wp-content\/uploads\/2024\/12\/Collagen-Supplements-Wholesale-Private-Label-Skin-Care-Gummies-3-768x768.webp 768w, https:\/\/www.comehealthgroup.com\/wp-content\/uploads\/2024\/12\/Collagen-Supplements-Wholesale-Private-Label-Skin-Care-Gummies-3-12x12.webp 12w, https:\/\/www.comehealthgroup.com\/wp-content\/uploads\/2024\/12\/Collagen-Supplements-Wholesale-Private-Label-Skin-Care-Gummies-3-1200x1200.webp 1200w, https:\/\/www.comehealthgroup.com\/wp-content\/uploads\/2024\/12\/Collagen-Supplements-Wholesale-Private-Label-Skin-Care-Gummies-3-600x600.webp 600w, https:\/\/www.comehealthgroup.com\/wp-content\/uploads\/2024\/12\/Collagen-Supplements-Wholesale-Private-Label-Skin-Care-Gummies-3-100x100.webp 100w\" sizes=\"(max-width: 1667px) 100vw, 1667px\" \/><\/figure>\n<\/div>\n<\/div>\n\n\n\n<p><\/p>","protected":false},"excerpt":{"rendered":"<p>Nuestras gominolas de col\u00e1geno al por mayor para el cuidado de la piel son suplementos naturales que combinan la salud intestinal, el refuerzo inmunol\u00f3gico y el embellecimiento de la piel. Ayuda a promover la regularidad intestinal, mejora la digesti\u00f3n, fortalece el sistema inmunol\u00f3gico al tiempo que blanquea el tono de la piel y mejora la elasticidad para una piel suave y brillante. Es adecuado para el uso diario como suplemento que ayudar\u00e1 a mantener un est\u00f3mago sano y una piel brillante.<\/p>\n<table style=\"border-collapse: collapse; width: 308.02pt;\" border=\"0\" width=\"308\" cellspacing=\"0\" cellpadding=\"0\">\n<tbody>\n<tr style=\"height: 15.20pt;\">\n<td class=\"et2\" style=\"height: 15.20pt; width: 101.70pt;\" width=\"101\" height=\"15\">Marca<\/td>\n<td class=\"et2\" style=\"width: 206.65pt;\" width=\"206\">Come Health\/ Marca blanca<\/td>\n<\/tr>\n<tr style=\"height: 61.00pt;\">\n<td class=\"et2\" style=\"height: 61.00pt;\" height=\"61\">Ventajas del producto<\/td>\n<td class=\"et3\" style=\"width: 206.65pt;\" width=\"206\">*Apoya la regularidad<br \/>*Mejora la digesti\u00f3n<br \/>*Aumenta la inmunidad<br \/>*Blanquea la piel<\/td>\n<\/tr>\n<tr style=\"height: 15.20pt;\">\n<td class=\"et2\" style=\"height: 15.20pt;\" height=\"15\">Forma farmac\u00e9utica<\/td>\n<td class=\"et2\">Gominola<\/td>\n<\/tr>\n<tr style=\"height: 15.20pt;\">\n<td class=\"et2\" style=\"height: 15.20pt;\" height=\"15\">Color<\/td>\n<td class=\"et2\">Rojo<\/td>\n<\/tr>\n<tr style=\"height: 16.00pt;\">\n<td class=\"et2\" style=\"height: 16.00pt;\" height=\"16\">Sabor<\/td>\n<td class=\"et3\" style=\"width: 206.65pt;\" width=\"206\">Fresa<\/td>\n<\/tr>\n<tr style=\"height: 15.20pt;\">\n<td class=\"et2\" style=\"height: 15.20pt;\" height=\"15\">Forma<\/td>\n<td class=\"et2\">Cubby<\/td>\n<\/tr>\n<tr style=\"height: 15.20pt;\">\n<td class=\"et2\" style=\"height: 15.20pt;\" height=\"15\">Especificaci\u00f3n del producto<\/td>\n<td class=\"et2\">60 unidades\/botella<\/td>\n<\/tr>\n<tr style=\"height: 15.20pt;\">\n<td class=\"et2\" style=\"height: 15.20pt;\" height=\"15\">Vida \u00fatil<\/td>\n<td class=\"et2\">24 meses<\/td>\n<\/tr>\n<tr style=\"height: 15.20pt;\">\n<td class=\"et2\" style=\"height: 15.20pt;\" height=\"15\">Dimensiones (cm)<\/td>\n<td class=\"et2\">7X7X12<\/td>\n<\/tr>\n<tr style=\"height: 15.20pt;\">\n<td class=\"et2\" style=\"height: 15.20pt;\" height=\"15\">Peso neto (kg)<\/td>\n<td class=\"et2\">0,22 kg<\/td>\n<\/tr>\n<tr style=\"height: 15.20pt;\">\n<td class=\"et2\" style=\"height: 15.20pt;\" height=\"15\">Personalizaci\u00f3n<\/td>\n<td class=\"et2\">Gr\u00e1fico, Logotipo, Paquete<\/td>\n<\/tr>\n<tr style=\"height: 15.20pt;\">\n<td class=\"et2\" style=\"height: 15.20pt;\" height=\"15\">Inventario<\/td>\n<td class=\"et2\">En stock<\/td>\n<\/tr>\n<\/tbody>\n<\/table>","protected":false},"featured_media":1271,"comment_status":"closed","ping_status":"closed","template":"","meta":{"_acf_changed":false},"product_brand":[],"product_cat":[40,36,34,32],"product_tag":[],"class_list":{"0":"post-1268","1":"product","2":"type-product","3":"status-publish","4":"has-post-thumbnail","6":"product_cat-private-label-gummy-supplements","7":"product_cat-private-label-beauty-supplements","8":"product_cat-private-label-health-supplements","9":"product_cat-private-label-immune-supplements","11":"first","12":"instock","13":"shipping-taxable","14":"product-type-simple"},"acf":[],"_links":{"self":[{"href":"https:\/\/www.comehealthgroup.com\/es\/wp-json\/wp\/v2\/product\/1268","targetHints":{"allow":["GET"]}}],"collection":[{"href":"https:\/\/www.comehealthgroup.com\/es\/wp-json\/wp\/v2\/product"}],"about":[{"href":"https:\/\/www.comehealthgroup.com\/es\/wp-json\/wp\/v2\/types\/product"}],"replies":[{"embeddable":true,"href":"https:\/\/www.comehealthgroup.com\/es\/wp-json\/wp\/v2\/comments?post=1268"}],"wp:featuredmedia":[{"embeddable":true,"href":"https:\/\/www.comehealthgroup.com\/es\/wp-json\/wp\/v2\/media\/1271"}],"wp:attachment":[{"href":"https:\/\/www.comehealthgroup.com\/es\/wp-json\/wp\/v2\/media?parent=1268"}],"wp:term":[{"taxonomy":"product_brand","embeddable":true,"href":"https:\/\/www.comehealthgroup.com\/es\/wp-json\/wp\/v2\/product_brand?post=1268"},{"taxonomy":"product_cat","embeddable":true,"href":"https:\/\/www.comehealthgroup.com\/es\/wp-json\/wp\/v2\/product_cat?post=1268"},{"taxonomy":"product_tag","embeddable":true,"href":"https:\/\/www.comehealthgroup.com\/es\/wp-json\/wp\/v2\/product_tag?post=1268"}],"curies":[{"name":"wp","href":"https:\/\/api.w.org\/{rel}","templated":true}]}}