{"id":1295,"date":"2024-12-28T01:23:30","date_gmt":"2024-12-28T01:23:30","guid":{"rendered":"https:\/\/www.comehealthgroup.com\/?post_type=product&#038;p=1295"},"modified":"2025-03-21T03:16:14","modified_gmt":"2025-03-21T03:16:14","slug":"private-label-gummy-beauty-supplements","status":"publish","type":"product","link":"https:\/\/www.comehealthgroup.com\/es\/product\/private-label-gummy-beauty-supplements\/","title":{"rendered":"Suplementos de belleza de gominola de marca blanca, Gominolas blanqueadoras de la piel"},"content":{"rendered":"<div class=\"wp-block-columns is-layout-flex wp-container-core-columns-is-layout-9d6595d7 wp-block-columns-is-layout-flex\">\n<div class=\"wp-block-column is-layout-flow wp-block-column-is-layout-flow\">\n<h2 class=\"wp-block-heading\">Caracter\u00edsticas de los suplementos de belleza de gominola de marca blanca<\/h2>\n\n\n\n<ul class=\"wp-block-list\">\n<li><strong>Ingredientes naturales que aclaran la piel: <\/strong>Nuestros suplementos de belleza de gominola de marca blanca utilizan ingredientes altamente activos, como el glutati\u00f3n y la vitamina C, que pueden penetrar profundamente en la piel para inhibir la generaci\u00f3n de melanina y ayudar a aclarar y uniformizar la textura de la piel.<\/li>\n\n\n\n<li><strong>Doble efecto de belleza y salud: <\/strong>El col\u00e1geno y otros ingredientes de belleza a\u00f1adidos se mezclan en esta gominola blanqueadora de la piel a granel para mejorar la elasticidad de la piel, reducir las l\u00edneas finas y mejorar la textura general de la piel. Es rica en nutrientes que pueden contribuir a la salud de las u\u00f1as y los huesos.<\/li>\n\n\n\n<li><strong>C\u00f3modo de comer y de buen sabor:<\/strong> Nuestros suplementos de belleza de gominola de marca blanca pueden tomarse en cualquier momento y lugar sin necesidad de beber agua ni tragar pastillas. Gracias a su textura suave y sabor refrescante, es m\u00e1s aceptable para los consumidores.<\/li>\n\n\n\n<li><strong>Personalizaci\u00f3n exclusiva de la marca: <\/strong>Ofrecemos servicios flexibles de personalizaci\u00f3n de etiquetas privadas para gominolas blanqueadoras de la piel a granel, que pueden ajustar la f\u00f3rmula, seleccionar sabores, dise\u00f1ar envases y personalizar etiquetas funcionales seg\u00fan las necesidades del cliente.<\/li>\n<\/ul>\n<\/div>\n\n\n\n<div class=\"wp-block-column is-layout-flow wp-block-column-is-layout-flow\">\n<figure class=\"wp-block-image size-full\"><img decoding=\"async\" width=\"1000\" height=\"992\" src=\"https:\/\/www.comehealthgroup.com\/wp-content\/uploads\/2024\/12\/Skin-Whitening-Gummy_03.webp\" alt=\"\" class=\"wp-image-2131\" srcset=\"https:\/\/www.comehealthgroup.com\/wp-content\/uploads\/2024\/12\/Skin-Whitening-Gummy_03.webp 1000w, https:\/\/www.comehealthgroup.com\/wp-content\/uploads\/2024\/12\/Skin-Whitening-Gummy_03-300x298.webp 300w, https:\/\/www.comehealthgroup.com\/wp-content\/uploads\/2024\/12\/Skin-Whitening-Gummy_03-150x150.webp 150w, https:\/\/www.comehealthgroup.com\/wp-content\/uploads\/2024\/12\/Skin-Whitening-Gummy_03-768x762.webp 768w, https:\/\/www.comehealthgroup.com\/wp-content\/uploads\/2024\/12\/Skin-Whitening-Gummy_03-12x12.webp 12w, https:\/\/www.comehealthgroup.com\/wp-content\/uploads\/2024\/12\/Skin-Whitening-Gummy_03-600x595.webp 600w, https:\/\/www.comehealthgroup.com\/wp-content\/uploads\/2024\/12\/Skin-Whitening-Gummy_03-100x100.webp 100w\" sizes=\"(max-width: 1000px) 100vw, 1000px\" \/><\/figure>\n<\/div>\n<\/div>\n\n\n\n<p><\/p>","protected":false},"excerpt":{"rendered":"<p>Este suplemento de belleza en gominolas de marca blanca para blanquear la piel est\u00e1 dirigido a todos aquellos que buscan belleza y salud. El glutati\u00f3n y el col\u00e1geno se unen en esta mezcla, favoreciendo el blanqueamiento y la luminosidad de la piel, mejorando su elasticidad y textura. El formato en gominola es f\u00e1cil de consumir y tiene un sabor delicioso.<\/p>\n<table style=\"border-collapse: collapse;width: 308.02pt\" border=\"0\" width=\"308\" cellspacing=\"0\" cellpadding=\"0\">\n<tbody>\n<tr style=\"height: 15.20pt\">\n<td class=\"et2\" style=\"height: 15.20pt;width: 101.70pt\" width=\"101\" height=\"15\">Marca<\/td>\n<td class=\"et2\" style=\"width: 206.65pt\" width=\"206\">Come Health\/ Marca blanca<\/td>\n<\/tr>\n<tr style=\"height: 16.00pt\">\n<td class=\"et2\" style=\"height: 16.00pt\" height=\"16\">Ventajas del producto<\/td>\n<td class=\"et3\" style=\"width: 206.65pt\" width=\"206\">*Apoya el blanqueamiento y la luminosidad de la piel<\/td>\n<\/tr>\n<tr style=\"height: 15.20pt\">\n<td class=\"et2\" style=\"height: 15.20pt\" height=\"15\">Forma farmac\u00e9utica<\/td>\n<td class=\"et2\">Gominola<\/td>\n<\/tr>\n<tr style=\"height: 15.20pt\">\n<td class=\"et2\" style=\"height: 15.20pt\" height=\"15\">Color<\/td>\n<td class=\"et2\">Rosa<\/td>\n<\/tr>\n<tr style=\"height: 16.00pt\">\n<td class=\"et2\" style=\"height: 16.00pt\" height=\"16\">Sabor<\/td>\n<td class=\"et3\" style=\"width: 206.65pt\" width=\"206\">Fresa<\/td>\n<\/tr>\n<tr style=\"height: 15.20pt\">\n<td class=\"et2\" style=\"height: 15.20pt\" height=\"15\">Forma<\/td>\n<td class=\"et2\">Cubby<\/td>\n<\/tr>\n<tr style=\"height: 15.20pt\">\n<td class=\"et2\" style=\"height: 15.20pt\" height=\"15\">Especificaci\u00f3n del producto<\/td>\n<td class=\"et2\">60 unidades\/botella<\/td>\n<\/tr>\n<tr style=\"height: 15.20pt\">\n<td class=\"et2\" style=\"height: 15.20pt\" height=\"15\">Vida \u00fatil<\/td>\n<td class=\"et2\">24 meses<\/td>\n<\/tr>\n<tr style=\"height: 15.20pt\">\n<td class=\"et2\" style=\"height: 15.20pt\" height=\"15\">Dimensiones (cm)<\/td>\n<td class=\"et2\">7X7X12<\/td>\n<\/tr>\n<tr style=\"height: 15.20pt\">\n<td class=\"et2\" style=\"height: 15.20pt\" height=\"15\">Peso neto (kg)<\/td>\n<td class=\"et2\">0,22 kg<\/td>\n<\/tr>\n<tr style=\"height: 15.20pt\">\n<td class=\"et2\" style=\"height: 15.20pt\" height=\"15\">Personalizaci\u00f3n<\/td>\n<td class=\"et2\">Gr\u00e1fico, Logotipo, Paquete<\/td>\n<\/tr>\n<tr style=\"height: 15.20pt\">\n<td class=\"et2\" style=\"height: 15.20pt\" height=\"15\">Inventario<\/td>\n<td class=\"et2\">En stock<\/td>\n<\/tr>\n<\/tbody>\n<\/table>","protected":false},"featured_media":2133,"comment_status":"closed","ping_status":"closed","template":"","meta":{"_acf_changed":false},"product_brand":[],"product_cat":[40,36,41],"product_tag":[],"class_list":{"0":"post-1295","1":"product","2":"type-product","3":"status-publish","4":"has-post-thumbnail","6":"product_cat-private-label-gummy-supplements","7":"product_cat-private-label-beauty-supplements","8":"product_cat-bulk-vitamins-and-minerals-supplements","10":"first","11":"instock","12":"shipping-taxable","13":"product-type-simple"},"acf":[],"_links":{"self":[{"href":"https:\/\/www.comehealthgroup.com\/es\/wp-json\/wp\/v2\/product\/1295","targetHints":{"allow":["GET"]}}],"collection":[{"href":"https:\/\/www.comehealthgroup.com\/es\/wp-json\/wp\/v2\/product"}],"about":[{"href":"https:\/\/www.comehealthgroup.com\/es\/wp-json\/wp\/v2\/types\/product"}],"replies":[{"embeddable":true,"href":"https:\/\/www.comehealthgroup.com\/es\/wp-json\/wp\/v2\/comments?post=1295"}],"wp:featuredmedia":[{"embeddable":true,"href":"https:\/\/www.comehealthgroup.com\/es\/wp-json\/wp\/v2\/media\/2133"}],"wp:attachment":[{"href":"https:\/\/www.comehealthgroup.com\/es\/wp-json\/wp\/v2\/media?parent=1295"}],"wp:term":[{"taxonomy":"product_brand","embeddable":true,"href":"https:\/\/www.comehealthgroup.com\/es\/wp-json\/wp\/v2\/product_brand?post=1295"},{"taxonomy":"product_cat","embeddable":true,"href":"https:\/\/www.comehealthgroup.com\/es\/wp-json\/wp\/v2\/product_cat?post=1295"},{"taxonomy":"product_tag","embeddable":true,"href":"https:\/\/www.comehealthgroup.com\/es\/wp-json\/wp\/v2\/product_tag?post=1295"}],"curies":[{"name":"wp","href":"https:\/\/api.w.org\/{rel}","templated":true}]}}