{"id":1300,"date":"2024-12-28T01:39:35","date_gmt":"2024-12-28T01:39:35","guid":{"rendered":"https:\/\/www.comehealthgroup.com\/?post_type=product&#038;p=1300"},"modified":"2025-03-21T02:59:45","modified_gmt":"2025-03-21T02:59:45","slug":"probiotic-gummies-bulk","status":"publish","type":"product","link":"https:\/\/www.comehealthgroup.com\/es\/product\/probiotic-gummies-bulk\/","title":{"rendered":"Gominolas Probioticas A Granel, Gominolas Probioticas De Marca Propia Para La Salud Intestinal"},"content":{"rendered":"<div class=\"wp-block-columns is-layout-flex wp-container-core-columns-is-layout-9d6595d7 wp-block-columns-is-layout-flex\">\n<div class=\"wp-block-column is-layout-flow wp-block-column-is-layout-flow\">\n<h2 class=\"wp-block-heading\">Caracter\u00edsticas de Probiotic Gummies Bulk<\/h2>\n\n\n\n<ul class=\"wp-block-list\">\n<li><strong>Favorece la salud intestinal: <\/strong>Nuestras gominolas probi\u00f3ticas a granel son ricas en una variedad de cepas probi\u00f3ticas, que pueden equilibrar la flora intestinal, promover la salud del entorno microecol\u00f3gico intestinal, proporcionar un fuerte apoyo al sistema digestivo y ayudar a mejorar el estre\u00f1imiento, la hinchaz\u00f3n y otros problemas.<\/li>\n\n\n\n<li><strong>Mejora la inmunidad: <\/strong>Las cepas probi\u00f3ticas de alta eficacia a\u00f1adidas en nuestras gominolas probi\u00f3ticas de marca blanca no s\u00f3lo ayudan a la digesti\u00f3n, sino que tambi\u00e9n estimulan el sistema inmunitario, reforzando las funciones de barrera intestinal y ayudando as\u00ed al organismo a resistir a los agentes pat\u00f3genos externos.<\/li>\n\n\n\n<li><strong>Delicioso y f\u00e1cil de tomar: <\/strong>Dulces y \u00e1cidas, sabrosas y f\u00e1ciles de tomar, nuestras gominolas probi\u00f3ticas a granel abandonan la forma tradicional de polvo o c\u00e1psula sobre los productos probi\u00f3ticos para facilitar su aceptaci\u00f3n por parte de los clientes con una vida moderna m\u00e1s sana y r\u00e1pida.<\/li>\n\n\n\n<li><strong>Servicio de personalizaci\u00f3n de marcas blancas: <\/strong>Ofrecemos servicios flexibles de fabricaci\u00f3n de gominolas probi\u00f3ticas de marca blanca, como ajustar los tipos de cepa seg\u00fan las necesidades, aromatizar las gominolas y redise\u00f1ar el envase. Podemos ofrecer apoyo profesional a nuestros clientes tanto para lanzar un producto de marca \u00fanica como para satisfacer las necesidades de nichos de mercado.<\/li>\n<\/ul>\n<\/div>\n\n\n\n<div class=\"wp-block-column is-layout-flow wp-block-column-is-layout-flow\">\n<figure class=\"wp-block-image size-full\"><img decoding=\"async\" width=\"1396\" height=\"1396\" src=\"https:\/\/www.comehealthgroup.com\/wp-content\/uploads\/2024\/12\/Probiotic-Gummies_04.webp\" alt=\"\" class=\"wp-image-2124\" srcset=\"https:\/\/www.comehealthgroup.com\/wp-content\/uploads\/2024\/12\/Probiotic-Gummies_04.webp 1396w, https:\/\/www.comehealthgroup.com\/wp-content\/uploads\/2024\/12\/Probiotic-Gummies_04-300x300.webp 300w, https:\/\/www.comehealthgroup.com\/wp-content\/uploads\/2024\/12\/Probiotic-Gummies_04-150x150.webp 150w, https:\/\/www.comehealthgroup.com\/wp-content\/uploads\/2024\/12\/Probiotic-Gummies_04-768x768.webp 768w, https:\/\/www.comehealthgroup.com\/wp-content\/uploads\/2024\/12\/Probiotic-Gummies_04-12x12.webp 12w, https:\/\/www.comehealthgroup.com\/wp-content\/uploads\/2024\/12\/Probiotic-Gummies_04-1200x1200.webp 1200w, https:\/\/www.comehealthgroup.com\/wp-content\/uploads\/2024\/12\/Probiotic-Gummies_04-600x600.webp 600w, https:\/\/www.comehealthgroup.com\/wp-content\/uploads\/2024\/12\/Probiotic-Gummies_04-100x100.webp 100w\" sizes=\"(max-width: 1396px) 100vw, 1396px\" \/><\/figure>\n<\/div>\n<\/div>\n\n\n\n<p><\/p>","protected":false},"excerpt":{"rendered":"<p>Esta etiqueta privada probi\u00f3ticos gomitas granel combina todo tipo de cepas de alta eficiencia para la promoci\u00f3n de la salud intestinal, la promoci\u00f3n de la digesti\u00f3n, y la mejora de la inmunidad. Sabe muy bien y es muy f\u00e1cil de comer. Como fabricante profesional, ComeHealth ofrece servicios de personalizaci\u00f3n de marca propia y es un socio ideal para sus productos de salud de marca.<\/p>\n<table style=\"border-collapse: collapse;width: 308.02pt\" border=\"0\" width=\"308\" cellspacing=\"0\" cellpadding=\"0\">\n<tbody>\n<tr style=\"height: 15.20pt\">\n<td class=\"et2\" style=\"height: 15.20pt;width: 101.70pt\" width=\"101\" height=\"15\">Marca<\/td>\n<td class=\"et2\" style=\"width: 206.65pt\" width=\"206\">Come Health\/ Marca blanca<\/td>\n<\/tr>\n<tr style=\"height: 46.00pt\">\n<td class=\"et2\" style=\"height: 46.00pt\" height=\"46\">Ventajas del producto<\/td>\n<td class=\"et3\" style=\"width: 206.65pt\" width=\"206\">*Promueve la salud intestinal<br \/>*Favorece la salud digestiva<br \/>*Apoya la salud inmunitaria<\/td>\n<\/tr>\n<tr style=\"height: 15.20pt\">\n<td class=\"et2\" style=\"height: 15.20pt\" height=\"15\">Forma farmac\u00e9utica<\/td>\n<td class=\"et2\">Gominola<\/td>\n<\/tr>\n<tr style=\"height: 15.20pt\">\n<td class=\"et2\" style=\"height: 15.20pt\" height=\"15\">Color<\/td>\n<td class=\"et2\">Amarillo<\/td>\n<\/tr>\n<tr style=\"height: 16.00pt\">\n<td class=\"et2\" style=\"height: 16.00pt\" height=\"16\">Sabor<\/td>\n<td class=\"et3\" style=\"width: 206.65pt\" width=\"206\">Mezcla de bayas<\/td>\n<\/tr>\n<tr style=\"height: 15.20pt\">\n<td class=\"et2\" style=\"height: 15.20pt\" height=\"15\">Forma<\/td>\n<td class=\"et2\">Cubby<\/td>\n<\/tr>\n<tr style=\"height: 15.20pt\">\n<td class=\"et2\" style=\"height: 15.20pt\" height=\"15\">Especificaci\u00f3n del producto<\/td>\n<td class=\"et2\">60 unidades\/botella<\/td>\n<\/tr>\n<tr style=\"height: 15.20pt\">\n<td class=\"et2\" style=\"height: 15.20pt\" height=\"15\">Vida \u00fatil<\/td>\n<td class=\"et2\">24 meses<\/td>\n<\/tr>\n<tr style=\"height: 15.20pt\">\n<td class=\"et2\" style=\"height: 15.20pt\" height=\"15\">Dimensiones (cm)<\/td>\n<td class=\"et2\">7X7X12<\/td>\n<\/tr>\n<tr style=\"height: 15.20pt\">\n<td class=\"et2\" style=\"height: 15.20pt\" height=\"15\">Peso neto (kg)<\/td>\n<td class=\"et2\">0,22 kg<\/td>\n<\/tr>\n<tr style=\"height: 15.20pt\">\n<td class=\"et2\" style=\"height: 15.20pt\" height=\"15\">Personalizaci\u00f3n<\/td>\n<td class=\"et2\">Gr\u00e1fico, Logotipo, Paquete<\/td>\n<\/tr>\n<tr style=\"height: 15.20pt\">\n<td class=\"et2\" style=\"height: 15.20pt\" height=\"15\">Inventario<\/td>\n<td class=\"et2\">En stock<\/td>\n<\/tr>\n<\/tbody>\n<\/table>\n<p>&nbsp;<\/p>","protected":false},"featured_media":2126,"comment_status":"closed","ping_status":"closed","template":"","meta":{"_acf_changed":false},"product_brand":[],"product_cat":[40,34,32],"product_tag":[],"class_list":{"0":"post-1300","1":"product","2":"type-product","3":"status-publish","4":"has-post-thumbnail","6":"product_cat-private-label-gummy-supplements","7":"product_cat-private-label-health-supplements","8":"product_cat-private-label-immune-supplements","10":"first","11":"instock","12":"shipping-taxable","13":"product-type-simple"},"acf":[],"_links":{"self":[{"href":"https:\/\/www.comehealthgroup.com\/es\/wp-json\/wp\/v2\/product\/1300","targetHints":{"allow":["GET"]}}],"collection":[{"href":"https:\/\/www.comehealthgroup.com\/es\/wp-json\/wp\/v2\/product"}],"about":[{"href":"https:\/\/www.comehealthgroup.com\/es\/wp-json\/wp\/v2\/types\/product"}],"replies":[{"embeddable":true,"href":"https:\/\/www.comehealthgroup.com\/es\/wp-json\/wp\/v2\/comments?post=1300"}],"wp:featuredmedia":[{"embeddable":true,"href":"https:\/\/www.comehealthgroup.com\/es\/wp-json\/wp\/v2\/media\/2126"}],"wp:attachment":[{"href":"https:\/\/www.comehealthgroup.com\/es\/wp-json\/wp\/v2\/media?parent=1300"}],"wp:term":[{"taxonomy":"product_brand","embeddable":true,"href":"https:\/\/www.comehealthgroup.com\/es\/wp-json\/wp\/v2\/product_brand?post=1300"},{"taxonomy":"product_cat","embeddable":true,"href":"https:\/\/www.comehealthgroup.com\/es\/wp-json\/wp\/v2\/product_cat?post=1300"},{"taxonomy":"product_tag","embeddable":true,"href":"https:\/\/www.comehealthgroup.com\/es\/wp-json\/wp\/v2\/product_tag?post=1300"}],"curies":[{"name":"wp","href":"https:\/\/api.w.org\/{rel}","templated":true}]}}