{"id":1305,"date":"2024-12-28T01:54:42","date_gmt":"2024-12-28T01:54:42","guid":{"rendered":"https:\/\/www.comehealthgroup.com\/?post_type=product&#038;p=1305"},"modified":"2025-03-21T01:43:38","modified_gmt":"2025-03-21T01:43:38","slug":"bulk-vitamin-c-gummies","status":"publish","type":"product","link":"https:\/\/www.comehealthgroup.com\/es\/product\/bulk-vitamin-c-gummies\/","title":{"rendered":"Gominolas de Vitamina C a granel, Gominolas de Vitamina para las defensas inmunitarias"},"content":{"rendered":"<div class=\"wp-block-columns is-layout-flex wp-container-core-columns-is-layout-9d6595d7 wp-block-columns-is-layout-flex\">\n<div class=\"wp-block-column is-layout-flow wp-block-column-is-layout-flow\">\n<h2 class=\"wp-block-heading\">Caracter\u00edsticas de Bulk Vitamin C Gummies<\/h2>\n\n\n\n<ul class=\"wp-block-list\">\n<li><strong>Fortalecer el sistema inmunitario: <\/strong>Nuestras gominolas de vitamina C a granel son abundantes en vitamina C de alta concentraci\u00f3n. Esta gominola mejora eficazmente la funci\u00f3n del sistema inmunol\u00f3gico, ayudando al cuerpo a resistir los virus pat\u00f3genos del exterior y acompa\u00f1ando la salud diaria.<\/li>\n\n\n\n<li><strong>Favorece la salud digestiva:<\/strong> Por mucho que la vitamina C se considere estupenda para el sistema inmunitario, realmente funciona en el mantenimiento de las funciones gastrointestinales. Nuestras gominolas vitam\u00ednicas de marca blanca pueden promover la secreci\u00f3n de enzimas digestivas para permitir una r\u00e1pida y mejor absorci\u00f3n de los alimentos.<\/li>\n\n\n\n<li><strong>Aliviar la inflamaci\u00f3n: <\/strong>La vitamina C tiene propiedades antioxidantes que reducen el estr\u00e9s oxidativo del organismo. Nuestras gominolas de vitamina C a granel reducen la inflamaci\u00f3n, protegen la salud celular y mantienen el equilibrio corporal.<\/li>\n\n\n\n<li><strong>Servicio personalizado de marca blanca: <\/strong>Ofrecemos una gama de servicios de valor a\u00f1adido en gominolas vitam\u00ednicas de marca blanca, que incluyen, entre otros, la selecci\u00f3n de sabores, la proporci\u00f3n de vitaminas y el dise\u00f1o de envases, para ayudar a nuestros clientes a crear sus productos de marca exclusiva para satisfacer las distintas necesidades del mercado.<\/li>\n<\/ul>\n<\/div>\n\n\n\n<div class=\"wp-block-column is-layout-flow wp-block-column-is-layout-flow\">\n<figure class=\"wp-block-image size-full\"><img decoding=\"async\" width=\"1500\" height=\"1500\" src=\"https:\/\/www.comehealthgroup.com\/wp-content\/uploads\/2024\/12\/Vitamin-C-Gummies_03.webp\" alt=\"\" class=\"wp-image-2121\" srcset=\"https:\/\/www.comehealthgroup.com\/wp-content\/uploads\/2024\/12\/Vitamin-C-Gummies_03.webp 1500w, https:\/\/www.comehealthgroup.com\/wp-content\/uploads\/2024\/12\/Vitamin-C-Gummies_03-300x300.webp 300w, https:\/\/www.comehealthgroup.com\/wp-content\/uploads\/2024\/12\/Vitamin-C-Gummies_03-150x150.webp 150w, https:\/\/www.comehealthgroup.com\/wp-content\/uploads\/2024\/12\/Vitamin-C-Gummies_03-768x768.webp 768w, https:\/\/www.comehealthgroup.com\/wp-content\/uploads\/2024\/12\/Vitamin-C-Gummies_03-12x12.webp 12w, https:\/\/www.comehealthgroup.com\/wp-content\/uploads\/2024\/12\/Vitamin-C-Gummies_03-1200x1200.webp 1200w, https:\/\/www.comehealthgroup.com\/wp-content\/uploads\/2024\/12\/Vitamin-C-Gummies_03-600x600.webp 600w, https:\/\/www.comehealthgroup.com\/wp-content\/uploads\/2024\/12\/Vitamin-C-Gummies_03-100x100.webp 100w\" sizes=\"(max-width: 1500px) 100vw, 1500px\" \/><\/figure>\n<\/div>\n<\/div>\n\n\n\n<p><\/p>","protected":false},"excerpt":{"rendered":"<p>Bienvenido a las gominolas personalizadas. Esta vitamina C a granel gomitas es para mejorar la inmunidad, mejorar la digesti\u00f3n, y aliviar la inflamaci\u00f3n, rica en ingredientes antioxidantes de alta eficiencia. Es adecuado para el apoyo diario de la salud. ComeHealth proporciona servicios profesionales de personalizaci\u00f3n de marca privada y es su opci\u00f3n ideal para construir una marca saludable.<\/p>\n<table style=\"border-collapse: collapse;width: 308.02pt\" border=\"0\" width=\"308\" cellspacing=\"0\" cellpadding=\"0\">\n<tbody>\n<tr style=\"height: 15.20pt\">\n<td class=\"et2\" style=\"height: 15.20pt;width: 101.70pt\" width=\"101\" height=\"15\">Marca<\/td>\n<td class=\"et2\" style=\"width: 206.65pt\" width=\"206\">Come Health\/ Marca blanca<\/td>\n<\/tr>\n<tr style=\"height: 46.00pt\">\n<td class=\"et2\" style=\"height: 46.00pt\" height=\"46\">Ventajas del producto<\/td>\n<td class=\"et3\" style=\"width: 206.65pt\" width=\"206\">*Mejora la digesti\u00f3n<br \/>*Apoya el sistema inmunitario<br \/>*Reduce la inflamaci\u00f3n<\/td>\n<\/tr>\n<tr style=\"height: 15.20pt\">\n<td class=\"et2\" style=\"height: 15.20pt\" height=\"15\">Forma farmac\u00e9utica<\/td>\n<td class=\"et2\">Gominola<\/td>\n<\/tr>\n<tr style=\"height: 15.20pt\">\n<td class=\"et2\" style=\"height: 15.20pt\" height=\"15\">Color<\/td>\n<td class=\"et2\">Naranja<\/td>\n<\/tr>\n<tr style=\"height: 16.00pt\">\n<td class=\"et2\" style=\"height: 16.00pt\" height=\"16\">Sabor<\/td>\n<td class=\"et3\" style=\"width: 206.65pt\" width=\"206\">Sabor a naranja<\/td>\n<\/tr>\n<tr style=\"height: 15.20pt\">\n<td class=\"et2\" style=\"height: 15.20pt\" height=\"15\">Forma<\/td>\n<td class=\"et2\">Cubby<\/td>\n<\/tr>\n<tr style=\"height: 15.20pt\">\n<td class=\"et2\" style=\"height: 15.20pt\" height=\"15\">Especificaci\u00f3n del producto<\/td>\n<td class=\"et2\">60 unidades\/botella<\/td>\n<\/tr>\n<tr style=\"height: 15.20pt\">\n<td class=\"et2\" style=\"height: 15.20pt\" height=\"15\">Vida \u00fatil<\/td>\n<td class=\"et2\">24 meses<\/td>\n<\/tr>\n<tr style=\"height: 15.20pt\">\n<td class=\"et2\" style=\"height: 15.20pt\" height=\"15\">Dimensiones (cm)<\/td>\n<td class=\"et2\">7X7X12<\/td>\n<\/tr>\n<tr style=\"height: 15.20pt\">\n<td class=\"et2\" style=\"height: 15.20pt\" height=\"15\">Peso neto (kg)<\/td>\n<td class=\"et2\">0,22 kg<\/td>\n<\/tr>\n<tr style=\"height: 15.20pt\">\n<td class=\"et2\" style=\"height: 15.20pt\" height=\"15\">Personalizaci\u00f3n<\/td>\n<td class=\"et2\">Gr\u00e1fico, Logotipo, Paquete<\/td>\n<\/tr>\n<tr style=\"height: 15.20pt\">\n<td class=\"et2\" style=\"height: 15.20pt\" height=\"15\">Inventario<\/td>\n<td class=\"et2\">En stock<\/td>\n<\/tr>\n<\/tbody>\n<\/table>\n<p>&nbsp;<\/p>","protected":false},"featured_media":2119,"comment_status":"closed","ping_status":"closed","template":"","meta":{"_acf_changed":false},"product_brand":[],"product_cat":[40,34,32,41],"product_tag":[],"class_list":{"0":"post-1305","1":"product","2":"type-product","3":"status-publish","4":"has-post-thumbnail","6":"product_cat-private-label-gummy-supplements","7":"product_cat-private-label-health-supplements","8":"product_cat-private-label-immune-supplements","9":"product_cat-bulk-vitamins-and-minerals-supplements","11":"first","12":"instock","13":"shipping-taxable","14":"product-type-simple"},"acf":[],"_links":{"self":[{"href":"https:\/\/www.comehealthgroup.com\/es\/wp-json\/wp\/v2\/product\/1305","targetHints":{"allow":["GET"]}}],"collection":[{"href":"https:\/\/www.comehealthgroup.com\/es\/wp-json\/wp\/v2\/product"}],"about":[{"href":"https:\/\/www.comehealthgroup.com\/es\/wp-json\/wp\/v2\/types\/product"}],"replies":[{"embeddable":true,"href":"https:\/\/www.comehealthgroup.com\/es\/wp-json\/wp\/v2\/comments?post=1305"}],"wp:featuredmedia":[{"embeddable":true,"href":"https:\/\/www.comehealthgroup.com\/es\/wp-json\/wp\/v2\/media\/2119"}],"wp:attachment":[{"href":"https:\/\/www.comehealthgroup.com\/es\/wp-json\/wp\/v2\/media?parent=1305"}],"wp:term":[{"taxonomy":"product_brand","embeddable":true,"href":"https:\/\/www.comehealthgroup.com\/es\/wp-json\/wp\/v2\/product_brand?post=1305"},{"taxonomy":"product_cat","embeddable":true,"href":"https:\/\/www.comehealthgroup.com\/es\/wp-json\/wp\/v2\/product_cat?post=1305"},{"taxonomy":"product_tag","embeddable":true,"href":"https:\/\/www.comehealthgroup.com\/es\/wp-json\/wp\/v2\/product_tag?post=1305"}],"curies":[{"name":"wp","href":"https:\/\/api.w.org\/{rel}","templated":true}]}}