{"id":1311,"date":"2024-12-28T02:14:41","date_gmt":"2024-12-28T02:14:41","guid":{"rendered":"https:\/\/www.comehealthgroup.com\/?post_type=product&#038;p=1311"},"modified":"2025-03-20T02:23:54","modified_gmt":"2025-03-20T02:23:54","slug":"melatonin-gummies-wholesale","status":"publish","type":"product","link":"https:\/\/www.comehealthgroup.com\/es\/product\/melatonin-gummies-wholesale\/","title":{"rendered":"Gominolas de Melatonina al por mayor para la salud del sue\u00f1o"},"content":{"rendered":"<div class=\"wp-block-columns is-layout-flex wp-container-core-columns-is-layout-9d6595d7 wp-block-columns-is-layout-flex\">\n<div class=\"wp-block-column is-layout-flow wp-block-column-is-layout-flow\">\n<h2 class=\"wp-block-heading\">Caracter\u00edsticas de Melatonin Gummies Wholesale<\/h2>\n\n\n\n<ul class=\"wp-block-list\">\n<li><strong>Ayuda a conciliar el sue\u00f1o r\u00e1pidamente: <\/strong>Nuestras gomitas de melatonina al por mayor son ricas en melatonina cient\u00edficamente preparada. \u00c9stos pueden regular el ciclo del sue\u00f1o de una persona muy con eficacia y ayudarles a alcanzar un estado profundo del sue\u00f1o dentro de un palmo del tiempo muy corto.<\/li>\n\n\n\n<li><strong>Prolongar el tiempo de sue\u00f1o:<\/strong> La f\u00f3rmula cuidadosamente desarrollada de nuestras gominolas de melatonina de marca blanca no s\u00f3lo le ayuda a conciliar el sue\u00f1o r\u00e1pidamente, sino que tambi\u00e9n le ayuda a mantener un sue\u00f1o de alta calidad a largo plazo y a reducir los despertares frecuentes por la noche.<\/li>\n\n\n\n<li><strong>Mejorar la calidad del sue\u00f1o: <\/strong>Los ingredientes activos de nuestras gominolas de Melatonina equilibran al por mayor las hormonas del cuerpo y mejoran la calidad del sue\u00f1o. En consecuencia, los usuarios se levantar\u00e1n cada ma\u00f1ana con mayores niveles de energ\u00eda y actitudes m\u00e1s felices.<\/li>\n\n\n\n<li><strong>Servicio flexible de personalizaci\u00f3n de marcas blancas: <\/strong>Ofrecemos sabores, dosis y opciones de dise\u00f1o de envases para una variedad de opciones de gominolas de melatonina de marca blanca para crear f\u00e1cilmente productos personalizados para la salud del sue\u00f1o que satisfagan las necesidades del mercado.<\/li>\n<\/ul>\n<\/div>\n\n\n\n<div class=\"wp-block-column is-layout-flow wp-block-column-is-layout-flow\">\n<figure class=\"wp-block-image size-full\"><img decoding=\"async\" width=\"800\" height=\"800\" src=\"https:\/\/www.comehealthgroup.com\/wp-content\/uploads\/2024\/12\/Melatonin-Gummies_01.webp\" alt=\"\" class=\"wp-image-2093\" srcset=\"https:\/\/www.comehealthgroup.com\/wp-content\/uploads\/2024\/12\/Melatonin-Gummies_01.webp 800w, https:\/\/www.comehealthgroup.com\/wp-content\/uploads\/2024\/12\/Melatonin-Gummies_01-300x300.webp 300w, https:\/\/www.comehealthgroup.com\/wp-content\/uploads\/2024\/12\/Melatonin-Gummies_01-150x150.webp 150w, https:\/\/www.comehealthgroup.com\/wp-content\/uploads\/2024\/12\/Melatonin-Gummies_01-768x768.webp 768w, https:\/\/www.comehealthgroup.com\/wp-content\/uploads\/2024\/12\/Melatonin-Gummies_01-12x12.webp 12w, https:\/\/www.comehealthgroup.com\/wp-content\/uploads\/2024\/12\/Melatonin-Gummies_01-600x600.webp 600w, https:\/\/www.comehealthgroup.com\/wp-content\/uploads\/2024\/12\/Melatonin-Gummies_01-100x100.webp 100w\" sizes=\"(max-width: 800px) 100vw, 800px\" \/><\/figure>\n<\/div>\n<\/div>\n\n\n\n<p><\/p>","protected":false},"excerpt":{"rendered":"<p>Esta etiqueta privada gomitas de melatonina al por mayor est\u00e1 especialmente dise\u00f1ado para apoyar la salud del sue\u00f1o, ayudando a los usuarios conciliar el sue\u00f1o r\u00e1pidamente, prolongar el tiempo de sue\u00f1o y mejorar la calidad del sue\u00f1o. ComeHealth ofrece a los clientes servicios flexibles de personalizaci\u00f3n de marca propia y es la mejor opci\u00f3n para la venta al por mayor de productos para la salud del sue\u00f1o.<\/p>\n<table style=\"border-collapse: collapse;width: 308.02pt\" border=\"0\" width=\"308\" cellspacing=\"0\" cellpadding=\"0\">\n<tbody>\n<tr style=\"height: 15.20pt\">\n<td class=\"et2\" style=\"height: 15.20pt;width: 101.70pt\" width=\"101\" height=\"15\">Marca<\/td>\n<td class=\"et2\" style=\"width: 206.65pt\" width=\"206\">Come Health\/ Marca blanca<\/td>\n<\/tr>\n<tr style=\"height: 46.00pt\">\n<td class=\"et2\" style=\"height: 46.00pt\" height=\"46\">Ventajas del producto<\/td>\n<td class=\"et3\" style=\"width: 206.65pt\" width=\"206\">*Ayuda a conciliar el sue\u00f1o m\u00e1s r\u00e1pido<br \/>*Te mantiene dormido m\u00e1s tiempo<br \/>*Mejora la calidad del sue\u00f1o<\/td>\n<\/tr>\n<tr style=\"height: 15.20pt\">\n<td class=\"et2\" style=\"height: 15.20pt\" height=\"15\">Forma farmac\u00e9utica<\/td>\n<td class=\"et2\">Gominola<\/td>\n<\/tr>\n<tr style=\"height: 15.20pt\">\n<td class=\"et2\" style=\"height: 15.20pt\" height=\"15\">Color<\/td>\n<td class=\"et2\">Morado<\/td>\n<\/tr>\n<tr style=\"height: 16.00pt\">\n<td class=\"et2\" style=\"height: 16.00pt\" height=\"16\">Sabor<\/td>\n<td class=\"et3\" style=\"width: 206.65pt\" width=\"206\">Sabor ar\u00e1ndano<\/td>\n<\/tr>\n<tr style=\"height: 15.20pt\">\n<td class=\"et2\" style=\"height: 15.20pt\" height=\"15\">Forma<\/td>\n<td class=\"et2\">Cubby<\/td>\n<\/tr>\n<tr style=\"height: 15.20pt\">\n<td class=\"et2\" style=\"height: 15.20pt\" height=\"15\">Especificaci\u00f3n del producto<\/td>\n<td class=\"et2\">60 unidades\/botella<\/td>\n<\/tr>\n<tr style=\"height: 15.20pt\">\n<td class=\"et2\" style=\"height: 15.20pt\" height=\"15\">Vida \u00fatil<\/td>\n<td class=\"et2\">24 meses<\/td>\n<\/tr>\n<tr style=\"height: 15.20pt\">\n<td class=\"et2\" style=\"height: 15.20pt\" height=\"15\">Dimensiones (cm)<\/td>\n<td class=\"et2\">7X7X12<\/td>\n<\/tr>\n<tr style=\"height: 15.20pt\">\n<td class=\"et2\" style=\"height: 15.20pt\" height=\"15\">Peso neto (kg)<\/td>\n<td class=\"et2\">0,22 kg<\/td>\n<\/tr>\n<tr style=\"height: 15.20pt\">\n<td class=\"et2\" style=\"height: 15.20pt\" height=\"15\">Personalizaci\u00f3n<\/td>\n<td class=\"et2\">Gr\u00e1fico, Logotipo, Paquete<\/td>\n<\/tr>\n<tr style=\"height: 15.20pt\">\n<td class=\"et2\" style=\"height: 15.20pt\" height=\"15\">Inventario<\/td>\n<td class=\"et2\">En stock<\/td>\n<\/tr>\n<\/tbody>\n<\/table>\n<p>&nbsp;<\/p>","protected":false},"featured_media":2097,"comment_status":"closed","ping_status":"closed","template":"","meta":{"_acf_changed":false},"product_brand":[],"product_cat":[40,35],"product_tag":[],"class_list":{"0":"post-1311","1":"product","2":"type-product","3":"status-publish","4":"has-post-thumbnail","6":"product_cat-private-label-gummy-supplements","7":"product_cat-sleep-supplements-wholesale","9":"first","10":"instock","11":"shipping-taxable","12":"product-type-simple"},"acf":[],"_links":{"self":[{"href":"https:\/\/www.comehealthgroup.com\/es\/wp-json\/wp\/v2\/product\/1311","targetHints":{"allow":["GET"]}}],"collection":[{"href":"https:\/\/www.comehealthgroup.com\/es\/wp-json\/wp\/v2\/product"}],"about":[{"href":"https:\/\/www.comehealthgroup.com\/es\/wp-json\/wp\/v2\/types\/product"}],"replies":[{"embeddable":true,"href":"https:\/\/www.comehealthgroup.com\/es\/wp-json\/wp\/v2\/comments?post=1311"}],"wp:featuredmedia":[{"embeddable":true,"href":"https:\/\/www.comehealthgroup.com\/es\/wp-json\/wp\/v2\/media\/2097"}],"wp:attachment":[{"href":"https:\/\/www.comehealthgroup.com\/es\/wp-json\/wp\/v2\/media?parent=1311"}],"wp:term":[{"taxonomy":"product_brand","embeddable":true,"href":"https:\/\/www.comehealthgroup.com\/es\/wp-json\/wp\/v2\/product_brand?post=1311"},{"taxonomy":"product_cat","embeddable":true,"href":"https:\/\/www.comehealthgroup.com\/es\/wp-json\/wp\/v2\/product_cat?post=1311"},{"taxonomy":"product_tag","embeddable":true,"href":"https:\/\/www.comehealthgroup.com\/es\/wp-json\/wp\/v2\/product_tag?post=1311"}],"curies":[{"name":"wp","href":"https:\/\/api.w.org\/{rel}","templated":true}]}}