{"id":1317,"date":"2024-12-28T02:37:09","date_gmt":"2024-12-28T02:37:09","guid":{"rendered":"https:\/\/www.comehealthgroup.com\/?post_type=product&#038;p=1317"},"modified":"2025-03-20T02:29:19","modified_gmt":"2025-03-20T02:29:19","slug":"private-label-sleep-supplements","status":"publish","type":"product","link":"https:\/\/www.comehealthgroup.com\/es\/product\/private-label-sleep-supplements\/","title":{"rendered":"Suplementos para dormir de marca blanca, Gominolas de melatonina a granel"},"content":{"rendered":"<div class=\"wp-block-columns is-layout-flex wp-container-core-columns-is-layout-9d6595d7 wp-block-columns-is-layout-flex\">\n<div class=\"wp-block-column is-layout-flow wp-block-column-is-layout-flow\">\n<h2 class=\"wp-block-heading\">Caracter\u00edsticas de los suplementos para dormir de marca blanca<\/h2>\n\n\n\n<ul class=\"wp-block-list\">\n<li><strong>Ayuda r\u00e1pida para dormir: <\/strong>Nuestros suplementos para dormir de marca blanca est\u00e1n especialmente formulados con melatonina, que ayuda a los usuarios a conciliar el sue\u00f1o m\u00e1s f\u00e1cilmente y en menos tiempo al regular de forma natural el ciclo del sue\u00f1o, lo que resulta adecuado para las personas con dificultades para dormir.<\/li>\n\n\n\n<li><strong>Prolongar la duraci\u00f3n del sue\u00f1o: <\/strong>La combinaci\u00f3n de ingredientes en proporciones cient\u00edficamente adecuadas en nuestras gominolas de melatonina a granel favorecer\u00e1 la prolongaci\u00f3n del tiempo de sue\u00f1o y la reducci\u00f3n del n\u00famero de despertares nocturnos, de modo que se pueda tener un sue\u00f1o de calidad y m\u00e1s estable.<\/li>\n\n\n\n<li><strong>Mejorar la calidad del sue\u00f1o:<\/strong> Nuestros suplementos para dormir de marca blanca contienen los ingredientes activos necesarios para optimizar la fase de sue\u00f1o profundo, mejorar la calidad general del sue\u00f1o y, de este modo, ayudar a despertarse renovado por la ma\u00f1ana.<\/li>\n\n\n\n<li><strong>Personalizaci\u00f3n de marcas blancas y servicios mayoristas: <\/strong>Proporcionamos gominolas de melatonina a granel con una variedad de especificaciones, envases y sabores para satisfacer las necesidades de personalizaci\u00f3n de las marcas blancas de los clientes, al tiempo que apoyamos la producci\u00f3n en masa y respondemos r\u00e1pidamente a la demanda del mercado.<\/li>\n<\/ul>\n<\/div>\n\n\n\n<div class=\"wp-block-column is-layout-flow wp-block-column-is-layout-flow\">\n<figure class=\"wp-block-image size-full\"><img decoding=\"async\" width=\"800\" height=\"800\" src=\"https:\/\/www.comehealthgroup.com\/wp-content\/uploads\/2024\/12\/Private-Label-Sleep-Supplements_04.webp\" alt=\"\" class=\"wp-image-2101\" srcset=\"https:\/\/www.comehealthgroup.com\/wp-content\/uploads\/2024\/12\/Private-Label-Sleep-Supplements_04.webp 800w, https:\/\/www.comehealthgroup.com\/wp-content\/uploads\/2024\/12\/Private-Label-Sleep-Supplements_04-300x300.webp 300w, https:\/\/www.comehealthgroup.com\/wp-content\/uploads\/2024\/12\/Private-Label-Sleep-Supplements_04-150x150.webp 150w, https:\/\/www.comehealthgroup.com\/wp-content\/uploads\/2024\/12\/Private-Label-Sleep-Supplements_04-768x768.webp 768w, https:\/\/www.comehealthgroup.com\/wp-content\/uploads\/2024\/12\/Private-Label-Sleep-Supplements_04-12x12.webp 12w, https:\/\/www.comehealthgroup.com\/wp-content\/uploads\/2024\/12\/Private-Label-Sleep-Supplements_04-600x600.webp 600w, https:\/\/www.comehealthgroup.com\/wp-content\/uploads\/2024\/12\/Private-Label-Sleep-Supplements_04-100x100.webp 100w\" sizes=\"(max-width: 800px) 100vw, 800px\" \/><\/figure>\n<\/div>\n<\/div>\n\n\n\n<p><\/p>","protected":false},"excerpt":{"rendered":"<p>Bienvenido a comprar gominolas de melatonina a granel. Nuestros suplementos para dormir de marca propia son ricos en melatonina, que le ayuda a conciliar el sue\u00f1o r\u00e1pidamente, prolongar el tiempo de sue\u00f1o y mejorar la calidad del sue\u00f1o. ComeHealth ofrece a sus clientes servicios flexibles de personalizaci\u00f3n de marca propia y venta al por mayor, y es un socio profesional en la creaci\u00f3n de suplementos para dormir de alta calidad.<\/p>\n<table style=\"border-collapse: collapse;width: 308.02pt\" border=\"0\" width=\"308\" cellspacing=\"0\" cellpadding=\"0\">\n<tbody>\n<tr style=\"height: 15.20pt\">\n<td class=\"et2\" style=\"height: 15.20pt;width: 101.70pt\" width=\"101\" height=\"15\">Marca<\/td>\n<td class=\"et2\" style=\"width: 206.65pt\" width=\"206\">Come Health\/ Marca blanca<\/td>\n<\/tr>\n<tr style=\"height: 46.00pt\">\n<td class=\"et2\" style=\"height: 46.00pt\" height=\"46\">Ventajas del producto<\/td>\n<td class=\"et3\" style=\"width: 206.65pt\" width=\"206\">*Ayuda a conciliar el sue\u00f1o m\u00e1s r\u00e1pido<br \/>*Te mantiene dormido m\u00e1s tiempo<br \/>*Mejora la calidad del sue\u00f1o<\/td>\n<\/tr>\n<tr style=\"height: 15.20pt\">\n<td class=\"et2\" style=\"height: 15.20pt\" height=\"15\">Forma farmac\u00e9utica<\/td>\n<td class=\"et2\">Gominola<\/td>\n<\/tr>\n<tr style=\"height: 15.20pt\">\n<td class=\"et2\" style=\"height: 15.20pt\" height=\"15\">Color<\/td>\n<td class=\"et2\">Morado<\/td>\n<\/tr>\n<tr style=\"height: 16.00pt\">\n<td class=\"et2\" style=\"height: 16.00pt\" height=\"16\">Sabor<\/td>\n<td class=\"et3\" style=\"width: 206.65pt\" width=\"206\">Sabor ar\u00e1ndano<\/td>\n<\/tr>\n<tr style=\"height: 15.20pt\">\n<td class=\"et2\" style=\"height: 15.20pt\" height=\"15\">Forma<\/td>\n<td class=\"et2\">Cubby<\/td>\n<\/tr>\n<tr style=\"height: 15.20pt\">\n<td class=\"et2\" style=\"height: 15.20pt\" height=\"15\">Especificaci\u00f3n del producto<\/td>\n<td class=\"et2\">60 unidades\/botella<\/td>\n<\/tr>\n<tr style=\"height: 15.20pt\">\n<td class=\"et2\" style=\"height: 15.20pt\" height=\"15\">Vida \u00fatil<\/td>\n<td class=\"et2\">24 meses<\/td>\n<\/tr>\n<tr style=\"height: 15.20pt\">\n<td class=\"et2\" style=\"height: 15.20pt\" height=\"15\">Dimensiones (cm)<\/td>\n<td class=\"et2\">7X7X12<\/td>\n<\/tr>\n<tr style=\"height: 15.20pt\">\n<td class=\"et2\" style=\"height: 15.20pt\" height=\"15\">Peso neto (kg)<\/td>\n<td class=\"et2\">0,22 kg<\/td>\n<\/tr>\n<tr style=\"height: 15.20pt\">\n<td class=\"et2\" style=\"height: 15.20pt\" height=\"15\">Personalizaci\u00f3n<\/td>\n<td class=\"et2\">Gr\u00e1fico, Logotipo, Paquete<\/td>\n<\/tr>\n<tr style=\"height: 15.20pt\">\n<td class=\"et2\" style=\"height: 15.20pt\" height=\"15\">Inventario<\/td>\n<td class=\"et2\">En stock<\/td>\n<\/tr>\n<\/tbody>\n<\/table>\n<p>&nbsp;<\/p>","protected":false},"featured_media":2098,"comment_status":"closed","ping_status":"closed","template":"","meta":{"_acf_changed":false},"product_brand":[],"product_cat":[40,35],"product_tag":[],"class_list":{"0":"post-1317","1":"product","2":"type-product","3":"status-publish","4":"has-post-thumbnail","6":"product_cat-private-label-gummy-supplements","7":"product_cat-sleep-supplements-wholesale","9":"first","10":"instock","11":"shipping-taxable","12":"product-type-simple"},"acf":[],"_links":{"self":[{"href":"https:\/\/www.comehealthgroup.com\/es\/wp-json\/wp\/v2\/product\/1317","targetHints":{"allow":["GET"]}}],"collection":[{"href":"https:\/\/www.comehealthgroup.com\/es\/wp-json\/wp\/v2\/product"}],"about":[{"href":"https:\/\/www.comehealthgroup.com\/es\/wp-json\/wp\/v2\/types\/product"}],"replies":[{"embeddable":true,"href":"https:\/\/www.comehealthgroup.com\/es\/wp-json\/wp\/v2\/comments?post=1317"}],"wp:featuredmedia":[{"embeddable":true,"href":"https:\/\/www.comehealthgroup.com\/es\/wp-json\/wp\/v2\/media\/2098"}],"wp:attachment":[{"href":"https:\/\/www.comehealthgroup.com\/es\/wp-json\/wp\/v2\/media?parent=1317"}],"wp:term":[{"taxonomy":"product_brand","embeddable":true,"href":"https:\/\/www.comehealthgroup.com\/es\/wp-json\/wp\/v2\/product_brand?post=1317"},{"taxonomy":"product_cat","embeddable":true,"href":"https:\/\/www.comehealthgroup.com\/es\/wp-json\/wp\/v2\/product_cat?post=1317"},{"taxonomy":"product_tag","embeddable":true,"href":"https:\/\/www.comehealthgroup.com\/es\/wp-json\/wp\/v2\/product_tag?post=1317"}],"curies":[{"name":"wp","href":"https:\/\/api.w.org\/{rel}","templated":true}]}}