{"id":1385,"date":"2025-02-05T09:47:42","date_gmt":"2025-02-05T09:47:42","guid":{"rendered":"https:\/\/www.comehealthgroup.com\/?post_type=product&#038;p=1385"},"modified":"2025-02-05T09:47:43","modified_gmt":"2025-02-05T09:47:43","slug":"private-label-hair-growth-vitamins","status":"publish","type":"product","link":"https:\/\/www.comehealthgroup.com\/es\/product\/private-label-hair-growth-vitamins\/","title":{"rendered":"iBesDina Private Label Vitaminas para el Crecimiento del Cabello con Folato"},"content":{"rendered":"<div class=\"wp-block-columns is-layout-flex wp-container-core-columns-is-layout-9d6595d7 wp-block-columns-is-layout-flex\">\n<div class=\"wp-block-column is-layout-flow wp-block-column-is-layout-flow\">\n<h2 class=\"wp-block-heading\">Caracter\u00edsticas de las vitaminas para el crecimiento del cabello de marca blanca<\/h2>\n\n\n\n<ul class=\"wp-block-list\">\n<li><strong>Previene la ca\u00edda del cabello:<\/strong> Nuestras vitaminas para el crecimiento del cabello de marca blanca se han desarrollado para combatir los factores m\u00e1s cruciales que contribuyen al debilitamiento del cabello y hacer que crezca m\u00e1s fuerte y sano.<\/li>\n\n\n\n<li><strong>Favorece la salud de la piel y las u\u00f1as: <\/strong>Nuestro iBesDina al por mayor vitaminas para el crecimiento del cabello extracto de palma enana americana, biotina, y la combinaci\u00f3n de s\u00edlice apoya no s\u00f3lo la salud del cabello, sino tambi\u00e9n promover la salud de la piel y las u\u00f1as, mejorando as\u00ed la apariencia.<\/li>\n\n\n\n<li><strong>Contiene extracto de Saw Palmetto: <\/strong>Los ingredientes como el extracto de palma enana americana a\u00f1adidos a nuestras vitaminas para el crecimiento del cabello de marca blanca ayudar\u00e1n a equilibrar los cambios hormonales, reduciendo en \u00faltima instancia la ca\u00edda del cabello y creando un entorno adecuado en el cuero cabelludo para favorecer su desarrollo.<\/li>\n\n\n\n<li><strong>Estimula el metabolismo y la salud en general: <\/strong>Con biotina y s\u00edlice, las vitaminas para el crecimiento del cabello al por mayor iBesDina ayudan a apoyar y mejorar el metabolismo para que uno se mantenga m\u00e1s sano y obtenga el bienestar general necesario para apoyar el crecimiento del cabello, la belleza de la piel y la salud de las u\u00f1as.<\/li>\n<\/ul>\n<\/div>\n\n\n\n<div class=\"wp-block-column is-layout-flow wp-block-column-is-layout-flow\">\n<figure class=\"wp-block-image size-full\"><img decoding=\"async\" width=\"800\" height=\"800\" src=\"https:\/\/www.comehealthgroup.com\/wp-content\/uploads\/2025\/01\/HAIR-PROTECTOR-15.jpg\" alt=\"iBesDina Private Label Vitaminas para el Crecimiento del Cabello con Folato-1\" class=\"wp-image-1394\" srcset=\"https:\/\/www.comehealthgroup.com\/wp-content\/uploads\/2025\/01\/HAIR-PROTECTOR-15.jpg 800w, https:\/\/www.comehealthgroup.com\/wp-content\/uploads\/2025\/01\/HAIR-PROTECTOR-15-300x300.jpg 300w, https:\/\/www.comehealthgroup.com\/wp-content\/uploads\/2025\/01\/HAIR-PROTECTOR-15-150x150.jpg 150w, https:\/\/www.comehealthgroup.com\/wp-content\/uploads\/2025\/01\/HAIR-PROTECTOR-15-768x768.jpg 768w, https:\/\/www.comehealthgroup.com\/wp-content\/uploads\/2025\/01\/HAIR-PROTECTOR-15-12x12.jpg 12w, https:\/\/www.comehealthgroup.com\/wp-content\/uploads\/2025\/01\/HAIR-PROTECTOR-15-600x600.jpg 600w, https:\/\/www.comehealthgroup.com\/wp-content\/uploads\/2025\/01\/HAIR-PROTECTOR-15-100x100.jpg 100w\" sizes=\"(max-width: 800px) 100vw, 800px\" \/><\/figure>\n<\/div>\n<\/div>\n\n\n\n<p><\/p>","protected":false},"excerpt":{"rendered":"<p>Bienvenido a comprar al por mayor vitaminas para el crecimiento del cabello. Nuestras vitaminas para el crecimiento del cabello de marca blanca iBesDina est\u00e1n dise\u00f1adas para prevenir la ca\u00edda del cabello y favorecer la salud de la piel y las u\u00f1as. Los ingredientes clave incluyen extractos de saw palmetto, que contiene \u00e1cidos grasos, biotina y s\u00edlice. Estos ingredientes se combinan para tratar la ca\u00edda del cabello y mejorar el metabolismo.<\/p>\n<table width=\"410\">\n<tbody>\n<tr>\n<td width=\"144\">Marca<\/td>\n<td width=\"266\">iBesDina<\/td>\n<\/tr>\n<tr>\n<td>Ventajas del producto<\/td>\n<td>*Previene la ca\u00edda del cabello<br \/>*Promueve la salud de la piel y las u\u00f1as<br \/>*Contiene extracto de Saw Palmetto<br \/>*Aumenta el metabolismo y la salud en general<\/td>\n<\/tr>\n<tr>\n<td>Forma farmac\u00e9utica<\/td>\n<td>Tableta<\/td>\n<\/tr>\n<tr>\n<td>Especificaci\u00f3n del producto<\/td>\n<td>60 unidades\/botella<\/td>\n<\/tr>\n<tr>\n<td>Embalaje<\/td>\n<td>Botella con caja exterior<\/td>\n<\/tr>\n<tr>\n<td>Caducidad<\/td>\n<td>24 meses<\/td>\n<\/tr>\n<\/tbody>\n<\/table>","protected":false},"featured_media":1387,"comment_status":"closed","ping_status":"closed","template":"","meta":{"_acf_changed":false},"product_brand":[],"product_cat":[51,52,36,49,41],"product_tag":[],"class_list":{"0":"post-1385","1":"product","2":"type-product","3":"status-publish","4":"has-post-thumbnail","6":"product_cat-ibesdina-supplements-wholesale","7":"product_cat-private-label-supplement-tablets","8":"product_cat-private-label-beauty-supplements","9":"product_cat-nutritional-supplement-wholesale","10":"product_cat-bulk-vitamins-and-minerals-supplements","12":"first","13":"instock","14":"shipping-taxable","15":"product-type-simple"},"acf":[],"_links":{"self":[{"href":"https:\/\/www.comehealthgroup.com\/es\/wp-json\/wp\/v2\/product\/1385","targetHints":{"allow":["GET"]}}],"collection":[{"href":"https:\/\/www.comehealthgroup.com\/es\/wp-json\/wp\/v2\/product"}],"about":[{"href":"https:\/\/www.comehealthgroup.com\/es\/wp-json\/wp\/v2\/types\/product"}],"replies":[{"embeddable":true,"href":"https:\/\/www.comehealthgroup.com\/es\/wp-json\/wp\/v2\/comments?post=1385"}],"wp:featuredmedia":[{"embeddable":true,"href":"https:\/\/www.comehealthgroup.com\/es\/wp-json\/wp\/v2\/media\/1387"}],"wp:attachment":[{"href":"https:\/\/www.comehealthgroup.com\/es\/wp-json\/wp\/v2\/media?parent=1385"}],"wp:term":[{"taxonomy":"product_brand","embeddable":true,"href":"https:\/\/www.comehealthgroup.com\/es\/wp-json\/wp\/v2\/product_brand?post=1385"},{"taxonomy":"product_cat","embeddable":true,"href":"https:\/\/www.comehealthgroup.com\/es\/wp-json\/wp\/v2\/product_cat?post=1385"},{"taxonomy":"product_tag","embeddable":true,"href":"https:\/\/www.comehealthgroup.com\/es\/wp-json\/wp\/v2\/product_tag?post=1385"}],"curies":[{"name":"wp","href":"https:\/\/api.w.org\/{rel}","templated":true}]}}