{"id":1403,"date":"2025-01-21T15:24:53","date_gmt":"2025-01-21T15:24:53","guid":{"rendered":"https:\/\/www.comehealthgroup.com\/?post_type=product&#038;p=1403"},"modified":"2025-02-05T09:48:37","modified_gmt":"2025-02-05T09:48:37","slug":"private-label-probiotic-supplement","status":"publish","type":"product","link":"https:\/\/www.comehealthgroup.com\/es\/product\/private-label-probiotic-supplement\/","title":{"rendered":"iBesDina Suplemento probi\u00f3tico de marca blanca para la salud nasal"},"content":{"rendered":"<div class=\"wp-block-columns is-layout-flex wp-container-core-columns-is-layout-9d6595d7 wp-block-columns-is-layout-flex\">\n<div class=\"wp-block-column is-layout-flow wp-block-column-is-layout-flow\">\n<h2 class=\"wp-block-heading\">Caracter\u00edsticas del suplemento probi\u00f3tico de marca blanca<\/h2>\n\n\n\n<ul class=\"wp-block-list\">\n<li><strong>Apoyo probi\u00f3tico diario: <\/strong>Este suplemento probi\u00f3tico de marca blanca proporciona probi\u00f3tico diario, ayuda a mantener la funci\u00f3n nasal, sinusal y respiratoria en condiciones saludables para el bienestar respiratorio general.<\/li>\n\n\n\n<li><strong>Favorece la salud nasal y de los senos paranasales:<\/strong> iBesDina probi\u00f3tico a granel para la salud nasal est\u00e1 dise\u00f1ado con el prop\u00f3sito espec\u00edfico de apoyar los conductos nasales y la salud de los senos para eliminar la congesti\u00f3n y la promoci\u00f3n de las v\u00edas respiratorias claras.<\/li>\n\n\n\n<li><strong>Favorece la funci\u00f3n respiratoria:<\/strong> Al mejorar las defensas naturales del organismo, este suplemento probi\u00f3tico de marca blanca favorece una salud respiratoria \u00f3ptima, mejorando la respiraci\u00f3n y reduciendo el riesgo de problemas respiratorios.<\/li>\n\n\n\n<li><strong>Apoyo natural a la salud inmunitaria: <\/strong>Con probi\u00f3ticos que favorecen el desarrollo de un sistema inmunitario equilibrado, iBesDina probi\u00f3tico a granel para la salud nasal ayuda al organismo a mantener una funci\u00f3n respiratoria sana y a prevenir los problemas nasales o sinusales comunes.<\/li>\n<\/ul>\n<\/div>\n\n\n\n<div class=\"wp-block-column is-layout-flow wp-block-column-is-layout-flow\">\n<figure class=\"wp-block-image size-full\"><img decoding=\"async\" width=\"800\" height=\"800\" src=\"https:\/\/www.comehealthgroup.com\/wp-content\/uploads\/2025\/01\/PROBIOTIC-NASAL-CAPSULE-6.webp\" alt=\"iBesDina Suplemento probi\u00f3tico de marca blanca para la salud nasal-7\" class=\"wp-image-1410\" srcset=\"https:\/\/www.comehealthgroup.com\/wp-content\/uploads\/2025\/01\/PROBIOTIC-NASAL-CAPSULE-6.webp 800w, https:\/\/www.comehealthgroup.com\/wp-content\/uploads\/2025\/01\/PROBIOTIC-NASAL-CAPSULE-6-300x300.webp 300w, https:\/\/www.comehealthgroup.com\/wp-content\/uploads\/2025\/01\/PROBIOTIC-NASAL-CAPSULE-6-150x150.webp 150w, https:\/\/www.comehealthgroup.com\/wp-content\/uploads\/2025\/01\/PROBIOTIC-NASAL-CAPSULE-6-768x768.webp 768w, https:\/\/www.comehealthgroup.com\/wp-content\/uploads\/2025\/01\/PROBIOTIC-NASAL-CAPSULE-6-12x12.webp 12w, https:\/\/www.comehealthgroup.com\/wp-content\/uploads\/2025\/01\/PROBIOTIC-NASAL-CAPSULE-6-600x600.webp 600w, https:\/\/www.comehealthgroup.com\/wp-content\/uploads\/2025\/01\/PROBIOTIC-NASAL-CAPSULE-6-100x100.webp 100w\" sizes=\"(max-width: 800px) 100vw, 800px\" \/><\/figure>\n<\/div>\n<\/div>\n\n\n\n<p><\/p>","protected":false},"excerpt":{"rendered":"<p>Bienvenido a comprar suplementos probi\u00f3ticos de marca blanca. Nuestro probi\u00f3tico a granel iBesDina proporciona apoyo probi\u00f3tico diario para la salud nasal, sinusal y respiratoria. Favorece la salud nasal, sinusal y respiratoria.<\/p>\n<table style=\"border-collapse: collapse; width: 308.02pt;\" border=\"0\" width=\"308\" cellspacing=\"0\" cellpadding=\"0\">\n<tbody>\n<tr style=\"height: 15.20pt;\">\n<td class=\"et2\" style=\"height: 15.20pt; width: 101.70pt;\" width=\"101\" height=\"15\">Marca<\/td>\n<td class=\"et2\" style=\"width: 206.65pt;\" width=\"206\">iBesDina<\/td>\n<\/tr>\n<tr style=\"height: 61.00pt;\">\n<td class=\"et2\" style=\"height: 61.00pt;\" height=\"61\">Ventajas del producto<\/td>\n<td class=\"et3\" style=\"width: 206.65pt;\" width=\"206\">*Apoyo probi\u00f3tico diario<br \/>*Promueve la salud nasal y de los senos paranasales<br \/>*Apoya la funci\u00f3n respiratoria<br \/>*Apoyo natural a la salud inmunitaria<\/td>\n<\/tr>\n<tr style=\"height: 15.20pt;\">\n<td class=\"et2\" style=\"height: 15.20pt;\" height=\"15\">Forma farmac\u00e9utica<\/td>\n<td class=\"et4\">C\u00e1psula<\/td>\n<\/tr>\n<tr style=\"height: 15.20pt;\">\n<td class=\"et2\" style=\"height: 15.20pt;\" height=\"15\">Especificaci\u00f3n del producto<\/td>\n<td class=\"et4\">60 unidades\/botella<\/td>\n<\/tr>\n<tr style=\"height: 15.20pt;\">\n<td class=\"et2\" style=\"height: 15.20pt;\" height=\"15\">Vida \u00fatil<\/td>\n<td class=\"et2\">24 meses<\/td>\n<\/tr>\n<tr style=\"height: 15.20pt;\">\n<td class=\"et2\" style=\"height: 15.20pt;\" height=\"15\">Paquete<\/td>\n<td class=\"et2\">Botella con caja exterior<\/td>\n<\/tr>\n<tr style=\"height: 15.20pt;\">\n<td class=\"et2\" style=\"height: 15.20pt;\" height=\"15\">Inventario<\/td>\n<td class=\"et2\">En stock<\/td>\n<\/tr>\n<\/tbody>\n<\/table>","protected":false},"featured_media":1405,"comment_status":"closed","ping_status":"closed","template":"","meta":{"_acf_changed":false},"product_brand":[],"product_cat":[51,39,34,32],"product_tag":[],"class_list":{"0":"post-1403","1":"product","2":"type-product","3":"status-publish","4":"has-post-thumbnail","6":"product_cat-ibesdina-supplements-wholesale","7":"product_cat-bulk-supplements-capsules","8":"product_cat-private-label-health-supplements","9":"product_cat-private-label-immune-supplements","11":"first","12":"instock","13":"shipping-taxable","14":"product-type-simple"},"acf":[],"_links":{"self":[{"href":"https:\/\/www.comehealthgroup.com\/es\/wp-json\/wp\/v2\/product\/1403","targetHints":{"allow":["GET"]}}],"collection":[{"href":"https:\/\/www.comehealthgroup.com\/es\/wp-json\/wp\/v2\/product"}],"about":[{"href":"https:\/\/www.comehealthgroup.com\/es\/wp-json\/wp\/v2\/types\/product"}],"replies":[{"embeddable":true,"href":"https:\/\/www.comehealthgroup.com\/es\/wp-json\/wp\/v2\/comments?post=1403"}],"wp:featuredmedia":[{"embeddable":true,"href":"https:\/\/www.comehealthgroup.com\/es\/wp-json\/wp\/v2\/media\/1405"}],"wp:attachment":[{"href":"https:\/\/www.comehealthgroup.com\/es\/wp-json\/wp\/v2\/media?parent=1403"}],"wp:term":[{"taxonomy":"product_brand","embeddable":true,"href":"https:\/\/www.comehealthgroup.com\/es\/wp-json\/wp\/v2\/product_brand?post=1403"},{"taxonomy":"product_cat","embeddable":true,"href":"https:\/\/www.comehealthgroup.com\/es\/wp-json\/wp\/v2\/product_cat?post=1403"},{"taxonomy":"product_tag","embeddable":true,"href":"https:\/\/www.comehealthgroup.com\/es\/wp-json\/wp\/v2\/product_tag?post=1403"}],"curies":[{"name":"wp","href":"https:\/\/api.w.org\/{rel}","templated":true}]}}