{"id":1421,"date":"2025-01-08T10:52:32","date_gmt":"2025-01-08T10:52:32","guid":{"rendered":"https:\/\/www.comehealthgroup.com\/?post_type=product&#038;p=1421"},"modified":"2025-01-08T10:53:22","modified_gmt":"2025-01-08T10:53:22","slug":"bulk-vitamin-c-tablets","status":"publish","type":"product","link":"https:\/\/www.comehealthgroup.com\/es\/product\/bulk-vitamin-c-tablets\/","title":{"rendered":"iBesDina Tabletas de Vitamina C a Granel, Venta al por mayor de Vitamina C masticable"},"content":{"rendered":"<div class=\"wp-block-columns is-layout-flex wp-container-core-columns-is-layout-9d6595d7 wp-block-columns-is-layout-flex\">\n<div class=\"wp-block-column is-layout-flow wp-block-column-is-layout-flow\">\n<h2 class=\"wp-block-heading\">Caracter\u00edsticas de los comprimidos de vitamina C a granel<\/h2>\n\n\n\n<ul class=\"wp-block-list\">\n<li><strong>Apoyo inmunitario:<\/strong> Este suplemento de vitamina C en comprimidos a granel est\u00e1 dise\u00f1ado para reforzar las defensas del organismo y favorecer la salud inmunitaria general para que te sientas lo mejor posible.<\/li>\n\n\n\n<li><strong>Rico en antioxidantes:<\/strong> Con antioxidantes eficaces, estos suplementos masticables de vitamina C al por mayor promueven la buena salud de las c\u00e9lulas, previenen el estr\u00e9s oxidativo y, en \u00faltima instancia, debilitan el mecanismo natural de defensa del organismo contra los radicales libres.<\/li>\n\n\n\n<li><strong>Potencia la actividad antioxidante: <\/strong>Los antioxidantes activos y potentes, presentes en este suplemento de comprimidos de vitamina C a granel, facilitan la actividad antioxidante con gran eficacia.<\/li>\n\n\n\n<li><strong>Ayuda a mantener una salud \u00f3ptima: <\/strong>Esta Vitamina C masticable al por mayor es una dosis asombrosa que mantiene su cuerpo al mejor nivel y su sistema inmunol\u00f3gico intacto, siempre listo para actuar ante cualquier desaf\u00edo.<\/li>\n<\/ul>\n<\/div>\n\n\n\n<div class=\"wp-block-column is-layout-flow wp-block-column-is-layout-flow\">\n<figure class=\"wp-block-image size-full\"><img decoding=\"async\" width=\"800\" height=\"800\" src=\"https:\/\/www.comehealthgroup.com\/wp-content\/uploads\/2025\/01\/VITAMIN-C-5.webp\" alt=\"iBesDina Tabletas de Vitamina C a Granel, Vitamina C-5 masticable al por mayor\" class=\"wp-image-1427\" srcset=\"https:\/\/www.comehealthgroup.com\/wp-content\/uploads\/2025\/01\/VITAMIN-C-5.webp 800w, https:\/\/www.comehealthgroup.com\/wp-content\/uploads\/2025\/01\/VITAMIN-C-5-300x300.webp 300w, https:\/\/www.comehealthgroup.com\/wp-content\/uploads\/2025\/01\/VITAMIN-C-5-150x150.webp 150w, https:\/\/www.comehealthgroup.com\/wp-content\/uploads\/2025\/01\/VITAMIN-C-5-768x768.webp 768w, https:\/\/www.comehealthgroup.com\/wp-content\/uploads\/2025\/01\/VITAMIN-C-5-12x12.webp 12w, https:\/\/www.comehealthgroup.com\/wp-content\/uploads\/2025\/01\/VITAMIN-C-5-600x600.webp 600w, https:\/\/www.comehealthgroup.com\/wp-content\/uploads\/2025\/01\/VITAMIN-C-5-100x100.webp 100w\" sizes=\"(max-width: 800px) 100vw, 800px\" \/><\/figure>\n<\/div>\n<\/div>\n\n\n\n<p><\/p>","protected":false},"excerpt":{"rendered":"<p>Bienvenido a comprar Vitamina C masticable al por mayor. Nuestros comprimidos de Vitamina C al por mayor fortalecen la salud inmunol\u00f3gica, protegen las c\u00e9lulas del estr\u00e9s oxidativo y potencian la actividad antioxidante hacia la reducci\u00f3n de la inflamaci\u00f3n. Debido a la alta dosis de Vitamina C, mantiene una salud \u00f3ptima, manteniendo su sistema inmunol\u00f3gico listo para cualquier desaf\u00edo.<\/p>\n<table style=\"border-collapse: collapse; width: 308.02pt;\" border=\"0\" width=\"308\" cellspacing=\"0\" cellpadding=\"0\">\n<tbody>\n<tr style=\"height: 15.20pt;\">\n<td class=\"et2\" style=\"height: 15.20pt; width: 101.70pt;\" width=\"101\" height=\"15\">Marca<\/td>\n<td class=\"et2\" style=\"width: 206.65pt;\" width=\"206\">iBesDina<\/td>\n<\/tr>\n<tr style=\"height: 61.00pt;\">\n<td class=\"et2\" style=\"height: 61.00pt;\" height=\"61\">Ventajas del producto<\/td>\n<td class=\"et3\" style=\"width: 206.65pt;\" width=\"206\">*Apoya la salud inmunitaria<br \/>*Rico en antioxidantes<br \/>*Promueve la actividad antioxidante<br \/>*Ayuda a mantener una salud \u00f3ptima<\/td>\n<\/tr>\n<tr style=\"height: 15.20pt;\">\n<td class=\"et2\" style=\"height: 15.20pt;\" height=\"15\">Forma farmac\u00e9utica<\/td>\n<td class=\"et4\">Tableta<\/td>\n<\/tr>\n<tr style=\"height: 15.20pt;\">\n<td class=\"et2\" style=\"height: 15.20pt;\" height=\"15\">Especificaci\u00f3n del producto<\/td>\n<td class=\"et4\">60 unidades\/botella<\/td>\n<\/tr>\n<tr style=\"height: 15.20pt;\">\n<td class=\"et2\" style=\"height: 15.20pt;\" height=\"15\">Vida \u00fatil<\/td>\n<td class=\"et2\">24 meses<\/td>\n<\/tr>\n<tr style=\"height: 15.20pt;\">\n<td class=\"et2\" style=\"height: 15.20pt;\" height=\"15\">Paquete<\/td>\n<td class=\"et2\">Botella con caja exterior<\/td>\n<\/tr>\n<tr style=\"height: 15.20pt;\">\n<td class=\"et2\" style=\"height: 15.20pt;\" height=\"15\">Inventario<\/td>\n<td class=\"et2\">En stock<\/td>\n<\/tr>\n<\/tbody>\n<\/table>","protected":false},"featured_media":1424,"comment_status":"closed","ping_status":"closed","template":"","meta":{"_acf_changed":false},"product_brand":[],"product_cat":[51,52,34,32,49,41],"product_tag":[],"class_list":{"0":"post-1421","1":"product","2":"type-product","3":"status-publish","4":"has-post-thumbnail","6":"product_cat-ibesdina-supplements-wholesale","7":"product_cat-private-label-supplement-tablets","8":"product_cat-private-label-health-supplements","9":"product_cat-private-label-immune-supplements","10":"product_cat-nutritional-supplement-wholesale","11":"product_cat-bulk-vitamins-and-minerals-supplements","13":"first","14":"instock","15":"shipping-taxable","16":"product-type-simple"},"acf":[],"_links":{"self":[{"href":"https:\/\/www.comehealthgroup.com\/es\/wp-json\/wp\/v2\/product\/1421","targetHints":{"allow":["GET"]}}],"collection":[{"href":"https:\/\/www.comehealthgroup.com\/es\/wp-json\/wp\/v2\/product"}],"about":[{"href":"https:\/\/www.comehealthgroup.com\/es\/wp-json\/wp\/v2\/types\/product"}],"replies":[{"embeddable":true,"href":"https:\/\/www.comehealthgroup.com\/es\/wp-json\/wp\/v2\/comments?post=1421"}],"wp:featuredmedia":[{"embeddable":true,"href":"https:\/\/www.comehealthgroup.com\/es\/wp-json\/wp\/v2\/media\/1424"}],"wp:attachment":[{"href":"https:\/\/www.comehealthgroup.com\/es\/wp-json\/wp\/v2\/media?parent=1421"}],"wp:term":[{"taxonomy":"product_brand","embeddable":true,"href":"https:\/\/www.comehealthgroup.com\/es\/wp-json\/wp\/v2\/product_brand?post=1421"},{"taxonomy":"product_cat","embeddable":true,"href":"https:\/\/www.comehealthgroup.com\/es\/wp-json\/wp\/v2\/product_cat?post=1421"},{"taxonomy":"product_tag","embeddable":true,"href":"https:\/\/www.comehealthgroup.com\/es\/wp-json\/wp\/v2\/product_tag?post=1421"}],"curies":[{"name":"wp","href":"https:\/\/api.w.org\/{rel}","templated":true}]}}