{"id":1456,"date":"2025-01-17T08:17:00","date_gmt":"2025-01-17T08:17:00","guid":{"rendered":"https:\/\/www.comehealthgroup.com\/?post_type=product&#038;p=1456"},"modified":"2025-01-17T08:17:25","modified_gmt":"2025-01-17T08:17:25","slug":"l-lysine-bulk-supplements","status":"publish","type":"product","link":"https:\/\/www.comehealthgroup.com\/es\/product\/l-lysine-bulk-supplements\/","title":{"rendered":"iBesDina L-Lysine Bulk Supplements, Amino\u00e1cidos en C\u00e1psulas para el Crecimiento"},"content":{"rendered":"<div class=\"wp-block-columns is-layout-flex wp-container-core-columns-is-layout-9d6595d7 wp-block-columns-is-layout-flex\">\n<div class=\"wp-block-column is-layout-flow wp-block-column-is-layout-flow\">\n<h2 class=\"wp-block-heading\">Caracter\u00edsticas de los suplementos de L-lisina a granel<\/h2>\n\n\n\n<ul class=\"wp-block-list\">\n<li><strong>Amino\u00e1cidos esenciales para los ni\u00f1os:<\/strong> Los suplementos de L-Lisina a granel de iBesDina son amino\u00e1cidos esenciales para el crecimiento y el desarrollo de los ni\u00f1os, ya que ayudan a promover el crecimiento normal y el desarrollo \u00f3seo, y favorecen un crecimiento sano.<\/li>\n\n\n\n<li><strong>Favorece la salud \u00f3sea: <\/strong>Ayuda a la absorci\u00f3n del calcio mediante esta c\u00e1psula de amino\u00e1cidos a granel, aumentando la densidad \u00f3sea y manteniendo los huesos fuertes, lo que resulta muy \u00fatil en ni\u00f1os y adolescentes en edad de crecimiento.<\/li>\n\n\n\n<li><strong>Mejora la funci\u00f3n muscular: <\/strong>Desde L-lisina es crucial para los amino\u00e1cidos, que ha ayudado en la construcci\u00f3n o reparaci\u00f3n de los m\u00fasculos del cuerpo. En la mejora del funcionamiento muscular, iBesDina L-lisina a granel suplementos ser\u00eda un gran activo entre los atletas y gimnastas.<\/li>\n\n\n\n<li><strong>Promover la s\u00edntesis de prote\u00ednas:<\/strong> La L-lisina aumenta la s\u00edntesis proteica, por lo que mejora la funci\u00f3n inmunitaria y favorece la reparaci\u00f3n corporal. Nuestra c\u00e1psula de amino\u00e1cidos a granel es la mejor opci\u00f3n como suplemento nutricional diario.<\/li>\n<\/ul>\n<\/div>\n\n\n\n<div class=\"wp-block-column is-layout-flow wp-block-column-is-layout-flow\">\n<figure class=\"wp-block-image size-full\"><img decoding=\"async\" width=\"800\" height=\"800\" src=\"https:\/\/www.comehealthgroup.com\/wp-content\/uploads\/2025\/01\/L-LYSINEGROWTH-CAPSULE-8.webp\" alt=\"iBesDina L-Lisina Granel Suplementos, Amino\u00e1cidos C\u00e1psulas Para Crecimiento-3\" class=\"wp-image-1457\" srcset=\"https:\/\/www.comehealthgroup.com\/wp-content\/uploads\/2025\/01\/L-LYSINEGROWTH-CAPSULE-8.webp 800w, https:\/\/www.comehealthgroup.com\/wp-content\/uploads\/2025\/01\/L-LYSINEGROWTH-CAPSULE-8-300x300.webp 300w, https:\/\/www.comehealthgroup.com\/wp-content\/uploads\/2025\/01\/L-LYSINEGROWTH-CAPSULE-8-150x150.webp 150w, https:\/\/www.comehealthgroup.com\/wp-content\/uploads\/2025\/01\/L-LYSINEGROWTH-CAPSULE-8-768x768.webp 768w, https:\/\/www.comehealthgroup.com\/wp-content\/uploads\/2025\/01\/L-LYSINEGROWTH-CAPSULE-8-12x12.webp 12w, https:\/\/www.comehealthgroup.com\/wp-content\/uploads\/2025\/01\/L-LYSINEGROWTH-CAPSULE-8-600x600.webp 600w, https:\/\/www.comehealthgroup.com\/wp-content\/uploads\/2025\/01\/L-LYSINEGROWTH-CAPSULE-8-100x100.webp 100w\" sizes=\"(max-width: 800px) 100vw, 800px\" \/><\/figure>\n<\/div>\n<\/div>","protected":false},"excerpt":{"rendered":"<p>Bienvenido a comprar c\u00e1psulas de amino\u00e1cidos a granel. iBesDina L-Lisina suplementos a granel apoyar la salud \u00f3sea, mejorar la funci\u00f3n muscular, y promover la s\u00edntesis de prote\u00ednas. Es una opci\u00f3n ideal para el crecimiento saludable y la suplementaci\u00f3n nutricional diaria.<\/p>\n<table style=\"border-collapse: collapse; width: 308.02pt;\" border=\"0\" width=\"308\" cellspacing=\"0\" cellpadding=\"0\">\n<tbody>\n<tr style=\"height: 15.20pt;\">\n<td class=\"et2\" style=\"height: 15.20pt; width: 101.70pt;\" width=\"101\" height=\"15\">Marca<\/td>\n<td class=\"et2\" style=\"width: 206.65pt;\" width=\"206\">iBesDina<\/td>\n<\/tr>\n<tr style=\"height: 61.00pt;\">\n<td class=\"et2\" style=\"height: 61.00pt;\" height=\"61\">Ventajas del producto<\/td>\n<td class=\"et3\" style=\"width: 206.65pt;\" width=\"206\">*Amino\u00e1cidos esenciales para los ni\u00f1os<br \/>*Favorece la salud \u00f3sea<br \/>*Mejora la funci\u00f3n muscular<br \/>*Promueve la s\u00edntesis de prote\u00ednas<\/td>\n<\/tr>\n<tr style=\"height: 15.20pt;\">\n<td class=\"et2\" style=\"height: 15.20pt;\" height=\"15\">Forma farmac\u00e9utica<\/td>\n<td class=\"et4\">C\u00e1psula<\/td>\n<\/tr>\n<tr style=\"height: 15.20pt;\">\n<td class=\"et2\" style=\"height: 15.20pt;\" height=\"15\">Especificaci\u00f3n del producto<\/td>\n<td class=\"et4\">60 unidades\/botella<\/td>\n<\/tr>\n<tr style=\"height: 15.20pt;\">\n<td class=\"et2\" style=\"height: 15.20pt;\" height=\"15\">Vida \u00fatil<\/td>\n<td class=\"et2\">24 meses<\/td>\n<\/tr>\n<tr style=\"height: 15.20pt;\">\n<td class=\"et2\" style=\"height: 15.20pt;\" height=\"15\">Paquete<\/td>\n<td class=\"et4\">Botella con caja exterior<\/td>\n<\/tr>\n<tr style=\"height: 15.20pt;\">\n<td class=\"et2\" style=\"height: 15.20pt;\" height=\"15\">Inventario<\/td>\n<td class=\"et2\">En stock<\/td>\n<\/tr>\n<\/tbody>\n<\/table>","protected":false},"featured_media":1458,"comment_status":"closed","ping_status":"closed","template":"","meta":{"_acf_changed":false},"product_brand":[],"product_cat":[51,39,34,49],"product_tag":[],"class_list":{"0":"post-1456","1":"product","2":"type-product","3":"status-publish","4":"has-post-thumbnail","6":"product_cat-ibesdina-supplements-wholesale","7":"product_cat-bulk-supplements-capsules","8":"product_cat-private-label-health-supplements","9":"product_cat-nutritional-supplement-wholesale","11":"first","12":"instock","13":"shipping-taxable","14":"product-type-simple"},"acf":[],"_links":{"self":[{"href":"https:\/\/www.comehealthgroup.com\/es\/wp-json\/wp\/v2\/product\/1456","targetHints":{"allow":["GET"]}}],"collection":[{"href":"https:\/\/www.comehealthgroup.com\/es\/wp-json\/wp\/v2\/product"}],"about":[{"href":"https:\/\/www.comehealthgroup.com\/es\/wp-json\/wp\/v2\/types\/product"}],"replies":[{"embeddable":true,"href":"https:\/\/www.comehealthgroup.com\/es\/wp-json\/wp\/v2\/comments?post=1456"}],"wp:featuredmedia":[{"embeddable":true,"href":"https:\/\/www.comehealthgroup.com\/es\/wp-json\/wp\/v2\/media\/1458"}],"wp:attachment":[{"href":"https:\/\/www.comehealthgroup.com\/es\/wp-json\/wp\/v2\/media?parent=1456"}],"wp:term":[{"taxonomy":"product_brand","embeddable":true,"href":"https:\/\/www.comehealthgroup.com\/es\/wp-json\/wp\/v2\/product_brand?post=1456"},{"taxonomy":"product_cat","embeddable":true,"href":"https:\/\/www.comehealthgroup.com\/es\/wp-json\/wp\/v2\/product_cat?post=1456"},{"taxonomy":"product_tag","embeddable":true,"href":"https:\/\/www.comehealthgroup.com\/es\/wp-json\/wp\/v2\/product_tag?post=1456"}],"curies":[{"name":"wp","href":"https:\/\/api.w.org\/{rel}","templated":true}]}}