{"id":1499,"date":"2025-01-08T10:30:38","date_gmt":"2025-01-08T10:30:38","guid":{"rendered":"https:\/\/www.comehealthgroup.com\/?post_type=product&#038;p=1499"},"modified":"2025-01-08T10:30:58","modified_gmt":"2025-01-08T10:30:58","slug":"private-label-health-supplements","status":"publish","type":"product","link":"https:\/\/www.comehealthgroup.com\/es\/product\/private-label-health-supplements\/","title":{"rendered":"iBesDina Suplementos Saludables De Marca Privada Para Un Metabolismo R\u00e1pido"},"content":{"rendered":"<div class=\"wp-block-columns is-layout-flex wp-container-core-columns-is-layout-9d6595d7 wp-block-columns-is-layout-flex\">\n<div class=\"wp-block-column is-layout-flow wp-block-column-is-layout-flow\">\n<h2 class=\"wp-block-heading\">Caracter\u00edsticas de los suplementos diet\u00e9ticos de marca blanca<\/h2>\n\n\n\n<ul class=\"wp-block-list\">\n<li><strong>Favorece el metabolismo de los carbohidratos y la producci\u00f3n de energ\u00eda: <\/strong>Estos suplementos diet\u00e9ticos de marca blanca proporcionan a su organismo los requisitos necesarios para metabolizar los hidratos de carbono mediante el zinc y el magnesio y convertirlos en energ\u00eda.<\/li>\n\n\n\n<li><strong>Favorece la producci\u00f3n sana de gl\u00f3bulos rojos:<\/strong> Los ingredientes clave de nuestros suplementos para la salud a granel contribuyen a la producci\u00f3n de gl\u00f3bulos rojos sanos y, por tanto, favorecen una mejor circulaci\u00f3n del ox\u00edgeno y la vitalidad general.<\/li>\n\n\n\n<li><strong>Mejora el metabolismo de carbohidratos, grasas y prote\u00ednas: <\/strong>Nuestros suplementos para la salud de marca blanca ofrecen una formulaci\u00f3n eficaz de zinc y magnesio para metabolizar los hidratos de carbono y, adem\u00e1s, las grasas y las prote\u00ednas para una nutrici\u00f3n general y una utilizaci\u00f3n adecuada de la energ\u00eda.<\/li>\n\n\n\n<li><strong>Aumenta los niveles generales de energ\u00eda:<\/strong> Estos suplementos para la salud a granel mantienen el nivel de energ\u00eda a lo largo del d\u00eda favoreciendo la producci\u00f3n de energ\u00eda y el metabolismo de los nutrientes, mejorando la resistencia y reduciendo la fatiga.<\/li>\n<\/ul>\n<\/div>\n\n\n\n<div class=\"wp-block-column is-layout-flow wp-block-column-is-layout-flow\">\n<figure class=\"wp-block-image size-full\"><img decoding=\"async\" width=\"800\" height=\"800\" src=\"https:\/\/www.comehealthgroup.com\/wp-content\/uploads\/2025\/01\/SUGAR-METABOUSM-9.webp\" alt=\"iBesDina Suplementos Saludables De Marca Privada Para El Metabolismo R\u00e1pido-2\" class=\"wp-image-1500\" srcset=\"https:\/\/www.comehealthgroup.com\/wp-content\/uploads\/2025\/01\/SUGAR-METABOUSM-9.webp 800w, https:\/\/www.comehealthgroup.com\/wp-content\/uploads\/2025\/01\/SUGAR-METABOUSM-9-300x300.webp 300w, https:\/\/www.comehealthgroup.com\/wp-content\/uploads\/2025\/01\/SUGAR-METABOUSM-9-150x150.webp 150w, https:\/\/www.comehealthgroup.com\/wp-content\/uploads\/2025\/01\/SUGAR-METABOUSM-9-768x768.webp 768w, https:\/\/www.comehealthgroup.com\/wp-content\/uploads\/2025\/01\/SUGAR-METABOUSM-9-12x12.webp 12w, https:\/\/www.comehealthgroup.com\/wp-content\/uploads\/2025\/01\/SUGAR-METABOUSM-9-600x600.webp 600w, https:\/\/www.comehealthgroup.com\/wp-content\/uploads\/2025\/01\/SUGAR-METABOUSM-9-100x100.webp 100w\" sizes=\"(max-width: 800px) 100vw, 800px\" \/><\/figure>\n<\/div>\n<\/div>\n\n\n\n<p><\/p>","protected":false},"excerpt":{"rendered":"<p>Los suplementos diet\u00e9ticos de marca blanca iBesDina ayudan al organismo a producir energ\u00eda a trav\u00e9s de la digesti\u00f3n de los hidratos de carbono mediante la transformaci\u00f3n de los nutrientes. Esta vitamina mantiene la producci\u00f3n de gl\u00f3bulos rojos sanos, mejora el metabolismo de los hidratos de carbono, grasas y prote\u00ednas, y ofrece energ\u00eda general para que uno pueda ir todo el d\u00eda sin cansancio.<\/p>\n<table style=\"border-collapse: collapse; width: 308.02pt;\" border=\"0\" width=\"308\" cellspacing=\"0\" cellpadding=\"0\">\n<tbody>\n<tr style=\"height: 15.20pt;\">\n<td class=\"et2\" style=\"height: 15.20pt; width: 101.70pt;\" width=\"101\" height=\"15\">Marca<\/td>\n<td class=\"et2\" style=\"width: 206.65pt;\" width=\"206\">iBesDina<\/td>\n<\/tr>\n<tr style=\"height: 107.00pt;\">\n<td class=\"et2\" style=\"height: 107.00pt;\" height=\"107\">Ventajas del producto<\/td>\n<td class=\"et3\" style=\"width: 206.65pt;\" width=\"206\">*Apoya el metabolismo de los carbohidratos y la producci\u00f3n de energ\u00eda<br \/>*Ayuda a la producci\u00f3n sana de gl\u00f3bulos rojos<br \/>*Mejora el metabolismo de carbohidratos, grasas y prote\u00ednas<br \/>*Aumenta los niveles generales de energ\u00eda<\/td>\n<\/tr>\n<tr style=\"height: 15.20pt;\">\n<td class=\"et2\" style=\"height: 15.20pt;\" height=\"15\">Forma farmac\u00e9utica<\/td>\n<td class=\"et4\">Tableta<\/td>\n<\/tr>\n<tr style=\"height: 15.20pt;\">\n<td class=\"et2\" style=\"height: 15.20pt;\" height=\"15\">Especificaci\u00f3n del producto<\/td>\n<td class=\"et4\">60 unidades\/botella<\/td>\n<\/tr>\n<tr style=\"height: 15.20pt;\">\n<td class=\"et2\" style=\"height: 15.20pt;\" height=\"15\">Vida \u00fatil<\/td>\n<td class=\"et2\">24 meses<\/td>\n<\/tr>\n<tr style=\"height: 15.20pt;\">\n<td class=\"et2\" style=\"height: 15.20pt;\" height=\"15\">Paquete<\/td>\n<td class=\"et2\">Botella con caja exterior<\/td>\n<\/tr>\n<tr style=\"height: 15.20pt;\">\n<td class=\"et2\" style=\"height: 15.20pt;\" height=\"15\">Inventario<\/td>\n<td class=\"et2\">En stock<\/td>\n<\/tr>\n<\/tbody>\n<\/table>","protected":false},"featured_media":1502,"comment_status":"closed","ping_status":"closed","template":"","meta":{"_acf_changed":false},"product_brand":[],"product_cat":[51,52,34],"product_tag":[],"class_list":{"0":"post-1499","1":"product","2":"type-product","3":"status-publish","4":"has-post-thumbnail","6":"product_cat-ibesdina-supplements-wholesale","7":"product_cat-private-label-supplement-tablets","8":"product_cat-private-label-health-supplements","10":"first","11":"instock","12":"shipping-taxable","13":"product-type-simple"},"acf":[],"_links":{"self":[{"href":"https:\/\/www.comehealthgroup.com\/es\/wp-json\/wp\/v2\/product\/1499","targetHints":{"allow":["GET"]}}],"collection":[{"href":"https:\/\/www.comehealthgroup.com\/es\/wp-json\/wp\/v2\/product"}],"about":[{"href":"https:\/\/www.comehealthgroup.com\/es\/wp-json\/wp\/v2\/types\/product"}],"replies":[{"embeddable":true,"href":"https:\/\/www.comehealthgroup.com\/es\/wp-json\/wp\/v2\/comments?post=1499"}],"wp:featuredmedia":[{"embeddable":true,"href":"https:\/\/www.comehealthgroup.com\/es\/wp-json\/wp\/v2\/media\/1502"}],"wp:attachment":[{"href":"https:\/\/www.comehealthgroup.com\/es\/wp-json\/wp\/v2\/media?parent=1499"}],"wp:term":[{"taxonomy":"product_brand","embeddable":true,"href":"https:\/\/www.comehealthgroup.com\/es\/wp-json\/wp\/v2\/product_brand?post=1499"},{"taxonomy":"product_cat","embeddable":true,"href":"https:\/\/www.comehealthgroup.com\/es\/wp-json\/wp\/v2\/product_cat?post=1499"},{"taxonomy":"product_tag","embeddable":true,"href":"https:\/\/www.comehealthgroup.com\/es\/wp-json\/wp\/v2\/product_tag?post=1499"}],"curies":[{"name":"wp","href":"https:\/\/api.w.org\/{rel}","templated":true}]}}