{"id":1533,"date":"2025-01-15T09:31:10","date_gmt":"2025-01-15T09:31:10","guid":{"rendered":"https:\/\/www.comehealthgroup.com\/?post_type=product&#038;p=1533"},"modified":"2025-01-15T09:31:21","modified_gmt":"2025-01-15T09:31:21","slug":"health-supplements-private-label","status":"publish","type":"product","link":"https:\/\/www.comehealthgroup.com\/es\/product\/health-supplements-private-label\/","title":{"rendered":"Suplementos Saludables Private Label, iBesDina DHA Tabletas Para La Salud Del Cerebro"},"content":{"rendered":"<div class=\"wp-block-columns is-layout-flex wp-container-core-columns-is-layout-9d6595d7 wp-block-columns-is-layout-flex\">\n<div class=\"wp-block-column is-layout-flow wp-block-column-is-layout-flow\">\n<h2 class=\"wp-block-heading\">Caracter\u00edsticas de los suplementos para la salud de marca blanca<\/h2>\n\n\n\n<ul class=\"wp-block-list\">\n<li><strong>Favorece el desarrollo cerebral y cognitivo: <\/strong>Los comprimidos de marca blanca de los suplementos para la salud iBesDina contienen DHA, que es un \u00e1cido graso omega-3 derivado del Schizosaccharomyces pombe, esencial para la funci\u00f3n cerebral de los ni\u00f1os, que favorece el desarrollo cognitivo y aumenta la claridad mental.<\/li>\n\n\n\n<li><strong>Favorece la salud y el desarrollo de los ojos: <\/strong>Nuestros suplementos de salud DHA a granel contribuyen al desarrollo saludable de los ojos, favoreciendo una visi\u00f3n y una funci\u00f3n retiniana \u00f3ptimas en los ni\u00f1os en edad de crecimiento.<\/li>\n\n\n\n<li><strong>Ayuda al desarrollo del sistema nervioso central: <\/strong>Estos suplementos para la salud en comprimidos de marca blanca favorecen el desarrollo del sistema nervioso central, garantizando un crecimiento y un funcionamiento neurol\u00f3gicos sanos durante las etapas clave del desarrollo infantil.<\/li>\n\n\n\n<li><strong>DHA de alta calidad de origen natural: <\/strong>Derivado de la fuente natural Schizosaccharomyces pombe, los suplementos de salud a granel iBesDina proporcionan un DHA sostenible y de alta calidad para la salud general de los ni\u00f1os.<\/li>\n<\/ul>\n<\/div>\n\n\n\n<div class=\"wp-block-column is-layout-flow wp-block-column-is-layout-flow\">\n<figure class=\"wp-block-image size-full\"><img decoding=\"async\" width=\"800\" height=\"800\" src=\"https:\/\/www.comehealthgroup.com\/wp-content\/uploads\/2025\/01\/BRAIN-FOCUS-SUPERBLEND-8.webp\" alt=\"Suplementos Saludables Etiqueta Privada, iBesDina DHA Tabletas Para La Salud Del Cerebro-4\" class=\"wp-image-1534\" srcset=\"https:\/\/www.comehealthgroup.com\/wp-content\/uploads\/2025\/01\/BRAIN-FOCUS-SUPERBLEND-8.webp 800w, https:\/\/www.comehealthgroup.com\/wp-content\/uploads\/2025\/01\/BRAIN-FOCUS-SUPERBLEND-8-300x300.webp 300w, https:\/\/www.comehealthgroup.com\/wp-content\/uploads\/2025\/01\/BRAIN-FOCUS-SUPERBLEND-8-150x150.webp 150w, https:\/\/www.comehealthgroup.com\/wp-content\/uploads\/2025\/01\/BRAIN-FOCUS-SUPERBLEND-8-768x768.webp 768w, https:\/\/www.comehealthgroup.com\/wp-content\/uploads\/2025\/01\/BRAIN-FOCUS-SUPERBLEND-8-12x12.webp 12w, https:\/\/www.comehealthgroup.com\/wp-content\/uploads\/2025\/01\/BRAIN-FOCUS-SUPERBLEND-8-600x600.webp 600w, https:\/\/www.comehealthgroup.com\/wp-content\/uploads\/2025\/01\/BRAIN-FOCUS-SUPERBLEND-8-100x100.webp 100w\" sizes=\"(max-width: 800px) 100vw, 800px\" \/><\/figure>\n<\/div>\n<\/div>","protected":false},"excerpt":{"rendered":"<p>Bienvenido a comprar iBesDina suplementos para la salud a granel. Nuestros suplementos para la salud en comprimidos de marca blanca contienen DHA, un \u00e1cido graso omega-3 derivado del g\u00e9nero Schizosaccharomyces pombe. Dise\u00f1ado para la ingesta diet\u00e9tica, esta f\u00f3rmula avanzada apoya el desarrollo cerebral y cognitivo de los ni\u00f1os, la salud ocular y la funci\u00f3n del sistema nervioso central.<\/p>\n<table style=\"border-collapse: collapse; width: 308.02pt;\" border=\"0\" width=\"308\" cellspacing=\"0\" cellpadding=\"0\">\n<tbody>\n<tr style=\"height: 15.20pt;\">\n<td class=\"et2\" style=\"height: 15.20pt; width: 101.70pt;\" width=\"101\" height=\"15\">Marca<\/td>\n<td class=\"et2\" style=\"width: 206.65pt;\" width=\"206\">iBesDina<\/td>\n<\/tr>\n<tr style=\"height: 61.00pt;\">\n<td class=\"et2\" style=\"height: 61.00pt;\" height=\"61\">Ventajas del producto<\/td>\n<td class=\"et3\" style=\"width: 206.65pt;\" width=\"206\">*Apoya el desarrollo cerebral y cognitivo<br \/>*Promueve la salud y el desarrollo oculares<br \/>*Ayuda al desarrollo del sistema nervioso central<br \/>*DHA de alta calidad de origen natural<\/td>\n<\/tr>\n<tr style=\"height: 15.20pt;\">\n<td class=\"et2\" style=\"height: 15.20pt;\" height=\"15\">Forma farmac\u00e9utica<\/td>\n<td class=\"et4\">Tableta<\/td>\n<\/tr>\n<tr style=\"height: 15.20pt;\">\n<td class=\"et2\" style=\"height: 15.20pt;\" height=\"15\">Especificaci\u00f3n del producto<\/td>\n<td class=\"et4\">60 unidades\/botella<\/td>\n<\/tr>\n<tr style=\"height: 15.20pt;\">\n<td class=\"et2\" style=\"height: 15.20pt;\" height=\"15\">Vida \u00fatil<\/td>\n<td class=\"et2\">24 meses<\/td>\n<\/tr>\n<tr style=\"height: 15.20pt;\">\n<td class=\"et2\" style=\"height: 15.20pt;\" height=\"15\">Paquete<\/td>\n<td class=\"et4\">Botella con caja exterior<\/td>\n<\/tr>\n<tr style=\"height: 15.20pt;\">\n<td class=\"et2\" style=\"height: 15.20pt;\" height=\"15\">Inventario<\/td>\n<td class=\"et2\">En stock<\/td>\n<\/tr>\n<\/tbody>\n<\/table>","protected":false},"featured_media":1535,"comment_status":"closed","ping_status":"closed","template":"","meta":{"_acf_changed":false},"product_brand":[],"product_cat":[51,52,34],"product_tag":[],"class_list":{"0":"post-1533","1":"product","2":"type-product","3":"status-publish","4":"has-post-thumbnail","6":"product_cat-ibesdina-supplements-wholesale","7":"product_cat-private-label-supplement-tablets","8":"product_cat-private-label-health-supplements","10":"first","11":"instock","12":"shipping-taxable","13":"product-type-simple"},"acf":[],"_links":{"self":[{"href":"https:\/\/www.comehealthgroup.com\/es\/wp-json\/wp\/v2\/product\/1533","targetHints":{"allow":["GET"]}}],"collection":[{"href":"https:\/\/www.comehealthgroup.com\/es\/wp-json\/wp\/v2\/product"}],"about":[{"href":"https:\/\/www.comehealthgroup.com\/es\/wp-json\/wp\/v2\/types\/product"}],"replies":[{"embeddable":true,"href":"https:\/\/www.comehealthgroup.com\/es\/wp-json\/wp\/v2\/comments?post=1533"}],"wp:featuredmedia":[{"embeddable":true,"href":"https:\/\/www.comehealthgroup.com\/es\/wp-json\/wp\/v2\/media\/1535"}],"wp:attachment":[{"href":"https:\/\/www.comehealthgroup.com\/es\/wp-json\/wp\/v2\/media?parent=1533"}],"wp:term":[{"taxonomy":"product_brand","embeddable":true,"href":"https:\/\/www.comehealthgroup.com\/es\/wp-json\/wp\/v2\/product_brand?post=1533"},{"taxonomy":"product_cat","embeddable":true,"href":"https:\/\/www.comehealthgroup.com\/es\/wp-json\/wp\/v2\/product_cat?post=1533"},{"taxonomy":"product_tag","embeddable":true,"href":"https:\/\/www.comehealthgroup.com\/es\/wp-json\/wp\/v2\/product_tag?post=1533"}],"curies":[{"name":"wp","href":"https:\/\/api.w.org\/{rel}","templated":true}]}}