{"id":1548,"date":"2025-01-21T15:11:00","date_gmt":"2025-01-21T15:11:00","guid":{"rendered":"https:\/\/www.comehealthgroup.com\/?post_type=product&#038;p=1548"},"modified":"2025-01-21T15:11:01","modified_gmt":"2025-01-21T15:11:01","slug":"private-label-liquid-multivitamins","status":"publish","type":"product","link":"https:\/\/www.comehealthgroup.com\/es\/product\/private-label-liquid-multivitamins\/","title":{"rendered":"iBesDina Multivitaminas l\u00edquidas de marca blanca para el crecimiento del cabello"},"content":{"rendered":"<div class=\"wp-block-columns is-layout-flex wp-container-core-columns-is-layout-9d6595d7 wp-block-columns-is-layout-flex\">\n<div class=\"wp-block-column is-layout-flow wp-block-column-is-layout-flow\">\n<blockquote class=\"wp-block-quote is-layout-flow wp-block-quote-is-layout-flow\">\n<h2 class=\"wp-block-heading\">Caracter\u00edsticas de las multivitaminas l\u00edquidas de marca blanca<\/h2>\n<\/blockquote>\n\n\n\n<ul class=\"wp-block-list\">\n<li><strong>Nutrici\u00f3n integral:<\/strong> Nuestras multivitaminas l\u00edquidas de marca blanca est\u00e1n repletas de vitaminas esenciales (complejo B, D, E) y minerales para nutrir el cabello y favorecer un crecimiento sano.<\/li>\n\n\n\n<li><strong>Fortalece las ra\u00edces del cabello:<\/strong> El multivitam\u00ednico l\u00edquido a granel iBesDina contiene Biotina y Zinc para fortalecer las ra\u00edces del cabello y minimizar su ca\u00edda.<\/li>\n\n\n\n<li><strong>R\u00e1pida absorci\u00f3n: <\/strong>La f\u00f3rmula l\u00edquida asegura que estas multivitaminas l\u00edquidas de marca blanca tengan una absorci\u00f3n m\u00e1s r\u00e1pida, aportando los nutrientes de forma eficiente para obtener mejores resultados.<\/li>\n\n\n\n<li><strong>Favorece el brillo y el grosor:<\/strong> El multivitam\u00ednico l\u00edquido a granel iBesDina est\u00e1 enriquecido con antioxidantes y amino\u00e1cidos para mejorar el brillo, el grosor y la vitalidad general del cabello.<\/li>\n<\/ul>\n<\/div>\n\n\n\n<div class=\"wp-block-column is-layout-flow wp-block-column-is-layout-flow\">\n<figure class=\"wp-block-image size-full\"><img decoding=\"async\" width=\"800\" height=\"800\" src=\"https:\/\/www.comehealthgroup.com\/wp-content\/uploads\/2025\/01\/\u4e3b\u56fe_2.jpg\" alt=\"iBesDina Multivitaminas l\u00edquidas de marca blanca para el crecimiento del cabello-2\" class=\"wp-image-1550\" srcset=\"https:\/\/www.comehealthgroup.com\/wp-content\/uploads\/2025\/01\/\u4e3b\u56fe_2.jpg 800w, https:\/\/www.comehealthgroup.com\/wp-content\/uploads\/2025\/01\/\u4e3b\u56fe_2-300x300.jpg 300w, https:\/\/www.comehealthgroup.com\/wp-content\/uploads\/2025\/01\/\u4e3b\u56fe_2-150x150.jpg 150w, https:\/\/www.comehealthgroup.com\/wp-content\/uploads\/2025\/01\/\u4e3b\u56fe_2-768x768.jpg 768w, https:\/\/www.comehealthgroup.com\/wp-content\/uploads\/2025\/01\/\u4e3b\u56fe_2-12x12.jpg 12w, https:\/\/www.comehealthgroup.com\/wp-content\/uploads\/2025\/01\/\u4e3b\u56fe_2-600x600.jpg 600w, https:\/\/www.comehealthgroup.com\/wp-content\/uploads\/2025\/01\/\u4e3b\u56fe_2-100x100.jpg 100w\" sizes=\"(max-width: 800px) 100vw, 800px\" \/><\/figure>\n<\/div>\n<\/div>","protected":false},"excerpt":{"rendered":"<p>Bienvenido a comprar multivitaminas l\u00edquidas de marca blanca. iBesDina multivitamina l\u00edquida a granel para el crecimiento del cabello proporciona una nutrici\u00f3n completa con vitaminas del complejo B, D, E y minerales para nutrir el cabello y promover un crecimiento saludable. Con una infusi\u00f3n de biotina y zinc, fortalece las ra\u00edces del cabello y reduce su ca\u00edda.<\/p>\n<table style=\"border-collapse: collapse; width: 308.02pt;\" border=\"0\" width=\"308\" cellspacing=\"0\" cellpadding=\"0\">\n<tbody>\n<tr style=\"height: 15.20pt;\">\n<td class=\"et2\" style=\"height: 15.20pt; width: 101.70pt;\" width=\"101\" height=\"15\">Marca<\/td>\n<td class=\"et2\" style=\"width: 206.65pt;\" width=\"206\">iBesDina<\/td>\n<\/tr>\n<tr style=\"height: 61.00pt;\">\n<td class=\"et2\" style=\"height: 61.00pt;\" height=\"61\">Ventajas del producto<\/td>\n<td class=\"et3\" style=\"width: 206.65pt;\" width=\"206\">*Nutrici\u00f3n integral<br \/>*Fortalece las ra\u00edces del cabello<br \/>*R\u00e1pida absorci\u00f3n<br \/>*Promueve el brillo y el grosor<\/td>\n<\/tr>\n<tr style=\"height: 15.20pt;\">\n<td class=\"et2\" style=\"height: 15.20pt;\" height=\"15\">Forma farmac\u00e9utica<\/td>\n<td class=\"et4\">Gota de l\u00edquido<\/td>\n<\/tr>\n<tr style=\"height: 15.20pt;\">\n<td class=\"et2\" style=\"height: 15.20pt;\" height=\"15\">Especificaci\u00f3n del producto<\/td>\n<td>450 ml\/botella<\/td>\n<\/tr>\n<tr style=\"height: 15.20pt;\">\n<td class=\"et2\" style=\"height: 15.20pt;\" height=\"15\">Vida \u00fatil<\/td>\n<td class=\"et2\">24 meses<\/td>\n<\/tr>\n<tr style=\"height: 15.20pt;\">\n<td class=\"et2\" style=\"height: 15.20pt;\" height=\"15\">Paquete<\/td>\n<td class=\"et2\">Botella con caja exterior<\/td>\n<\/tr>\n<tr style=\"height: 15.20pt;\">\n<td class=\"et2\" style=\"height: 15.20pt;\" height=\"15\">Inventario<\/td>\n<td class=\"et2\">En stock<\/td>\n<\/tr>\n<\/tbody>\n<\/table>","protected":false},"featured_media":1557,"comment_status":"closed","ping_status":"closed","template":"","meta":{"_acf_changed":false},"product_brand":[],"product_cat":[47,51,36,49],"product_tag":[],"class_list":{"0":"post-1548","1":"product","2":"type-product","3":"status-publish","4":"has-post-thumbnail","6":"product_cat-liquid-supplements-wholesale","7":"product_cat-ibesdina-supplements-wholesale","8":"product_cat-private-label-beauty-supplements","9":"product_cat-nutritional-supplement-wholesale","11":"first","12":"instock","13":"shipping-taxable","14":"product-type-simple"},"acf":[],"_links":{"self":[{"href":"https:\/\/www.comehealthgroup.com\/es\/wp-json\/wp\/v2\/product\/1548","targetHints":{"allow":["GET"]}}],"collection":[{"href":"https:\/\/www.comehealthgroup.com\/es\/wp-json\/wp\/v2\/product"}],"about":[{"href":"https:\/\/www.comehealthgroup.com\/es\/wp-json\/wp\/v2\/types\/product"}],"replies":[{"embeddable":true,"href":"https:\/\/www.comehealthgroup.com\/es\/wp-json\/wp\/v2\/comments?post=1548"}],"wp:featuredmedia":[{"embeddable":true,"href":"https:\/\/www.comehealthgroup.com\/es\/wp-json\/wp\/v2\/media\/1557"}],"wp:attachment":[{"href":"https:\/\/www.comehealthgroup.com\/es\/wp-json\/wp\/v2\/media?parent=1548"}],"wp:term":[{"taxonomy":"product_brand","embeddable":true,"href":"https:\/\/www.comehealthgroup.com\/es\/wp-json\/wp\/v2\/product_brand?post=1548"},{"taxonomy":"product_cat","embeddable":true,"href":"https:\/\/www.comehealthgroup.com\/es\/wp-json\/wp\/v2\/product_cat?post=1548"},{"taxonomy":"product_tag","embeddable":true,"href":"https:\/\/www.comehealthgroup.com\/es\/wp-json\/wp\/v2\/product_tag?post=1548"}],"curies":[{"name":"wp","href":"https:\/\/api.w.org\/{rel}","templated":true}]}}