{"id":1649,"date":"2025-02-26T07:36:00","date_gmt":"2025-02-26T07:36:00","guid":{"rendered":"https:\/\/www.comehealthgroup.com\/?post_type=product&#038;p=1649"},"modified":"2025-02-26T07:36:01","modified_gmt":"2025-02-26T07:36:01","slug":"private-label-keto","status":"publish","type":"product","link":"https:\/\/www.comehealthgroup.com\/es\/product\/private-label-keto\/","title":{"rendered":"C\u00e1psulas KETO BHB Sin Gluten Etiqueta Blanca\/Privada al por mayor"},"content":{"rendered":"<h2 class=\"wp-block-heading\">Caracter\u00edsticas de las c\u00e1psulas KETO BHB de marca blanca<\/h2>\n\n\n\n<div class=\"wp-block-columns is-layout-flex wp-container-core-columns-is-layout-9d6595d7 wp-block-columns-is-layout-flex\">\n<div class=\"wp-block-column is-layout-flow wp-block-column-is-layout-flow\">\n<ul class=\"wp-block-list\">\n<li><strong>Favorece la cetosis y la acelera: <\/strong>El BHB en esta c\u00e1psula KETO de marca blanca ayuda al cuerpo a alcanzar la cetosis r\u00e1pidamente y permanecer en cetosis, apoya la grasa como fuente principal de energ\u00eda, y aumenta la eficacia de la dieta cetog\u00e9nica.<\/li>\n\n\n\n<li><strong>Proporcionar energ\u00eda sostenida y mantenerse en\u00e9rgico:<\/strong> Nuestros suplementos de ceto al por mayor promueven la quema de grasa, y el BHB proporciona al cuerpo energ\u00eda constante y sostenida, haci\u00e9ndole permanecer en\u00e9rgico y evitando la fatiga durante la cetosis.<\/li>\n\n\n\n<li><strong>Aumenta la claridad cerebral y mejora la concentraci\u00f3n: <\/strong>Nuestra c\u00e1psula KETO BHB de marca blanca ayuda al suministro de energ\u00eda del cuerpo y tambi\u00e9n puede proporcionar combustible para el cerebro en forma de cuerpos cet\u00f3nicos, mejorar la claridad de pensamiento y la concentraci\u00f3n, y apoyar el trabajo y el estudio eficientes.<\/li>\n\n\n\n<li><strong>Promueve la quema de grasas y ayuda a perder peso de forma saludable: <\/strong>Nuestros suplementos de ceto al por mayor ayudan con la cetosis y el metabolismo de las grasas, y el BHB ayuda al cuerpo a quemar grasa de manera m\u00e1s eficiente, por lo que es especialmente adecuado para aquellos que buscan una p\u00e9rdida de peso saludable y modelar el cuerpo.<\/li>\n<\/ul>\n<\/div>\n\n\n\n<div class=\"wp-block-column is-layout-flow wp-block-column-is-layout-flow\">\n<figure class=\"wp-block-image size-full\"><img decoding=\"async\" width=\"1500\" height=\"1500\" src=\"https:\/\/www.comehealthgroup.com\/wp-content\/uploads\/2025\/02\/Gluten-Free-WhitePrivate-Label-KETO-BHB-Capsules-Wholesale-1.webp\" alt=\"Sin Gluten Blanco:Private Label KETO BHB Capsules Wholesale-1\" class=\"wp-image-1709\" srcset=\"https:\/\/www.comehealthgroup.com\/wp-content\/uploads\/2025\/02\/Gluten-Free-WhitePrivate-Label-KETO-BHB-Capsules-Wholesale-1.webp 1500w, https:\/\/www.comehealthgroup.com\/wp-content\/uploads\/2025\/02\/Gluten-Free-WhitePrivate-Label-KETO-BHB-Capsules-Wholesale-1-300x300.webp 300w, https:\/\/www.comehealthgroup.com\/wp-content\/uploads\/2025\/02\/Gluten-Free-WhitePrivate-Label-KETO-BHB-Capsules-Wholesale-1-150x150.webp 150w, https:\/\/www.comehealthgroup.com\/wp-content\/uploads\/2025\/02\/Gluten-Free-WhitePrivate-Label-KETO-BHB-Capsules-Wholesale-1-768x768.webp 768w, https:\/\/www.comehealthgroup.com\/wp-content\/uploads\/2025\/02\/Gluten-Free-WhitePrivate-Label-KETO-BHB-Capsules-Wholesale-1-12x12.webp 12w, https:\/\/www.comehealthgroup.com\/wp-content\/uploads\/2025\/02\/Gluten-Free-WhitePrivate-Label-KETO-BHB-Capsules-Wholesale-1-1200x1200.webp 1200w, https:\/\/www.comehealthgroup.com\/wp-content\/uploads\/2025\/02\/Gluten-Free-WhitePrivate-Label-KETO-BHB-Capsules-Wholesale-1-600x600.webp 600w, https:\/\/www.comehealthgroup.com\/wp-content\/uploads\/2025\/02\/Gluten-Free-WhitePrivate-Label-KETO-BHB-Capsules-Wholesale-1-100x100.webp 100w\" sizes=\"(max-width: 1500px) 100vw, 1500px\" \/><\/figure>\n<\/div>\n<\/div>","protected":false},"excerpt":{"rendered":"<p>Bienvenido a comprar al por mayor suplementos ceto. Nuestras c\u00e1psulas KETO BHB de marca blanca\/privada sin gluten est\u00e1n dise\u00f1adas para apoyar la dieta cetog\u00e9nica, ayudando al cuerpo a alcanzar la cetosis r\u00e1pidamente y permanecer en cetosis, proporcionando energ\u00eda sostenida, claridad mental y quema de grasa.<\/p>\n<table style=\"border-collapse: collapse; width: 308.02pt;\" border=\"0\" width=\"308\" cellspacing=\"0\" cellpadding=\"0\">\n<tbody>\n<tr style=\"height: 15.20pt;\">\n<td class=\"et2\" style=\"height: 15.20pt; width: 101.70pt;\" width=\"101\" height=\"15\">Marca<\/td>\n<td class=\"et2\" style=\"width: 206.65pt;\" width=\"206\">Come Health\/ Marca blanca<\/td>\n<\/tr>\n<tr style=\"height: 61.00pt;\">\n<td class=\"et2\" style=\"height: 61.00pt;\" height=\"61\">Ventajas del producto<\/td>\n<td class=\"et3\" style=\"width: 206.65pt;\" width=\"206\">*Apoya la cetosis<br \/>*Aumento de la energ\u00eda <br \/>*Mayor claridad mental <br \/>*Quema de grasas<\/td>\n<\/tr>\n<tr style=\"height: 15.20pt;\">\n<td class=\"et2\" style=\"height: 15.20pt;\" height=\"15\">Forma farmac\u00e9utica<\/td>\n<td class=\"et2\">C\u00e1psula<\/td>\n<\/tr>\n<tr style=\"height: 15.20pt;\">\n<td class=\"et2\" style=\"height: 15.20pt;\" height=\"15\">Especificaci\u00f3n del producto<\/td>\n<td class=\"et2\">60 c\u00e1psulas\/frasco<\/td>\n<\/tr>\n<tr style=\"height: 15.20pt;\">\n<td class=\"et2\" style=\"height: 15.20pt;\" height=\"15\">Vida \u00fatil<\/td>\n<td class=\"et2\">24 meses<\/td>\n<\/tr>\n<tr style=\"height: 15.20pt;\">\n<td class=\"et2\" style=\"height: 15.20pt;\" height=\"15\">Dimensiones (cm)<\/td>\n<td class=\"et4\">7X7X12<\/td>\n<\/tr>\n<tr style=\"height: 15.20pt;\">\n<td class=\"et2\" style=\"height: 15.20pt;\" height=\"15\">Peso neto (kg)<\/td>\n<td class=\"et4\">0,08 kg<\/td>\n<\/tr>\n<tr style=\"height: 15.20pt;\">\n<td class=\"et2\" style=\"height: 15.20pt;\" height=\"15\">Personalizaci\u00f3n<\/td>\n<td class=\"et2\">Gr\u00e1fico, Logotipo, Paquete<\/td>\n<\/tr>\n<tr style=\"height: 15.20pt;\">\n<td class=\"et2\" style=\"height: 15.20pt;\" height=\"15\">Inventario<\/td>\n<td class=\"et2\">En stock<\/td>\n<\/tr>\n<\/tbody>\n<\/table>","protected":false},"featured_media":1711,"comment_status":"closed","ping_status":"closed","template":"","meta":{"_acf_changed":false},"product_brand":[],"product_cat":[39,29],"product_tag":[],"class_list":{"0":"post-1649","1":"product","2":"type-product","3":"status-publish","4":"has-post-thumbnail","6":"product_cat-bulk-supplements-capsules","7":"product_cat-sports-supplements-wholesale","9":"first","10":"instock","11":"shipping-taxable","12":"product-type-simple"},"acf":[],"_links":{"self":[{"href":"https:\/\/www.comehealthgroup.com\/es\/wp-json\/wp\/v2\/product\/1649","targetHints":{"allow":["GET"]}}],"collection":[{"href":"https:\/\/www.comehealthgroup.com\/es\/wp-json\/wp\/v2\/product"}],"about":[{"href":"https:\/\/www.comehealthgroup.com\/es\/wp-json\/wp\/v2\/types\/product"}],"replies":[{"embeddable":true,"href":"https:\/\/www.comehealthgroup.com\/es\/wp-json\/wp\/v2\/comments?post=1649"}],"wp:featuredmedia":[{"embeddable":true,"href":"https:\/\/www.comehealthgroup.com\/es\/wp-json\/wp\/v2\/media\/1711"}],"wp:attachment":[{"href":"https:\/\/www.comehealthgroup.com\/es\/wp-json\/wp\/v2\/media?parent=1649"}],"wp:term":[{"taxonomy":"product_brand","embeddable":true,"href":"https:\/\/www.comehealthgroup.com\/es\/wp-json\/wp\/v2\/product_brand?post=1649"},{"taxonomy":"product_cat","embeddable":true,"href":"https:\/\/www.comehealthgroup.com\/es\/wp-json\/wp\/v2\/product_cat?post=1649"},{"taxonomy":"product_tag","embeddable":true,"href":"https:\/\/www.comehealthgroup.com\/es\/wp-json\/wp\/v2\/product_tag?post=1649"}],"curies":[{"name":"wp","href":"https:\/\/api.w.org\/{rel}","templated":true}]}}