{"id":1675,"date":"2025-02-26T08:25:17","date_gmt":"2025-02-26T08:25:17","guid":{"rendered":"https:\/\/www.comehealthgroup.com\/?post_type=product&#038;p=1675"},"modified":"2025-02-26T08:26:29","modified_gmt":"2025-02-26T08:26:29","slug":"private-label-beauty-supplement","status":"publish","type":"product","link":"https:\/\/www.comehealthgroup.com\/es\/product\/private-label-beauty-supplement\/","title":{"rendered":"Suplemento de belleza de marca blanca para el aumento de gl\u00fateos y caderas"},"content":{"rendered":"<div class=\"wp-block-columns is-layout-flex wp-container-core-columns-is-layout-9d6595d7 wp-block-columns-is-layout-flex\">\n<div class=\"wp-block-column is-layout-flow wp-block-column-is-layout-flow\">\n<h2 class=\"wp-block-heading\">Caracter\u00edsticas del suplemento de belleza de marca blanca<\/h2>\n\n\n\n<ul class=\"wp-block-list\">\n<li><strong>Aumenta el almacenamiento de grasa y moldea las curvas regordetas: <\/strong>Nuestro suplemento de belleza de marca blanca lifting de caderas favorece el almacenamiento de grasa en los gl\u00fateos y las caderas mediante f\u00f3rmulas cient\u00edficas, ayudando a agrandar los gl\u00fateos de forma natural y a moldear curvas m\u00e1s turgentes y encantadoras.<\/li>\n\n\n\n<li><strong>F\u00f3rmula de ingredientes naturales, segura y fiable: <\/strong>Esta c\u00e1psula de lifting de cadera al por mayor utiliza extractos de plantas naturales y nutrientes para garantizar que el producto es seguro y no tiene efectos secundarios. Es adecuado para el uso a largo plazo y ayuda a las mujeres a alcanzar sus objetivos corporales de una manera saludable.<\/li>\n\n\n\n<li><strong>Favorece la circulaci\u00f3n sangu\u00ednea y mejora la elasticidad de la piel: <\/strong>Los ingredientes activos de la f\u00f3rmula de nuestro suplemento de belleza de marca blanca hip lift ayudan a mejorar la circulaci\u00f3n sangu\u00ednea local, aumentan la elasticidad de la piel y hacen que la l\u00ednea de los gl\u00fateos sea m\u00e1s suave y firme.<\/li>\n\n\n\n<li><strong>Optimizar el contorno corporal general y aumentar la confianza: <\/strong>Nuestra c\u00e1psula de lifting de caderas al por mayor tiene efectos de distribuci\u00f3n selectiva de la grasa y remodelaci\u00f3n corporal. El producto no solo rellena los gl\u00fateos, sino que tambi\u00e9n optimiza el contorno general del cuerpo, ayudando a las mujeres a mostrar un cuerpo m\u00e1s seguro.<\/li>\n<\/ul>\n<\/div>\n\n\n\n<div class=\"wp-block-column is-layout-flow wp-block-column-is-layout-flow\">\n<figure class=\"wp-block-image size-full\"><img decoding=\"async\" width=\"750\" height=\"750\" src=\"https:\/\/www.comehealthgroup.com\/wp-content\/uploads\/2025\/02\/Hip-Enlargement-Capsules_01.webp\" alt=\"Suplemento de belleza de marca blanca para el aumento de gl\u00fateos y caderas-2\" class=\"wp-image-1677\" srcset=\"https:\/\/www.comehealthgroup.com\/wp-content\/uploads\/2025\/02\/Hip-Enlargement-Capsules_01.webp 750w, https:\/\/www.comehealthgroup.com\/wp-content\/uploads\/2025\/02\/Hip-Enlargement-Capsules_01-300x300.webp 300w, https:\/\/www.comehealthgroup.com\/wp-content\/uploads\/2025\/02\/Hip-Enlargement-Capsules_01-150x150.webp 150w, https:\/\/www.comehealthgroup.com\/wp-content\/uploads\/2025\/02\/Hip-Enlargement-Capsules_01-12x12.webp 12w, https:\/\/www.comehealthgroup.com\/wp-content\/uploads\/2025\/02\/Hip-Enlargement-Capsules_01-600x600.webp 600w, https:\/\/www.comehealthgroup.com\/wp-content\/uploads\/2025\/02\/Hip-Enlargement-Capsules_01-100x100.webp 100w\" sizes=\"(max-width: 750px) 100vw, 750px\" \/><\/figure>\n<\/div>\n<\/div>\n\n\n\n<p><\/p>","protected":false},"excerpt":{"rendered":"<p>Nuestro suplemento de belleza al por mayor de marca blanca est\u00e1 dise\u00f1ado para el aumento de caderas y gl\u00fateos. Est\u00e1 formulado con ingredientes naturales para ayudar a aumentar el almacenamiento de grasa, promover la circulaci\u00f3n sangu\u00ednea y mejorar las curvas generales del cuerpo. El producto es seguro y eficaz, adecuado para la formaci\u00f3n natural de los gl\u00fateos y el cuerpo.<\/p>\n<table style=\"border-collapse: collapse; width: 308.02pt;\" border=\"0\" width=\"308\" cellspacing=\"0\" cellpadding=\"0\">\n<tbody>\n<tr style=\"height: 15.20pt;\">\n<td class=\"et2\" style=\"height: 15.20pt; width: 101.70pt;\" width=\"101\" height=\"15\">Marca<\/td>\n<td class=\"et2\" style=\"width: 206.65pt;\" width=\"206\">Come Health\/ Marca blanca<\/td>\n<\/tr>\n<tr style=\"height: 61.00pt;\">\n<td class=\"et2\" style=\"height: 61.00pt;\" height=\"61\">Ventajas del producto<\/td>\n<td class=\"et3\" style=\"width: 206.65pt;\" width=\"206\">*Aumento del almacenamiento de grasa<br \/>*Enfoque en ingredientes naturales<br \/>*Aumenta la circulaci\u00f3n<br \/>*Mejora el contorno general del cuerpo<\/td>\n<\/tr>\n<tr style=\"height: 15.20pt;\">\n<td class=\"et2\" style=\"height: 15.20pt;\" height=\"15\">Forma farmac\u00e9utica<\/td>\n<td class=\"et2\">C\u00e1psula<\/td>\n<\/tr>\n<tr style=\"height: 15.20pt;\">\n<td class=\"et2\" style=\"height: 15.20pt;\" height=\"15\">Especificaci\u00f3n del producto<\/td>\n<td class=\"et2\">60 c\u00e1psulas\/frasco<\/td>\n<\/tr>\n<tr style=\"height: 15.20pt;\">\n<td class=\"et2\" style=\"height: 15.20pt;\" height=\"15\">Vida \u00fatil<\/td>\n<td class=\"et2\">24 meses<\/td>\n<\/tr>\n<tr style=\"height: 15.20pt;\">\n<td class=\"et2\" style=\"height: 15.20pt;\" height=\"15\">Dimensiones (cm)<\/td>\n<td class=\"et4\">7X7X12<\/td>\n<\/tr>\n<tr style=\"height: 15.20pt;\">\n<td class=\"et2\" style=\"height: 15.20pt;\" height=\"15\">Peso neto (kg)<\/td>\n<td class=\"et4\">0,08 kg<\/td>\n<\/tr>\n<tr style=\"height: 15.20pt;\">\n<td class=\"et2\" style=\"height: 15.20pt;\" height=\"15\">Personalizaci\u00f3n<\/td>\n<td class=\"et2\">Gr\u00e1fico, Logotipo, Paquete<\/td>\n<\/tr>\n<tr style=\"height: 15.20pt;\">\n<td class=\"et2\" style=\"height: 15.20pt;\" height=\"15\">Inventario<\/td>\n<td class=\"et2\">En stock<\/td>\n<\/tr>\n<\/tbody>\n<\/table>","protected":false},"featured_media":1676,"comment_status":"closed","ping_status":"closed","template":"","meta":{"_acf_changed":false},"product_brand":[],"product_cat":[39,36],"product_tag":[],"class_list":{"0":"post-1675","1":"product","2":"type-product","3":"status-publish","4":"has-post-thumbnail","6":"product_cat-bulk-supplements-capsules","7":"product_cat-private-label-beauty-supplements","9":"first","10":"instock","11":"shipping-taxable","12":"product-type-simple"},"acf":[],"_links":{"self":[{"href":"https:\/\/www.comehealthgroup.com\/es\/wp-json\/wp\/v2\/product\/1675","targetHints":{"allow":["GET"]}}],"collection":[{"href":"https:\/\/www.comehealthgroup.com\/es\/wp-json\/wp\/v2\/product"}],"about":[{"href":"https:\/\/www.comehealthgroup.com\/es\/wp-json\/wp\/v2\/types\/product"}],"replies":[{"embeddable":true,"href":"https:\/\/www.comehealthgroup.com\/es\/wp-json\/wp\/v2\/comments?post=1675"}],"wp:featuredmedia":[{"embeddable":true,"href":"https:\/\/www.comehealthgroup.com\/es\/wp-json\/wp\/v2\/media\/1676"}],"wp:attachment":[{"href":"https:\/\/www.comehealthgroup.com\/es\/wp-json\/wp\/v2\/media?parent=1675"}],"wp:term":[{"taxonomy":"product_brand","embeddable":true,"href":"https:\/\/www.comehealthgroup.com\/es\/wp-json\/wp\/v2\/product_brand?post=1675"},{"taxonomy":"product_cat","embeddable":true,"href":"https:\/\/www.comehealthgroup.com\/es\/wp-json\/wp\/v2\/product_cat?post=1675"},{"taxonomy":"product_tag","embeddable":true,"href":"https:\/\/www.comehealthgroup.com\/es\/wp-json\/wp\/v2\/product_tag?post=1675"}],"curies":[{"name":"wp","href":"https:\/\/api.w.org\/{rel}","templated":true}]}}