{"id":1726,"date":"2025-03-04T03:40:15","date_gmt":"2025-03-04T03:40:15","guid":{"rendered":"https:\/\/www.comehealthgroup.com\/?post_type=product&#038;p=1726"},"modified":"2025-03-04T03:40:16","modified_gmt":"2025-03-04T03:40:16","slug":"white-label-supplement-ashwagandha","status":"publish","type":"product","link":"https:\/\/www.comehealthgroup.com\/es\/product\/white-label-supplement-ashwagandha\/","title":{"rendered":"Suplemento de marca blanca Gominolas de Ashwagandha al por mayor"},"content":{"rendered":"<div class=\"wp-block-columns is-layout-flex wp-container-core-columns-is-layout-9d6595d7 wp-block-columns-is-layout-flex\">\n<div class=\"wp-block-column is-layout-flow wp-block-column-is-layout-flow\">\n<h2 class=\"wp-block-heading\">Caracter\u00edsticas del suplemento de marca blanca Ashwagandha<\/h2>\n\n\n\n<ul class=\"wp-block-list\">\n<li><strong>Alivio del estr\u00e9s y la ansiedad:<\/strong> La Ashwagandha posee actividad adapt\u00f3gena. Este suplemento de marca blanca Ashwagandha es capaz de aliviar la ansiedad y el estr\u00e9s mediante la modulaci\u00f3n de los niveles de cortisol en el cuerpo.<\/li>\n\n\n\n<li><strong>Aumenta la energ\u00eda y el vigor: <\/strong>Estas gominolas de ashwagandha de marca blanca son capaces de aumentar los niveles de energ\u00eda y la resistencia al permitir que el organismo haga frente al estr\u00e9s f\u00edsico y mental, lo que se traduce en un aumento del vigor.<\/li>\n\n\n\n<li><strong>Favorece el estado de \u00e1nimo y la claridad mental: <\/strong>Nuestras gominolas de ashwagandha de marca blanca mejoran el estado de \u00e1nimo, reducen la irritabilidad y aportan claridad mental, lo que facilita la concentraci\u00f3n y la productividad.<\/li>\n\n\n\n<li><strong>Apoyo al sistema inmunitario: <\/strong>Nuestras gominolas de ashwagandha de marca blanca tienen antioxidantes que pueden complementar el sistema inmunitario, por lo que son el suplemento ideal para el bienestar y la salud en general.<\/li>\n<\/ul>\n<\/div>\n\n\n\n<div class=\"wp-block-column is-layout-flow wp-block-column-is-layout-flow\">\n<figure class=\"wp-block-image size-full\"><img decoding=\"async\" width=\"850\" height=\"850\" src=\"https:\/\/www.comehealthgroup.com\/wp-content\/uploads\/2025\/02\/Ashwagandha-Gummy_02.webp\" alt=\"Suplemento de marca blanca Ashwagandha Gummies al por mayor-2\" class=\"wp-image-1728\" srcset=\"https:\/\/www.comehealthgroup.com\/wp-content\/uploads\/2025\/02\/Ashwagandha-Gummy_02.webp 850w, https:\/\/www.comehealthgroup.com\/wp-content\/uploads\/2025\/02\/Ashwagandha-Gummy_02-300x300.webp 300w, https:\/\/www.comehealthgroup.com\/wp-content\/uploads\/2025\/02\/Ashwagandha-Gummy_02-150x150.webp 150w, https:\/\/www.comehealthgroup.com\/wp-content\/uploads\/2025\/02\/Ashwagandha-Gummy_02-768x768.webp 768w, https:\/\/www.comehealthgroup.com\/wp-content\/uploads\/2025\/02\/Ashwagandha-Gummy_02-12x12.webp 12w, https:\/\/www.comehealthgroup.com\/wp-content\/uploads\/2025\/02\/Ashwagandha-Gummy_02-600x600.webp 600w, https:\/\/www.comehealthgroup.com\/wp-content\/uploads\/2025\/02\/Ashwagandha-Gummy_02-100x100.webp 100w\" sizes=\"(max-width: 850px) 100vw, 850px\" \/><\/figure>\n<\/div>\n<\/div>","protected":false},"excerpt":{"rendered":"<p>Nuestras gominolas de Ashwagandha son conocidas por reducir el estr\u00e9s y la ansiedad, ya que las propiedades adapt\u00f3genas de la ashwagandha ayudan a equilibrar los niveles de cortisol en el cuerpo. Se pueden utilizar para aumentar la resistencia, la energ\u00eda y el bienestar general aumentando la respuesta del cuerpo al estr\u00e9s.<\/p>\n<table style=\"border-collapse: collapse; width: 501px; height: 344px;\" border=\"0\" width=\"718\" cellspacing=\"0\" cellpadding=\"0\">\n<tbody>\n<tr style=\"height: 13.50pt;\">\n<td style=\"height: 13.50pt; width: 132.40pt;\" width=\"353\" height=\"36\">Marca<\/td>\n<td style=\"width: 136.90pt;\" width=\"365\">Marca blanca<\/td>\n<\/tr>\n<tr style=\"height: 13.50pt;\">\n<td style=\"height: 13.50pt;\" height=\"36\">Ventajas del producto<\/td>\n<td>\n<p><strong>*<\/strong>Reducci\u00f3n del estr\u00e9s y la ansiedad <strong>*<\/strong>Aumenta la energ\u00eda y la vitalidad *Apoya el estado de \u00e1nimo y la claridad mental *Apoya el sistema inmunitario<\/p>\n<\/td>\n<\/tr>\n<tr style=\"height: 13.50pt;\">\n<td style=\"height: 13.50pt;\" height=\"36\">Forma farmac\u00e9utica<\/td>\n<td>Gominola<\/td>\n<\/tr>\n<tr style=\"height: 13.50pt;\">\n<td style=\"height: 13.50pt;\" height=\"36\">Especificaci\u00f3n del producto<\/td>\n<td>60 gominolas\/botella<\/td>\n<\/tr>\n<tr style=\"height: 13.50pt;\">\n<td style=\"height: 13.50pt;\" height=\"36\">Vida \u00fatil<\/td>\n<td>24 meses<\/td>\n<\/tr>\n<tr style=\"height: 13.50pt;\">\n<td style=\"height: 13.50pt;\" height=\"36\">Dimensiones (cm)<\/td>\n<td>7X7X12<\/td>\n<\/tr>\n<tr style=\"height: 13.50pt;\">\n<td style=\"height: 13.50pt;\" height=\"36\">Peso neto (kg)<\/td>\n<td>0,2 kg<\/td>\n<\/tr>\n<tr style=\"height: 13.50pt;\">\n<td style=\"height: 13.50pt;\" height=\"36\">Personalizaci\u00f3n<\/td>\n<td>Gr\u00e1fico, Logotipo, Paquete<\/td>\n<\/tr>\n<tr style=\"height: 13.50pt;\">\n<td style=\"height: 13.50pt;\" height=\"36\">Inventario<\/td>\n<td>En stock<\/td>\n<\/tr>\n<\/tbody>\n<\/table>","protected":false},"featured_media":1732,"comment_status":"closed","ping_status":"closed","template":"","meta":{"_acf_changed":false},"product_brand":[],"product_cat":[40,34,32],"product_tag":[],"class_list":{"0":"post-1726","1":"product","2":"type-product","3":"status-publish","4":"has-post-thumbnail","6":"product_cat-private-label-gummy-supplements","7":"product_cat-private-label-health-supplements","8":"product_cat-private-label-immune-supplements","10":"first","11":"instock","12":"shipping-taxable","13":"product-type-simple"},"acf":[],"_links":{"self":[{"href":"https:\/\/www.comehealthgroup.com\/es\/wp-json\/wp\/v2\/product\/1726","targetHints":{"allow":["GET"]}}],"collection":[{"href":"https:\/\/www.comehealthgroup.com\/es\/wp-json\/wp\/v2\/product"}],"about":[{"href":"https:\/\/www.comehealthgroup.com\/es\/wp-json\/wp\/v2\/types\/product"}],"replies":[{"embeddable":true,"href":"https:\/\/www.comehealthgroup.com\/es\/wp-json\/wp\/v2\/comments?post=1726"}],"wp:featuredmedia":[{"embeddable":true,"href":"https:\/\/www.comehealthgroup.com\/es\/wp-json\/wp\/v2\/media\/1732"}],"wp:attachment":[{"href":"https:\/\/www.comehealthgroup.com\/es\/wp-json\/wp\/v2\/media?parent=1726"}],"wp:term":[{"taxonomy":"product_brand","embeddable":true,"href":"https:\/\/www.comehealthgroup.com\/es\/wp-json\/wp\/v2\/product_brand?post=1726"},{"taxonomy":"product_cat","embeddable":true,"href":"https:\/\/www.comehealthgroup.com\/es\/wp-json\/wp\/v2\/product_cat?post=1726"},{"taxonomy":"product_tag","embeddable":true,"href":"https:\/\/www.comehealthgroup.com\/es\/wp-json\/wp\/v2\/product_tag?post=1726"}],"curies":[{"name":"wp","href":"https:\/\/api.w.org\/{rel}","templated":true}]}}