{"id":1743,"date":"2025-03-04T04:01:19","date_gmt":"2025-03-04T04:01:19","guid":{"rendered":"https:\/\/www.comehealthgroup.com\/?post_type=product&#038;p=1743"},"modified":"2025-03-20T02:34:16","modified_gmt":"2025-03-20T02:34:16","slug":"apple-cider-vinegar-gummies-wholesale","status":"publish","type":"product","link":"https:\/\/www.comehealthgroup.com\/es\/product\/apple-cider-vinegar-gummies-wholesale\/","title":{"rendered":"Gominolas De Vinagre De Sidra De Manzana Al Por Mayor Para Control De Peso"},"content":{"rendered":"<div class=\"wp-block-columns is-layout-flex wp-container-core-columns-is-layout-9d6595d7 wp-block-columns-is-layout-flex\">\n<div class=\"wp-block-column is-layout-flow wp-block-column-is-layout-flow\">\n<h2 class=\"wp-block-heading\">Caracter\u00edsticas de las Gominolas de Vinagre de Sidra de Manzana al por Mayor<\/h2>\n\n\n\n<ul class=\"wp-block-list\">\n<li><strong>Favorece la cetosis:<\/strong> Estas gominolas de vinagre de sidra de manzana al por mayor ayudan al cuerpo en cetosis, apoyando la quema de grasa y la generaci\u00f3n de energ\u00eda mediante el uso de grasa como fuente primaria de combustible en lugar de carbohidratos.<\/li>\n\n\n\n<li><strong>Mejora la digesti\u00f3n: <\/strong>Nuestras gominolas de vinagre de sidra de manzana de marca blanca mejoran la digesti\u00f3n, manteniendo una funci\u00f3n intestinal saludable y evitando la hinchaz\u00f3n y el malestar.<\/li>\n\n\n\n<li><strong>Supresi\u00f3n del apetito: <\/strong>Nuestras gominolas de vinagre de sidra de manzana al por mayor son conocidas por suprimir el apetito, y cuando se combina con el efecto de una dieta ceto, las gominolas son capaces de suprimir el hambre y los antojos.<\/li>\n\n\n\n<li><strong>Ayuda a controlar el peso: <\/strong>El vinagre de sidra de manzana y las cetonas ex\u00f3genas combinadas mejoran el metabolismo y la quema de grasas, facilitando la p\u00e9rdida de peso en una dieta ceto.<\/li>\n<\/ul>\n<\/div>\n\n\n\n<div class=\"wp-block-column is-layout-flow wp-block-column-is-layout-flow\">\n<figure class=\"wp-block-image size-full\"><img decoding=\"async\" width=\"1667\" height=\"1667\" src=\"https:\/\/www.comehealthgroup.com\/wp-content\/uploads\/2025\/03\/Apple-Cider-Vinegar-Gummies_04.webp\" alt=\"\" class=\"wp-image-2104\" srcset=\"https:\/\/www.comehealthgroup.com\/wp-content\/uploads\/2025\/03\/Apple-Cider-Vinegar-Gummies_04.webp 1667w, https:\/\/www.comehealthgroup.com\/wp-content\/uploads\/2025\/03\/Apple-Cider-Vinegar-Gummies_04-300x300.webp 300w, https:\/\/www.comehealthgroup.com\/wp-content\/uploads\/2025\/03\/Apple-Cider-Vinegar-Gummies_04-150x150.webp 150w, https:\/\/www.comehealthgroup.com\/wp-content\/uploads\/2025\/03\/Apple-Cider-Vinegar-Gummies_04-768x768.webp 768w, https:\/\/www.comehealthgroup.com\/wp-content\/uploads\/2025\/03\/Apple-Cider-Vinegar-Gummies_04-12x12.webp 12w, https:\/\/www.comehealthgroup.com\/wp-content\/uploads\/2025\/03\/Apple-Cider-Vinegar-Gummies_04-1200x1200.webp 1200w, https:\/\/www.comehealthgroup.com\/wp-content\/uploads\/2025\/03\/Apple-Cider-Vinegar-Gummies_04-600x600.webp 600w, https:\/\/www.comehealthgroup.com\/wp-content\/uploads\/2025\/03\/Apple-Cider-Vinegar-Gummies_04-100x100.webp 100w\" sizes=\"(max-width: 1667px) 100vw, 1667px\" \/><\/figure>\n<\/div>\n<\/div>\n\n\n\n<p><\/p>","protected":false},"excerpt":{"rendered":"<p>Bienvenido a comprar gominolas de vinagre de sidra de manzana al por mayor. Nuestras gominolas de vinagre de sidra de manzana de marca blanca favorecen la cetosis, que hace que el cuerpo queme grasa como combustible. Favorecen la digesti\u00f3n promoviendo una buena salud intestinal y reduciendo la hinchaz\u00f3n.<\/p>\n<table style=\"border-collapse: collapse;width: 503px;height: 377px\" border=\"0\" width=\"799\" cellspacing=\"0\" cellpadding=\"0\">\n<tbody>\n<tr style=\"height: 13.50pt\">\n<td style=\"height: 13.50pt;width: 132.40pt\" width=\"353\" height=\"36\">Marca<\/td>\n<td style=\"width: 167.30pt\" width=\"446\">Marca blanca<\/td>\n<\/tr>\n<tr style=\"height: 13.50pt\">\n<td style=\"height: 13.50pt\" height=\"36\">Ventajas del producto<\/td>\n<td>\n<p>*Apoya la cetosis<\/p>\n<p>*Aumenta la digesti\u00f3n<\/p>\n<p>*Control del apetito<\/p>\n<p>*Apoya el control del peso<\/p>\n<\/td>\n<\/tr>\n<tr style=\"height: 13.50pt\">\n<td style=\"height: 13.50pt\" height=\"36\">Forma farmac\u00e9utica<\/td>\n<td>Gominola<\/td>\n<\/tr>\n<tr style=\"height: 13.50pt\">\n<td style=\"height: 13.50pt\" height=\"36\">Especificaci\u00f3n del producto<\/td>\n<td>60 gominolas\/botella<\/td>\n<\/tr>\n<tr style=\"height: 13.50pt\">\n<td style=\"height: 13.50pt\" height=\"36\">Vida \u00fatil<\/td>\n<td>24 meses<\/td>\n<\/tr>\n<tr style=\"height: 13.50pt\">\n<td style=\"height: 13.50pt\" height=\"36\">Dimensiones (cm)<\/td>\n<td>7X7X12<\/td>\n<\/tr>\n<tr style=\"height: 13.50pt\">\n<td style=\"height: 13.50pt\" height=\"36\">Peso neto (kg)<\/td>\n<td>0,2 kg<\/td>\n<\/tr>\n<tr style=\"height: 13.50pt\">\n<td style=\"height: 13.50pt\" height=\"36\">Personalizaci\u00f3n<\/td>\n<td>Gr\u00e1fico, Logotipo, Paquete<\/td>\n<\/tr>\n<tr style=\"height: 13.50pt\">\n<td style=\"height: 13.50pt\" height=\"36\">Inventario<\/td>\n<td>En stock<\/td>\n<\/tr>\n<\/tbody>\n<\/table>","protected":false},"featured_media":2105,"comment_status":"closed","ping_status":"closed","template":"","meta":{"_acf_changed":false},"product_brand":[],"product_cat":[40,34,29],"product_tag":[],"class_list":{"0":"post-1743","1":"product","2":"type-product","3":"status-publish","4":"has-post-thumbnail","6":"product_cat-private-label-gummy-supplements","7":"product_cat-private-label-health-supplements","8":"product_cat-sports-supplements-wholesale","10":"first","11":"instock","12":"shipping-taxable","13":"product-type-simple"},"acf":[],"_links":{"self":[{"href":"https:\/\/www.comehealthgroup.com\/es\/wp-json\/wp\/v2\/product\/1743","targetHints":{"allow":["GET"]}}],"collection":[{"href":"https:\/\/www.comehealthgroup.com\/es\/wp-json\/wp\/v2\/product"}],"about":[{"href":"https:\/\/www.comehealthgroup.com\/es\/wp-json\/wp\/v2\/types\/product"}],"replies":[{"embeddable":true,"href":"https:\/\/www.comehealthgroup.com\/es\/wp-json\/wp\/v2\/comments?post=1743"}],"wp:featuredmedia":[{"embeddable":true,"href":"https:\/\/www.comehealthgroup.com\/es\/wp-json\/wp\/v2\/media\/2105"}],"wp:attachment":[{"href":"https:\/\/www.comehealthgroup.com\/es\/wp-json\/wp\/v2\/media?parent=1743"}],"wp:term":[{"taxonomy":"product_brand","embeddable":true,"href":"https:\/\/www.comehealthgroup.com\/es\/wp-json\/wp\/v2\/product_brand?post=1743"},{"taxonomy":"product_cat","embeddable":true,"href":"https:\/\/www.comehealthgroup.com\/es\/wp-json\/wp\/v2\/product_cat?post=1743"},{"taxonomy":"product_tag","embeddable":true,"href":"https:\/\/www.comehealthgroup.com\/es\/wp-json\/wp\/v2\/product_tag?post=1743"}],"curies":[{"name":"wp","href":"https:\/\/api.w.org\/{rel}","templated":true}]}}