{"id":1770,"date":"2025-03-04T05:44:58","date_gmt":"2025-03-04T05:44:58","guid":{"rendered":"https:\/\/www.comehealthgroup.com\/?post_type=product&#038;p=1770"},"modified":"2025-03-19T07:45:14","modified_gmt":"2025-03-19T07:45:14","slug":"bbl-gummies-wholesale","status":"publish","type":"product","link":"https:\/\/www.comehealthgroup.com\/es\/product\/bbl-gummies-wholesale\/","title":{"rendered":"Gominolas BBL de marca blanca al por mayor para mejorar los gl\u00fateos"},"content":{"rendered":"<div class=\"wp-block-columns is-layout-flex wp-container-core-columns-is-layout-9d6595d7 wp-block-columns-is-layout-flex\">\n<div class=\"wp-block-column is-layout-flow wp-block-column-is-layout-flow\">\n<h2 class=\"wp-block-heading\">Caracter\u00edsticas de BBL Gummies Wholesale<\/h2>\n\n\n\n<ul class=\"wp-block-list\">\n<li><strong>Ingredientes naturales:<\/strong> Nuestras gomitas BBL al por mayor utilizan extractos de plantas naturales de alta calidad, sin aditivos artificiales ni irritantes, que pueden nutrir suavemente el cuerpo, son adecuadas para el consumo a largo plazo y ayudan de forma segura y eficaz a moldear el cuerpo.<\/li>\n\n\n\n<li><strong>Apoyo de col\u00e1geno y prote\u00ednas: <\/strong>La f\u00f3rmula de nuestras gominolas BBL de marca blanca est\u00e1 especialmente adicionada con col\u00e1geno y prote\u00ednas de apoyo para ayudar a promover la reparaci\u00f3n y el crecimiento muscular, hacer los gl\u00fateos m\u00e1s firmes y llenos, y mejorar la elasticidad de la piel.<\/li>\n\n\n\n<li><strong>Equilibra las hormonas: <\/strong>La f\u00f3rmula cient\u00edfica de nuestras gominolas BBL al por mayor ayuda a mantener el equilibrio hormonal y proporciona al organismo el apoyo nutricional que necesita para ayudar a modelar un cuerpo m\u00e1s coordinado y bien proporcionado.<\/li>\n\n\n\n<li><strong>Pr\u00e1ctico y delicioso:<\/strong> Nuestras gominolas BBL de marca blanca son m\u00e1s f\u00e1ciles de tomar que los suplementos tradicionales, sin necesidad de tragar c\u00e1psulas o polvos, aptas para suplementos nutricionales en cualquier momento y lugar.<\/li>\n<\/ul>\n<\/div>\n\n\n\n<div class=\"wp-block-column is-layout-flow wp-block-column-is-layout-flow\">\n<figure class=\"wp-block-image size-full\"><img decoding=\"async\" width=\"1667\" height=\"1667\" src=\"https:\/\/www.comehealthgroup.com\/wp-content\/uploads\/2025\/03\/BBL-Gummies_03.webp\" alt=\"\" class=\"wp-image-2082\" srcset=\"https:\/\/www.comehealthgroup.com\/wp-content\/uploads\/2025\/03\/BBL-Gummies_03.webp 1667w, https:\/\/www.comehealthgroup.com\/wp-content\/uploads\/2025\/03\/BBL-Gummies_03-300x300.webp 300w, https:\/\/www.comehealthgroup.com\/wp-content\/uploads\/2025\/03\/BBL-Gummies_03-150x150.webp 150w, https:\/\/www.comehealthgroup.com\/wp-content\/uploads\/2025\/03\/BBL-Gummies_03-768x768.webp 768w, https:\/\/www.comehealthgroup.com\/wp-content\/uploads\/2025\/03\/BBL-Gummies_03-12x12.webp 12w, https:\/\/www.comehealthgroup.com\/wp-content\/uploads\/2025\/03\/BBL-Gummies_03-1200x1200.webp 1200w, https:\/\/www.comehealthgroup.com\/wp-content\/uploads\/2025\/03\/BBL-Gummies_03-600x600.webp 600w, https:\/\/www.comehealthgroup.com\/wp-content\/uploads\/2025\/03\/BBL-Gummies_03-100x100.webp 100w\" sizes=\"(max-width: 1667px) 100vw, 1667px\" \/><\/figure>\n<\/div>\n<\/div>","protected":false},"excerpt":{"rendered":"<p>Bienvenido a comprar gomitas BBL al por mayor. Nuestras gomitas BBL est\u00e1n hechas con ingredientes naturales y est\u00e1n dise\u00f1adas para ayudar a dar forma a un trasero m\u00e1s firme y redondo. Combinado con el col\u00e1geno y el apoyo de prote\u00ednas, la f\u00f3rmula puede promover la reparaci\u00f3n muscular y el crecimiento, manteniendo el equilibrio hormonal.<\/p>\n<table style=\"border-collapse: collapse;width: 514px;height: 225px\" border=\"0\" width=\"799\" cellspacing=\"0\" cellpadding=\"0\">\n<tbody>\n<tr style=\"height: 13.50pt\">\n<td style=\"height: 13.50pt;width: 132.40pt\" width=\"353\" height=\"36\">Marca<\/td>\n<td style=\"width: 167.30pt\" width=\"446\">Marca blanca<\/td>\n<\/tr>\n<tr style=\"height: 13.50pt\">\n<td style=\"height: 13.50pt\" height=\"36\">Ventajas del producto<\/td>\n<td>\n<p><strong>*<\/strong>Ingredientes naturales<\/p>\n<p><strong>*<\/strong>Col\u00e1geno y prote\u00ednas<\/p>\n<p><strong>*<\/strong>Equilibrio hormonal<\/p>\n<p><strong>*<\/strong>C\u00f3modo y sabroso<\/p>\n<\/td>\n<\/tr>\n<tr style=\"height: 13.50pt\">\n<td style=\"height: 13.50pt\" height=\"36\">Forma farmac\u00e9utica<\/td>\n<td>Gominola<\/td>\n<\/tr>\n<tr style=\"height: 13.50pt\">\n<td style=\"height: 13.50pt\" height=\"36\">Especificaci\u00f3n del producto<\/td>\n<td>60 gominolas\/botella<\/td>\n<\/tr>\n<tr style=\"height: 13.50pt\">\n<td style=\"height: 13.50pt\" height=\"36\">Vida \u00fatil<\/td>\n<td>24 meses<\/td>\n<\/tr>\n<tr style=\"height: 13.50pt\">\n<td style=\"height: 13.50pt\" height=\"36\">Dimensiones (cm)<\/td>\n<td>7X7X12<\/td>\n<\/tr>\n<tr style=\"height: 13.50pt\">\n<td style=\"height: 13.50pt\" height=\"36\">Peso neto (kg)<\/td>\n<td>0,2 kg<\/td>\n<\/tr>\n<tr style=\"height: 13.50pt\">\n<td style=\"height: 13.50pt\" height=\"36\">Personalizaci\u00f3n<\/td>\n<td>Gr\u00e1fico, Logotipo, Paquete<\/td>\n<\/tr>\n<tr style=\"height: 13.50pt\">\n<td style=\"height: 13.50pt\" height=\"36\">Inventario<\/td>\n<td>En stock<\/td>\n<\/tr>\n<\/tbody>\n<\/table>","protected":false},"featured_media":2083,"comment_status":"closed","ping_status":"closed","template":"","meta":{"_acf_changed":false},"product_brand":[],"product_cat":[40,36],"product_tag":[],"class_list":{"0":"post-1770","1":"product","2":"type-product","3":"status-publish","4":"has-post-thumbnail","6":"product_cat-private-label-gummy-supplements","7":"product_cat-private-label-beauty-supplements","9":"first","10":"instock","11":"shipping-taxable","12":"product-type-simple"},"acf":[],"_links":{"self":[{"href":"https:\/\/www.comehealthgroup.com\/es\/wp-json\/wp\/v2\/product\/1770","targetHints":{"allow":["GET"]}}],"collection":[{"href":"https:\/\/www.comehealthgroup.com\/es\/wp-json\/wp\/v2\/product"}],"about":[{"href":"https:\/\/www.comehealthgroup.com\/es\/wp-json\/wp\/v2\/types\/product"}],"replies":[{"embeddable":true,"href":"https:\/\/www.comehealthgroup.com\/es\/wp-json\/wp\/v2\/comments?post=1770"}],"wp:featuredmedia":[{"embeddable":true,"href":"https:\/\/www.comehealthgroup.com\/es\/wp-json\/wp\/v2\/media\/2083"}],"wp:attachment":[{"href":"https:\/\/www.comehealthgroup.com\/es\/wp-json\/wp\/v2\/media?parent=1770"}],"wp:term":[{"taxonomy":"product_brand","embeddable":true,"href":"https:\/\/www.comehealthgroup.com\/es\/wp-json\/wp\/v2\/product_brand?post=1770"},{"taxonomy":"product_cat","embeddable":true,"href":"https:\/\/www.comehealthgroup.com\/es\/wp-json\/wp\/v2\/product_cat?post=1770"},{"taxonomy":"product_tag","embeddable":true,"href":"https:\/\/www.comehealthgroup.com\/es\/wp-json\/wp\/v2\/product_tag?post=1770"}],"curies":[{"name":"wp","href":"https:\/\/api.w.org\/{rel}","templated":true}]}}