{"id":1775,"date":"2025-03-04T06:01:09","date_gmt":"2025-03-04T06:01:09","guid":{"rendered":"https:\/\/www.comehealthgroup.com\/?post_type=product&#038;p=1775"},"modified":"2025-03-19T07:40:09","modified_gmt":"2025-03-19T07:40:09","slug":"butt-enhancement-gummies-wholesale","status":"publish","type":"product","link":"https:\/\/www.comehealthgroup.com\/es\/product\/butt-enhancement-gummies-wholesale\/","title":{"rendered":"Gominolas para aumentar los gl\u00fateos al por mayor Nature BBL"},"content":{"rendered":"<div class=\"wp-block-columns is-layout-flex wp-container-core-columns-is-layout-9d6595d7 wp-block-columns-is-layout-flex\">\n<div class=\"wp-block-column is-layout-flow wp-block-column-is-layout-flow\">\n<h2 class=\"wp-block-heading\">Caracter\u00edsticas de Butt Enhancement Gummies al por mayor<\/h2>\n\n\n\n<ul class=\"wp-block-list\">\n<li><strong>Promueve el metabolismo: <\/strong>Nuestras gominolas de marca blanca para realzar los gl\u00fateos al por mayor a\u00f1aden especialmente ingredientes que ayudan a acelerar el metabolismo, ayudan al cuerpo a consumir calor\u00edas y grasa de forma m\u00e1s eficiente y proporcionan un apoyo energ\u00e9tico m\u00e1s fuerte para el proceso de moldeado.<\/li>\n\n\n\n<li><strong>Mejora la salud de la piel: <\/strong>Nuestras gomitas BBL de marca blanca pueden ayudar a mejorar la elasticidad y tersura de la piel, reducir la flacidez, hacer que la piel de los gl\u00fateos y de todo el cuerpo sea m\u00e1s firme y transl\u00facida, y mostrar una belleza saludable.<\/li>\n\n\n\n<li><strong>Crear curvas firmes:<\/strong> La f\u00f3rmula de estas gominolas de mejora de gl\u00fateos OEM al por mayor est\u00e1 cient\u00edficamente formulada para proporcionar al cuerpo una nutrici\u00f3n equilibrada, ayudar a optimizar la relaci\u00f3n grasa-m\u00fasculo y mejorar las curvas de los gl\u00fateos.<\/li>\n\n\n\n<li><strong>Seguro y suave:<\/strong> Sin cirug\u00eda ni otros tratamientos invasivos, nuestras gominolas BBL de marca blanca utilizan un suave apoyo nutricional para permitir que el cuerpo se adapte de forma natural, ayudan a conseguir efectos moldeadores ideales y son adecuadas para el control diario de la salud.<\/li>\n<\/ul>\n<\/div>\n\n\n\n<div class=\"wp-block-column is-layout-flow wp-block-column-is-layout-flow\">\n<figure class=\"wp-block-image size-full\"><img decoding=\"async\" width=\"800\" height=\"800\" src=\"https:\/\/www.comehealthgroup.com\/wp-content\/uploads\/2025\/03\/Butt-Enhancement-Gummies-_03.webp\" alt=\"\" class=\"wp-image-2077\" srcset=\"https:\/\/www.comehealthgroup.com\/wp-content\/uploads\/2025\/03\/Butt-Enhancement-Gummies-_03.webp 800w, https:\/\/www.comehealthgroup.com\/wp-content\/uploads\/2025\/03\/Butt-Enhancement-Gummies-_03-300x300.webp 300w, https:\/\/www.comehealthgroup.com\/wp-content\/uploads\/2025\/03\/Butt-Enhancement-Gummies-_03-150x150.webp 150w, https:\/\/www.comehealthgroup.com\/wp-content\/uploads\/2025\/03\/Butt-Enhancement-Gummies-_03-768x768.webp 768w, https:\/\/www.comehealthgroup.com\/wp-content\/uploads\/2025\/03\/Butt-Enhancement-Gummies-_03-12x12.webp 12w, https:\/\/www.comehealthgroup.com\/wp-content\/uploads\/2025\/03\/Butt-Enhancement-Gummies-_03-600x600.webp 600w, https:\/\/www.comehealthgroup.com\/wp-content\/uploads\/2025\/03\/Butt-Enhancement-Gummies-_03-100x100.webp 100w\" sizes=\"(max-width: 800px) 100vw, 800px\" \/><\/figure>\n<\/div>\n<\/div>","protected":false},"excerpt":{"rendered":"<p>Bienvenido a comprar gomitas naturales para mejorar los gl\u00fateos al por mayor. Nuestras gomitas BBL de marca blanca est\u00e1n formuladas cient\u00edficamente para mejorar el metabolismo, mejorar la salud de la piel y dar forma al cuerpo perfecto. Proporciona apoyo nutricional suave y eficaz, lo que le permite disfrutar f\u00e1cilmente de una gesti\u00f3n saludable y hermoso cuerpo.<\/p>\n<table style=\"border-collapse: collapse;width: 517px;height: 224px\" border=\"0\" width=\"799\" cellspacing=\"0\" cellpadding=\"0\">\n<tbody>\n<tr style=\"height: 13.50pt\">\n<td style=\"height: 13.50pt;width: 132.40pt\" width=\"353\" height=\"36\">Marca<\/td>\n<td style=\"width: 167.30pt\" width=\"446\">Marca blanca<\/td>\n<\/tr>\n<tr style=\"height: 13.50pt\">\n<td style=\"height: 13.50pt\" height=\"36\">Ventajas del producto<\/td>\n<td>\n<p><strong>*<\/strong>Estimula el metabolismo<\/p>\n<p><strong>*<\/strong>Favorece la salud general de la piel<\/p>\n<p><strong>*<\/strong>Favorece el contorno corporal<\/p>\n<p><strong>*<\/strong>No invasivo<\/p>\n<\/td>\n<\/tr>\n<tr style=\"height: 13.50pt\">\n<td style=\"height: 13.50pt\" height=\"36\">Forma farmac\u00e9utica<\/td>\n<td>Gominola<\/td>\n<\/tr>\n<tr style=\"height: 13.50pt\">\n<td style=\"height: 13.50pt\" height=\"36\">Especificaci\u00f3n del producto<\/td>\n<td>60 gominolas\/botella<\/td>\n<\/tr>\n<tr style=\"height: 13.50pt\">\n<td style=\"height: 13.50pt\" height=\"36\">Vida \u00fatil<\/td>\n<td>24 meses<\/td>\n<\/tr>\n<tr style=\"height: 13.50pt\">\n<td style=\"height: 13.50pt\" height=\"36\">Dimensiones (cm)<\/td>\n<td>7X7X12<\/td>\n<\/tr>\n<tr style=\"height: 13.50pt\">\n<td style=\"height: 13.50pt\" height=\"36\">Peso neto (kg)<\/td>\n<td>0,2 kg<\/td>\n<\/tr>\n<tr style=\"height: 13.50pt\">\n<td style=\"height: 13.50pt\" height=\"36\">Personalizaci\u00f3n<\/td>\n<td>Gr\u00e1fico, Logotipo, Paquete<\/td>\n<\/tr>\n<tr style=\"height: 13.50pt\">\n<td style=\"height: 13.50pt\" height=\"36\">Inventario<\/td>\n<td>En stock<\/td>\n<\/tr>\n<\/tbody>\n<\/table>","protected":false},"featured_media":2079,"comment_status":"closed","ping_status":"closed","template":"","meta":{"_acf_changed":false},"product_brand":[],"product_cat":[40,36,29],"product_tag":[],"class_list":{"0":"post-1775","1":"product","2":"type-product","3":"status-publish","4":"has-post-thumbnail","6":"product_cat-private-label-gummy-supplements","7":"product_cat-private-label-beauty-supplements","8":"product_cat-sports-supplements-wholesale","10":"first","11":"instock","12":"shipping-taxable","13":"product-type-simple"},"acf":[],"_links":{"self":[{"href":"https:\/\/www.comehealthgroup.com\/es\/wp-json\/wp\/v2\/product\/1775","targetHints":{"allow":["GET"]}}],"collection":[{"href":"https:\/\/www.comehealthgroup.com\/es\/wp-json\/wp\/v2\/product"}],"about":[{"href":"https:\/\/www.comehealthgroup.com\/es\/wp-json\/wp\/v2\/types\/product"}],"replies":[{"embeddable":true,"href":"https:\/\/www.comehealthgroup.com\/es\/wp-json\/wp\/v2\/comments?post=1775"}],"wp:featuredmedia":[{"embeddable":true,"href":"https:\/\/www.comehealthgroup.com\/es\/wp-json\/wp\/v2\/media\/2079"}],"wp:attachment":[{"href":"https:\/\/www.comehealthgroup.com\/es\/wp-json\/wp\/v2\/media?parent=1775"}],"wp:term":[{"taxonomy":"product_brand","embeddable":true,"href":"https:\/\/www.comehealthgroup.com\/es\/wp-json\/wp\/v2\/product_brand?post=1775"},{"taxonomy":"product_cat","embeddable":true,"href":"https:\/\/www.comehealthgroup.com\/es\/wp-json\/wp\/v2\/product_cat?post=1775"},{"taxonomy":"product_tag","embeddable":true,"href":"https:\/\/www.comehealthgroup.com\/es\/wp-json\/wp\/v2\/product_tag?post=1775"}],"curies":[{"name":"wp","href":"https:\/\/api.w.org\/{rel}","templated":true}]}}