{"id":1788,"date":"2025-03-25T09:42:41","date_gmt":"2025-03-25T09:42:41","guid":{"rendered":"https:\/\/www.comehealthgroup.com\/?post_type=product&#038;p=1788"},"modified":"2025-03-25T09:42:42","modified_gmt":"2025-03-25T09:42:42","slug":"private-label-skin-supplements","status":"publish","type":"product","link":"https:\/\/www.comehealthgroup.com\/es\/product\/private-label-skin-supplements\/","title":{"rendered":"Marca del distribuidor Skin Supplements, L-Glutathione 13 In 1 Gummies"},"content":{"rendered":"<div class=\"wp-block-columns is-layout-flex wp-container-core-columns-is-layout-9d6595d7 wp-block-columns-is-layout-flex\">\n<div class=\"wp-block-column is-layout-flow wp-block-column-is-layout-flow\">\n<h2 class=\"wp-block-heading\">Caracter\u00edsticas de los suplementos para la piel de marca blanca<\/h2>\n\n\n\n<ul class=\"wp-block-list\">\n<li><strong>F\u00f3rmula 13 en 1 para la belleza de la piel:<\/strong> Nuestros suplementos para la piel de marca blanca est\u00e1n formulados cient\u00edficamente con L-glutati\u00f3n, vitamina C y otros nutrientes para blanquear la pigmentaci\u00f3n, igualar el tono de la piel, mejorar la opacidad y proporcionar un brillo natural instant\u00e1neo a la piel.<\/li>\n\n\n\n<li><strong>Potente protecci\u00f3n antioxidante:<\/strong> Nuestras gominolas al por mayor de L-Glutathione 13 en 1 est\u00e1n repletas de potentes antioxidantes para combatir eficazmente el da\u00f1o de los radicales libres, reducir el da\u00f1o oxidativo ambiental externo de la piel, retrasar los signos del envejecimiento y reafirmar y hacer m\u00e1s transparente la piel.<\/li>\n\n\n\n<li><strong>Apoyo a la desintoxicaci\u00f3n suave: <\/strong>Estos suplementos para la piel de marca blanca tambi\u00e9n ayudan a los procesos de desintoxicaci\u00f3n metab\u00f3lica del cuerpo y del h\u00edgado, reduciendo la acumulaci\u00f3n de toxinas en el organismo, manteniendo la piel pura, al tiempo que fomentan el bienestar general y rejuvenecen la piel internamente.<\/li>\n\n\n\n<li><strong>Refuerzo del sistema inmunitario: <\/strong>Estas gominolas al por mayor de L-Glutathione 13 en 1 contienen nutrientes vitales que refuerzan el sistema inmunol\u00f3gico, fortaleciendo las defensas del organismo y reduciendo el efecto del estr\u00e9s ambiental sobre el cuerpo y la piel, manteniendo el organismo en un estado saludable y juvenil.<\/li>\n<\/ul>\n<\/div>\n\n\n\n<div class=\"wp-block-column is-layout-flow wp-block-column-is-layout-flow\">\n<figure class=\"wp-block-image size-full\"><img decoding=\"async\" width=\"1920\" height=\"1920\" src=\"https:\/\/www.comehealthgroup.com\/wp-content\/uploads\/2025\/03\/L-Glutathione-gummy_03.webp\" alt=\"Marca del distribuidor Skin Supplements, L-Glutathione 13 In 1 Gummies-1\" class=\"wp-image-2198\" srcset=\"https:\/\/www.comehealthgroup.com\/wp-content\/uploads\/2025\/03\/L-Glutathione-gummy_03.webp 1920w, https:\/\/www.comehealthgroup.com\/wp-content\/uploads\/2025\/03\/L-Glutathione-gummy_03-300x300.webp 300w, https:\/\/www.comehealthgroup.com\/wp-content\/uploads\/2025\/03\/L-Glutathione-gummy_03-150x150.webp 150w, https:\/\/www.comehealthgroup.com\/wp-content\/uploads\/2025\/03\/L-Glutathione-gummy_03-768x768.webp 768w, https:\/\/www.comehealthgroup.com\/wp-content\/uploads\/2025\/03\/L-Glutathione-gummy_03-12x12.webp 12w, https:\/\/www.comehealthgroup.com\/wp-content\/uploads\/2025\/03\/L-Glutathione-gummy_03-1200x1200.webp 1200w, https:\/\/www.comehealthgroup.com\/wp-content\/uploads\/2025\/03\/L-Glutathione-gummy_03-600x600.webp 600w, https:\/\/www.comehealthgroup.com\/wp-content\/uploads\/2025\/03\/L-Glutathione-gummy_03-100x100.webp 100w\" sizes=\"(max-width: 1920px) 100vw, 1920px\" \/><\/figure>\n<\/div>\n<\/div>","protected":false},"excerpt":{"rendered":"<p>Bienvenido a pedir suplementos para la piel de marca blanca. Nuestras gominolas al por mayor de L-Glutathione 13 en 1 est\u00e1n cl\u00ednicamente desarrolladas para proporcionar beneficios iluminadores, antioxidantes y desintoxicantes para la piel, reforzar el sistema inmunitario y promover la salud y vitalidad de la piel.<\/p>\n<table style=\"border-collapse: collapse; width: 516px; height: 224px;\" border=\"0\" width=\"799\" cellspacing=\"0\" cellpadding=\"0\">\n<tbody>\n<tr style=\"height: 13.50pt;\">\n<td style=\"height: 13.50pt; width: 132.40pt;\" width=\"353\" height=\"36\">Marca<\/td>\n<td style=\"width: 167.30pt;\" width=\"446\">Marca blanca<\/td>\n<\/tr>\n<tr style=\"height: 13.50pt;\">\n<td style=\"height: 13.50pt;\" height=\"36\">Ventajas del producto<\/td>\n<td>*Aclaraci\u00f3n de la piel<br \/>*Protecci\u00f3n antioxidante<br \/>*Apoyo a la desintoxicaci\u00f3n<br \/>*Refuerzo del sistema inmunitario<\/td>\n<\/tr>\n<tr style=\"height: 13.50pt;\">\n<td style=\"height: 13.50pt;\" height=\"36\">Forma farmac\u00e9utica<\/td>\n<td>Gominola<\/td>\n<\/tr>\n<tr style=\"height: 13.50pt;\">\n<td style=\"height: 13.50pt;\" height=\"36\">Especificaci\u00f3n del producto<\/td>\n<td>60 gominolas\/botella<\/td>\n<\/tr>\n<tr style=\"height: 13.50pt;\">\n<td style=\"height: 13.50pt;\" height=\"36\">Vida \u00fatil<\/td>\n<td>24 meses<\/td>\n<\/tr>\n<tr style=\"height: 13.50pt;\">\n<td style=\"height: 13.50pt;\" height=\"36\">Dimensiones (cm)<\/td>\n<td>7X7X12<\/td>\n<\/tr>\n<tr style=\"height: 13.50pt;\">\n<td style=\"height: 13.50pt;\" height=\"36\">Peso neto (kg)<\/td>\n<td>0,2 kg<\/td>\n<\/tr>\n<tr style=\"height: 13.50pt;\">\n<td style=\"height: 13.50pt;\" height=\"36\">Personalizaci\u00f3n<\/td>\n<td>Gr\u00e1fico, Logotipo, Paquete<\/td>\n<\/tr>\n<tr style=\"height: 13.50pt;\">\n<td style=\"height: 13.50pt;\" height=\"36\">Inventario<\/td>\n<td>En stock<\/td>\n<\/tr>\n<\/tbody>\n<\/table>","protected":false},"featured_media":2200,"comment_status":"closed","ping_status":"closed","template":"","meta":{"_acf_changed":false},"product_brand":[],"product_cat":[40,36,34,32],"product_tag":[],"class_list":{"0":"post-1788","1":"product","2":"type-product","3":"status-publish","4":"has-post-thumbnail","6":"product_cat-private-label-gummy-supplements","7":"product_cat-private-label-beauty-supplements","8":"product_cat-private-label-health-supplements","9":"product_cat-private-label-immune-supplements","11":"first","12":"instock","13":"shipping-taxable","14":"product-type-simple"},"acf":[],"_links":{"self":[{"href":"https:\/\/www.comehealthgroup.com\/es\/wp-json\/wp\/v2\/product\/1788","targetHints":{"allow":["GET"]}}],"collection":[{"href":"https:\/\/www.comehealthgroup.com\/es\/wp-json\/wp\/v2\/product"}],"about":[{"href":"https:\/\/www.comehealthgroup.com\/es\/wp-json\/wp\/v2\/types\/product"}],"replies":[{"embeddable":true,"href":"https:\/\/www.comehealthgroup.com\/es\/wp-json\/wp\/v2\/comments?post=1788"}],"wp:featuredmedia":[{"embeddable":true,"href":"https:\/\/www.comehealthgroup.com\/es\/wp-json\/wp\/v2\/media\/2200"}],"wp:attachment":[{"href":"https:\/\/www.comehealthgroup.com\/es\/wp-json\/wp\/v2\/media?parent=1788"}],"wp:term":[{"taxonomy":"product_brand","embeddable":true,"href":"https:\/\/www.comehealthgroup.com\/es\/wp-json\/wp\/v2\/product_brand?post=1788"},{"taxonomy":"product_cat","embeddable":true,"href":"https:\/\/www.comehealthgroup.com\/es\/wp-json\/wp\/v2\/product_cat?post=1788"},{"taxonomy":"product_tag","embeddable":true,"href":"https:\/\/www.comehealthgroup.com\/es\/wp-json\/wp\/v2\/product_tag?post=1788"}],"curies":[{"name":"wp","href":"https:\/\/api.w.org\/{rel}","templated":true}]}}