{"id":1793,"date":"2025-03-04T06:42:54","date_gmt":"2025-03-04T06:42:54","guid":{"rendered":"https:\/\/www.comehealthgroup.com\/?post_type=product&#038;p=1793"},"modified":"2025-03-19T03:21:59","modified_gmt":"2025-03-19T03:21:59","slug":"private-label-pms-gummy","status":"publish","type":"product","link":"https:\/\/www.comehealthgroup.com\/es\/product\/private-label-pms-gummy\/","title":{"rendered":"Etiqueta Privada PMS Gummy Venta al por mayor Para las mujeres los s\u00edntomas de alivio"},"content":{"rendered":"<div class=\"wp-block-columns is-layout-flex wp-container-core-columns-is-layout-9d6595d7 wp-block-columns-is-layout-flex\">\n<div class=\"wp-block-column is-layout-flow wp-block-column-is-layout-flow\">\n<h2 class=\"wp-block-heading\">Caracter\u00edsticas de la gominola PMS de marca blanca<\/h2>\n\n\n\n<ul class=\"wp-block-list\">\n<li><strong>Aliviar la irritabilidad menstrual: <\/strong>Nuestros suplementos de gominolas para el s\u00edndrome premenstrual de marca blanca contienen nutrientes que nivelan el estado de \u00e1nimo y alivian la irritabilidad, la ansiedad y los cambios de humor, lo que permite a las mujeres tener una mentalidad tranquila durante el per\u00edodo de menstruaci\u00f3n y aliviar el impacto del estr\u00e9s.<\/li>\n\n\n\n<li><strong>Alivia los espasmos y las molestias del dolor:<\/strong> Nuestras gominolas PMS Relief al por mayor utilizan ingredientes relajantes naturales para aliviar los espasmos abdominales y el dolor experimentado durante la menstruaci\u00f3n y aliviar el malestar f\u00edsico.<\/li>\n\n\n\n<li><strong>Regular el ciclo menstrual: <\/strong>Nuestros suplementos de gominolas para el s\u00edndrome premenstrual de marca blanca ayudan a mantener el equilibrio hormonal en el organismo, regulan el ciclo menstrual y alivian el dolor debido a las fluctuaciones hormonales.<\/li>\n\n\n\n<li><strong>Aliviar la fatiga:<\/strong> Nuestras gominolas PMS Relief al por mayor contienen nutrientes que facilitan el metabolismo energ\u00e9tico, ayudan a aliviar el cansancio y la fatiga menstruales y permiten a las mujeres mantenerse con energ\u00eda durante los momentos especiales.<\/li>\n<\/ul>\n<\/div>\n\n\n\n<div class=\"wp-block-column is-layout-flow wp-block-column-is-layout-flow\">\n<figure class=\"wp-block-image size-full\"><img decoding=\"async\" width=\"2000\" height=\"2000\" src=\"https:\/\/www.comehealthgroup.com\/wp-content\/uploads\/2025\/03\/PMS-Gummy-_5.webp\" alt=\"\" class=\"wp-image-2062\" srcset=\"https:\/\/www.comehealthgroup.com\/wp-content\/uploads\/2025\/03\/PMS-Gummy-_5.webp 2000w, https:\/\/www.comehealthgroup.com\/wp-content\/uploads\/2025\/03\/PMS-Gummy-_5-300x300.webp 300w, https:\/\/www.comehealthgroup.com\/wp-content\/uploads\/2025\/03\/PMS-Gummy-_5-150x150.webp 150w, https:\/\/www.comehealthgroup.com\/wp-content\/uploads\/2025\/03\/PMS-Gummy-_5-768x768.webp 768w, https:\/\/www.comehealthgroup.com\/wp-content\/uploads\/2025\/03\/PMS-Gummy-_5-12x12.webp 12w, https:\/\/www.comehealthgroup.com\/wp-content\/uploads\/2025\/03\/PMS-Gummy-_5-1200x1200.webp 1200w, https:\/\/www.comehealthgroup.com\/wp-content\/uploads\/2025\/03\/PMS-Gummy-_5-600x600.webp 600w, https:\/\/www.comehealthgroup.com\/wp-content\/uploads\/2025\/03\/PMS-Gummy-_5-100x100.webp 100w\" sizes=\"(max-width: 2000px) 100vw, 2000px\" \/><\/figure>\n<\/div>\n<\/div>","protected":false},"excerpt":{"rendered":"<p>Bienvenido a comprar al por mayor gominolas para el alivio del s\u00edndrome premenstrual. Nuestra etiqueta privada PMS gummy suplementos est\u00e1n dise\u00f1ados para las mujeres durante la menstruaci\u00f3n para aliviar los dolores menstruales, estabilizar las hormonas, mejorar el estado de \u00e1nimo y aumentar los niveles de energ\u00eda para que en un estado relajado y c\u00f3modo.<\/p>\n<table style=\"border-collapse: collapse;width: 514px;height: 223px\" border=\"0\" width=\"799\" cellspacing=\"0\" cellpadding=\"0\">\n<tbody>\n<tr style=\"height: 13.50pt\">\n<td style=\"height: 13.50pt;width: 132.40pt\" width=\"353\" height=\"36\">Marca<\/td>\n<td style=\"width: 167.30pt\" width=\"446\">Marca blanca<\/td>\n<\/tr>\n<tr style=\"height: 13.50pt\">\n<td style=\"height: 13.50pt\" height=\"36\">Ventajas del producto<\/td>\n<td>\n<p>*Apoyo al estado de \u00e1nimo<br \/>*Alivio de los calambres<br \/>*Equilibrio hormonal<br \/>*Aumento de energ\u00eda<\/p>\n<\/td>\n<\/tr>\n<tr style=\"height: 13.50pt\">\n<td style=\"height: 13.50pt\" height=\"36\">Forma farmac\u00e9utica<\/td>\n<td>Gominola<\/td>\n<\/tr>\n<tr style=\"height: 13.50pt\">\n<td style=\"height: 13.50pt\" height=\"36\">Especificaci\u00f3n del producto<\/td>\n<td>60 gominolas\/botella<\/td>\n<\/tr>\n<tr style=\"height: 13.50pt\">\n<td style=\"height: 13.50pt\" height=\"36\">Vida \u00fatil<\/td>\n<td>24 meses<\/td>\n<\/tr>\n<tr style=\"height: 13.50pt\">\n<td style=\"height: 13.50pt\" height=\"36\">Dimensiones (cm)<\/td>\n<td>7X7X12<\/td>\n<\/tr>\n<tr style=\"height: 13.50pt\">\n<td style=\"height: 13.50pt\" height=\"36\">Peso neto (kg)<\/td>\n<td>0,2 kg<\/td>\n<\/tr>\n<tr style=\"height: 13.50pt\">\n<td style=\"height: 13.50pt\" height=\"36\">Personalizaci\u00f3n<\/td>\n<td>Gr\u00e1fico, Logotipo, Paquete<\/td>\n<\/tr>\n<tr style=\"height: 13.50pt\">\n<td style=\"height: 13.50pt\" height=\"36\">Inventario<\/td>\n<td>En stock<\/td>\n<\/tr>\n<\/tbody>\n<\/table>","protected":false},"featured_media":2058,"comment_status":"closed","ping_status":"closed","template":"","meta":{"_acf_changed":false},"product_brand":[],"product_cat":[40],"product_tag":[],"class_list":{"0":"post-1793","1":"product","2":"type-product","3":"status-publish","4":"has-post-thumbnail","6":"product_cat-private-label-gummy-supplements","8":"first","9":"instock","10":"shipping-taxable","11":"product-type-simple"},"acf":[],"_links":{"self":[{"href":"https:\/\/www.comehealthgroup.com\/es\/wp-json\/wp\/v2\/product\/1793","targetHints":{"allow":["GET"]}}],"collection":[{"href":"https:\/\/www.comehealthgroup.com\/es\/wp-json\/wp\/v2\/product"}],"about":[{"href":"https:\/\/www.comehealthgroup.com\/es\/wp-json\/wp\/v2\/types\/product"}],"replies":[{"embeddable":true,"href":"https:\/\/www.comehealthgroup.com\/es\/wp-json\/wp\/v2\/comments?post=1793"}],"wp:featuredmedia":[{"embeddable":true,"href":"https:\/\/www.comehealthgroup.com\/es\/wp-json\/wp\/v2\/media\/2058"}],"wp:attachment":[{"href":"https:\/\/www.comehealthgroup.com\/es\/wp-json\/wp\/v2\/media?parent=1793"}],"wp:term":[{"taxonomy":"product_brand","embeddable":true,"href":"https:\/\/www.comehealthgroup.com\/es\/wp-json\/wp\/v2\/product_brand?post=1793"},{"taxonomy":"product_cat","embeddable":true,"href":"https:\/\/www.comehealthgroup.com\/es\/wp-json\/wp\/v2\/product_cat?post=1793"},{"taxonomy":"product_tag","embeddable":true,"href":"https:\/\/www.comehealthgroup.com\/es\/wp-json\/wp\/v2\/product_tag?post=1793"}],"curies":[{"name":"wp","href":"https:\/\/api.w.org\/{rel}","templated":true}]}}