{"id":1798,"date":"2025-03-20T07:24:28","date_gmt":"2025-03-20T07:24:28","guid":{"rendered":"https:\/\/www.comehealthgroup.com\/?post_type=product&#038;p=1798"},"modified":"2025-03-21T06:28:10","modified_gmt":"2025-03-21T06:28:10","slug":"brain-health-vitamin-wholesale","status":"publish","type":"product","link":"https:\/\/www.comehealthgroup.com\/es\/product\/brain-health-vitamin-wholesale\/","title":{"rendered":"OEM Label Vitamina para la salud cerebral al por mayor para la memoria y la concentraci\u00f3n"},"content":{"rendered":"<div class=\"wp-block-columns is-layout-flex wp-container-core-columns-is-layout-9d6595d7 wp-block-columns-is-layout-flex\">\n<div class=\"wp-block-column is-layout-flow wp-block-column-is-layout-flow\">\n<h2 class=\"wp-block-heading\">Caracter\u00edsticas de Brain Health Vitamin al por mayor<\/h2>\n\n\n\n<ul class=\"wp-block-list\">\n<li><strong>Potencian la funci\u00f3n cognitiva y mejoran la concentraci\u00f3n:<\/strong> Nuestro mayorista de vitaminas para la salud cerebral selecciona ingredientes eficaces para ayudar a mejorar la memoria y la concentraci\u00f3n, adecuados para personas que necesitan pensar, estudiar o trabajar eficazmente durante mucho tiempo.<\/li>\n\n\n\n<li><strong>Promueven la salud cerebral y mejoran la funci\u00f3n cerebral: <\/strong>Este suplemento cerebral de marca blanca formulado cient\u00edficamente favorece la funci\u00f3n neuronal, permite acelerar el procesamiento de la informaci\u00f3n, optimiza la velocidad de pensamiento y mantiene el cerebro en las mejores condiciones.<\/li>\n\n\n\n<li><strong>Alivia el estr\u00e9s y reduce la fatiga cerebral: <\/strong>Esta vitamina al por mayor para la salud cerebral contiene grandes cantidades de antioxidantes y agentes antiinflamatorios que pueden minimizar la liberaci\u00f3n de hormonas del estr\u00e9s, aliviar la tensi\u00f3n y la ansiedad, y permitir que el cerebro funcione de forma m\u00e1s eficaz y fluida.<\/li>\n\n\n\n<li><strong>Efecto neuroprotector, favorece la salud cerebral a largo plazo: <\/strong>Este suplemento cerebral de marca blanca contiene nutrientes que favorecen la reparaci\u00f3n y protecci\u00f3n de los nervios, disminuyendo el da\u00f1o oxidativo, ralentizando el deterioro cognitivo y manteniendo el cerebro joven y vital.<\/li>\n<\/ul>\n<\/div>\n\n\n\n<div class=\"wp-block-column is-layout-flow wp-block-column-is-layout-flow\">\n<figure class=\"wp-block-image size-full\"><img decoding=\"async\" width=\"1001\" height=\"1001\" src=\"https:\/\/www.comehealthgroup.com\/wp-content\/uploads\/2025\/03\/Brain-Health-Vitamin-Wholesale_03.webp\" alt=\"\" class=\"wp-image-2172\" srcset=\"https:\/\/www.comehealthgroup.com\/wp-content\/uploads\/2025\/03\/Brain-Health-Vitamin-Wholesale_03.webp 1001w, https:\/\/www.comehealthgroup.com\/wp-content\/uploads\/2025\/03\/Brain-Health-Vitamin-Wholesale_03-300x300.webp 300w, https:\/\/www.comehealthgroup.com\/wp-content\/uploads\/2025\/03\/Brain-Health-Vitamin-Wholesale_03-150x150.webp 150w, https:\/\/www.comehealthgroup.com\/wp-content\/uploads\/2025\/03\/Brain-Health-Vitamin-Wholesale_03-768x768.webp 768w, https:\/\/www.comehealthgroup.com\/wp-content\/uploads\/2025\/03\/Brain-Health-Vitamin-Wholesale_03-12x12.webp 12w, https:\/\/www.comehealthgroup.com\/wp-content\/uploads\/2025\/03\/Brain-Health-Vitamin-Wholesale_03-600x600.webp 600w, https:\/\/www.comehealthgroup.com\/wp-content\/uploads\/2025\/03\/Brain-Health-Vitamin-Wholesale_03-100x100.webp 100w\" sizes=\"(max-width: 1001px) 100vw, 1001px\" \/><\/figure>\n<\/div>\n<\/div>","protected":false},"excerpt":{"rendered":"<p>Bienvenido a comprar suplemento cerebral de marca blanca. Esta vitamina para la salud cerebral al por mayor est\u00e1 especialmente dise\u00f1ada para mejorar la memoria, aumentar la concentraci\u00f3n y optimizar la funci\u00f3n cerebral. Combina f\u00f3rmulas cient\u00edficas para proporcionar apoyo cognitivo, alivio del estr\u00e9s y neuroprotecci\u00f3n. Apoyo a la marca OEM al por mayor.<\/p>\n<table style=\"border-collapse: collapse;width: 517px;height: 222px\" border=\"0\" width=\"799\" cellspacing=\"0\" cellpadding=\"0\">\n<tbody>\n<tr style=\"height: 13.50pt\">\n<td style=\"height: 13.50pt;width: 132.40pt\" width=\"353\" height=\"36\">Marca<\/td>\n<td style=\"width: 167.30pt\" width=\"446\">Marca blanca<\/td>\n<\/tr>\n<tr style=\"height: 13.50pt\">\n<td style=\"height: 13.50pt\" height=\"36\">Ventajas del producto<\/td>\n<td>*Apoyo cognitivo<br \/>*Aumento de las funciones cerebrales<br \/>*Reducci\u00f3n del estr\u00e9s<br \/>*Propiedades neuroprotectoras<\/td>\n<\/tr>\n<tr style=\"height: 13.50pt\">\n<td style=\"height: 13.50pt\" height=\"36\">Forma farmac\u00e9utica<\/td>\n<td>Gominola<\/td>\n<\/tr>\n<tr style=\"height: 13.50pt\">\n<td style=\"height: 13.50pt\" height=\"36\">Especificaci\u00f3n del producto<\/td>\n<td>60 gominolas\/botella<\/td>\n<\/tr>\n<tr style=\"height: 13.50pt\">\n<td style=\"height: 13.50pt\" height=\"36\">Vida \u00fatil<\/td>\n<td>24 meses<\/td>\n<\/tr>\n<tr style=\"height: 13.50pt\">\n<td style=\"height: 13.50pt\" height=\"36\">Dimensiones (cm)<\/td>\n<td>7X7X12<\/td>\n<\/tr>\n<tr style=\"height: 13.50pt\">\n<td style=\"height: 13.50pt\" height=\"36\">Peso neto (kg)<\/td>\n<td>0,2 kg<\/td>\n<\/tr>\n<tr style=\"height: 13.50pt\">\n<td style=\"height: 13.50pt\" height=\"36\">Personalizaci\u00f3n<\/td>\n<td>Gr\u00e1fico, Logotipo, Paquete<\/td>\n<\/tr>\n<tr style=\"height: 13.50pt\">\n<td style=\"height: 13.50pt\" height=\"36\">Inventario<\/td>\n<td>En stock<\/td>\n<\/tr>\n<\/tbody>\n<\/table>","protected":false},"featured_media":2170,"comment_status":"closed","ping_status":"closed","template":"","meta":{"_acf_changed":false},"product_brand":[],"product_cat":[40,34,49,41],"product_tag":[],"class_list":{"0":"post-1798","1":"product","2":"type-product","3":"status-publish","4":"has-post-thumbnail","6":"product_cat-private-label-gummy-supplements","7":"product_cat-private-label-health-supplements","8":"product_cat-nutritional-supplement-wholesale","9":"product_cat-bulk-vitamins-and-minerals-supplements","11":"first","12":"instock","13":"shipping-taxable","14":"product-type-simple"},"acf":[],"_links":{"self":[{"href":"https:\/\/www.comehealthgroup.com\/es\/wp-json\/wp\/v2\/product\/1798","targetHints":{"allow":["GET"]}}],"collection":[{"href":"https:\/\/www.comehealthgroup.com\/es\/wp-json\/wp\/v2\/product"}],"about":[{"href":"https:\/\/www.comehealthgroup.com\/es\/wp-json\/wp\/v2\/types\/product"}],"replies":[{"embeddable":true,"href":"https:\/\/www.comehealthgroup.com\/es\/wp-json\/wp\/v2\/comments?post=1798"}],"wp:featuredmedia":[{"embeddable":true,"href":"https:\/\/www.comehealthgroup.com\/es\/wp-json\/wp\/v2\/media\/2170"}],"wp:attachment":[{"href":"https:\/\/www.comehealthgroup.com\/es\/wp-json\/wp\/v2\/media?parent=1798"}],"wp:term":[{"taxonomy":"product_brand","embeddable":true,"href":"https:\/\/www.comehealthgroup.com\/es\/wp-json\/wp\/v2\/product_brand?post=1798"},{"taxonomy":"product_cat","embeddable":true,"href":"https:\/\/www.comehealthgroup.com\/es\/wp-json\/wp\/v2\/product_cat?post=1798"},{"taxonomy":"product_tag","embeddable":true,"href":"https:\/\/www.comehealthgroup.com\/es\/wp-json\/wp\/v2\/product_tag?post=1798"}],"curies":[{"name":"wp","href":"https:\/\/api.w.org\/{rel}","templated":true}]}}