{"id":1808,"date":"2025-03-13T09:43:50","date_gmt":"2025-03-13T09:43:50","guid":{"rendered":"https:\/\/www.comehealthgroup.com\/?post_type=product&#038;p=1808"},"modified":"2025-03-19T03:15:49","modified_gmt":"2025-03-19T03:15:49","slug":"private-label-black-seed-oil-gummies","status":"publish","type":"product","link":"https:\/\/www.comehealthgroup.com\/es\/product\/private-label-black-seed-oil-gummies\/","title":{"rendered":"Gominolas de aceite de semillas negras al por mayor sin OMG de marca blanca"},"content":{"rendered":"<div class=\"wp-block-columns is-layout-flex wp-container-core-columns-is-layout-9d6595d7 wp-block-columns-is-layout-flex\">\n<div class=\"wp-block-column is-layout-flow wp-block-column-is-layout-flow\">\n<h2 class=\"wp-block-heading\">Caracter\u00edsticas de las gominolas de aceite de semillas negras de marca blanca<\/h2>\n\n\n\n<ul class=\"wp-block-list\">\n<li><strong>Aumenta la inmunidad: <\/strong>Nuestras gominolas de aceite de semilla negra de marca blanca incluyen aceite de semilla negra denso en antioxidantes, que ayuda a preservar el bienestar de los sistemas inmunitarios, fortalece el escudo del organismo frente al mundo exterior y reduce la aparici\u00f3n de enfermedades estacionales.<\/li>\n\n\n\n<li><strong>Antiinflamatorio natural:<\/strong> Estas gominolas de inmunidad al por mayor poseen rasgos antiinflamatorios naturales que son eficaces para reducir la inflamaci\u00f3n persistente en el cuerpo y calmar el dolor articular y muscular. Mantendr\u00e1n las articulaciones flexibles mediante su consumo diario a largo plazo, regular\u00e1n la salud cardiovascular y proporcionar\u00e1n protecci\u00f3n natural a todo el cuerpo.<\/li>\n\n\n\n<li><strong>Nutre la piel: <\/strong>Nuestras gominolas de aceite de semilla negra de marca blanca son ricas en \u00e1cidos grasos esenciales y vitaminas que hidratan la piel, reduciendo la sequedad y los da\u00f1os causados por los radicales libres en la piel.<\/li>\n\n\n\n<li><strong>Optimizar el sistema digestivo: <\/strong>El aceite de semilla negra es de acci\u00f3n digestiva, favorece el equilibrio de la flora intestinal y refuerza la funci\u00f3n digestiva. Nuestras gominolas de inmunidad al por mayor ayudan al cuerpo a metabolizar los nutrientes de los alimentos de forma m\u00e1s eficiente.<\/li>\n<\/ul>\n<\/div>\n\n\n\n<div class=\"wp-block-column is-layout-flow wp-block-column-is-layout-flow\">\n<figure class=\"wp-block-image size-full\"><img decoding=\"async\" width=\"1500\" height=\"1500\" src=\"https:\/\/www.comehealthgroup.com\/wp-content\/uploads\/2025\/03\/Black-Seed-Oil_2.webp\" alt=\"\" class=\"wp-image-2054\" srcset=\"https:\/\/www.comehealthgroup.com\/wp-content\/uploads\/2025\/03\/Black-Seed-Oil_2.webp 1500w, https:\/\/www.comehealthgroup.com\/wp-content\/uploads\/2025\/03\/Black-Seed-Oil_2-300x300.webp 300w, https:\/\/www.comehealthgroup.com\/wp-content\/uploads\/2025\/03\/Black-Seed-Oil_2-150x150.webp 150w, https:\/\/www.comehealthgroup.com\/wp-content\/uploads\/2025\/03\/Black-Seed-Oil_2-768x768.webp 768w, https:\/\/www.comehealthgroup.com\/wp-content\/uploads\/2025\/03\/Black-Seed-Oil_2-12x12.webp 12w, https:\/\/www.comehealthgroup.com\/wp-content\/uploads\/2025\/03\/Black-Seed-Oil_2-1200x1200.webp 1200w, https:\/\/www.comehealthgroup.com\/wp-content\/uploads\/2025\/03\/Black-Seed-Oil_2-600x600.webp 600w, https:\/\/www.comehealthgroup.com\/wp-content\/uploads\/2025\/03\/Black-Seed-Oil_2-100x100.webp 100w\" sizes=\"(max-width: 1500px) 100vw, 1500px\" \/><\/figure>\n<\/div>\n<\/div>\n\n\n\n<p><\/p>","protected":false},"excerpt":{"rendered":"<p>Bienvenido a comprar gominolas de inmunidad al por mayor. Nuestras gominolas de aceite de semilla negra de marca blanca est\u00e1n dise\u00f1adas para mejorar la inmunidad, combatir la inflamaci\u00f3n, promover la salud de la piel y optimizar el sistema digestivo. Apoyar la personalizaci\u00f3n OEM, adecuado para las ventas al por mayor, para ayudarle a ampliar el mercado de productos de salud.<\/p>\n<table style=\"border-collapse: collapse;width: 517px;height: 225px\" border=\"0\" width=\"799\" cellspacing=\"0\" cellpadding=\"0\">\n<tbody>\n<tr style=\"height: 13.50pt\">\n<td style=\"height: 13.50pt;width: 132.40pt\" width=\"353\" height=\"36\">Marca<\/td>\n<td style=\"width: 167.30pt\" width=\"446\">Marca blanca<\/td>\n<\/tr>\n<tr style=\"height: 13.50pt\">\n<td style=\"height: 13.50pt\" height=\"36\">Ventajas del producto<\/td>\n<td>*Immune Boosting <br \/>*Antiinflamatorio <br \/>*Salud de la piel <br \/>*Salud digestiva<\/td>\n<\/tr>\n<tr style=\"height: 13.50pt\">\n<td style=\"height: 13.50pt\" height=\"36\">Forma farmac\u00e9utica<\/td>\n<td>Gominola<\/td>\n<\/tr>\n<tr style=\"height: 13.50pt\">\n<td style=\"height: 13.50pt\" height=\"36\">Especificaci\u00f3n del producto<\/td>\n<td>90 gominolas\/botella<\/td>\n<\/tr>\n<tr style=\"height: 13.50pt\">\n<td style=\"height: 13.50pt\" height=\"36\">Vida \u00fatil<\/td>\n<td>24 meses<\/td>\n<\/tr>\n<tr style=\"height: 13.50pt\">\n<td style=\"height: 13.50pt\" height=\"36\">Dimensiones (cm)<\/td>\n<td>7X7X12<\/td>\n<\/tr>\n<tr style=\"height: 13.50pt\">\n<td style=\"height: 13.50pt\" height=\"36\">Peso neto (kg)<\/td>\n<td>0,3 kg<\/td>\n<\/tr>\n<tr style=\"height: 13.50pt\">\n<td style=\"height: 13.50pt\" height=\"36\">Personalizaci\u00f3n<\/td>\n<td>Gr\u00e1fico, Logotipo, Paquete<\/td>\n<\/tr>\n<tr style=\"height: 13.50pt\">\n<td style=\"height: 13.50pt\" height=\"36\">Inventario<\/td>\n<td>En stock<\/td>\n<\/tr>\n<\/tbody>\n<\/table>","protected":false},"featured_media":2053,"comment_status":"closed","ping_status":"closed","template":"","meta":{"_acf_changed":false},"product_brand":[],"product_cat":[40,34,32],"product_tag":[],"class_list":{"0":"post-1808","1":"product","2":"type-product","3":"status-publish","4":"has-post-thumbnail","6":"product_cat-private-label-gummy-supplements","7":"product_cat-private-label-health-supplements","8":"product_cat-private-label-immune-supplements","10":"first","11":"instock","12":"shipping-taxable","13":"product-type-simple"},"acf":[],"_links":{"self":[{"href":"https:\/\/www.comehealthgroup.com\/es\/wp-json\/wp\/v2\/product\/1808","targetHints":{"allow":["GET"]}}],"collection":[{"href":"https:\/\/www.comehealthgroup.com\/es\/wp-json\/wp\/v2\/product"}],"about":[{"href":"https:\/\/www.comehealthgroup.com\/es\/wp-json\/wp\/v2\/types\/product"}],"replies":[{"embeddable":true,"href":"https:\/\/www.comehealthgroup.com\/es\/wp-json\/wp\/v2\/comments?post=1808"}],"wp:featuredmedia":[{"embeddable":true,"href":"https:\/\/www.comehealthgroup.com\/es\/wp-json\/wp\/v2\/media\/2053"}],"wp:attachment":[{"href":"https:\/\/www.comehealthgroup.com\/es\/wp-json\/wp\/v2\/media?parent=1808"}],"wp:term":[{"taxonomy":"product_brand","embeddable":true,"href":"https:\/\/www.comehealthgroup.com\/es\/wp-json\/wp\/v2\/product_brand?post=1808"},{"taxonomy":"product_cat","embeddable":true,"href":"https:\/\/www.comehealthgroup.com\/es\/wp-json\/wp\/v2\/product_cat?post=1808"},{"taxonomy":"product_tag","embeddable":true,"href":"https:\/\/www.comehealthgroup.com\/es\/wp-json\/wp\/v2\/product_tag?post=1808"}],"curies":[{"name":"wp","href":"https:\/\/api.w.org\/{rel}","templated":true}]}}