{"id":1813,"date":"2025-03-20T09:46:43","date_gmt":"2025-03-20T09:46:43","guid":{"rendered":"https:\/\/www.comehealthgroup.com\/?post_type=product&#038;p=1813"},"modified":"2025-03-21T06:13:44","modified_gmt":"2025-03-21T06:13:44","slug":"private-label-turmeric-supplement","status":"publish","type":"product","link":"https:\/\/www.comehealthgroup.com\/es\/product\/private-label-turmeric-supplement\/","title":{"rendered":"Fabricaci\u00f3n de gominolas de suplemento de c\u00farcuma de marca blanca"},"content":{"rendered":"<div class=\"wp-block-columns is-layout-flex wp-container-core-columns-is-layout-9d6595d7 wp-block-columns-is-layout-flex\">\n<div class=\"wp-block-column is-layout-flow wp-block-column-is-layout-flow\">\n<h2 class=\"wp-block-heading\">Caracter\u00edsticas del suplemento de c\u00farcuma de marca blanca<\/h2>\n\n\n\n<ul class=\"wp-block-list\">\n<li><strong>Fuerte antiinflamatorio, alivia las molestias f\u00edsicas: <\/strong>Este suplemento de c\u00farcuma de marca blanca contiene altos niveles de curcumina, un antiinflamatorio natural, que alivia la rigidez articular, los dolores musculares y las inflamaciones cotidianas, ideal para el mantenimiento a largo plazo.<\/li>\n\n\n\n<li><strong>Favorece la salud digestiva y ayuda al bienestar gastrointestinal:<\/strong> Nuestras gominolas de c\u00farcuma al por mayor garantizan el bienestar gastrointestinal, alivian las molestias estomacales, aumentan el bienestar estomacal y facilitan la absorci\u00f3n de nutrientes.<\/li>\n\n\n\n<li><strong>Rico en ingredientes antioxidantes, resiste el da\u00f1o de los radicales libres: <\/strong>Este suplemento de c\u00farcuma de marca blanca est\u00e1 elaborado con mol\u00e9culas antioxidantes naturales que pueden combatir el estr\u00e9s oxidativo, favorecer la salud celular, retrasar el envejecimiento y aumentar la energ\u00eda general.<\/li>\n\n\n\n<li><strong>Refuerza el sistema inmunitario y mejora las defensas del organismo:<\/strong> Adem\u00e1s de la actividad inmunomoduladora de la c\u00farcuma, estas gominolas de c\u00farcuma mejoran al por mayor la inmunidad, reducen las molestias estacionales y hacen que el organismo sea m\u00e1s resistente.<\/li>\n<\/ul>\n<\/div>\n\n\n\n<div class=\"wp-block-column is-layout-flow wp-block-column-is-layout-flow\">\n<figure class=\"wp-block-image size-full\"><img decoding=\"async\" width=\"800\" height=\"800\" src=\"https:\/\/www.comehealthgroup.com\/wp-content\/uploads\/2025\/03\/Turmeric-Supplement-Gummy_04.webp\" alt=\"\" class=\"wp-image-2156\" srcset=\"https:\/\/www.comehealthgroup.com\/wp-content\/uploads\/2025\/03\/Turmeric-Supplement-Gummy_04.webp 800w, https:\/\/www.comehealthgroup.com\/wp-content\/uploads\/2025\/03\/Turmeric-Supplement-Gummy_04-300x300.webp 300w, https:\/\/www.comehealthgroup.com\/wp-content\/uploads\/2025\/03\/Turmeric-Supplement-Gummy_04-150x150.webp 150w, https:\/\/www.comehealthgroup.com\/wp-content\/uploads\/2025\/03\/Turmeric-Supplement-Gummy_04-768x768.webp 768w, https:\/\/www.comehealthgroup.com\/wp-content\/uploads\/2025\/03\/Turmeric-Supplement-Gummy_04-12x12.webp 12w, https:\/\/www.comehealthgroup.com\/wp-content\/uploads\/2025\/03\/Turmeric-Supplement-Gummy_04-600x600.webp 600w, https:\/\/www.comehealthgroup.com\/wp-content\/uploads\/2025\/03\/Turmeric-Supplement-Gummy_04-100x100.webp 100w\" sizes=\"(max-width: 800px) 100vw, 800px\" \/><\/figure>\n<\/div>\n<\/div>\n\n\n\n<p><\/p>","protected":false},"excerpt":{"rendered":"<p>Bienvenido a pedir suplemento de c\u00farcuma de marca blanca. Estas gomitas de c\u00farcuma al por mayor combinan una deliciosa f\u00f3rmula afrutada para ayudar a combatir la inflamaci\u00f3n, promover la digesti\u00f3n, proporcionar una fuerte protecci\u00f3n antioxidante y apoyar la salud del sistema inmunol\u00f3gico. Apoyo a la etiqueta privada OEM.<\/p>\n<table style=\"border-collapse: collapse;width: 513px;height: 226px\" border=\"0\" width=\"799\" cellspacing=\"0\" cellpadding=\"0\">\n<tbody>\n<tr style=\"height: 13.50pt\">\n<td style=\"height: 13.50pt;width: 132.40pt\" width=\"353\" height=\"36\">Marca<\/td>\n<td style=\"width: 167.30pt\" width=\"446\">Marca blanca<\/td>\n<\/tr>\n<tr style=\"height: 13.50pt\">\n<td style=\"height: 13.50pt\" height=\"36\">Ventajas del producto<\/td>\n<td>*Antiinflamatorio<br \/>*Ayuda digestiva<br \/>*Rico en antioxidantes<br \/>*Apoyo inmunitario<\/td>\n<\/tr>\n<tr style=\"height: 13.50pt\">\n<td style=\"height: 13.50pt\" height=\"36\">Forma farmac\u00e9utica<\/td>\n<td>Gominola<\/td>\n<\/tr>\n<tr style=\"height: 13.50pt\">\n<td style=\"height: 13.50pt\" height=\"36\">Especificaci\u00f3n del producto<\/td>\n<td>60 gominolas\/botella<\/td>\n<\/tr>\n<tr style=\"height: 13.50pt\">\n<td style=\"height: 13.50pt\" height=\"36\">Vida \u00fatil<\/td>\n<td>24 meses<\/td>\n<\/tr>\n<tr style=\"height: 13.50pt\">\n<td style=\"height: 13.50pt\" height=\"36\">Dimensiones (cm)<\/td>\n<td>7X7X12<\/td>\n<\/tr>\n<tr style=\"height: 13.50pt\">\n<td style=\"height: 13.50pt\" height=\"36\">Peso neto (kg)<\/td>\n<td>0,2 kg<\/td>\n<\/tr>\n<tr style=\"height: 13.50pt\">\n<td style=\"height: 13.50pt\" height=\"36\">Personalizaci\u00f3n<\/td>\n<td>Gr\u00e1fico, Logotipo, Paquete<\/td>\n<\/tr>\n<tr style=\"height: 13.50pt\">\n<td style=\"height: 13.50pt\" height=\"36\">Inventario<\/td>\n<td>En stock<\/td>\n<\/tr>\n<\/tbody>\n<\/table>","protected":false},"featured_media":2157,"comment_status":"closed","ping_status":"closed","template":"","meta":{"_acf_changed":false},"product_brand":[],"product_cat":[40,36,34,32,49],"product_tag":[],"class_list":{"0":"post-1813","1":"product","2":"type-product","3":"status-publish","4":"has-post-thumbnail","6":"product_cat-private-label-gummy-supplements","7":"product_cat-private-label-beauty-supplements","8":"product_cat-private-label-health-supplements","9":"product_cat-private-label-immune-supplements","10":"product_cat-nutritional-supplement-wholesale","12":"first","13":"instock","14":"shipping-taxable","15":"product-type-simple"},"acf":[],"_links":{"self":[{"href":"https:\/\/www.comehealthgroup.com\/es\/wp-json\/wp\/v2\/product\/1813","targetHints":{"allow":["GET"]}}],"collection":[{"href":"https:\/\/www.comehealthgroup.com\/es\/wp-json\/wp\/v2\/product"}],"about":[{"href":"https:\/\/www.comehealthgroup.com\/es\/wp-json\/wp\/v2\/types\/product"}],"replies":[{"embeddable":true,"href":"https:\/\/www.comehealthgroup.com\/es\/wp-json\/wp\/v2\/comments?post=1813"}],"wp:featuredmedia":[{"embeddable":true,"href":"https:\/\/www.comehealthgroup.com\/es\/wp-json\/wp\/v2\/media\/2157"}],"wp:attachment":[{"href":"https:\/\/www.comehealthgroup.com\/es\/wp-json\/wp\/v2\/media?parent=1813"}],"wp:term":[{"taxonomy":"product_brand","embeddable":true,"href":"https:\/\/www.comehealthgroup.com\/es\/wp-json\/wp\/v2\/product_brand?post=1813"},{"taxonomy":"product_cat","embeddable":true,"href":"https:\/\/www.comehealthgroup.com\/es\/wp-json\/wp\/v2\/product_cat?post=1813"},{"taxonomy":"product_tag","embeddable":true,"href":"https:\/\/www.comehealthgroup.com\/es\/wp-json\/wp\/v2\/product_tag?post=1813"}],"curies":[{"name":"wp","href":"https:\/\/api.w.org\/{rel}","templated":true}]}}