{"id":1823,"date":"2025-04-14T08:57:33","date_gmt":"2025-04-14T08:57:33","guid":{"rendered":"https:\/\/www.comehealthgroup.com\/?post_type=product&#038;p=1823"},"modified":"2025-09-05T02:18:25","modified_gmt":"2025-09-05T02:18:25","slug":"private-label-multivitamin","status":"publish","type":"product","link":"https:\/\/www.comehealthgroup.com\/es\/product\/private-label-multivitamin\/","title":{"rendered":"Gominolas multivitam\u00ednicas de marca blanca para una nutrici\u00f3n completa"},"content":{"rendered":"<div class=\"wp-block-columns is-layout-flex wp-container-core-columns-is-layout-9d6595d7 wp-block-columns-is-layout-flex\">\n<div class=\"wp-block-column is-layout-flow wp-block-column-is-layout-flow\">\n<h2 class=\"wp-block-heading\">Features of Private Label Multivitamin Gummy<\/h2>\n\n\n\n<ul class=\"wp-block-list\">\n<li><strong>Extended Nutritional Support: <\/strong>Our private label multivitamin gummies provide a balance of nutrition formula with a few vitamins and minerals that your body needs every day in order to perform at its best.<\/li>\n\n\n\n<li><strong>Boost Immunity: <\/strong>These bulk multivitamin gummies contain powerful immune-boosting elements such as vitamin C and zinc to act to support your immune system function, build up the resilience of your body, and maintain health.<\/li>\n\n\n\n<li><strong>Maintain Energy Levels:<\/strong> Our private label multivitamin gummies are carefully selected with special attention using B vitamins to help maintain energy levels and fight exhaustion so that you can remain lively in your busy daily life.<\/li>\n\n\n\n<li><strong>Easy to Chew: <\/strong>Our bulk multivitamin gummies are delicious and easy to chew, and are available for all ages from children to seniors, so you can just simply obtain vitamins and nutrients daily that you require without having to take pills or capsules.<\/li>\n<\/ul>\n<\/div>\n\n\n\n<div class=\"wp-block-column is-layout-flow wp-block-column-is-layout-flow\">\n<figure class=\"wp-block-image size-full\"><img decoding=\"async\" width=\"800\" height=\"800\" src=\"https:\/\/www.comehealthgroup.com\/wp-content\/uploads\/2025\/03\/Multivitamin-Gummy_01.webp\" alt=\"Gominolas multivitam\u00ednicas de marca blanca para una nutrici\u00f3n completa-1\" class=\"wp-image-1825\" srcset=\"https:\/\/www.comehealthgroup.com\/wp-content\/uploads\/2025\/03\/Multivitamin-Gummy_01.webp 800w, https:\/\/www.comehealthgroup.com\/wp-content\/uploads\/2025\/03\/Multivitamin-Gummy_01-300x300.webp 300w, https:\/\/www.comehealthgroup.com\/wp-content\/uploads\/2025\/03\/Multivitamin-Gummy_01-150x150.webp 150w, https:\/\/www.comehealthgroup.com\/wp-content\/uploads\/2025\/03\/Multivitamin-Gummy_01-768x768.webp 768w, https:\/\/www.comehealthgroup.com\/wp-content\/uploads\/2025\/03\/Multivitamin-Gummy_01-12x12.webp 12w, https:\/\/www.comehealthgroup.com\/wp-content\/uploads\/2025\/03\/Multivitamin-Gummy_01-600x600.webp 600w, https:\/\/www.comehealthgroup.com\/wp-content\/uploads\/2025\/03\/Multivitamin-Gummy_01-100x100.webp 100w\" sizes=\"(max-width: 800px) 100vw, 800px\" \/><\/figure>\n<\/div>\n<\/div>","protected":false},"excerpt":{"rendered":"<p>Bienvenido a comprar gominolas multivitam\u00ednicas a granel. Nuestras gominolas multivitam\u00ednicas de marca blanca no s\u00f3lo mejoran la inmunidad, sino que tambi\u00e9n complementan los niveles de energ\u00eda y mantienen la vitalidad. La deliciosa textura de las gominolas asegura una suplementaci\u00f3n f\u00e1cil y c\u00f3moda, perfecta para cualquier estilo de vida activo.<\/p>\n<table style=\"border-collapse: collapse; width: 516px; height: 224px;\" border=\"0\" width=\"799\" cellspacing=\"0\" cellpadding=\"0\">\n<tbody>\n<tr style=\"height: 13.50pt;\">\n<td style=\"height: 13.50pt; width: 132.40pt;\" width=\"353\" height=\"36\">Marca<\/td>\n<td style=\"width: 167.30pt;\" width=\"446\">Marca blanca<\/td>\n<\/tr>\n<tr style=\"height: 13.50pt;\">\n<td style=\"height: 13.50pt;\" height=\"36\">Ventajas del producto<\/td>\n<td>*Apoyo Nutricional Integral <br \/>*Aumenta la inmunidad <br \/>*Apoya los niveles de energ\u00eda <br \/>*F\u00e1cil de consumir<\/td>\n<\/tr>\n<tr style=\"height: 13.50pt;\">\n<td style=\"height: 13.50pt;\" height=\"36\">Forma farmac\u00e9utica<\/td>\n<td>Gominola<\/td>\n<\/tr>\n<tr style=\"height: 13.50pt;\">\n<td style=\"height: 13.50pt;\" height=\"36\">Especificaci\u00f3n del producto<\/td>\n<td>60 gominolas\/botella<\/td>\n<\/tr>\n<tr style=\"height: 13.50pt;\">\n<td style=\"height: 13.50pt;\" height=\"36\">Vida \u00fatil<\/td>\n<td>24 meses<\/td>\n<\/tr>\n<tr style=\"height: 13.50pt;\">\n<td style=\"height: 13.50pt;\" height=\"36\">Dimensiones (cm)<\/td>\n<td>7X7X12<\/td>\n<\/tr>\n<tr style=\"height: 13.50pt;\">\n<td style=\"height: 13.50pt;\" height=\"36\">Peso neto (kg)<\/td>\n<td>0,2 kg<\/td>\n<\/tr>\n<tr style=\"height: 13.50pt;\">\n<td style=\"height: 13.50pt;\" height=\"36\">Personalizaci\u00f3n<\/td>\n<td>Gr\u00e1fico, Logotipo, Paquete<\/td>\n<\/tr>\n<tr style=\"height: 13.50pt;\">\n<td style=\"height: 13.50pt;\" height=\"36\">Inventario<\/td>\n<td>En stock<\/td>\n<\/tr>\n<\/tbody>\n<\/table>","protected":false},"featured_media":1825,"comment_status":"closed","ping_status":"closed","template":"","meta":{"_acf_changed":false},"product_brand":[],"product_cat":[40,32,49,41],"product_tag":[],"class_list":{"0":"post-1823","1":"product","2":"type-product","3":"status-publish","4":"has-post-thumbnail","6":"product_cat-private-label-gummy-supplements","7":"product_cat-private-label-immune-supplements","8":"product_cat-nutritional-supplement-wholesale","9":"product_cat-bulk-vitamins-and-minerals-supplements","11":"first","12":"instock","13":"shipping-taxable","14":"product-type-simple"},"acf":[],"_links":{"self":[{"href":"https:\/\/www.comehealthgroup.com\/es\/wp-json\/wp\/v2\/product\/1823","targetHints":{"allow":["GET"]}}],"collection":[{"href":"https:\/\/www.comehealthgroup.com\/es\/wp-json\/wp\/v2\/product"}],"about":[{"href":"https:\/\/www.comehealthgroup.com\/es\/wp-json\/wp\/v2\/types\/product"}],"replies":[{"embeddable":true,"href":"https:\/\/www.comehealthgroup.com\/es\/wp-json\/wp\/v2\/comments?post=1823"}],"wp:featuredmedia":[{"embeddable":true,"href":"https:\/\/www.comehealthgroup.com\/es\/wp-json\/wp\/v2\/media\/1825"}],"wp:attachment":[{"href":"https:\/\/www.comehealthgroup.com\/es\/wp-json\/wp\/v2\/media?parent=1823"}],"wp:term":[{"taxonomy":"product_brand","embeddable":true,"href":"https:\/\/www.comehealthgroup.com\/es\/wp-json\/wp\/v2\/product_brand?post=1823"},{"taxonomy":"product_cat","embeddable":true,"href":"https:\/\/www.comehealthgroup.com\/es\/wp-json\/wp\/v2\/product_cat?post=1823"},{"taxonomy":"product_tag","embeddable":true,"href":"https:\/\/www.comehealthgroup.com\/es\/wp-json\/wp\/v2\/product_tag?post=1823"}],"curies":[{"name":"wp","href":"https:\/\/api.w.org\/{rel}","templated":true}]}}