{"id":1867,"date":"2025-03-14T06:54:47","date_gmt":"2025-03-14T06:54:47","guid":{"rendered":"https:\/\/www.comehealthgroup.com\/?post_type=product&#038;p=1867"},"modified":"2025-03-19T02:51:41","modified_gmt":"2025-03-19T02:51:41","slug":"private-label-collagen-supplements","status":"publish","type":"product","link":"https:\/\/www.comehealthgroup.com\/es\/product\/private-label-collagen-supplements\/","title":{"rendered":"Suplementos de col\u00e1geno de marca blanca, gominolas de col\u00e1geno con biotina al por mayor"},"content":{"rendered":"<div class=\"wp-block-columns is-layout-flex wp-container-core-columns-is-layout-9d6595d7 wp-block-columns-is-layout-flex\">\n<div class=\"wp-block-column is-layout-flow wp-block-column-is-layout-flow\">\n<h2 class=\"wp-block-heading\">Caracter\u00edsticas de los suplementos de col\u00e1geno de marca blanca<\/h2>\n\n\n\n<ul class=\"wp-block-list\">\n<li><strong>Favorece la salud del cabello, la piel y las u\u00f1as: <\/strong>Nuestros suplementos de col\u00e1geno de marca blanca tienen la capacidad de fortalecer las ra\u00edces del cabello, reducir su ca\u00edda, hacerlo m\u00e1s fuerte y grueso, al tiempo que hidratan la piel, mejoran su luminosidad y favorecen el crecimiento de las u\u00f1as, haci\u00e9ndolas m\u00e1s fuertes y menos propensas a romperse.<\/li>\n\n\n\n<li><strong>Mejora la elasticidad de la piel: <\/strong>El col\u00e1geno es un componente importante de la elasticidad de la piel. Esta gominola de col\u00e1geno con biotina al por mayor puede reducir las arrugas y las l\u00edneas de expresi\u00f3n, tensar y rellenar la piel, y mejorar la capacidad de retenci\u00f3n de agua, haciendo que la piel est\u00e9 suave y tersa.<\/li>\n\n\n\n<li><strong>Favorece el crecimiento del cabello:<\/strong> Estos suplementos de col\u00e1geno de marca blanca pueden favorecer la salud de los fol\u00edculos pilosos, aumentar la fuerza del cabello, reducir las puntas abiertas y la rotura, y hacer que el pelo sea m\u00e1s fuerte, grueso y brillante.<\/li>\n\n\n\n<li><strong>Deliciosa forma de gominola: <\/strong>Diga adi\u00f3s a los anticuados polvos o c\u00e1psulas, esta gominola de col\u00e1geno con biotina al por mayor no s\u00f3lo tiene un sabor delicioso, sino que tambi\u00e9n es c\u00f3moda para consumir sobre la marcha, nutrici\u00f3n en cualquier momento. F\u00e1cil de masticar a diario para adaptarse a estilos de vida activos, haciendo que el suplemento de col\u00e1geno sea divertido.<\/li>\n<\/ul>\n<\/div>\n\n\n\n<div class=\"wp-block-column is-layout-flow wp-block-column-is-layout-flow\">\n<figure class=\"wp-block-image size-full\"><img decoding=\"async\" width=\"960\" height=\"960\" src=\"https:\/\/www.comehealthgroup.com\/wp-content\/uploads\/2025\/03\/Biotin-Collagen-Gummy_03.webp\" alt=\"\" class=\"wp-image-2043\" srcset=\"https:\/\/www.comehealthgroup.com\/wp-content\/uploads\/2025\/03\/Biotin-Collagen-Gummy_03.webp 960w, https:\/\/www.comehealthgroup.com\/wp-content\/uploads\/2025\/03\/Biotin-Collagen-Gummy_03-300x300.webp 300w, https:\/\/www.comehealthgroup.com\/wp-content\/uploads\/2025\/03\/Biotin-Collagen-Gummy_03-150x150.webp 150w, https:\/\/www.comehealthgroup.com\/wp-content\/uploads\/2025\/03\/Biotin-Collagen-Gummy_03-768x768.webp 768w, https:\/\/www.comehealthgroup.com\/wp-content\/uploads\/2025\/03\/Biotin-Collagen-Gummy_03-12x12.webp 12w, https:\/\/www.comehealthgroup.com\/wp-content\/uploads\/2025\/03\/Biotin-Collagen-Gummy_03-600x600.webp 600w, https:\/\/www.comehealthgroup.com\/wp-content\/uploads\/2025\/03\/Biotin-Collagen-Gummy_03-100x100.webp 100w\" sizes=\"(max-width: 960px) 100vw, 960px\" \/><\/figure>\n<\/div>\n<\/div>","protected":false},"excerpt":{"rendered":"<div class=\"flex max-w-full flex-col flex-grow\">\n<div class=\"min-h-8 text-message relative flex w-full flex-col items-end gap-2 whitespace-normal break-words text-start [.text-message+&amp;]:mt-5\" dir=\"auto\" data-message-author-role=\"assistant\" data-message-id=\"ffda9166-a4ef-401f-b3ae-bac9a350d10d\" data-message-model-slug=\"gpt-4o\">\n<div class=\"flex w-full flex-col gap-1 empty:hidden first:pt-[3px]\">\n<div class=\"markdown prose w-full break-words dark:prose-invert dark\">\n<p data-start=\"611\" data-end=\"788\" data-is-last-node=\"\" data-is-only-node=\"\">Bienvenido a comprar gominolas de col\u00e1geno con biotina al por mayor. Nuestros suplementos de col\u00e1geno de marca blanca est\u00e1n especialmente dise\u00f1ados para promover la salud del cabello, la piel y las u\u00f1as. Fortifican el cabello, mejoran la elasticidad de la piel y reducen los signos del envejecimiento. Suministro directo de f\u00e1brica, apoyo a la venta al por mayor y personalizaci\u00f3n OEM.<\/p>\n<table style=\"border-collapse: collapse;width: 512px;height: 220px\" border=\"0\" width=\"799\" cellspacing=\"0\" cellpadding=\"0\">\n<tbody>\n<tr style=\"height: 13.50pt\">\n<td style=\"height: 13.50pt;width: 132.40pt\" width=\"353\" height=\"36\">Marca<\/td>\n<td style=\"width: 167.30pt\" width=\"446\">Marca blanca<\/td>\n<\/tr>\n<tr style=\"height: 13.50pt\">\n<td style=\"height: 13.50pt\" height=\"36\">Ventajas del producto<\/td>\n<td>*Favorece la salud del cabello, la piel y las u\u00f1as<br \/>*Mejora la elasticidad de la piel<br \/>*Aumenta el crecimiento del cabello<br \/>*Conveniente y sabroso<\/td>\n<\/tr>\n<tr style=\"height: 13.50pt\">\n<td style=\"height: 13.50pt\" height=\"36\">Forma farmac\u00e9utica<\/td>\n<td>Gominola<\/td>\n<\/tr>\n<tr style=\"height: 13.50pt\">\n<td style=\"height: 13.50pt\" height=\"36\">Especificaci\u00f3n del producto<\/td>\n<td>60 gominolas\/botella<\/td>\n<\/tr>\n<tr style=\"height: 13.50pt\">\n<td style=\"height: 13.50pt\" height=\"36\">Vida \u00fatil<\/td>\n<td>24 meses<\/td>\n<\/tr>\n<tr style=\"height: 13.50pt\">\n<td style=\"height: 13.50pt\" height=\"36\">Dimensiones (cm)<\/td>\n<td>7X7X12<\/td>\n<\/tr>\n<tr style=\"height: 13.50pt\">\n<td style=\"height: 13.50pt\" height=\"36\">Peso neto (kg)<\/td>\n<td>0,2 kg<\/td>\n<\/tr>\n<tr style=\"height: 13.50pt\">\n<td style=\"height: 13.50pt\" height=\"36\">Personalizaci\u00f3n<\/td>\n<td>Gr\u00e1fico, Logotipo, Paquete<\/td>\n<\/tr>\n<tr style=\"height: 13.50pt\">\n<td style=\"height: 13.50pt\" height=\"36\">Inventario<\/td>\n<td>En stock<\/td>\n<\/tr>\n<\/tbody>\n<\/table>\n<\/div>\n<\/div>\n<\/div>\n<\/div>","protected":false},"featured_media":2045,"comment_status":"closed","ping_status":"closed","template":"","meta":{"_acf_changed":false},"product_brand":[],"product_cat":[40,36],"product_tag":[],"class_list":{"0":"post-1867","1":"product","2":"type-product","3":"status-publish","4":"has-post-thumbnail","6":"product_cat-private-label-gummy-supplements","7":"product_cat-private-label-beauty-supplements","9":"first","10":"instock","11":"shipping-taxable","12":"product-type-simple"},"acf":[],"_links":{"self":[{"href":"https:\/\/www.comehealthgroup.com\/es\/wp-json\/wp\/v2\/product\/1867","targetHints":{"allow":["GET"]}}],"collection":[{"href":"https:\/\/www.comehealthgroup.com\/es\/wp-json\/wp\/v2\/product"}],"about":[{"href":"https:\/\/www.comehealthgroup.com\/es\/wp-json\/wp\/v2\/types\/product"}],"replies":[{"embeddable":true,"href":"https:\/\/www.comehealthgroup.com\/es\/wp-json\/wp\/v2\/comments?post=1867"}],"wp:featuredmedia":[{"embeddable":true,"href":"https:\/\/www.comehealthgroup.com\/es\/wp-json\/wp\/v2\/media\/2045"}],"wp:attachment":[{"href":"https:\/\/www.comehealthgroup.com\/es\/wp-json\/wp\/v2\/media?parent=1867"}],"wp:term":[{"taxonomy":"product_brand","embeddable":true,"href":"https:\/\/www.comehealthgroup.com\/es\/wp-json\/wp\/v2\/product_brand?post=1867"},{"taxonomy":"product_cat","embeddable":true,"href":"https:\/\/www.comehealthgroup.com\/es\/wp-json\/wp\/v2\/product_cat?post=1867"},{"taxonomy":"product_tag","embeddable":true,"href":"https:\/\/www.comehealthgroup.com\/es\/wp-json\/wp\/v2\/product_tag?post=1867"}],"curies":[{"name":"wp","href":"https:\/\/api.w.org\/{rel}","templated":true}]}}